{"id":6928,"date":"2023-02-10T14:02:03","date_gmt":"2023-02-10T06:02:03","guid":{"rendered":"https:\/\/lorentzzi.com\/?post_type=product&#038;p=6928"},"modified":"2025-08-14T08:12:36","modified_gmt":"2025-08-14T00:12:36","slug":"din-rail-heat-sink-d-74-for-single-phase-ssr","status":"publish","type":"product","link":"https:\/\/lorentzzi.com\/tr\/products\/accessories\/heat-sink\/din-rail-heat-sink-d-74-for-single-phase-ssr\/","title":{"rendered":"Tek Fazl\u0131 SSR i\u00e7in Din Rayl\u0131 Is\u0131 Emici D-74"},"content":{"rendered":"<h2><strong>Din Rail Heat Sink D-74 For Single Phase SSR Introduction:<\/strong><\/h2>\n<ul>\n<li>The model D-74 is a din rail heat sink specially designed for single phase solid state relay.<\/li>\n<li>On this aluminum heat radiator bottom part, there is a din rail clip. And jsut because of this structure, so we can easliy mount it on a <a href=\"https:\/\/en.wikipedia.org\/wiki\/DIN_rail#Top_hat_rail_IEC\/EN_60715\" target=\"_blank\" rel=\"noopener\"><span style=\"color: #ff0000;\">TS35 rail<\/span><\/a>.<\/li>\n<\/ul>\n<p><img fetchpriority=\"high\" decoding=\"async\" class=\"aligncenter wp-image-16947 size-full\" src=\"https:\/\/lorentzzi.com\/wp-content\/uploads\/2023\/02\/Din-Rail-Heat-Sink-D-74-For-Single-Phase-SSR-installation-example.jpg\" alt=\"Din Rail Heat Sink D-74 For Single Phase SSR installation example\" width=\"1024\" height=\"512\" srcset=\"https:\/\/lorentzzi.com\/wp-content\/uploads\/2023\/02\/Din-Rail-Heat-Sink-D-74-For-Single-Phase-SSR-installation-example.jpg 1024w, https:\/\/lorentzzi.com\/wp-content\/uploads\/2023\/02\/Din-Rail-Heat-Sink-D-74-For-Single-Phase-SSR-installation-example-300x150.jpg 300w, https:\/\/lorentzzi.com\/wp-content\/uploads\/2023\/02\/Din-Rail-Heat-Sink-D-74-For-Single-Phase-SSR-installation-example-768x384.jpg 768w, https:\/\/lorentzzi.com\/wp-content\/uploads\/2023\/02\/Din-Rail-Heat-Sink-D-74-For-Single-Phase-SSR-installation-example-600x300.jpg 600w, https:\/\/lorentzzi.com\/wp-content\/uploads\/2023\/02\/Din-Rail-Heat-Sink-D-74-For-Single-Phase-SSR-installation-example-64x32.jpg 64w\" sizes=\"(max-width: 1024px) 100vw, 1024px\" \/><\/p>\n<ul>\n<li>It is suitable for <span style=\"color: #ff0000;\"><a style=\"color: #ff0000;\" href=\"https:\/\/lorentzzi.com\/products\/solid-state-relay\/solid-state-voltage-regulator\/proportional-solid-state-relay-analog-4-20ma-or-0-10vdc-input\/\">40 amps solid state relay<\/a><\/span> or below.<\/li>\n<li>The SSR heat sink colour can be original siver or anodized black. Silve black one has no surface treatment, price is more competitive. It belongs to a low cost heat sink.<\/li>\n<li>SSR mounting holes are pre-drilled on it already, we only need to use two M4 screws to mount the SSR.<\/li>\n<li><strong>If you&#8217;d like to get the latest prices on our DIN Rail Radiators or get the best recommendations, fill out the form at the bottom and contact us now!<\/strong><\/li>\n<\/ul>\n<h2><strong>Specifications:<\/strong><\/h2>\n<div class=\"supsystic-table-loader spinner\"style=\"background-color:#000000\"><\/div><div id=\"supsystic-table-63_29936\" class=\"supsystic-tables-wrap \" style=\" width:100%; visibility: hidden; \" data-table-width-fixed=\"100%\" data-table-width-mobile=\"100%\" ><table id=\"supsystic-table-63\" class=\"supsystic-table border lightboxImg cell-border\" data-id=\"63\" data-view-id=\"63_29936\" data-title=\"D-74 heatsink\" data-currency-format=\"$1,000.00\" data-percent-format=\"10.00%\" data-date-format=\"DD.MM.YYYY\" data-time-format=\"HH:mm\" data-features=\"[&quot;after_table_loaded_script&quot;]\" data-search-value=\"\" data-lightbox-img=\"\" data-head-rows-count=\"1\" data-pagination-length=\"50,100,All\" data-auto-index=\"off\" data-searching-settings=\"{&quot;columnSearchPosition&quot;:&quot;bottom&quot;,&quot;minChars&quot;:&quot;0&quot;}\" data-lang=\"default\" data-override=\"{&quot;emptyTable&quot;:&quot;&quot;,&quot;info&quot;:&quot;&quot;,&quot;infoEmpty&quot;:&quot;&quot;,&quot;infoFiltered&quot;:&quot;&quot;,&quot;lengthMenu&quot;:&quot;&quot;,&quot;search&quot;:&quot;&quot;,&quot;zeroRecords&quot;:&quot;&quot;,&quot;exportLabel&quot;:&quot;&quot;,&quot;file&quot;:&quot;default&quot;}\" data-merged=\"[]\" data-responsive-mode=\"0\" data-from-history=\"0\" ><thead><tr><th class=\"\" style=\"width:; padding: 0 !important;\"><\/th><th class=\"\" style=\"width:; padding: 0 !important;\"><\/th><\/tr><\/thead><tbody><tr style=\"height:px\" ><td data-cell-id=\"A1\" data-x=\"0\" data-y=\"1\" data-db-index=\"1\" class=\"htCenter htMiddle bg-c7c7c7\" data-cell-type=\"text\" data-original-value=\"Model\" data-order=\"Model\" style=\"min-width:45.3202%; \" >Model <\/td><td data-cell-id=\"B1\" data-x=\"1\" data-y=\"1\" data-db-index=\"1\" class=\"htCenter htMiddle bg-c7c7c7\" data-cell-type=\"text\" data-original-value=\"D-74\" data-order=\"D-74\" style=\"min-width:54.6798%; \" >D-74 <\/td><\/tr><tr style=\"height:px\" ><td data-cell-id=\"A2\" data-x=\"0\" data-y=\"2\" data-db-index=\"2\" class=\"htCenter htMiddle\" data-cell-type=\"text\" data-original-value=\"Shape\" data-order=\"Shape\" >Shape <\/td><td data-cell-id=\"B2\" data-x=\"1\" data-y=\"2\" data-db-index=\"2\" class=\"htCenter htMiddle\" data-cell-type=\"text\" data-original-value=\"D shape\" data-order=\"D shape\" >D shape <\/td><\/tr><tr style=\"height:px\" ><td data-cell-id=\"A3\" data-x=\"0\" data-y=\"3\" data-db-index=\"3\" class=\"htCenter htMiddle bg-c7c7c7\" data-cell-type=\"text\" data-original-value=\"Cooling fan\" data-order=\"Cooling fan\" >Cooling fan <\/td><td data-cell-id=\"B3\" data-x=\"1\" data-y=\"3\" data-db-index=\"3\" class=\"htCenter htMiddle bg-c7c7c7\" data-cell-type=\"text\" data-original-value=\"Not available\" data-order=\"Not available\" >Not available <\/td><\/tr><tr style=\"height:px\" ><td data-cell-id=\"A4\" data-x=\"0\" data-y=\"4\" data-db-index=\"4\" class=\"htCenter htMiddle\" data-cell-type=\"text\" data-original-value=\"Product dimension\" data-order=\"Product dimension\" >Product dimension <\/td><td data-cell-id=\"B4\" data-x=\"1\" data-y=\"4\" data-db-index=\"4\" class=\"htCenter htMiddle\" data-cell-type=\"text\" data-original-value=\"70*48*50mm\" data-order=\"70*48*50mm\" >70*48*50mm <\/td><\/tr><tr style=\"height:px\" ><td data-cell-id=\"A5\" data-x=\"0\" data-y=\"5\" data-db-index=\"5\" class=\"htCenter htMiddle bg-c7c7c7\" data-cell-type=\"text\" data-original-value=\"Suitable SSR\" data-order=\"Suitable SSR\" >Suitable SSR <\/td><td data-cell-id=\"B5\" data-x=\"1\" data-y=\"5\" data-db-index=\"5\" class=\"htCenter htMiddle bg-c7c7c7\" data-cell-type=\"text\" data-original-value=\"\u226440A single phase SSR\" data-order=\"\u226440A single phase SSR\" >\u226440A single phase SSR <\/td><\/tr><tr style=\"height:px\" ><td data-cell-id=\"A6\" data-x=\"0\" data-y=\"6\" data-db-index=\"6\" class=\"htCenter htMiddle\" data-cell-type=\"text\" data-original-value=\"Colour\" data-order=\"Colour\" >Colour <\/td><td data-cell-id=\"B6\" data-x=\"1\" data-y=\"6\" data-db-index=\"6\" class=\"htCenter htMiddle\" data-cell-type=\"text\" data-original-value=\"Silver or anodize black\" data-order=\"Silver or anodize black\" >Silver or anodize black <\/td><\/tr><tr style=\"height:px\" ><td data-cell-id=\"A7\" data-x=\"0\" data-y=\"7\" data-db-index=\"7\" class=\"htCenter htMiddle bg-c7c7c7\" data-cell-type=\"text\" data-original-value=\"Installation\" data-order=\"Installation\" >Installation <\/td><td data-cell-id=\"B7\" data-x=\"1\" data-y=\"7\" data-db-index=\"7\" class=\"htCenter htMiddle bg-c7c7c7\" data-cell-type=\"text\" data-original-value=\"DIN rail\" data-order=\"DIN rail\" >DIN rail <\/td><\/tr><\/tbody><\/table><!-- \/#supsystic-table-63.supsystic-table --><\/div><!-- \/.supsystic-tables-wrap --><!-- Tables Generator by Supsystic --><!-- Version:1.11.0 --><!-- http:\/\/supsystic.com\/ --><a title=\"WordPress Data Table Plugin\" style=\"display:none;\" href=\"https:\/\/supsystic.com\/plugins\/wordpress-data-table-plugin\/?utm_medium=love_link\" target=\"_blank\">WordPress Data Table Plugin<\/a>\n","protected":false},"excerpt":{"rendered":"<ol>\n<li>Model: D-74,<\/li>\n<li>Uygun tek fazl\u0131 SSR ak\u0131m\u0131 40A'den az,<\/li>\n<li>DIN ray tipi,<\/li>\n<li>Al\u00fcminyum so\u011futucu, tam a\u011f\u0131rl\u0131k,<\/li>\n<li>\u0130yi \u0131s\u0131 yayma performans\u0131.<\/li>\n<\/ol>","protected":false},"featured_media":18128,"template":"","meta":{"site-sidebar-layout":"default","site-content-layout":"default","ast-site-content-layout":"default","site-content-style":"default","site-sidebar-style":"default","ast-global-header-display":"","ast-banner-title-visibility":"","ast-main-header-display":"","ast-hfb-above-header-display":"","ast-hfb-below-header-display":"","ast-hfb-mobile-header-display":"","site-post-title":"","ast-breadcrumbs-content":"","ast-featured-img":"","footer-sml-layout":"","ast-disable-related-posts":"","theme-transparent-header-meta":"default","adv-header-id-meta":"","stick-header-meta":"","header-above-stick-meta":"","header-main-stick-meta":"","header-below-stick-meta":"","astra-migrate-meta-layouts":"set","ast-page-background-enabled":"default","ast-page-background-meta":{"desktop":{"background-color":"","background-image":"","background-repeat":"repeat","background-position":"center center","background-size":"auto","background-attachment":"scroll","background-type":"","background-media":"","overlay-type":"","overlay-color":"","overlay-opacity":"","overlay-gradient":""},"tablet":{"background-color":"","background-image":"","background-repeat":"repeat","background-position":"center center","background-size":"auto","background-attachment":"scroll","background-type":"","background-media":"","overlay-type":"","overlay-color":"","overlay-opacity":"","overlay-gradient":""},"mobile":{"background-color":"","background-image":"","background-repeat":"repeat","background-position":"center center","background-size":"auto","background-attachment":"scroll","background-type":"","background-media":"","overlay-type":"","overlay-color":"","overlay-opacity":"","overlay-gradient":""}},"ast-content-background-meta":{"desktop":{"background-color":"var(--ast-global-color-5)","background-image":"","background-repeat":"repeat","background-position":"center center","background-size":"auto","background-attachment":"scroll","background-type":"","background-media":"","overlay-type":"","overlay-color":"","overlay-opacity":"","overlay-gradient":""},"tablet":{"background-color":"var(--ast-global-color-5)","background-image":"","background-repeat":"repeat","background-position":"center center","background-size":"auto","background-attachment":"scroll","background-type":"","background-media":"","overlay-type":"","overlay-color":"","overlay-opacity":"","overlay-gradient":""},"mobile":{"background-color":"var(--ast-global-color-5)","background-image":"","background-repeat":"repeat","background-position":"center center","background-size":"auto","background-attachment":"scroll","background-type":"","background-media":"","overlay-type":"","overlay-color":"","overlay-opacity":"","overlay-gradient":""}}},"product_brand":[],"product_cat":[108,125],"product_tag":[],"class_list":{"0":"post-6928","1":"product","2":"type-product","3":"status-publish","4":"has-post-thumbnail","6":"product_cat-accessories","7":"product_cat-heat-sink","8":"desktop-align-center","9":"tablet-align-left","10":"mobile-align-left","12":"first","13":"instock","14":"shipping-taxable","15":"product-type-simple"},"yoast_head":"<!-- This site is optimized with the Yoast SEO Premium plugin v24.0 (Yoast SEO v27.4) - https:\/\/yoast.com\/product\/yoast-seo-premium-wordpress\/ -->\n<title>Din Rail Heat Sink D-74 For Single Phase SSR<\/title>\n<meta name=\"description\" content=\"The model D-74 is a din rail heat sink specially designed for single phase 40A or below solid state relay, low cost high quality.\" \/>\n<meta name=\"robots\" content=\"index, follow, max-snippet:-1, max-image-preview:large, max-video-preview:-1\" \/>\n<link rel=\"canonical\" href=\"https:\/\/lorentzzi.com\/tr\/products\/accessories\/heat-sink\/din-rail-heat-sink-d-74-for-single-phase-ssr\/\" \/>\n<meta property=\"og:locale\" content=\"tr_TR\" \/>\n<meta property=\"og:type\" content=\"article\" \/>\n<meta property=\"og:title\" content=\"Din Rail Heat Sink D-74 For Single Phase SSR\" \/>\n<meta property=\"og:description\" content=\"The model D-74 is a din rail heat sink specially designed for single phase 40A or below solid state relay, low cost high quality.\" \/>\n<meta property=\"og:url\" content=\"https:\/\/lorentzzi.com\/tr\/products\/accessories\/heat-sink\/din-rail-heat-sink-d-74-for-single-phase-ssr\/\" \/>\n<meta property=\"og:site_name\" content=\"Lorentzzi Industrial Supply-Chinese Manufacturer&amp;Exporter\" \/>\n<meta property=\"article:modified_time\" content=\"2025-08-14T00:12:36+00:00\" \/>\n<meta property=\"og:image\" content=\"https:\/\/lorentzzi.com\/wp-content\/uploads\/2023\/02\/Din-Rail-Heat-Sink-D-74-For-Single-Phase-SSR-2.jpg\" \/>\n\t<meta property=\"og:image:width\" content=\"640\" \/>\n\t<meta property=\"og:image:height\" content=\"640\" \/>\n\t<meta property=\"og:image:type\" content=\"image\/jpeg\" \/>\n<meta name=\"twitter:card\" content=\"summary_large_image\" \/>\n<meta name=\"twitter:label1\" content=\"Tahmini okuma s\u00fcresi\" \/>\n\t<meta name=\"twitter:data1\" content=\"2 dakika\" \/>\n<script type=\"application\/ld+json\" class=\"yoast-schema-graph\">{\"@context\":\"https:\\\/\\\/schema.org\",\"@graph\":[{\"@type\":\"WebPage\",\"@id\":\"https:\\\/\\\/lorentzzi.com\\\/products\\\/accessories\\\/heat-sink\\\/din-rail-heat-sink-d-74-for-single-phase-ssr\\\/\",\"url\":\"https:\\\/\\\/lorentzzi.com\\\/products\\\/accessories\\\/heat-sink\\\/din-rail-heat-sink-d-74-for-single-phase-ssr\\\/\",\"name\":\"Din Rail Heat Sink D-74 For Single Phase SSR\",\"isPartOf\":{\"@id\":\"https:\\\/\\\/lorentzzi.com\\\/#website\"},\"primaryImageOfPage\":{\"@id\":\"https:\\\/\\\/lorentzzi.com\\\/products\\\/accessories\\\/heat-sink\\\/din-rail-heat-sink-d-74-for-single-phase-ssr\\\/#primaryimage\"},\"image\":{\"@id\":\"https:\\\/\\\/lorentzzi.com\\\/products\\\/accessories\\\/heat-sink\\\/din-rail-heat-sink-d-74-for-single-phase-ssr\\\/#primaryimage\"},\"thumbnailUrl\":\"https:\\\/\\\/lorentzzi.com\\\/wp-content\\\/uploads\\\/2023\\\/02\\\/Din-Rail-Heat-Sink-D-74-For-Single-Phase-SSR-2.jpg\",\"datePublished\":\"2023-02-10T06:02:03+00:00\",\"dateModified\":\"2025-08-14T00:12:36+00:00\",\"description\":\"The model D-74 is a din rail heat sink specially designed for single phase 40A or below solid state relay, low cost high quality.\",\"breadcrumb\":{\"@id\":\"https:\\\/\\\/lorentzzi.com\\\/products\\\/accessories\\\/heat-sink\\\/din-rail-heat-sink-d-74-for-single-phase-ssr\\\/#breadcrumb\"},\"inLanguage\":\"tr\",\"potentialAction\":[{\"@type\":\"ReadAction\",\"target\":[\"https:\\\/\\\/lorentzzi.com\\\/products\\\/accessories\\\/heat-sink\\\/din-rail-heat-sink-d-74-for-single-phase-ssr\\\/\"]}]},{\"@type\":\"ImageObject\",\"inLanguage\":\"tr\",\"@id\":\"https:\\\/\\\/lorentzzi.com\\\/products\\\/accessories\\\/heat-sink\\\/din-rail-heat-sink-d-74-for-single-phase-ssr\\\/#primaryimage\",\"url\":\"https:\\\/\\\/lorentzzi.com\\\/wp-content\\\/uploads\\\/2023\\\/02\\\/Din-Rail-Heat-Sink-D-74-For-Single-Phase-SSR-2.jpg\",\"contentUrl\":\"https:\\\/\\\/lorentzzi.com\\\/wp-content\\\/uploads\\\/2023\\\/02\\\/Din-Rail-Heat-Sink-D-74-For-Single-Phase-SSR-2.jpg\",\"width\":640,\"height\":640,\"caption\":\"Din Rail Heat Sink D-74 For Single Phase SSR\"},{\"@type\":\"BreadcrumbList\",\"@id\":\"https:\\\/\\\/lorentzzi.com\\\/products\\\/accessories\\\/heat-sink\\\/din-rail-heat-sink-d-74-for-single-phase-ssr\\\/#breadcrumb\",\"itemListElement\":[{\"@type\":\"ListItem\",\"position\":1,\"name\":\"Home\",\"item\":\"https:\\\/\\\/lorentzzi.com\\\/\"},{\"@type\":\"ListItem\",\"position\":2,\"name\":\"Products\",\"item\":\"https:\\\/\\\/lorentzzi.com\\\/products\\\/\"},{\"@type\":\"ListItem\",\"position\":3,\"name\":\"Din Rail Heat Sink D-74 For Single Phase SSR\"}]},{\"@type\":\"WebSite\",\"@id\":\"https:\\\/\\\/lorentzzi.com\\\/#website\",\"url\":\"https:\\\/\\\/lorentzzi.com\\\/\",\"name\":\"Lorentzzi Industrial Supply-Chinese Manufacturer&amp;Exporter\",\"description\":\"Lorentzzi supply temperature controller, SSR, proximity sensor, SCR power regulator and timer switch with good quality and affordable prices.\",\"publisher\":{\"@id\":\"https:\\\/\\\/lorentzzi.com\\\/#organization\"},\"potentialAction\":[{\"@type\":\"SearchAction\",\"target\":{\"@type\":\"EntryPoint\",\"urlTemplate\":\"https:\\\/\\\/lorentzzi.com\\\/?s={search_term_string}\"},\"query-input\":{\"@type\":\"PropertyValueSpecification\",\"valueRequired\":true,\"valueName\":\"search_term_string\"}}],\"inLanguage\":\"tr\"},{\"@type\":\"Organization\",\"@id\":\"https:\\\/\\\/lorentzzi.com\\\/#organization\",\"name\":\"Lorentzzi Industrial Supply-Chinese Manufacturer&amp;Exporter\",\"url\":\"https:\\\/\\\/lorentzzi.com\\\/\",\"logo\":{\"@type\":\"ImageObject\",\"inLanguage\":\"tr\",\"@id\":\"https:\\\/\\\/lorentzzi.com\\\/#\\\/schema\\\/logo\\\/image\\\/\",\"url\":\"https:\\\/\\\/lorentzzi.com\\\/wp-content\\\/uploads\\\/2021\\\/07\\\/Lorenz-Electric-Company-Logo.png\",\"contentUrl\":\"https:\\\/\\\/lorentzzi.com\\\/wp-content\\\/uploads\\\/2021\\\/07\\\/Lorenz-Electric-Company-Logo.png\",\"width\":350,\"height\":100,\"caption\":\"Lorentzzi Industrial Supply-Chinese Manufacturer&amp;Exporter\"},\"image\":{\"@id\":\"https:\\\/\\\/lorentzzi.com\\\/#\\\/schema\\\/logo\\\/image\\\/\"}}]}<\/script>\n<!-- \/ Yoast SEO Premium plugin. -->","yoast_head_json":{"title":"Tek Fazl\u0131 SSR i\u00e7in Din Rayl\u0131 Is\u0131 Emici D-74","description":"D-74 modeli, tek fazl\u0131 40A veya alt\u0131ndaki kat\u0131 hal r\u00f6lesi i\u00e7in \u00f6zel olarak tasarlanm\u0131\u015f, d\u00fc\u015f\u00fck maliyetli, y\u00fcksek kaliteli bir din rayl\u0131 so\u011futucu.","robots":{"index":"index","follow":"follow","max-snippet":"max-snippet:-1","max-image-preview":"max-image-preview:large","max-video-preview":"max-video-preview:-1"},"canonical":"https:\/\/lorentzzi.com\/tr\/products\/accessories\/heat-sink\/din-rail-heat-sink-d-74-for-single-phase-ssr\/","og_locale":"tr_TR","og_type":"article","og_title":"Din Rail Heat Sink D-74 For Single Phase SSR","og_description":"The model D-74 is a din rail heat sink specially designed for single phase 40A or below solid state relay, low cost high quality.","og_url":"https:\/\/lorentzzi.com\/tr\/products\/accessories\/heat-sink\/din-rail-heat-sink-d-74-for-single-phase-ssr\/","og_site_name":"Lorentzzi Industrial Supply-Chinese Manufacturer&amp;Exporter","article_modified_time":"2025-08-14T00:12:36+00:00","og_image":[{"width":640,"height":640,"url":"https:\/\/lorentzzi.com\/wp-content\/uploads\/2023\/02\/Din-Rail-Heat-Sink-D-74-For-Single-Phase-SSR-2.jpg","type":"image\/jpeg"}],"twitter_card":"summary_large_image","twitter_misc":{"Tahmini okuma s\u00fcresi":"2 dakika"},"schema":{"@context":"https:\/\/schema.org","@graph":[{"@type":"WebPage","@id":"https:\/\/lorentzzi.com\/products\/accessories\/heat-sink\/din-rail-heat-sink-d-74-for-single-phase-ssr\/","url":"https:\/\/lorentzzi.com\/products\/accessories\/heat-sink\/din-rail-heat-sink-d-74-for-single-phase-ssr\/","name":"Tek Fazl\u0131 SSR i\u00e7in Din Rayl\u0131 Is\u0131 Emici D-74","isPartOf":{"@id":"https:\/\/lorentzzi.com\/#website"},"primaryImageOfPage":{"@id":"https:\/\/lorentzzi.com\/products\/accessories\/heat-sink\/din-rail-heat-sink-d-74-for-single-phase-ssr\/#primaryimage"},"image":{"@id":"https:\/\/lorentzzi.com\/products\/accessories\/heat-sink\/din-rail-heat-sink-d-74-for-single-phase-ssr\/#primaryimage"},"thumbnailUrl":"https:\/\/lorentzzi.com\/wp-content\/uploads\/2023\/02\/Din-Rail-Heat-Sink-D-74-For-Single-Phase-SSR-2.jpg","datePublished":"2023-02-10T06:02:03+00:00","dateModified":"2025-08-14T00:12:36+00:00","description":"D-74 modeli, tek fazl\u0131 40A veya alt\u0131ndaki kat\u0131 hal r\u00f6lesi i\u00e7in \u00f6zel olarak tasarlanm\u0131\u015f, d\u00fc\u015f\u00fck maliyetli, y\u00fcksek kaliteli bir din rayl\u0131 so\u011futucu.","breadcrumb":{"@id":"https:\/\/lorentzzi.com\/products\/accessories\/heat-sink\/din-rail-heat-sink-d-74-for-single-phase-ssr\/#breadcrumb"},"inLanguage":"tr","potentialAction":[{"@type":"ReadAction","target":["https:\/\/lorentzzi.com\/products\/accessories\/heat-sink\/din-rail-heat-sink-d-74-for-single-phase-ssr\/"]}]},{"@type":"ImageObject","inLanguage":"tr","@id":"https:\/\/lorentzzi.com\/products\/accessories\/heat-sink\/din-rail-heat-sink-d-74-for-single-phase-ssr\/#primaryimage","url":"https:\/\/lorentzzi.com\/wp-content\/uploads\/2023\/02\/Din-Rail-Heat-Sink-D-74-For-Single-Phase-SSR-2.jpg","contentUrl":"https:\/\/lorentzzi.com\/wp-content\/uploads\/2023\/02\/Din-Rail-Heat-Sink-D-74-For-Single-Phase-SSR-2.jpg","width":640,"height":640,"caption":"Din Rail Heat Sink D-74 For Single Phase SSR"},{"@type":"BreadcrumbList","@id":"https:\/\/lorentzzi.com\/products\/accessories\/heat-sink\/din-rail-heat-sink-d-74-for-single-phase-ssr\/#breadcrumb","itemListElement":[{"@type":"ListItem","position":1,"name":"Home","item":"https:\/\/lorentzzi.com\/"},{"@type":"ListItem","position":2,"name":"Products","item":"https:\/\/lorentzzi.com\/products\/"},{"@type":"ListItem","position":3,"name":"Din Rail Heat Sink D-74 For Single Phase SSR"}]},{"@type":"WebSite","@id":"https:\/\/lorentzzi.com\/#website","url":"https:\/\/lorentzzi.com\/","name":"Lorentzzi Industrial Supply-\u00c7inli \u00dcretici ve \u0130hracat\u00e7\u0131","description":"Lorentzzi, s\u0131cakl\u0131k kontrol\u00f6r\u00fc, SSR, yak\u0131nl\u0131k sens\u00f6r\u00fc, SCR g\u00fc\u00e7 reg\u00fclat\u00f6r\u00fc ve zamanlay\u0131c\u0131 anahtar\u0131n\u0131 kaliteli ve uygun fiyatlarla tedarik etmektedir.","publisher":{"@id":"https:\/\/lorentzzi.com\/#organization"},"potentialAction":[{"@type":"SearchAction","target":{"@type":"EntryPoint","urlTemplate":"https:\/\/lorentzzi.com\/?s={search_term_string}"},"query-input":{"@type":"PropertyValueSpecification","valueRequired":true,"valueName":"search_term_string"}}],"inLanguage":"tr"},{"@type":"Organization","@id":"https:\/\/lorentzzi.com\/#organization","name":"Lorentzzi Industrial Supply-\u00c7inli \u00dcretici ve \u0130hracat\u00e7\u0131","url":"https:\/\/lorentzzi.com\/","logo":{"@type":"ImageObject","inLanguage":"tr","@id":"https:\/\/lorentzzi.com\/#\/schema\/logo\/image\/","url":"https:\/\/lorentzzi.com\/wp-content\/uploads\/2021\/07\/Lorenz-Electric-Company-Logo.png","contentUrl":"https:\/\/lorentzzi.com\/wp-content\/uploads\/2021\/07\/Lorenz-Electric-Company-Logo.png","width":350,"height":100,"caption":"Lorentzzi Industrial Supply-Chinese Manufacturer&amp;Exporter"},"image":{"@id":"https:\/\/lorentzzi.com\/#\/schema\/logo\/image\/"}}]}},"_links":{"self":[{"href":"https:\/\/lorentzzi.com\/tr\/wp-json\/wp\/v2\/product\/6928","targetHints":{"allow":["GET"]}}],"collection":[{"href":"https:\/\/lorentzzi.com\/tr\/wp-json\/wp\/v2\/product"}],"about":[{"href":"https:\/\/lorentzzi.com\/tr\/wp-json\/wp\/v2\/types\/product"}],"version-history":[{"count":11,"href":"https:\/\/lorentzzi.com\/tr\/wp-json\/wp\/v2\/product\/6928\/revisions"}],"predecessor-version":[{"id":18130,"href":"https:\/\/lorentzzi.com\/tr\/wp-json\/wp\/v2\/product\/6928\/revisions\/18130"}],"wp:featuredmedia":[{"embeddable":true,"href":"https:\/\/lorentzzi.com\/tr\/wp-json\/wp\/v2\/media\/18128"}],"wp:attachment":[{"href":"https:\/\/lorentzzi.com\/tr\/wp-json\/wp\/v2\/media?parent=6928"}],"wp:term":[{"taxonomy":"product_brand","embeddable":true,"href":"https:\/\/lorentzzi.com\/tr\/wp-json\/wp\/v2\/product_brand?post=6928"},{"taxonomy":"product_cat","embeddable":true,"href":"https:\/\/lorentzzi.com\/tr\/wp-json\/wp\/v2\/product_cat?post=6928"},{"taxonomy":"product_tag","embeddable":true,"href":"https:\/\/lorentzzi.com\/tr\/wp-json\/wp\/v2\/product_tag?post=6928"}],"curies":[{"name":"wp","href":"https:\/\/api.w.org\/{rel}","templated":true}]}}