{"id":6738,"date":"2023-01-11T17:20:26","date_gmt":"2023-01-11T09:20:26","guid":{"rendered":"https:\/\/lorentzzi.com\/?post_type=product&#038;p=6738"},"modified":"2025-08-31T08:47:11","modified_gmt":"2025-08-31T00:47:11","slug":"csk4-ykw-4-digits-dc12-24v-electromagnetic-counter","status":"publish","type":"product","link":"https:\/\/lorentzzi.com\/tr\/products\/timer-switch-and-counter\/pulse-counter\/csk4-ykw-4-digits-dc12-24v-electromagnetic-counter\/","title":{"rendered":"CSK4-YKW 4 Basamakl\u0131 DC12\/24V Elektromanyetik Saya\u00e7"},"content":{"rendered":"<h2><strong>Introduction:<\/strong><\/h2>\n<ul>\n<li style=\"font-weight: 400;\" aria-level=\"1\"><span style=\"font-weight: 400;\">The CSK4-YKW produced by our company is a 4-digit electromagnetic counter used to accumulate voltage pulses. The maximum counting range is 9999 and it has a reset function.<\/span><\/li>\n<\/ul>\n<p><img fetchpriority=\"high\" decoding=\"async\" class=\"aligncenter wp-image-16786 size-full\" src=\"https:\/\/lorentzzi.com\/wp-content\/uploads\/2023\/01\/Lorentzzi-CSK4-YKW-4-Digits-DC12-24V-Electromagnetic-Counter.jpg\" alt=\"Lorentzzi CSK4-YKW 4 Digits DC12 24V Electromagnetic Counter\" width=\"1024\" height=\"512\" srcset=\"https:\/\/lorentzzi.com\/wp-content\/uploads\/2023\/01\/Lorentzzi-CSK4-YKW-4-Digits-DC12-24V-Electromagnetic-Counter.jpg 1024w, https:\/\/lorentzzi.com\/wp-content\/uploads\/2023\/01\/Lorentzzi-CSK4-YKW-4-Digits-DC12-24V-Electromagnetic-Counter-300x150.jpg 300w, https:\/\/lorentzzi.com\/wp-content\/uploads\/2023\/01\/Lorentzzi-CSK4-YKW-4-Digits-DC12-24V-Electromagnetic-Counter-768x384.jpg 768w, https:\/\/lorentzzi.com\/wp-content\/uploads\/2023\/01\/Lorentzzi-CSK4-YKW-4-Digits-DC12-24V-Electromagnetic-Counter-600x300.jpg 600w, https:\/\/lorentzzi.com\/wp-content\/uploads\/2023\/01\/Lorentzzi-CSK4-YKW-4-Digits-DC12-24V-Electromagnetic-Counter-64x32.jpg 64w\" sizes=\"(max-width: 1024px) 100vw, 1024px\" \/><\/p>\n<ul>\n<li style=\"font-weight: 400;\" aria-level=\"1\"><span style=\"font-weight: 400;\">You can use this counter with our <\/span><span style=\"color: #ff0000;\"><a style=\"color: #ff0000;\" href=\"https:\/\/lorentzzi.com\/proximity-sensors\/\"><span style=\"font-weight: 400;\">proximity sensors<\/span><\/a><\/span><span style=\"font-weight: 400;\"> or buttons to count the number of objects or the number of presses.<\/span><\/li>\n<li style=\"font-weight: 400;\" aria-level=\"1\"><span style=\"font-weight: 400;\">Our CSK4-YKW mounting method is panel mounting using 2 M3 screws, easy to install and to use. Product dimension is as following:<\/span><\/li>\n<\/ul>\n<p><img decoding=\"async\" class=\"wp-image-14521 size-full aligncenter\" src=\"https:\/\/lorentzzi.com\/wp-content\/uploads\/2023\/01\/CSK4-YKW-product-dimension.jpg\" alt=\"CSK4-YKW product dimension\" width=\"640\" height=\"640\" srcset=\"https:\/\/lorentzzi.com\/wp-content\/uploads\/2023\/01\/CSK4-YKW-product-dimension.jpg 640w, https:\/\/lorentzzi.com\/wp-content\/uploads\/2023\/01\/CSK4-YKW-product-dimension-300x300.jpg 300w, https:\/\/lorentzzi.com\/wp-content\/uploads\/2023\/01\/CSK4-YKW-product-dimension-150x150.jpg 150w, https:\/\/lorentzzi.com\/wp-content\/uploads\/2023\/01\/CSK4-YKW-product-dimension-600x600.jpg 600w, https:\/\/lorentzzi.com\/wp-content\/uploads\/2023\/01\/CSK4-YKW-product-dimension-100x100.jpg 100w, https:\/\/lorentzzi.com\/wp-content\/uploads\/2023\/01\/CSK4-YKW-product-dimension-64x64.jpg 64w\" sizes=\"(max-width: 640px) 100vw, 640px\" \/><\/p>\n<ul>\n<li style=\"font-weight: 400;\" aria-level=\"1\"><span style=\"font-weight: 400;\">In addition to this 4-digit counter, we can also provide the same type of 6-digit counter, model <\/span><span style=\"color: #ff0000;\"><a style=\"color: #ff0000;\" href=\"https:\/\/lorentzzi.com\/products\/timer-switch-and-counter\/pulse-counter\/csk6-ykw-6-digits-electromagnetic-pulse-counter\/\"><span style=\"font-weight: 400;\">CSK6-YKW<\/span><\/a><\/span><span style=\"font-weight: 400;\">, whose maximum counting range is 999999 times.<\/span><\/li>\n<li style=\"font-weight: 400;\" aria-level=\"1\"><span style=\"font-weight: 400;\">It can be combined with secondary instruments to form a digital display instrument, which is widely used in various electrical pulse counting in various industries such as petroleum, chemical, textile, machinery, mining, national defense, agriculture, food, printing, etc.<\/span><\/li>\n<li style=\"font-weight: 400;\" aria-level=\"1\"><b>Want to get this CSK4-YKW counter at the latest price? Please fill out the below form to contact our sales team now!<\/b><\/li>\n<\/ul>\n<h2><strong>Specifications:<\/strong><\/h2>\n<div class=\"supsystic-table-loader spinner\"style=\"background-color:#000000\"><\/div><div id=\"supsystic-table-55_69897\" class=\"supsystic-tables-wrap \" style=\" width:100%; visibility: hidden; \" data-table-width-fixed=\"100%\" data-table-width-mobile=\"100%\" ><table id=\"supsystic-table-55\" class=\"supsystic-table border lightboxImg cell-border\" data-id=\"55\" data-view-id=\"55_69897\" data-title=\"CSK4-YKW\" data-currency-format=\"$1,000.00\" data-percent-format=\"10.00%\" data-date-format=\"DD.MM.YYYY\" data-time-format=\"HH:mm\" data-features=\"[&quot;after_table_loaded_script&quot;]\" data-search-value=\"\" data-lightbox-img=\"\" data-head-rows-count=\"1\" data-pagination-length=\"50,100,All\" data-auto-index=\"off\" data-searching-settings=\"{&quot;columnSearchPosition&quot;:&quot;bottom&quot;,&quot;minChars&quot;:&quot;0&quot;}\" data-lang=\"default\" data-override=\"{&quot;emptyTable&quot;:&quot;&quot;,&quot;info&quot;:&quot;&quot;,&quot;infoEmpty&quot;:&quot;&quot;,&quot;infoFiltered&quot;:&quot;&quot;,&quot;lengthMenu&quot;:&quot;&quot;,&quot;search&quot;:&quot;&quot;,&quot;previous&quot;:&quot;&quot;,&quot;next&quot;:&quot;&quot;,&quot;zeroRecords&quot;:&quot;&quot;,&quot;exportLabel&quot;:&quot;&quot;,&quot;file&quot;:&quot;default&quot;}\" data-merged=\"[]\" data-responsive-mode=\"0\" data-from-history=\"0\" ><thead><tr><th class=\"\" style=\"width:; padding: 0 !important;\"><\/th><th class=\"\" style=\"width:; padding: 0 !important;\"><\/th><\/tr><\/thead><tbody><tr style=\"height:px\" ><td data-cell-id=\"A1\" data-x=\"0\" data-y=\"1\" data-db-index=\"1\" class=\"htMiddle htCenter bg-c7c7c7\" data-cell-type=\"text\" data-original-value=\"Model\" data-order=\"Model\" style=\"min-width:33.8658%; \" >Model <\/td><td data-cell-id=\"B1\" data-x=\"1\" data-y=\"1\" data-db-index=\"1\" class=\"htMiddle htCenter bg-c7c7c7\" data-cell-type=\"text\" data-original-value=\"CSK4-YKW\" data-order=\"CSK4-YKW\" style=\"min-width:66.1342%; \" >CSK4-YKW <\/td><\/tr><tr style=\"height:px\" ><td data-cell-id=\"A2\" data-x=\"0\" data-y=\"2\" data-db-index=\"2\" class=\"htMiddle htCenter\" data-cell-type=\"text\" data-original-value=\"Counting pulse voltage\" data-order=\"Counting pulse voltage\" >Counting pulse voltage <\/td><td data-cell-id=\"B2\" data-x=\"1\" data-y=\"2\" data-db-index=\"2\" class=\"htMiddle htCenter\" data-cell-type=\"text\" data-original-value=\"220 VAC, 110 VAC, 50\/60 Hz, 24 VDC, 12 VDC etc.\" data-order=\"220 VAC, 110 VAC, 50\/60 Hz, 24 VDC, 12 VDC etc.\" >220 VAC, 110 VAC, 50\/60 Hz, 24 VDC, 12 VDC etc. <\/td><\/tr><tr style=\"height:px\" ><td data-cell-id=\"A3\" data-x=\"0\" data-y=\"3\" data-db-index=\"3\" class=\"htMiddle htCenter bg-c7c7c7\" data-cell-type=\"text\" data-original-value=\"Max. measuring times\" data-order=\"Max. measuring times\" >Max. measuring times <\/td><td data-cell-id=\"B3\" data-x=\"1\" data-y=\"3\" data-db-index=\"3\" class=\"htMiddle htCenter bg-c7c7c7\" data-cell-type=\"text\" data-cell-format-type=\"number\" data-original-value=\"9,999\" data-order=\"9,999\" >9,999 <\/td><\/tr><tr style=\"height:px\" ><td data-cell-id=\"A4\" data-x=\"0\" data-y=\"4\" data-db-index=\"4\" class=\"htMiddle htCenter\" data-cell-type=\"text\" data-original-value=\"Voltage fluctuation range\" data-order=\"Voltage fluctuation range\" >Voltage fluctuation range <\/td><td data-cell-id=\"B4\" data-x=\"1\" data-y=\"4\" data-db-index=\"4\" class=\"htMiddle htCenter\" data-cell-type=\"text\" data-original-value=\"\u00b110%\" data-order=\"\u00b110%\" >\u00b110% <\/td><\/tr><tr style=\"height:px\" ><td data-cell-id=\"A5\" data-x=\"0\" data-y=\"5\" data-db-index=\"5\" class=\"htMiddle htCenter bg-c7c7c7\" data-cell-type=\"text\" data-original-value=\"Counting speed\" data-order=\"Counting speed\" >Counting speed <\/td><td data-cell-id=\"B5\" data-x=\"1\" data-y=\"5\" data-db-index=\"5\" class=\"htMiddle htCenter bg-c7c7c7\" data-cell-type=\"text\" data-original-value=\"DC: 20 times\/sec, AC: 10 times\/sec\" data-order=\"DC: 20 times\/sec, AC: 10 times\/sec\" >DC: 20 times\/sec, AC: 10 times\/sec <\/td><\/tr><tr style=\"height:px\" ><td data-cell-id=\"A6\" data-x=\"0\" data-y=\"6\" data-db-index=\"6\" class=\"htMiddle htCenter\" data-cell-type=\"text\" data-original-value=\"Ambient temperature\" data-order=\"Ambient temperature\" >Ambient temperature <\/td><td data-cell-id=\"B6\" data-x=\"1\" data-y=\"6\" data-db-index=\"6\" class=\"htMiddle htCenter\" data-cell-type=\"text\" data-original-value=\"-20\u00b0C~50\u00b0C\" data-order=\"-20\u00b0C~50\u00b0C\" >-20\u00b0C~50\u00b0C <\/td><\/tr><tr style=\"height:px\" ><td data-cell-id=\"A7\" data-x=\"0\" data-y=\"7\" data-db-index=\"7\" class=\"htMiddle htCenter bg-c7c7c7\" data-cell-type=\"text\" data-original-value=\"Power consumption\" data-order=\"Power consumption\" >Power consumption <\/td><td data-cell-id=\"B7\" data-x=\"1\" data-y=\"7\" data-db-index=\"7\" class=\"htMiddle htCenter bg-c7c7c7\" data-cell-type=\"text\" data-original-value=\"DC: 1.5 W, AC: 2.5 W\" data-order=\"DC: 1.5 W, AC: 2.5 W\" >DC: 1.5 W, AC: 2.5 W <\/td><\/tr><tr style=\"height:px\" ><td data-cell-id=\"A8\" data-x=\"0\" data-y=\"8\" data-db-index=\"8\" class=\"htMiddle htCenter\" data-cell-type=\"text\" data-original-value=\"Installation method\" data-order=\"Installation method\" >Installation method <\/td><td data-cell-id=\"B8\" data-x=\"1\" data-y=\"8\" data-db-index=\"8\" class=\"htMiddle htCenter\" data-cell-type=\"text\" data-original-value=\"Panel screw mounting\" data-order=\"Panel screw mounting\" >Panel screw mounting <\/td><\/tr><tr style=\"height:px\" ><td data-cell-id=\"A9\" data-x=\"0\" data-y=\"9\" data-db-index=\"9\" class=\"htMiddle htCenter bg-c7c7c7\" data-cell-type=\"text\" data-original-value=\"Reset function\" data-order=\"Reset function\" >Reset function <\/td><td data-cell-id=\"B9\" data-x=\"1\" data-y=\"9\" data-db-index=\"9\" class=\"htMiddle htCenter bg-c7c7c7\" data-cell-type=\"text\" data-original-value=\"Yes with lock\" data-order=\"Yes with lock\" >Yes with lock <\/td><\/tr><\/tbody><\/table><!-- \/#supsystic-table-55.supsystic-table --><\/div><!-- \/.supsystic-tables-wrap --><!-- Tables Generator by Supsystic --><!-- Version:1.11.0 --><!-- http:\/\/supsystic.com\/ --><a title=\"WordPress Data Table Plugin\" style=\"display:none;\" href=\"https:\/\/supsystic.com\/plugins\/wordpress-data-table-plugin\/?utm_medium=love_link\" target=\"_blank\">WordPress Data Table Plugin<\/a>\n","protected":false},"excerpt":{"rendered":"<ol>\n<li style=\"font-weight: 400;\" aria-level=\"1\"><span style=\"font-weight: 400;\">4 basamakl\u0131 elektromanyetik saya\u00e7,<\/span><\/li>\n<li style=\"font-weight: 400;\" aria-level=\"1\"><span style=\"font-weight: 400;\">Maksimum say\u0131m aral\u0131\u011f\u0131 9999 kez,<\/span><\/li>\n<li style=\"font-weight: 400;\" aria-level=\"1\"><span style=\"font-weight: 400;\">\u00c7al\u0131\u015fma voltaj\u0131 AC220V, AC110V, DC24V, DC12V,<\/span><\/li>\n<li style=\"font-weight: 400;\" aria-level=\"1\"><span style=\"font-weight: 400;\">Kolay panel kurulumu,<\/span><\/li>\n<li style=\"font-weight: 400;\" aria-level=\"1\"><span style=\"font-weight: 400;\">2 y\u0131l garantilidir.<\/span><\/li>\n<\/ol>","protected":false},"featured_media":6724,"template":"","meta":{"site-sidebar-layout":"default","site-content-layout":"default","ast-site-content-layout":"default","site-content-style":"default","site-sidebar-style":"default","ast-global-header-display":"","ast-banner-title-visibility":"","ast-main-header-display":"","ast-hfb-above-header-display":"","ast-hfb-below-header-display":"","ast-hfb-mobile-header-display":"","site-post-title":"","ast-breadcrumbs-content":"","ast-featured-img":"","footer-sml-layout":"","ast-disable-related-posts":"","theme-transparent-header-meta":"default","adv-header-id-meta":"","stick-header-meta":"","header-above-stick-meta":"","header-main-stick-meta":"","header-below-stick-meta":"","astra-migrate-meta-layouts":"set","ast-page-background-enabled":"default","ast-page-background-meta":{"desktop":{"background-color":"","background-image":"","background-repeat":"repeat","background-position":"center center","background-size":"auto","background-attachment":"scroll","background-type":"","background-media":"","overlay-type":"","overlay-color":"","overlay-opacity":"","overlay-gradient":""},"tablet":{"background-color":"","background-image":"","background-repeat":"repeat","background-position":"center center","background-size":"auto","background-attachment":"scroll","background-type":"","background-media":"","overlay-type":"","overlay-color":"","overlay-opacity":"","overlay-gradient":""},"mobile":{"background-color":"","background-image":"","background-repeat":"repeat","background-position":"center center","background-size":"auto","background-attachment":"scroll","background-type":"","background-media":"","overlay-type":"","overlay-color":"","overlay-opacity":"","overlay-gradient":""}},"ast-content-background-meta":{"desktop":{"background-color":"var(--ast-global-color-5)","background-image":"","background-repeat":"repeat","background-position":"center center","background-size":"auto","background-attachment":"scroll","background-type":"","background-media":"","overlay-type":"","overlay-color":"","overlay-opacity":"","overlay-gradient":""},"tablet":{"background-color":"var(--ast-global-color-5)","background-image":"","background-repeat":"repeat","background-position":"center center","background-size":"auto","background-attachment":"scroll","background-type":"","background-media":"","overlay-type":"","overlay-color":"","overlay-opacity":"","overlay-gradient":""},"mobile":{"background-color":"var(--ast-global-color-5)","background-image":"","background-repeat":"repeat","background-position":"center center","background-size":"auto","background-attachment":"scroll","background-type":"","background-media":"","overlay-type":"","overlay-color":"","overlay-opacity":"","overlay-gradient":""}}},"product_brand":[],"product_cat":[116,106],"product_tag":[],"class_list":{"0":"post-6738","1":"product","2":"type-product","3":"status-publish","4":"has-post-thumbnail","6":"product_cat-pulse-counter","7":"product_cat-timer-switch-and-counter","8":"desktop-align-center","9":"tablet-align-left","10":"mobile-align-left","12":"first","13":"instock","14":"shipping-taxable","15":"product-type-simple"},"yoast_head":"<!-- This site is optimized with the Yoast SEO Premium plugin v24.0 (Yoast SEO v27.3) - https:\/\/yoast.com\/product\/yoast-seo-premium-wordpress\/ -->\n<title>CSK4-YKW 4 Digits DC12\/24V Electromagnetic Counter<\/title>\n<meta name=\"description\" content=\"The CSK4-YKW 4-digit electromagnetic counter we produce is of high quality and affordable price, click to see more details.\" \/>\n<meta name=\"robots\" content=\"index, follow, max-snippet:-1, max-image-preview:large, max-video-preview:-1\" \/>\n<link rel=\"canonical\" href=\"https:\/\/lorentzzi.com\/tr\/products\/timer-switch-and-counter\/pulse-counter\/csk4-ykw-4-digits-dc12-24v-electromagnetic-counter\/\" \/>\n<meta property=\"og:locale\" content=\"tr_TR\" \/>\n<meta property=\"og:type\" content=\"article\" \/>\n<meta property=\"og:title\" content=\"CSK4-YKW 4 Digits DC12\/24V Electromagnetic Counter\" \/>\n<meta property=\"og:description\" content=\"The CSK4-YKW 4-digit electromagnetic counter we produce is of high quality and affordable price, click to see more details.\" \/>\n<meta property=\"og:url\" content=\"https:\/\/lorentzzi.com\/tr\/products\/timer-switch-and-counter\/pulse-counter\/csk4-ykw-4-digits-dc12-24v-electromagnetic-counter\/\" \/>\n<meta property=\"og:site_name\" content=\"Lorentzzi Industrial Supply-Chinese Manufacturer&amp;Exporter\" \/>\n<meta property=\"article:modified_time\" content=\"2025-08-31T00:47:11+00:00\" \/>\n<meta property=\"og:image\" content=\"https:\/\/lorentzzi.com\/wp-content\/uploads\/2023\/01\/CSK4-YKW-1.jpg\" \/>\n\t<meta property=\"og:image:width\" content=\"640\" \/>\n\t<meta property=\"og:image:height\" content=\"640\" \/>\n\t<meta property=\"og:image:type\" content=\"image\/jpeg\" \/>\n<meta name=\"twitter:card\" content=\"summary_large_image\" \/>\n<meta name=\"twitter:label1\" content=\"Tahmini okuma s\u00fcresi\" \/>\n\t<meta name=\"twitter:data1\" content=\"2 dakika\" \/>\n<script type=\"application\/ld+json\" class=\"yoast-schema-graph\">{\"@context\":\"https:\\\/\\\/schema.org\",\"@graph\":[{\"@type\":\"WebPage\",\"@id\":\"https:\\\/\\\/lorentzzi.com\\\/products\\\/timer-switch-and-counter\\\/pulse-counter\\\/csk4-ykw-4-digits-dc12-24v-electromagnetic-counter\\\/\",\"url\":\"https:\\\/\\\/lorentzzi.com\\\/products\\\/timer-switch-and-counter\\\/pulse-counter\\\/csk4-ykw-4-digits-dc12-24v-electromagnetic-counter\\\/\",\"name\":\"CSK4-YKW 4 Digits DC12\\\/24V Electromagnetic Counter\",\"isPartOf\":{\"@id\":\"https:\\\/\\\/lorentzzi.com\\\/#website\"},\"primaryImageOfPage\":{\"@id\":\"https:\\\/\\\/lorentzzi.com\\\/products\\\/timer-switch-and-counter\\\/pulse-counter\\\/csk4-ykw-4-digits-dc12-24v-electromagnetic-counter\\\/#primaryimage\"},\"image\":{\"@id\":\"https:\\\/\\\/lorentzzi.com\\\/products\\\/timer-switch-and-counter\\\/pulse-counter\\\/csk4-ykw-4-digits-dc12-24v-electromagnetic-counter\\\/#primaryimage\"},\"thumbnailUrl\":\"https:\\\/\\\/lorentzzi.com\\\/wp-content\\\/uploads\\\/2023\\\/01\\\/CSK4-YKW-1.jpg\",\"datePublished\":\"2023-01-11T09:20:26+00:00\",\"dateModified\":\"2025-08-31T00:47:11+00:00\",\"description\":\"The CSK4-YKW 4-digit electromagnetic counter we produce is of high quality and affordable price, click to see more details.\",\"breadcrumb\":{\"@id\":\"https:\\\/\\\/lorentzzi.com\\\/products\\\/timer-switch-and-counter\\\/pulse-counter\\\/csk4-ykw-4-digits-dc12-24v-electromagnetic-counter\\\/#breadcrumb\"},\"inLanguage\":\"tr\",\"potentialAction\":[{\"@type\":\"ReadAction\",\"target\":[\"https:\\\/\\\/lorentzzi.com\\\/products\\\/timer-switch-and-counter\\\/pulse-counter\\\/csk4-ykw-4-digits-dc12-24v-electromagnetic-counter\\\/\"]}]},{\"@type\":\"ImageObject\",\"inLanguage\":\"tr\",\"@id\":\"https:\\\/\\\/lorentzzi.com\\\/products\\\/timer-switch-and-counter\\\/pulse-counter\\\/csk4-ykw-4-digits-dc12-24v-electromagnetic-counter\\\/#primaryimage\",\"url\":\"https:\\\/\\\/lorentzzi.com\\\/wp-content\\\/uploads\\\/2023\\\/01\\\/CSK4-YKW-1.jpg\",\"contentUrl\":\"https:\\\/\\\/lorentzzi.com\\\/wp-content\\\/uploads\\\/2023\\\/01\\\/CSK4-YKW-1.jpg\",\"width\":640,\"height\":640,\"caption\":\"CSK4-YKW 4 Digits DC12\\\/24V Electromagnetic Counter\"},{\"@type\":\"BreadcrumbList\",\"@id\":\"https:\\\/\\\/lorentzzi.com\\\/products\\\/timer-switch-and-counter\\\/pulse-counter\\\/csk4-ykw-4-digits-dc12-24v-electromagnetic-counter\\\/#breadcrumb\",\"itemListElement\":[{\"@type\":\"ListItem\",\"position\":1,\"name\":\"Home\",\"item\":\"https:\\\/\\\/lorentzzi.com\\\/\"},{\"@type\":\"ListItem\",\"position\":2,\"name\":\"Products\",\"item\":\"https:\\\/\\\/lorentzzi.com\\\/products\\\/\"},{\"@type\":\"ListItem\",\"position\":3,\"name\":\"CSK4-YKW 4 Digits DC12\\\/24V Electromagnetic Counter\"}]},{\"@type\":\"WebSite\",\"@id\":\"https:\\\/\\\/lorentzzi.com\\\/#website\",\"url\":\"https:\\\/\\\/lorentzzi.com\\\/\",\"name\":\"Lorentzzi Industrial Supply-Chinese Manufacturer&amp;Exporter\",\"description\":\"Lorentzzi supply temperature controller, SSR, proximity sensor, SCR power regulator and timer switch with good quality and affordable prices.\",\"publisher\":{\"@id\":\"https:\\\/\\\/lorentzzi.com\\\/#organization\"},\"potentialAction\":[{\"@type\":\"SearchAction\",\"target\":{\"@type\":\"EntryPoint\",\"urlTemplate\":\"https:\\\/\\\/lorentzzi.com\\\/?s={search_term_string}\"},\"query-input\":{\"@type\":\"PropertyValueSpecification\",\"valueRequired\":true,\"valueName\":\"search_term_string\"}}],\"inLanguage\":\"tr\"},{\"@type\":\"Organization\",\"@id\":\"https:\\\/\\\/lorentzzi.com\\\/#organization\",\"name\":\"Lorentzzi Industrial Supply-Chinese Manufacturer&amp;Exporter\",\"url\":\"https:\\\/\\\/lorentzzi.com\\\/\",\"logo\":{\"@type\":\"ImageObject\",\"inLanguage\":\"tr\",\"@id\":\"https:\\\/\\\/lorentzzi.com\\\/#\\\/schema\\\/logo\\\/image\\\/\",\"url\":\"https:\\\/\\\/lorentzzi.com\\\/wp-content\\\/uploads\\\/2021\\\/07\\\/Lorenz-Electric-Company-Logo.png\",\"contentUrl\":\"https:\\\/\\\/lorentzzi.com\\\/wp-content\\\/uploads\\\/2021\\\/07\\\/Lorenz-Electric-Company-Logo.png\",\"width\":350,\"height\":100,\"caption\":\"Lorentzzi Industrial Supply-Chinese Manufacturer&amp;Exporter\"},\"image\":{\"@id\":\"https:\\\/\\\/lorentzzi.com\\\/#\\\/schema\\\/logo\\\/image\\\/\"}}]}<\/script>\n<!-- \/ Yoast SEO Premium plugin. -->","yoast_head_json":{"title":"CSK4-YKW 4 Basamakl\u0131 DC12\/24V Elektromanyetik Saya\u00e7","description":"\u00dcretti\u011fimiz CSK4-YKW 4 haneli elektromanyetik saya\u00e7 y\u00fcksek kalite ve uygun fiyatl\u0131d\u0131r, daha fazla ayr\u0131nt\u0131 g\u00f6rmek i\u00e7in t\u0131klay\u0131n.","robots":{"index":"index","follow":"follow","max-snippet":"max-snippet:-1","max-image-preview":"max-image-preview:large","max-video-preview":"max-video-preview:-1"},"canonical":"https:\/\/lorentzzi.com\/tr\/products\/timer-switch-and-counter\/pulse-counter\/csk4-ykw-4-digits-dc12-24v-electromagnetic-counter\/","og_locale":"tr_TR","og_type":"article","og_title":"CSK4-YKW 4 Digits DC12\/24V Electromagnetic Counter","og_description":"The CSK4-YKW 4-digit electromagnetic counter we produce is of high quality and affordable price, click to see more details.","og_url":"https:\/\/lorentzzi.com\/tr\/products\/timer-switch-and-counter\/pulse-counter\/csk4-ykw-4-digits-dc12-24v-electromagnetic-counter\/","og_site_name":"Lorentzzi Industrial Supply-Chinese Manufacturer&amp;Exporter","article_modified_time":"2025-08-31T00:47:11+00:00","og_image":[{"width":640,"height":640,"url":"https:\/\/lorentzzi.com\/wp-content\/uploads\/2023\/01\/CSK4-YKW-1.jpg","type":"image\/jpeg"}],"twitter_card":"summary_large_image","twitter_misc":{"Tahmini okuma s\u00fcresi":"2 dakika"},"schema":{"@context":"https:\/\/schema.org","@graph":[{"@type":"WebPage","@id":"https:\/\/lorentzzi.com\/products\/timer-switch-and-counter\/pulse-counter\/csk4-ykw-4-digits-dc12-24v-electromagnetic-counter\/","url":"https:\/\/lorentzzi.com\/products\/timer-switch-and-counter\/pulse-counter\/csk4-ykw-4-digits-dc12-24v-electromagnetic-counter\/","name":"CSK4-YKW 4 Basamakl\u0131 DC12\/24V Elektromanyetik Saya\u00e7","isPartOf":{"@id":"https:\/\/lorentzzi.com\/#website"},"primaryImageOfPage":{"@id":"https:\/\/lorentzzi.com\/products\/timer-switch-and-counter\/pulse-counter\/csk4-ykw-4-digits-dc12-24v-electromagnetic-counter\/#primaryimage"},"image":{"@id":"https:\/\/lorentzzi.com\/products\/timer-switch-and-counter\/pulse-counter\/csk4-ykw-4-digits-dc12-24v-electromagnetic-counter\/#primaryimage"},"thumbnailUrl":"https:\/\/lorentzzi.com\/wp-content\/uploads\/2023\/01\/CSK4-YKW-1.jpg","datePublished":"2023-01-11T09:20:26+00:00","dateModified":"2025-08-31T00:47:11+00:00","description":"\u00dcretti\u011fimiz CSK4-YKW 4 haneli elektromanyetik saya\u00e7 y\u00fcksek kalite ve uygun fiyatl\u0131d\u0131r, daha fazla ayr\u0131nt\u0131 g\u00f6rmek i\u00e7in t\u0131klay\u0131n.","breadcrumb":{"@id":"https:\/\/lorentzzi.com\/products\/timer-switch-and-counter\/pulse-counter\/csk4-ykw-4-digits-dc12-24v-electromagnetic-counter\/#breadcrumb"},"inLanguage":"tr","potentialAction":[{"@type":"ReadAction","target":["https:\/\/lorentzzi.com\/products\/timer-switch-and-counter\/pulse-counter\/csk4-ykw-4-digits-dc12-24v-electromagnetic-counter\/"]}]},{"@type":"ImageObject","inLanguage":"tr","@id":"https:\/\/lorentzzi.com\/products\/timer-switch-and-counter\/pulse-counter\/csk4-ykw-4-digits-dc12-24v-electromagnetic-counter\/#primaryimage","url":"https:\/\/lorentzzi.com\/wp-content\/uploads\/2023\/01\/CSK4-YKW-1.jpg","contentUrl":"https:\/\/lorentzzi.com\/wp-content\/uploads\/2023\/01\/CSK4-YKW-1.jpg","width":640,"height":640,"caption":"CSK4-YKW 4 Digits DC12\/24V Electromagnetic Counter"},{"@type":"BreadcrumbList","@id":"https:\/\/lorentzzi.com\/products\/timer-switch-and-counter\/pulse-counter\/csk4-ykw-4-digits-dc12-24v-electromagnetic-counter\/#breadcrumb","itemListElement":[{"@type":"ListItem","position":1,"name":"Home","item":"https:\/\/lorentzzi.com\/"},{"@type":"ListItem","position":2,"name":"Products","item":"https:\/\/lorentzzi.com\/products\/"},{"@type":"ListItem","position":3,"name":"CSK4-YKW 4 Digits DC12\/24V Electromagnetic Counter"}]},{"@type":"WebSite","@id":"https:\/\/lorentzzi.com\/#website","url":"https:\/\/lorentzzi.com\/","name":"Lorentzzi Industrial Supply-\u00c7inli \u00dcretici ve \u0130hracat\u00e7\u0131","description":"Lorentzzi, s\u0131cakl\u0131k kontrol\u00f6r\u00fc, SSR, yak\u0131nl\u0131k sens\u00f6r\u00fc, SCR g\u00fc\u00e7 reg\u00fclat\u00f6r\u00fc ve zamanlay\u0131c\u0131 anahtar\u0131n\u0131 kaliteli ve uygun fiyatlarla tedarik etmektedir.","publisher":{"@id":"https:\/\/lorentzzi.com\/#organization"},"potentialAction":[{"@type":"SearchAction","target":{"@type":"EntryPoint","urlTemplate":"https:\/\/lorentzzi.com\/?s={search_term_string}"},"query-input":{"@type":"PropertyValueSpecification","valueRequired":true,"valueName":"search_term_string"}}],"inLanguage":"tr"},{"@type":"Organization","@id":"https:\/\/lorentzzi.com\/#organization","name":"Lorentzzi Industrial Supply-\u00c7inli \u00dcretici ve \u0130hracat\u00e7\u0131","url":"https:\/\/lorentzzi.com\/","logo":{"@type":"ImageObject","inLanguage":"tr","@id":"https:\/\/lorentzzi.com\/#\/schema\/logo\/image\/","url":"https:\/\/lorentzzi.com\/wp-content\/uploads\/2021\/07\/Lorenz-Electric-Company-Logo.png","contentUrl":"https:\/\/lorentzzi.com\/wp-content\/uploads\/2021\/07\/Lorenz-Electric-Company-Logo.png","width":350,"height":100,"caption":"Lorentzzi Industrial Supply-Chinese Manufacturer&amp;Exporter"},"image":{"@id":"https:\/\/lorentzzi.com\/#\/schema\/logo\/image\/"}}]}},"_links":{"self":[{"href":"https:\/\/lorentzzi.com\/tr\/wp-json\/wp\/v2\/product\/6738","targetHints":{"allow":["GET"]}}],"collection":[{"href":"https:\/\/lorentzzi.com\/tr\/wp-json\/wp\/v2\/product"}],"about":[{"href":"https:\/\/lorentzzi.com\/tr\/wp-json\/wp\/v2\/types\/product"}],"version-history":[{"count":6,"href":"https:\/\/lorentzzi.com\/tr\/wp-json\/wp\/v2\/product\/6738\/revisions"}],"predecessor-version":[{"id":16787,"href":"https:\/\/lorentzzi.com\/tr\/wp-json\/wp\/v2\/product\/6738\/revisions\/16787"}],"wp:featuredmedia":[{"embeddable":true,"href":"https:\/\/lorentzzi.com\/tr\/wp-json\/wp\/v2\/media\/6724"}],"wp:attachment":[{"href":"https:\/\/lorentzzi.com\/tr\/wp-json\/wp\/v2\/media?parent=6738"}],"wp:term":[{"taxonomy":"product_brand","embeddable":true,"href":"https:\/\/lorentzzi.com\/tr\/wp-json\/wp\/v2\/product_brand?post=6738"},{"taxonomy":"product_cat","embeddable":true,"href":"https:\/\/lorentzzi.com\/tr\/wp-json\/wp\/v2\/product_cat?post=6738"},{"taxonomy":"product_tag","embeddable":true,"href":"https:\/\/lorentzzi.com\/tr\/wp-json\/wp\/v2\/product_tag?post=6738"}],"curies":[{"name":"wp","href":"https:\/\/api.w.org\/{rel}","templated":true}]}}