{"id":6468,"date":"2022-12-13T21:46:10","date_gmt":"2022-12-13T13:46:10","guid":{"rendered":"https:\/\/lorentzzi.com\/?post_type=product&#038;p=6468"},"modified":"2025-12-15T14:38:10","modified_gmt":"2025-12-15T06:38:10","slug":"tm1s-tm1q-electromechanical-timer-switch","status":"publish","type":"product","link":"https:\/\/lorentzzi.com\/tr\/products\/timer-switch-and-counter\/timer\/tm1s-tm1q-electromechanical-timer-switch\/","title":{"rendered":"TM1S\/TM1Q Elektromekanik Zamanlay\u0131c\u0131 Anahtar\u0131"},"content":{"rendered":"<h2><b>Introduction:<\/b><\/h2>\n<ul>\n<li style=\"font-weight: 400;\" aria-level=\"1\"><b>Lorentzzi\u00ae <\/b><span style=\"font-weight: 400;\">TM1S\/TM1Q is a daily cycle electromechanical timer switch, widely used in HVAC systems, refrigeration systems, security systems, circulation pumps, spa equipment, etc.<\/span><\/li>\n<li style=\"font-weight: 400;\" aria-level=\"1\"><span style=\"font-weight: 400;\">The TM1S product is black, while the TM1Q product is red. They have the same function, only the color is different.<\/span><\/li>\n<li style=\"font-weight: 400;\" aria-level=\"1\"><span style=\"font-weight: 400;\">Its working principle is very simple. For example, if you want to turn on the load between 15:00 and 16:00, first set the current time, then push out the knob between 15:00 and 16:00, and it will turn on the load according to the time you set.<\/span><\/li>\n<\/ul>\n<p><img fetchpriority=\"high\" decoding=\"async\" class=\"aligncenter wp-image-19479 size-full\" src=\"https:\/\/lorentzzi.com\/wp-content\/uploads\/2022\/12\/Configure-TM1S-or-TM1Q-to-start-load-at-3-pm-and-4-pm.jpg\" alt=\"Configure TM1S or TM1Q to start load at 3 pm and 4 pm\" width=\"1024\" height=\"512\" srcset=\"https:\/\/lorentzzi.com\/wp-content\/uploads\/2022\/12\/Configure-TM1S-or-TM1Q-to-start-load-at-3-pm-and-4-pm.jpg 1024w, https:\/\/lorentzzi.com\/wp-content\/uploads\/2022\/12\/Configure-TM1S-or-TM1Q-to-start-load-at-3-pm-and-4-pm-300x150.jpg 300w, https:\/\/lorentzzi.com\/wp-content\/uploads\/2022\/12\/Configure-TM1S-or-TM1Q-to-start-load-at-3-pm-and-4-pm-768x384.jpg 768w, https:\/\/lorentzzi.com\/wp-content\/uploads\/2022\/12\/Configure-TM1S-or-TM1Q-to-start-load-at-3-pm-and-4-pm-18x9.jpg 18w, https:\/\/lorentzzi.com\/wp-content\/uploads\/2022\/12\/Configure-TM1S-or-TM1Q-to-start-load-at-3-pm-and-4-pm-600x300.jpg 600w, https:\/\/lorentzzi.com\/wp-content\/uploads\/2022\/12\/Configure-TM1S-or-TM1Q-to-start-load-at-3-pm-and-4-pm-64x32.jpg 64w\" sizes=\"(max-width: 1024px) 100vw, 1024px\" \/><\/p>\n<ul>\n<li style=\"font-weight: 400;\" aria-level=\"1\"><span style=\"font-weight: 400;\">It can be set to power on and off a maximum of 48 times, so each time you turn the knob, the minimum setting unit is 15 minutes(24 hours*60\/96 minutes).<\/span><\/li>\n<li style=\"font-weight: 400;\" aria-level=\"1\"><span style=\"font-weight: 400;\">The load contact is 16 amps(NO only or NO+NC available), and the operating voltage range is 100-240VAC. If you want to enlarge its load capacity, you can try to use it with our <\/span><span style=\"color: #ff0000;\"><a style=\"color: #ff0000;\" href=\"https:\/\/lorentzzi.com\/product-category\/solid-state-relay\/\"><span style=\"font-weight: 400;\">solid state relays<\/span><\/a><\/span><span style=\"font-weight: 400;\"> or <\/span><a href=\"https:\/\/lorentzzi.com\/products\/accessories\/cjx2-contactor\/\"><span style=\"font-weight: 400;\"><span style=\"color: #ff0000;\">CJX2 AC contactor<\/span><\/span><\/a><span style=\"font-weight: 400;\">.<\/span><\/li>\n<li style=\"font-weight: 400;\" aria-level=\"1\"><b>Want to learn more about our TM1S or TM1Q electromechanical timer switches? Please fill out the form below to contact us today!<\/b><\/li>\n<\/ul>\n<h2><strong>Specifications:<\/strong><\/h2>\n<div class=\"supsystic-table-loader spinner\"style=\"background-color:#000000\"><\/div><div id=\"supsystic-table-48_58809\" class=\"supsystic-tables-wrap \" style=\" width:100%; visibility: hidden; \" data-table-width-fixed=\"100%\" data-table-width-mobile=\"100%\" ><table id=\"supsystic-table-48\" class=\"supsystic-table border lightboxImg cell-border\" data-id=\"48\" data-view-id=\"48_58809\" data-title=\"TM1S\" data-currency-format=\"$1,000.00\" data-percent-format=\"10.00%\" data-date-format=\"DD.MM.YYYY\" data-time-format=\"HH:mm\" data-features=\"[&quot;after_table_loaded_script&quot;]\" data-search-value=\"\" data-lightbox-img=\"\" data-head-rows-count=\"1\" data-pagination-length=\"50,100,All\" data-auto-index=\"off\" data-searching-settings=\"{&quot;columnSearchPosition&quot;:&quot;bottom&quot;,&quot;minChars&quot;:&quot;0&quot;}\" data-lang=\"default\" data-override=\"{&quot;emptyTable&quot;:&quot;&quot;,&quot;info&quot;:&quot;&quot;,&quot;infoEmpty&quot;:&quot;&quot;,&quot;infoFiltered&quot;:&quot;&quot;,&quot;lengthMenu&quot;:&quot;&quot;,&quot;search&quot;:&quot;&quot;,&quot;previous&quot;:&quot;&quot;,&quot;next&quot;:&quot;&quot;,&quot;zeroRecords&quot;:&quot;&quot;,&quot;exportLabel&quot;:&quot;&quot;,&quot;file&quot;:&quot;default&quot;}\" data-merged=\"[]\" data-responsive-mode=\"0\" data-from-history=\"0\" ><thead><tr><th class=\"\" style=\"width:; padding: 0 !important;\"><\/th><th class=\"\" style=\"width:; padding: 0 !important;\"><\/th><\/tr><\/thead><tbody><tr style=\"height:px\" ><td data-cell-id=\"A1\" data-x=\"0\" data-y=\"1\" data-db-index=\"1\" class=\"htCenter htMiddle bg-c7c7c7\" data-cell-type=\"text\" data-original-value=\"Model\" data-order=\"Model\" style=\"min-width:46.6%; \" >Model <\/td><td data-cell-id=\"B1\" data-x=\"1\" data-y=\"1\" data-db-index=\"1\" class=\"htCenter htMiddle bg-c7c7c7\" data-cell-type=\"text\" data-original-value=\"TM1S\/TM1Q\" data-order=\"TM1S\/TM1Q\" style=\"min-width:53.4%; \" >TM1S\/TM1Q <\/td><\/tr><tr style=\"height:px\" ><td data-cell-id=\"A2\" data-x=\"0\" data-y=\"2\" data-db-index=\"2\" class=\"htCenter htMiddle\" data-cell-type=\"text\" data-original-value=\"Programs\" data-order=\"Programs\" >Programs <\/td><td data-cell-id=\"B2\" data-x=\"1\" data-y=\"2\" data-db-index=\"2\" class=\"htCenter htMiddle\" data-cell-type=\"text\" data-original-value=\"Max.48 ON\/OFF per day\" data-order=\"Max.48 ON\/OFF per day\" >Max.48 ON\/OFF per day <\/td><\/tr><tr style=\"height:px\" ><td data-cell-id=\"A3\" data-x=\"0\" data-y=\"3\" data-db-index=\"3\" class=\"htCenter htMiddle bg-c7c7c7\" data-cell-type=\"text\" data-original-value=\"Display\" data-order=\"Display\" >Display <\/td><td data-cell-id=\"B3\" data-x=\"1\" data-y=\"3\" data-db-index=\"3\" class=\"htCenter htMiddle bg-c7c7c7\" data-cell-type=\"text\" data-original-value=\"No display\" data-order=\"No display\" >No display <\/td><\/tr><tr style=\"height:px\" ><td data-cell-id=\"A4\" data-x=\"0\" data-y=\"4\" data-db-index=\"4\" class=\"htCenter htMiddle\" data-cell-type=\"text\" data-original-value=\"Control method\" data-order=\"Control method\" >Control method <\/td><td data-cell-id=\"B4\" data-x=\"1\" data-y=\"4\" data-db-index=\"4\" class=\"htCenter htMiddle\" data-cell-type=\"text\" data-original-value=\"Dip switch\" data-order=\"Dip switch\" >Dip switch <\/td><\/tr><tr style=\"height:px\" ><td data-cell-id=\"A5\" data-x=\"0\" data-y=\"5\" data-db-index=\"5\" class=\"htCenter htMiddle bg-c7c7c7\" data-cell-type=\"text\" data-original-value=\"Min.setting time\" data-order=\"Min.setting time\" >Min.setting time <\/td><td data-cell-id=\"B5\" data-x=\"1\" data-y=\"5\" data-db-index=\"5\" class=\"htCenter htMiddle bg-c7c7c7\" data-cell-type=\"text\" data-original-value=\"15 minutes\" data-order=\"15 minutes\" >15 minutes <\/td><\/tr><tr style=\"height:px\" ><td data-cell-id=\"A6\" data-x=\"0\" data-y=\"6\" data-db-index=\"6\" class=\"htCenter htMiddle\" data-cell-type=\"text\" data-original-value=\"Max.setting time\" data-order=\"Max.setting time\" >Max.setting time <\/td><td data-cell-id=\"B6\" data-x=\"1\" data-y=\"6\" data-db-index=\"6\" class=\"htCenter htMiddle\" data-cell-type=\"text\" data-original-value=\"24 hours\" data-order=\"24 hours\" >24 hours <\/td><\/tr><tr style=\"height:px\" ><td data-cell-id=\"A7\" data-x=\"0\" data-y=\"7\" data-db-index=\"7\" class=\"htCenter htMiddle bg-c7c7c7\" data-cell-type=\"text\" data-original-value=\"Load capacity\" data-order=\"Load capacity\" >Load capacity <\/td><td data-cell-id=\"B7\" data-x=\"1\" data-y=\"7\" data-db-index=\"7\" class=\"htCenter htMiddle bg-c7c7c7\" data-cell-type=\"text\" data-original-value=\"230~250 VAC, 16 A, 50 Hz, 110~125 VAC, 15 A, 60 Hz\" data-order=\"230~250 VAC, 16 A, 50 Hz, 110~125 VAC, 15 A, 60 Hz\" >230~250 VAC, 16 A, 50 Hz, 110~125 VAC, 15 A, 60 Hz <\/td><\/tr><tr style=\"height:px\" ><td data-cell-id=\"A8\" data-x=\"0\" data-y=\"8\" data-db-index=\"8\" class=\"htCenter htMiddle\" data-cell-type=\"text\" data-original-value=\"Installation method\" data-order=\"Installation method\" >Installation method <\/td><td data-cell-id=\"B8\" data-x=\"1\" data-y=\"8\" data-db-index=\"8\" class=\"htCenter htMiddle\" data-cell-type=\"text\" data-original-value=\"Screw mounting\" data-order=\"Screw mounting\" >Screw mounting <\/td><\/tr><tr style=\"height:px\" ><td data-cell-id=\"A9\" data-x=\"0\" data-y=\"9\" data-db-index=\"9\" class=\"htCenter htMiddle bg-c7c7c7\" data-cell-type=\"text\" data-original-value=\"Operation\" data-order=\"Operation\" >Operation <\/td><td data-cell-id=\"B9\" data-x=\"1\" data-y=\"9\" data-db-index=\"9\" class=\"htCenter htMiddle bg-c7c7c7\" data-cell-type=\"text\" data-original-value=\"Manual or auto\" data-order=\"Manual or auto\" >Manual or auto <\/td><\/tr><tr style=\"height:px\" ><td data-cell-id=\"A10\" data-x=\"0\" data-y=\"10\" data-db-index=\"10\" class=\"htCenter htMiddle\" data-cell-type=\"text\" data-original-value=\"Dimension\" data-order=\"Dimension\" >Dimension <\/td><td data-cell-id=\"B10\" data-x=\"1\" data-y=\"10\" data-db-index=\"10\" class=\"htCenter htMiddle\" data-cell-type=\"text\" data-original-value=\"60*60*34 mm\" data-order=\"60*60*34 mm\" >60*60*34 mm <\/td><\/tr><\/tbody><\/table><!-- \/#supsystic-table-48.supsystic-table --><\/div><!-- \/.supsystic-tables-wrap --><!-- Tables Generator by Supsystic --><!-- Version:1.11.0 --><!-- http:\/\/supsystic.com\/ --><a title=\"WordPress Data Table Plugin\" style=\"display:none;\" href=\"https:\/\/supsystic.com\/plugins\/wordpress-data-table-plugin\/?utm_medium=love_link\" target=\"_blank\">WordPress Data Table Plugin<\/a>\n","protected":false},"excerpt":{"rendered":"<ol>\n<li>En fazla 48 kez A\u00c7IK ve 48 kez KAPALI,<\/li>\n<li>G\u00fcnl\u00fck otomatik d\u00f6ng\u00fc veya manuel \u00e7al\u0131\u015fma,<\/li>\n<li>Elektromekanik tip, kullan\u0131m\u0131 daha g\u00fcvenilir,<\/li>\n<li>16 amper NO+NC kontaklar\u0131,<\/li>\n<li>I\u015f\u0131k, pompa kontrol\u00fc vb. i\u00e7in uygundur.<\/li>\n<\/ol>","protected":false},"featured_media":19483,"template":"","meta":{"site-sidebar-layout":"default","site-content-layout":"default","ast-site-content-layout":"default","site-content-style":"default","site-sidebar-style":"default","ast-global-header-display":"","ast-banner-title-visibility":"","ast-main-header-display":"","ast-hfb-above-header-display":"","ast-hfb-below-header-display":"","ast-hfb-mobile-header-display":"","site-post-title":"","ast-breadcrumbs-content":"","ast-featured-img":"","footer-sml-layout":"","ast-disable-related-posts":"","theme-transparent-header-meta":"default","adv-header-id-meta":"","stick-header-meta":"","header-above-stick-meta":"","header-main-stick-meta":"","header-below-stick-meta":"","astra-migrate-meta-layouts":"set","ast-page-background-enabled":"default","ast-page-background-meta":{"desktop":{"background-color":"","background-image":"","background-repeat":"repeat","background-position":"center center","background-size":"auto","background-attachment":"scroll","background-type":"","background-media":"","overlay-type":"","overlay-color":"","overlay-opacity":"","overlay-gradient":""},"tablet":{"background-color":"","background-image":"","background-repeat":"repeat","background-position":"center center","background-size":"auto","background-attachment":"scroll","background-type":"","background-media":"","overlay-type":"","overlay-color":"","overlay-opacity":"","overlay-gradient":""},"mobile":{"background-color":"","background-image":"","background-repeat":"repeat","background-position":"center center","background-size":"auto","background-attachment":"scroll","background-type":"","background-media":"","overlay-type":"","overlay-color":"","overlay-opacity":"","overlay-gradient":""}},"ast-content-background-meta":{"desktop":{"background-color":"var(--ast-global-color-5)","background-image":"","background-repeat":"repeat","background-position":"center center","background-size":"auto","background-attachment":"scroll","background-type":"","background-media":"","overlay-type":"","overlay-color":"","overlay-opacity":"","overlay-gradient":""},"tablet":{"background-color":"var(--ast-global-color-5)","background-image":"","background-repeat":"repeat","background-position":"center center","background-size":"auto","background-attachment":"scroll","background-type":"","background-media":"","overlay-type":"","overlay-color":"","overlay-opacity":"","overlay-gradient":""},"mobile":{"background-color":"var(--ast-global-color-5)","background-image":"","background-repeat":"repeat","background-position":"center center","background-size":"auto","background-attachment":"scroll","background-type":"","background-media":"","overlay-type":"","overlay-color":"","overlay-opacity":"","overlay-gradient":""}}},"product_brand":[],"product_cat":[115,106],"product_tag":[],"class_list":{"0":"post-6468","1":"product","2":"type-product","3":"status-publish","4":"has-post-thumbnail","6":"product_cat-timer","7":"product_cat-timer-switch-and-counter","8":"desktop-align-center","9":"tablet-align-left","10":"mobile-align-left","12":"first","13":"instock","14":"shipping-taxable","15":"product-type-simple"},"yoast_head":"<!-- This site is optimized with the Yoast SEO Premium plugin v24.0 (Yoast SEO v27.4) - https:\/\/yoast.com\/product\/yoast-seo-premium-wordpress\/ -->\n<title>TM1S\/TM1Q Electromechanical Timer Switch<\/title>\n<meta name=\"description\" content=\"Lorentzzi TM1S\/TM1Q electromechanical timer switch is high-quality, competitively priced, sold directly from the Chinese manufacturer. Click to learn more!\" \/>\n<meta name=\"robots\" content=\"index, follow, max-snippet:-1, max-image-preview:large, max-video-preview:-1\" \/>\n<link rel=\"canonical\" href=\"https:\/\/lorentzzi.com\/tr\/products\/timer-switch-and-counter\/timer\/tm1s-tm1q-electromechanical-timer-switch\/\" \/>\n<meta property=\"og:locale\" content=\"tr_TR\" \/>\n<meta property=\"og:type\" content=\"article\" \/>\n<meta property=\"og:title\" content=\"TM1S\/TM1Q Electromechanical Timer Switch\" \/>\n<meta property=\"og:description\" content=\"Lorentzzi TM1S\/TM1Q electromechanical timer switch is high-quality, competitively priced, sold directly from the Chinese manufacturer. Click to learn more!\" \/>\n<meta property=\"og:url\" content=\"https:\/\/lorentzzi.com\/tr\/products\/timer-switch-and-counter\/timer\/tm1s-tm1q-electromechanical-timer-switch\/\" \/>\n<meta property=\"og:site_name\" content=\"Lorentzzi Industrial Supply-Chinese Manufacturer&amp;Exporter\" \/>\n<meta property=\"article:modified_time\" content=\"2025-12-15T06:38:10+00:00\" \/>\n<meta property=\"og:image\" content=\"https:\/\/lorentzzi.com\/wp-content\/uploads\/2022\/12\/TM1S-and-TM1Q-electromechanical-timer-switch.jpg\" \/>\n\t<meta property=\"og:image:width\" content=\"640\" \/>\n\t<meta property=\"og:image:height\" content=\"640\" \/>\n\t<meta property=\"og:image:type\" content=\"image\/jpeg\" \/>\n<meta name=\"twitter:card\" content=\"summary_large_image\" \/>\n<meta name=\"twitter:label1\" content=\"Tahmini okuma s\u00fcresi\" \/>\n\t<meta name=\"twitter:data1\" content=\"2 dakika\" \/>\n<script type=\"application\/ld+json\" class=\"yoast-schema-graph\">{\"@context\":\"https:\\\/\\\/schema.org\",\"@graph\":[{\"@type\":\"WebPage\",\"@id\":\"https:\\\/\\\/lorentzzi.com\\\/products\\\/timer-switch-and-counter\\\/timer\\\/tm1s-tm1q-electromechanical-timer-switch\\\/\",\"url\":\"https:\\\/\\\/lorentzzi.com\\\/products\\\/timer-switch-and-counter\\\/timer\\\/tm1s-tm1q-electromechanical-timer-switch\\\/\",\"name\":\"TM1S\\\/TM1Q Electromechanical Timer Switch\",\"isPartOf\":{\"@id\":\"https:\\\/\\\/lorentzzi.com\\\/#website\"},\"primaryImageOfPage\":{\"@id\":\"https:\\\/\\\/lorentzzi.com\\\/products\\\/timer-switch-and-counter\\\/timer\\\/tm1s-tm1q-electromechanical-timer-switch\\\/#primaryimage\"},\"image\":{\"@id\":\"https:\\\/\\\/lorentzzi.com\\\/products\\\/timer-switch-and-counter\\\/timer\\\/tm1s-tm1q-electromechanical-timer-switch\\\/#primaryimage\"},\"thumbnailUrl\":\"https:\\\/\\\/lorentzzi.com\\\/wp-content\\\/uploads\\\/2022\\\/12\\\/TM1S-and-TM1Q-electromechanical-timer-switch.jpg\",\"datePublished\":\"2022-12-13T13:46:10+00:00\",\"dateModified\":\"2025-12-15T06:38:10+00:00\",\"description\":\"Lorentzzi TM1S\\\/TM1Q electromechanical timer switch is high-quality, competitively priced, sold directly from the Chinese manufacturer. Click to learn more!\",\"breadcrumb\":{\"@id\":\"https:\\\/\\\/lorentzzi.com\\\/products\\\/timer-switch-and-counter\\\/timer\\\/tm1s-tm1q-electromechanical-timer-switch\\\/#breadcrumb\"},\"inLanguage\":\"tr\",\"potentialAction\":[{\"@type\":\"ReadAction\",\"target\":[\"https:\\\/\\\/lorentzzi.com\\\/products\\\/timer-switch-and-counter\\\/timer\\\/tm1s-tm1q-electromechanical-timer-switch\\\/\"]}]},{\"@type\":\"ImageObject\",\"inLanguage\":\"tr\",\"@id\":\"https:\\\/\\\/lorentzzi.com\\\/products\\\/timer-switch-and-counter\\\/timer\\\/tm1s-tm1q-electromechanical-timer-switch\\\/#primaryimage\",\"url\":\"https:\\\/\\\/lorentzzi.com\\\/wp-content\\\/uploads\\\/2022\\\/12\\\/TM1S-and-TM1Q-electromechanical-timer-switch.jpg\",\"contentUrl\":\"https:\\\/\\\/lorentzzi.com\\\/wp-content\\\/uploads\\\/2022\\\/12\\\/TM1S-and-TM1Q-electromechanical-timer-switch.jpg\",\"width\":640,\"height\":640,\"caption\":\"TM1S and TM1Q electromechanical timer switch\"},{\"@type\":\"BreadcrumbList\",\"@id\":\"https:\\\/\\\/lorentzzi.com\\\/products\\\/timer-switch-and-counter\\\/timer\\\/tm1s-tm1q-electromechanical-timer-switch\\\/#breadcrumb\",\"itemListElement\":[{\"@type\":\"ListItem\",\"position\":1,\"name\":\"Home\",\"item\":\"https:\\\/\\\/lorentzzi.com\\\/\"},{\"@type\":\"ListItem\",\"position\":2,\"name\":\"Products\",\"item\":\"https:\\\/\\\/lorentzzi.com\\\/products\\\/\"},{\"@type\":\"ListItem\",\"position\":3,\"name\":\"TM1S\\\/TM1Q Electromechanical Timer Switch\"}]},{\"@type\":\"WebSite\",\"@id\":\"https:\\\/\\\/lorentzzi.com\\\/#website\",\"url\":\"https:\\\/\\\/lorentzzi.com\\\/\",\"name\":\"Lorentzzi Industrial Supply-Chinese Manufacturer&amp;Exporter\",\"description\":\"Lorentzzi supply temperature controller, SSR, proximity sensor, SCR power regulator and timer switch with good quality and affordable prices.\",\"publisher\":{\"@id\":\"https:\\\/\\\/lorentzzi.com\\\/#organization\"},\"potentialAction\":[{\"@type\":\"SearchAction\",\"target\":{\"@type\":\"EntryPoint\",\"urlTemplate\":\"https:\\\/\\\/lorentzzi.com\\\/?s={search_term_string}\"},\"query-input\":{\"@type\":\"PropertyValueSpecification\",\"valueRequired\":true,\"valueName\":\"search_term_string\"}}],\"inLanguage\":\"tr\"},{\"@type\":\"Organization\",\"@id\":\"https:\\\/\\\/lorentzzi.com\\\/#organization\",\"name\":\"Lorentzzi Industrial Supply-Chinese Manufacturer&amp;Exporter\",\"url\":\"https:\\\/\\\/lorentzzi.com\\\/\",\"logo\":{\"@type\":\"ImageObject\",\"inLanguage\":\"tr\",\"@id\":\"https:\\\/\\\/lorentzzi.com\\\/#\\\/schema\\\/logo\\\/image\\\/\",\"url\":\"https:\\\/\\\/lorentzzi.com\\\/wp-content\\\/uploads\\\/2021\\\/07\\\/Lorenz-Electric-Company-Logo.png\",\"contentUrl\":\"https:\\\/\\\/lorentzzi.com\\\/wp-content\\\/uploads\\\/2021\\\/07\\\/Lorenz-Electric-Company-Logo.png\",\"width\":350,\"height\":100,\"caption\":\"Lorentzzi Industrial Supply-Chinese Manufacturer&amp;Exporter\"},\"image\":{\"@id\":\"https:\\\/\\\/lorentzzi.com\\\/#\\\/schema\\\/logo\\\/image\\\/\"}}]}<\/script>\n<!-- \/ Yoast SEO Premium plugin. -->","yoast_head_json":{"title":"TM1S\/TM1Q Elektromekanik Zamanlay\u0131c\u0131 Anahtar\u0131","description":"Lorentzzi TM1S\/TM1Q elektromekanik zamanlay\u0131c\u0131 anahtar\u0131, y\u00fcksek kaliteli, rekabet\u00e7i fiyatl\u0131 ve \u00c7inli \u00fcreticiden do\u011frudan sat\u0131lmaktad\u0131r. Daha fazla bilgi i\u00e7in t\u0131klay\u0131n!","robots":{"index":"index","follow":"follow","max-snippet":"max-snippet:-1","max-image-preview":"max-image-preview:large","max-video-preview":"max-video-preview:-1"},"canonical":"https:\/\/lorentzzi.com\/tr\/products\/timer-switch-and-counter\/timer\/tm1s-tm1q-electromechanical-timer-switch\/","og_locale":"tr_TR","og_type":"article","og_title":"TM1S\/TM1Q Electromechanical Timer Switch","og_description":"Lorentzzi TM1S\/TM1Q electromechanical timer switch is high-quality, competitively priced, sold directly from the Chinese manufacturer. Click to learn more!","og_url":"https:\/\/lorentzzi.com\/tr\/products\/timer-switch-and-counter\/timer\/tm1s-tm1q-electromechanical-timer-switch\/","og_site_name":"Lorentzzi Industrial Supply-Chinese Manufacturer&amp;Exporter","article_modified_time":"2025-12-15T06:38:10+00:00","og_image":[{"width":640,"height":640,"url":"https:\/\/lorentzzi.com\/wp-content\/uploads\/2022\/12\/TM1S-and-TM1Q-electromechanical-timer-switch.jpg","type":"image\/jpeg"}],"twitter_card":"summary_large_image","twitter_misc":{"Tahmini okuma s\u00fcresi":"2 dakika"},"schema":{"@context":"https:\/\/schema.org","@graph":[{"@type":"WebPage","@id":"https:\/\/lorentzzi.com\/products\/timer-switch-and-counter\/timer\/tm1s-tm1q-electromechanical-timer-switch\/","url":"https:\/\/lorentzzi.com\/products\/timer-switch-and-counter\/timer\/tm1s-tm1q-electromechanical-timer-switch\/","name":"TM1S\/TM1Q Elektromekanik Zamanlay\u0131c\u0131 Anahtar\u0131","isPartOf":{"@id":"https:\/\/lorentzzi.com\/#website"},"primaryImageOfPage":{"@id":"https:\/\/lorentzzi.com\/products\/timer-switch-and-counter\/timer\/tm1s-tm1q-electromechanical-timer-switch\/#primaryimage"},"image":{"@id":"https:\/\/lorentzzi.com\/products\/timer-switch-and-counter\/timer\/tm1s-tm1q-electromechanical-timer-switch\/#primaryimage"},"thumbnailUrl":"https:\/\/lorentzzi.com\/wp-content\/uploads\/2022\/12\/TM1S-and-TM1Q-electromechanical-timer-switch.jpg","datePublished":"2022-12-13T13:46:10+00:00","dateModified":"2025-12-15T06:38:10+00:00","description":"Lorentzzi TM1S\/TM1Q elektromekanik zamanlay\u0131c\u0131 anahtar\u0131, y\u00fcksek kaliteli, rekabet\u00e7i fiyatl\u0131 ve \u00c7inli \u00fcreticiden do\u011frudan sat\u0131lmaktad\u0131r. Daha fazla bilgi i\u00e7in t\u0131klay\u0131n!","breadcrumb":{"@id":"https:\/\/lorentzzi.com\/products\/timer-switch-and-counter\/timer\/tm1s-tm1q-electromechanical-timer-switch\/#breadcrumb"},"inLanguage":"tr","potentialAction":[{"@type":"ReadAction","target":["https:\/\/lorentzzi.com\/products\/timer-switch-and-counter\/timer\/tm1s-tm1q-electromechanical-timer-switch\/"]}]},{"@type":"ImageObject","inLanguage":"tr","@id":"https:\/\/lorentzzi.com\/products\/timer-switch-and-counter\/timer\/tm1s-tm1q-electromechanical-timer-switch\/#primaryimage","url":"https:\/\/lorentzzi.com\/wp-content\/uploads\/2022\/12\/TM1S-and-TM1Q-electromechanical-timer-switch.jpg","contentUrl":"https:\/\/lorentzzi.com\/wp-content\/uploads\/2022\/12\/TM1S-and-TM1Q-electromechanical-timer-switch.jpg","width":640,"height":640,"caption":"TM1S and TM1Q electromechanical timer switch"},{"@type":"BreadcrumbList","@id":"https:\/\/lorentzzi.com\/products\/timer-switch-and-counter\/timer\/tm1s-tm1q-electromechanical-timer-switch\/#breadcrumb","itemListElement":[{"@type":"ListItem","position":1,"name":"Home","item":"https:\/\/lorentzzi.com\/"},{"@type":"ListItem","position":2,"name":"Products","item":"https:\/\/lorentzzi.com\/products\/"},{"@type":"ListItem","position":3,"name":"TM1S\/TM1Q Electromechanical Timer Switch"}]},{"@type":"WebSite","@id":"https:\/\/lorentzzi.com\/#website","url":"https:\/\/lorentzzi.com\/","name":"Lorentzzi Industrial Supply-\u00c7inli \u00dcretici ve \u0130hracat\u00e7\u0131","description":"Lorentzzi, s\u0131cakl\u0131k kontrol\u00f6r\u00fc, SSR, yak\u0131nl\u0131k sens\u00f6r\u00fc, SCR g\u00fc\u00e7 reg\u00fclat\u00f6r\u00fc ve zamanlay\u0131c\u0131 anahtar\u0131n\u0131 kaliteli ve uygun fiyatlarla tedarik etmektedir.","publisher":{"@id":"https:\/\/lorentzzi.com\/#organization"},"potentialAction":[{"@type":"SearchAction","target":{"@type":"EntryPoint","urlTemplate":"https:\/\/lorentzzi.com\/?s={search_term_string}"},"query-input":{"@type":"PropertyValueSpecification","valueRequired":true,"valueName":"search_term_string"}}],"inLanguage":"tr"},{"@type":"Organization","@id":"https:\/\/lorentzzi.com\/#organization","name":"Lorentzzi Industrial Supply-\u00c7inli \u00dcretici ve \u0130hracat\u00e7\u0131","url":"https:\/\/lorentzzi.com\/","logo":{"@type":"ImageObject","inLanguage":"tr","@id":"https:\/\/lorentzzi.com\/#\/schema\/logo\/image\/","url":"https:\/\/lorentzzi.com\/wp-content\/uploads\/2021\/07\/Lorenz-Electric-Company-Logo.png","contentUrl":"https:\/\/lorentzzi.com\/wp-content\/uploads\/2021\/07\/Lorenz-Electric-Company-Logo.png","width":350,"height":100,"caption":"Lorentzzi Industrial Supply-Chinese Manufacturer&amp;Exporter"},"image":{"@id":"https:\/\/lorentzzi.com\/#\/schema\/logo\/image\/"}}]}},"_links":{"self":[{"href":"https:\/\/lorentzzi.com\/tr\/wp-json\/wp\/v2\/product\/6468","targetHints":{"allow":["GET"]}}],"collection":[{"href":"https:\/\/lorentzzi.com\/tr\/wp-json\/wp\/v2\/product"}],"about":[{"href":"https:\/\/lorentzzi.com\/tr\/wp-json\/wp\/v2\/types\/product"}],"version-history":[{"count":6,"href":"https:\/\/lorentzzi.com\/tr\/wp-json\/wp\/v2\/product\/6468\/revisions"}],"predecessor-version":[{"id":19486,"href":"https:\/\/lorentzzi.com\/tr\/wp-json\/wp\/v2\/product\/6468\/revisions\/19486"}],"wp:featuredmedia":[{"embeddable":true,"href":"https:\/\/lorentzzi.com\/tr\/wp-json\/wp\/v2\/media\/19483"}],"wp:attachment":[{"href":"https:\/\/lorentzzi.com\/tr\/wp-json\/wp\/v2\/media?parent=6468"}],"wp:term":[{"taxonomy":"product_brand","embeddable":true,"href":"https:\/\/lorentzzi.com\/tr\/wp-json\/wp\/v2\/product_brand?post=6468"},{"taxonomy":"product_cat","embeddable":true,"href":"https:\/\/lorentzzi.com\/tr\/wp-json\/wp\/v2\/product_cat?post=6468"},{"taxonomy":"product_tag","embeddable":true,"href":"https:\/\/lorentzzi.com\/tr\/wp-json\/wp\/v2\/product_tag?post=6468"}],"curies":[{"name":"wp","href":"https:\/\/api.w.org\/{rel}","templated":true}]}}