{"id":10818,"date":"2023-07-26T22:32:38","date_gmt":"2023-07-26T14:32:38","guid":{"rendered":"https:\/\/lorentzzi.com\/?post_type=product&#038;p=10818"},"modified":"2025-08-14T15:44:56","modified_gmt":"2025-08-14T07:44:56","slug":"heatsink-with-cooling-fan-for-solid-state-relay","status":"publish","type":"product","link":"https:\/\/lorentzzi.com\/tr\/products\/accessories\/heat-sink\/heatsink-with-cooling-fan-for-solid-state-relay\/","title":{"rendered":"Kat\u0131 Hal R\u00f6lesi \u0130\u00e7in So\u011futma Fanl\u0131 So\u011futucu"},"content":{"rendered":"<h2><b>Introduction:<\/b><\/h2>\n<ul>\n<li style=\"font-weight: 400;\" aria-level=\"1\"><span style=\"font-weight: 400;\">This is our H model heat sink with 110 mm and 150 mm length, which are designed for high current <\/span><a href=\"https:\/\/lorentzzi.com\/single-phase-solid-state-relay\/\"><span style=\"font-weight: 400;\"><span style=\"color: #ff0000;\">single phase<\/span><\/span><\/a><span style=\"font-weight: 400;\"> or <\/span><span style=\"color: #ff0000;\"><a style=\"color: #ff0000;\" href=\"https:\/\/lorentzzi.com\/three-phase-solid-state-relay\/\"><span style=\"font-weight: 400;\">three phase solid state relays<\/span><\/a><\/span><span style=\"font-weight: 400;\"> heat dissipation, the heat sink can be equipped with 1 cooling fan.<\/span><\/li>\n<li style=\"font-weight: 400;\" aria-level=\"1\"><span style=\"font-weight: 400;\">Among them, a 110 mm length heatsink with a cooling fan can be used for single-phase SSRs with a current less than 120 amperes or for three-phase SSRs with a current less than 60 amperes.<\/span><\/li>\n<\/ul>\n<p><img fetchpriority=\"high\" decoding=\"async\" class=\"aligncenter wp-image-17206 size-full\" src=\"https:\/\/lorentzzi.com\/wp-content\/uploads\/2023\/07\/110-mm-length-heatsink-with-a-cooling-fan.jpg\" alt=\"110 mm length heatsink with a cooling fan\" width=\"1024\" height=\"512\" srcset=\"https:\/\/lorentzzi.com\/wp-content\/uploads\/2023\/07\/110-mm-length-heatsink-with-a-cooling-fan.jpg 1024w, https:\/\/lorentzzi.com\/wp-content\/uploads\/2023\/07\/110-mm-length-heatsink-with-a-cooling-fan-300x150.jpg 300w, https:\/\/lorentzzi.com\/wp-content\/uploads\/2023\/07\/110-mm-length-heatsink-with-a-cooling-fan-768x384.jpg 768w, https:\/\/lorentzzi.com\/wp-content\/uploads\/2023\/07\/110-mm-length-heatsink-with-a-cooling-fan-600x300.jpg 600w, https:\/\/lorentzzi.com\/wp-content\/uploads\/2023\/07\/110-mm-length-heatsink-with-a-cooling-fan-64x32.jpg 64w\" sizes=\"(max-width: 1024px) 100vw, 1024px\" \/><\/p>\n<ul>\n<li style=\"font-weight: 400;\" aria-level=\"1\"><span style=\"font-weight: 400;\">The 150 mm heatsink with one cooling fan can be used for three phase SSR current less than 80 amps.<\/span><\/li>\n<\/ul>\n<p><img decoding=\"async\" class=\"aligncenter wp-image-17205 size-full\" src=\"https:\/\/lorentzzi.com\/wp-content\/uploads\/2023\/07\/150-mm-heatsink-with-one-cooling-fan.jpg\" alt=\"150 mm heatsink with one cooling fan\" width=\"1024\" height=\"512\" srcset=\"https:\/\/lorentzzi.com\/wp-content\/uploads\/2023\/07\/150-mm-heatsink-with-one-cooling-fan.jpg 1024w, https:\/\/lorentzzi.com\/wp-content\/uploads\/2023\/07\/150-mm-heatsink-with-one-cooling-fan-300x150.jpg 300w, https:\/\/lorentzzi.com\/wp-content\/uploads\/2023\/07\/150-mm-heatsink-with-one-cooling-fan-768x384.jpg 768w, https:\/\/lorentzzi.com\/wp-content\/uploads\/2023\/07\/150-mm-heatsink-with-one-cooling-fan-600x300.jpg 600w, https:\/\/lorentzzi.com\/wp-content\/uploads\/2023\/07\/150-mm-heatsink-with-one-cooling-fan-64x32.jpg 64w\" sizes=\"(max-width: 1024px) 100vw, 1024px\" \/><\/p>\n<ul>\n<li style=\"font-weight: 400;\" aria-level=\"1\"><span style=\"font-weight: 400;\">During long-term operation, SSR will generate a lot of heat. If this heat cannot be effectively dissipated, the SSR will be easily damaged. By using our heat sink and cooling fan, the service life of SSR can be greatly extended.<\/span><\/li>\n<li style=\"font-weight: 400;\" aria-level=\"1\"><span style=\"font-weight: 400;\">Our heatsink with cooling fan uses good quality raw aluminum to produce, and specially designed for SSR usage.<\/span><\/li>\n<li style=\"font-weight: 400;\" aria-level=\"1\"><b>If you want to know our latest price for this heat radiator with cooling fan, please fill out the form at the bottom to contact us!<\/b><\/li>\n<\/ul>\n<ul>\n<li style=\"list-style-type: none;\"><\/li>\n<\/ul>\n<h2>Specifications:<\/h2>\n<div class=\"supsystic-table-loader spinner\"style=\"background-color:#000000\"><\/div><div id=\"supsystic-table-128_7750\" class=\"supsystic-tables-wrap \" style=\" width:100%; visibility: hidden; \" data-table-width-fixed=\"100%\" data-table-width-mobile=\"100%\" ><table id=\"supsystic-table-128\" class=\"supsystic-table border lightboxImg cell-border\" data-id=\"128\" data-view-id=\"128_7750\" data-title=\"H shape heatsink with cooling fan\" data-currency-format=\"$1,000.00\" data-percent-format=\"10.00%\" data-date-format=\"DD.MM.YYYY\" data-time-format=\"HH:mm\" data-features=\"[&quot;after_table_loaded_script&quot;]\" data-search-value=\"\" data-lightbox-img=\"\" data-head-rows-count=\"1\" data-pagination-length=\"50,100,All\" data-auto-index=\"off\" data-searching-settings=\"{&quot;columnSearchPosition&quot;:&quot;bottom&quot;,&quot;minChars&quot;:&quot;0&quot;}\" data-lang=\"default\" data-override=\"{&quot;emptyTable&quot;:&quot;&quot;,&quot;info&quot;:&quot;&quot;,&quot;infoEmpty&quot;:&quot;&quot;,&quot;infoFiltered&quot;:&quot;&quot;,&quot;lengthMenu&quot;:&quot;&quot;,&quot;search&quot;:&quot;&quot;,&quot;previous&quot;:&quot;&quot;,&quot;next&quot;:&quot;&quot;,&quot;zeroRecords&quot;:&quot;&quot;,&quot;exportLabel&quot;:&quot;&quot;,&quot;file&quot;:&quot;default&quot;}\" data-merged=\"[]\" data-responsive-mode=\"0\" data-from-history=\"0\" ><thead><tr><th class=\"\" style=\"width:; padding: 0 !important;\"><\/th><th class=\"\" style=\"width:; padding: 0 !important;\"><\/th><\/tr><\/thead><tbody><tr style=\"height:px\" ><td data-cell-id=\"A1\" data-x=\"0\" data-y=\"1\" data-db-index=\"1\" class=\"htCenter htMiddle bg-c7c7c7\" data-cell-type=\"text\" data-original-value=\"Model\" data-order=\"Model\" style=\"min-width:45.3202%; \" >Model <\/td><td data-cell-id=\"B1\" data-x=\"1\" data-y=\"1\" data-db-index=\"1\" class=\"htCenter htMiddle bg-c7c7c7\" data-cell-type=\"text\" data-original-value=\"H-110, H-150\" data-order=\"H-110, H-150\" style=\"min-width:54.6798%; \" >H-110, H-150 <\/td><\/tr><tr style=\"height:px\" ><td data-cell-id=\"A2\" data-x=\"0\" data-y=\"2\" data-db-index=\"2\" class=\"htCenter htMiddle\" data-cell-type=\"text\" data-original-value=\"Shape\" data-order=\"Shape\" >Shape <\/td><td data-cell-id=\"B2\" data-x=\"1\" data-y=\"2\" data-db-index=\"2\" class=\"htCenter htMiddle\" data-cell-type=\"text\" data-original-value=\"H shape\" data-order=\"H shape\" >H shape <\/td><\/tr><tr style=\"height:px\" ><td data-cell-id=\"A3\" data-x=\"0\" data-y=\"3\" data-db-index=\"3\" class=\"htCenter htMiddle bg-c7c7c7\" data-cell-type=\"text\" data-original-value=\"Cooling fan\" data-order=\"Cooling fan\" >Cooling fan <\/td><td data-cell-id=\"B3\" data-x=\"1\" data-y=\"3\" data-db-index=\"3\" class=\"htCenter htMiddle bg-c7c7c7\" data-cell-type=\"text\" data-original-value=\"Yes, with 1 cooling fan\" data-order=\"Yes, with 1 cooling fan\" >Yes, with 1 cooling fan <\/td><\/tr><tr style=\"height:px\" ><td data-cell-id=\"A4\" data-x=\"0\" data-y=\"4\" data-db-index=\"4\" class=\"htCenter htMiddle\" data-cell-type=\"text\" data-original-value=\"Product dimension\" data-order=\"Product dimension\" >Product dimension <\/td><td data-cell-id=\"B4\" data-x=\"1\" data-y=\"4\" data-db-index=\"4\" class=\"htCenter htMiddle\" data-cell-type=\"text\" data-original-value=\"136*80*80 mm, 176*80*80 mm\" data-order=\"136*80*80 mm, 176*80*80 mm\" >136*80*80 mm, 176*80*80 mm <\/td><\/tr><tr style=\"height:px\" ><td data-cell-id=\"A5\" data-x=\"0\" data-y=\"5\" data-db-index=\"5\" class=\"htCenter htMiddle bg-c7c7c7\" data-cell-type=\"text\" data-original-value=\"Suitable SSR\" data-order=\"Suitable SSR\" >Suitable SSR <\/td><td data-cell-id=\"B5\" data-x=\"1\" data-y=\"5\" data-db-index=\"5\" class=\"htCenter htMiddle bg-c7c7c7\" data-cell-type=\"text\" data-original-value=\"Single phase SSRs current less than 120 A, three phase SSRs less than 80 A\" data-order=\"Single phase SSRs current less than 120 A, three phase SSRs less than 80 A\" >Single phase SSRs current less than 120 A, three phase SSRs less than 80 A <\/td><\/tr><tr style=\"height:px\" ><td data-cell-id=\"A6\" data-x=\"0\" data-y=\"6\" data-db-index=\"6\" class=\"htCenter htMiddle\" data-cell-type=\"text\" data-original-value=\"Colour\" data-order=\"Colour\" >Colour <\/td><td data-cell-id=\"B6\" data-x=\"1\" data-y=\"6\" data-db-index=\"6\" class=\"htCenter htMiddle\" data-cell-type=\"text\" data-original-value=\"Original silver\" data-order=\"Original silver\" >Original silver <\/td><\/tr><tr style=\"height:px\" ><td data-cell-id=\"A7\" data-x=\"0\" data-y=\"7\" data-db-index=\"7\" class=\"htCenter htMiddle bg-c7c7c7\" data-cell-type=\"text\" data-original-value=\"H-110 with 1 cooling fan\" data-order=\"H-110 with 1 cooling fan\" >H-110 with 1 cooling fan <\/td><td data-cell-id=\"B7\" data-x=\"1\" data-y=\"7\" data-db-index=\"7\" class=\"htCenter htMiddle bg-c7c7c7\" data-cell-type=\"text\" data-original-value=\"Three phase SSR \u226460 A, single phase SSR\u2264120 A\" data-order=\"Three phase SSR \u226460 A, single phase SSR\u2264120 A\" >Three phase SSR \u226460 A, single phase SSR\u2264120 A <\/td><\/tr><tr style=\"height:px\" ><td data-cell-id=\"A8\" data-x=\"0\" data-y=\"8\" data-db-index=\"8\" class=\"htCenter htMiddle\" data-cell-type=\"text\" data-original-value=\"H-150 with 1 cooling fan\" data-order=\"H-150 with 1 cooling fan\" >H-150 with 1 cooling fan <\/td><td data-cell-id=\"B8\" data-x=\"1\" data-y=\"8\" data-db-index=\"8\" class=\"htCenter htMiddle\" data-cell-type=\"text\" data-original-value=\"Three phase SSR \u226480 A, single phase SSR\u2264120 A\" data-order=\"Three phase SSR \u226480 A, single phase SSR\u2264120 A\" >Three phase SSR \u226480 A, single phase SSR\u2264120 A <\/td><\/tr><\/tbody><\/table><!-- \/#supsystic-table-128.supsystic-table --><\/div><!-- \/.supsystic-tables-wrap --><!-- Tables Generator by Supsystic --><!-- Version:1.11.0 --><!-- http:\/\/supsystic.com\/ --><a title=\"WordPress Data Table Plugin\" style=\"display:none;\" href=\"https:\/\/supsystic.com\/plugins\/wordpress-data-table-plugin\/?utm_medium=love_link\" target=\"_blank\">WordPress Data Table Plugin<\/a>\n","protected":false},"excerpt":{"rendered":"<ol>\n<li>Kat\u0131 hal r\u00f6lesi \u0131s\u0131 da\u011f\u0131t\u0131m\u0131 i\u00e7in kullan\u0131l\u0131r,<\/li>\n<li>Aktif so\u011futma fan\u0131 art\u0131 pasif so\u011futma,<\/li>\n<li>H-110 ve H-150 olmak \u00fczere iki model mevcuttur,<\/li>\n<li>\u00dc\u00e7 fazl\u0131 kat\u0131 hal r\u00f6leleri i\u00e7in \u00f6nceden delinmi\u015f delikler,<\/li>\n<li>Y\u00fcksek kaliteli ham al\u00fcminyumdan yap\u0131lm\u0131\u015ft\u0131r.<\/li>\n<\/ol>","protected":false},"featured_media":10822,"template":"","meta":{"site-sidebar-layout":"default","site-content-layout":"default","ast-site-content-layout":"default","site-content-style":"default","site-sidebar-style":"default","ast-global-header-display":"","ast-banner-title-visibility":"","ast-main-header-display":"","ast-hfb-above-header-display":"","ast-hfb-below-header-display":"","ast-hfb-mobile-header-display":"","site-post-title":"","ast-breadcrumbs-content":"","ast-featured-img":"","footer-sml-layout":"","ast-disable-related-posts":"","theme-transparent-header-meta":"default","adv-header-id-meta":"","stick-header-meta":"","header-above-stick-meta":"","header-main-stick-meta":"","header-below-stick-meta":"","astra-migrate-meta-layouts":"set","ast-page-background-enabled":"default","ast-page-background-meta":{"desktop":{"background-color":"","background-image":"","background-repeat":"repeat","background-position":"center center","background-size":"auto","background-attachment":"scroll","background-type":"","background-media":"","overlay-type":"","overlay-color":"","overlay-opacity":"","overlay-gradient":""},"tablet":{"background-color":"","background-image":"","background-repeat":"repeat","background-position":"center center","background-size":"auto","background-attachment":"scroll","background-type":"","background-media":"","overlay-type":"","overlay-color":"","overlay-opacity":"","overlay-gradient":""},"mobile":{"background-color":"","background-image":"","background-repeat":"repeat","background-position":"center center","background-size":"auto","background-attachment":"scroll","background-type":"","background-media":"","overlay-type":"","overlay-color":"","overlay-opacity":"","overlay-gradient":""}},"ast-content-background-meta":{"desktop":{"background-color":"var(--ast-global-color-5)","background-image":"","background-repeat":"repeat","background-position":"center center","background-size":"auto","background-attachment":"scroll","background-type":"","background-media":"","overlay-type":"","overlay-color":"","overlay-opacity":"","overlay-gradient":""},"tablet":{"background-color":"var(--ast-global-color-5)","background-image":"","background-repeat":"repeat","background-position":"center center","background-size":"auto","background-attachment":"scroll","background-type":"","background-media":"","overlay-type":"","overlay-color":"","overlay-opacity":"","overlay-gradient":""},"mobile":{"background-color":"var(--ast-global-color-5)","background-image":"","background-repeat":"repeat","background-position":"center center","background-size":"auto","background-attachment":"scroll","background-type":"","background-media":"","overlay-type":"","overlay-color":"","overlay-opacity":"","overlay-gradient":""}}},"product_brand":[],"product_cat":[108,125],"product_tag":[],"class_list":{"0":"post-10818","1":"product","2":"type-product","3":"status-publish","4":"has-post-thumbnail","6":"product_cat-accessories","7":"product_cat-heat-sink","8":"desktop-align-center","9":"tablet-align-left","10":"mobile-align-left","12":"first","13":"instock","14":"shipping-taxable","15":"product-type-simple"},"yoast_head":"<!-- This site is optimized with the Yoast SEO Premium plugin v24.0 (Yoast SEO v27.4) - https:\/\/yoast.com\/product\/yoast-seo-premium-wordpress\/ -->\n<title>Heatsink With Cooling Fan For Solid State Relay<\/title>\n<meta name=\"description\" content=\"The heatsink with cooling fan can be used for large current single phase or three phase SSRs usage, best quality, click to get our latest price now!\" \/>\n<meta name=\"robots\" content=\"index, follow, max-snippet:-1, max-image-preview:large, max-video-preview:-1\" \/>\n<link rel=\"canonical\" href=\"https:\/\/lorentzzi.com\/tr\/products\/accessories\/heat-sink\/heatsink-with-cooling-fan-for-solid-state-relay\/\" \/>\n<meta property=\"og:locale\" content=\"tr_TR\" \/>\n<meta property=\"og:type\" content=\"article\" \/>\n<meta property=\"og:title\" content=\"Heatsink With Cooling Fan For Solid State Relay\" \/>\n<meta property=\"og:description\" content=\"The heatsink with cooling fan can be used for large current single phase or three phase SSRs usage, best quality, click to get our latest price now!\" \/>\n<meta property=\"og:url\" content=\"https:\/\/lorentzzi.com\/tr\/products\/accessories\/heat-sink\/heatsink-with-cooling-fan-for-solid-state-relay\/\" \/>\n<meta property=\"og:site_name\" content=\"Lorentzzi Industrial Supply-Chinese Manufacturer&amp;Exporter\" \/>\n<meta property=\"article:modified_time\" content=\"2025-08-14T07:44:56+00:00\" \/>\n<meta property=\"og:image\" content=\"https:\/\/lorentzzi.com\/wp-content\/uploads\/2023\/07\/Heatsink-with-cooling-fan-for-SSR-1.jpg\" \/>\n\t<meta property=\"og:image:width\" content=\"640\" \/>\n\t<meta property=\"og:image:height\" content=\"640\" \/>\n\t<meta property=\"og:image:type\" content=\"image\/jpeg\" \/>\n<meta name=\"twitter:card\" content=\"summary_large_image\" \/>\n<meta name=\"twitter:label1\" content=\"Tahmini okuma s\u00fcresi\" \/>\n\t<meta name=\"twitter:data1\" content=\"2 dakika\" \/>\n<script type=\"application\/ld+json\" class=\"yoast-schema-graph\">{\"@context\":\"https:\\\/\\\/schema.org\",\"@graph\":[{\"@type\":\"WebPage\",\"@id\":\"https:\\\/\\\/lorentzzi.com\\\/products\\\/accessories\\\/heat-sink\\\/heatsink-with-cooling-fan-for-solid-state-relay\\\/\",\"url\":\"https:\\\/\\\/lorentzzi.com\\\/products\\\/accessories\\\/heat-sink\\\/heatsink-with-cooling-fan-for-solid-state-relay\\\/\",\"name\":\"Heatsink With Cooling Fan For Solid State Relay\",\"isPartOf\":{\"@id\":\"https:\\\/\\\/lorentzzi.com\\\/#website\"},\"primaryImageOfPage\":{\"@id\":\"https:\\\/\\\/lorentzzi.com\\\/products\\\/accessories\\\/heat-sink\\\/heatsink-with-cooling-fan-for-solid-state-relay\\\/#primaryimage\"},\"image\":{\"@id\":\"https:\\\/\\\/lorentzzi.com\\\/products\\\/accessories\\\/heat-sink\\\/heatsink-with-cooling-fan-for-solid-state-relay\\\/#primaryimage\"},\"thumbnailUrl\":\"https:\\\/\\\/lorentzzi.com\\\/wp-content\\\/uploads\\\/2023\\\/07\\\/Heatsink-with-cooling-fan-for-SSR-1.jpg\",\"datePublished\":\"2023-07-26T14:32:38+00:00\",\"dateModified\":\"2025-08-14T07:44:56+00:00\",\"description\":\"The heatsink with cooling fan can be used for large current single phase or three phase SSRs usage, best quality, click to get our latest price now!\",\"breadcrumb\":{\"@id\":\"https:\\\/\\\/lorentzzi.com\\\/products\\\/accessories\\\/heat-sink\\\/heatsink-with-cooling-fan-for-solid-state-relay\\\/#breadcrumb\"},\"inLanguage\":\"tr\",\"potentialAction\":[{\"@type\":\"ReadAction\",\"target\":[\"https:\\\/\\\/lorentzzi.com\\\/products\\\/accessories\\\/heat-sink\\\/heatsink-with-cooling-fan-for-solid-state-relay\\\/\"]}]},{\"@type\":\"ImageObject\",\"inLanguage\":\"tr\",\"@id\":\"https:\\\/\\\/lorentzzi.com\\\/products\\\/accessories\\\/heat-sink\\\/heatsink-with-cooling-fan-for-solid-state-relay\\\/#primaryimage\",\"url\":\"https:\\\/\\\/lorentzzi.com\\\/wp-content\\\/uploads\\\/2023\\\/07\\\/Heatsink-with-cooling-fan-for-SSR-1.jpg\",\"contentUrl\":\"https:\\\/\\\/lorentzzi.com\\\/wp-content\\\/uploads\\\/2023\\\/07\\\/Heatsink-with-cooling-fan-for-SSR-1.jpg\",\"width\":640,\"height\":640,\"caption\":\"Heat sink with cooling fan for SSR\"},{\"@type\":\"BreadcrumbList\",\"@id\":\"https:\\\/\\\/lorentzzi.com\\\/products\\\/accessories\\\/heat-sink\\\/heatsink-with-cooling-fan-for-solid-state-relay\\\/#breadcrumb\",\"itemListElement\":[{\"@type\":\"ListItem\",\"position\":1,\"name\":\"Home\",\"item\":\"https:\\\/\\\/lorentzzi.com\\\/\"},{\"@type\":\"ListItem\",\"position\":2,\"name\":\"Products\",\"item\":\"https:\\\/\\\/lorentzzi.com\\\/products\\\/\"},{\"@type\":\"ListItem\",\"position\":3,\"name\":\"Heatsink With Cooling Fan For Solid State Relay\"}]},{\"@type\":\"WebSite\",\"@id\":\"https:\\\/\\\/lorentzzi.com\\\/#website\",\"url\":\"https:\\\/\\\/lorentzzi.com\\\/\",\"name\":\"Lorentzzi Industrial Supply-Chinese Manufacturer&amp;Exporter\",\"description\":\"Lorentzzi supply temperature controller, SSR, proximity sensor, SCR power regulator and timer switch with good quality and affordable prices.\",\"publisher\":{\"@id\":\"https:\\\/\\\/lorentzzi.com\\\/#organization\"},\"potentialAction\":[{\"@type\":\"SearchAction\",\"target\":{\"@type\":\"EntryPoint\",\"urlTemplate\":\"https:\\\/\\\/lorentzzi.com\\\/?s={search_term_string}\"},\"query-input\":{\"@type\":\"PropertyValueSpecification\",\"valueRequired\":true,\"valueName\":\"search_term_string\"}}],\"inLanguage\":\"tr\"},{\"@type\":\"Organization\",\"@id\":\"https:\\\/\\\/lorentzzi.com\\\/#organization\",\"name\":\"Lorentzzi Industrial Supply-Chinese Manufacturer&amp;Exporter\",\"url\":\"https:\\\/\\\/lorentzzi.com\\\/\",\"logo\":{\"@type\":\"ImageObject\",\"inLanguage\":\"tr\",\"@id\":\"https:\\\/\\\/lorentzzi.com\\\/#\\\/schema\\\/logo\\\/image\\\/\",\"url\":\"https:\\\/\\\/lorentzzi.com\\\/wp-content\\\/uploads\\\/2021\\\/07\\\/Lorenz-Electric-Company-Logo.png\",\"contentUrl\":\"https:\\\/\\\/lorentzzi.com\\\/wp-content\\\/uploads\\\/2021\\\/07\\\/Lorenz-Electric-Company-Logo.png\",\"width\":350,\"height\":100,\"caption\":\"Lorentzzi Industrial Supply-Chinese Manufacturer&amp;Exporter\"},\"image\":{\"@id\":\"https:\\\/\\\/lorentzzi.com\\\/#\\\/schema\\\/logo\\\/image\\\/\"}}]}<\/script>\n<!-- \/ Yoast SEO Premium plugin. -->","yoast_head_json":{"title":"Kat\u0131 Hal R\u00f6lesi \u0130\u00e7in So\u011futma Fanl\u0131 So\u011futucu","description":"So\u011futma fanl\u0131 so\u011futucu, b\u00fcy\u00fck ak\u0131m tek fazl\u0131 veya \u00fc\u00e7 fazl\u0131 SSR kullan\u0131m\u0131 i\u00e7in kullan\u0131labilir, en iyi kalite, \u015fimdi en son fiyat\u0131m\u0131z\u0131 almak i\u00e7in t\u0131klay\u0131n!","robots":{"index":"index","follow":"follow","max-snippet":"max-snippet:-1","max-image-preview":"max-image-preview:large","max-video-preview":"max-video-preview:-1"},"canonical":"https:\/\/lorentzzi.com\/tr\/products\/accessories\/heat-sink\/heatsink-with-cooling-fan-for-solid-state-relay\/","og_locale":"tr_TR","og_type":"article","og_title":"Heatsink With Cooling Fan For Solid State Relay","og_description":"The heatsink with cooling fan can be used for large current single phase or three phase SSRs usage, best quality, click to get our latest price now!","og_url":"https:\/\/lorentzzi.com\/tr\/products\/accessories\/heat-sink\/heatsink-with-cooling-fan-for-solid-state-relay\/","og_site_name":"Lorentzzi Industrial Supply-Chinese Manufacturer&amp;Exporter","article_modified_time":"2025-08-14T07:44:56+00:00","og_image":[{"width":640,"height":640,"url":"https:\/\/lorentzzi.com\/wp-content\/uploads\/2023\/07\/Heatsink-with-cooling-fan-for-SSR-1.jpg","type":"image\/jpeg"}],"twitter_card":"summary_large_image","twitter_misc":{"Tahmini okuma s\u00fcresi":"2 dakika"},"schema":{"@context":"https:\/\/schema.org","@graph":[{"@type":"WebPage","@id":"https:\/\/lorentzzi.com\/products\/accessories\/heat-sink\/heatsink-with-cooling-fan-for-solid-state-relay\/","url":"https:\/\/lorentzzi.com\/products\/accessories\/heat-sink\/heatsink-with-cooling-fan-for-solid-state-relay\/","name":"Kat\u0131 Hal R\u00f6lesi \u0130\u00e7in So\u011futma Fanl\u0131 So\u011futucu","isPartOf":{"@id":"https:\/\/lorentzzi.com\/#website"},"primaryImageOfPage":{"@id":"https:\/\/lorentzzi.com\/products\/accessories\/heat-sink\/heatsink-with-cooling-fan-for-solid-state-relay\/#primaryimage"},"image":{"@id":"https:\/\/lorentzzi.com\/products\/accessories\/heat-sink\/heatsink-with-cooling-fan-for-solid-state-relay\/#primaryimage"},"thumbnailUrl":"https:\/\/lorentzzi.com\/wp-content\/uploads\/2023\/07\/Heatsink-with-cooling-fan-for-SSR-1.jpg","datePublished":"2023-07-26T14:32:38+00:00","dateModified":"2025-08-14T07:44:56+00:00","description":"So\u011futma fanl\u0131 so\u011futucu, b\u00fcy\u00fck ak\u0131m tek fazl\u0131 veya \u00fc\u00e7 fazl\u0131 SSR kullan\u0131m\u0131 i\u00e7in kullan\u0131labilir, en iyi kalite, \u015fimdi en son fiyat\u0131m\u0131z\u0131 almak i\u00e7in t\u0131klay\u0131n!","breadcrumb":{"@id":"https:\/\/lorentzzi.com\/products\/accessories\/heat-sink\/heatsink-with-cooling-fan-for-solid-state-relay\/#breadcrumb"},"inLanguage":"tr","potentialAction":[{"@type":"ReadAction","target":["https:\/\/lorentzzi.com\/products\/accessories\/heat-sink\/heatsink-with-cooling-fan-for-solid-state-relay\/"]}]},{"@type":"ImageObject","inLanguage":"tr","@id":"https:\/\/lorentzzi.com\/products\/accessories\/heat-sink\/heatsink-with-cooling-fan-for-solid-state-relay\/#primaryimage","url":"https:\/\/lorentzzi.com\/wp-content\/uploads\/2023\/07\/Heatsink-with-cooling-fan-for-SSR-1.jpg","contentUrl":"https:\/\/lorentzzi.com\/wp-content\/uploads\/2023\/07\/Heatsink-with-cooling-fan-for-SSR-1.jpg","width":640,"height":640,"caption":"Heat sink with cooling fan for SSR"},{"@type":"BreadcrumbList","@id":"https:\/\/lorentzzi.com\/products\/accessories\/heat-sink\/heatsink-with-cooling-fan-for-solid-state-relay\/#breadcrumb","itemListElement":[{"@type":"ListItem","position":1,"name":"Home","item":"https:\/\/lorentzzi.com\/"},{"@type":"ListItem","position":2,"name":"Products","item":"https:\/\/lorentzzi.com\/products\/"},{"@type":"ListItem","position":3,"name":"Heatsink With Cooling Fan For Solid State Relay"}]},{"@type":"WebSite","@id":"https:\/\/lorentzzi.com\/#website","url":"https:\/\/lorentzzi.com\/","name":"Lorentzzi Industrial Supply-\u00c7inli \u00dcretici ve \u0130hracat\u00e7\u0131","description":"Lorentzzi, s\u0131cakl\u0131k kontrol\u00f6r\u00fc, SSR, yak\u0131nl\u0131k sens\u00f6r\u00fc, SCR g\u00fc\u00e7 reg\u00fclat\u00f6r\u00fc ve zamanlay\u0131c\u0131 anahtar\u0131n\u0131 kaliteli ve uygun fiyatlarla tedarik etmektedir.","publisher":{"@id":"https:\/\/lorentzzi.com\/#organization"},"potentialAction":[{"@type":"SearchAction","target":{"@type":"EntryPoint","urlTemplate":"https:\/\/lorentzzi.com\/?s={search_term_string}"},"query-input":{"@type":"PropertyValueSpecification","valueRequired":true,"valueName":"search_term_string"}}],"inLanguage":"tr"},{"@type":"Organization","@id":"https:\/\/lorentzzi.com\/#organization","name":"Lorentzzi Industrial Supply-\u00c7inli \u00dcretici ve \u0130hracat\u00e7\u0131","url":"https:\/\/lorentzzi.com\/","logo":{"@type":"ImageObject","inLanguage":"tr","@id":"https:\/\/lorentzzi.com\/#\/schema\/logo\/image\/","url":"https:\/\/lorentzzi.com\/wp-content\/uploads\/2021\/07\/Lorenz-Electric-Company-Logo.png","contentUrl":"https:\/\/lorentzzi.com\/wp-content\/uploads\/2021\/07\/Lorenz-Electric-Company-Logo.png","width":350,"height":100,"caption":"Lorentzzi Industrial Supply-Chinese Manufacturer&amp;Exporter"},"image":{"@id":"https:\/\/lorentzzi.com\/#\/schema\/logo\/image\/"}}]}},"_links":{"self":[{"href":"https:\/\/lorentzzi.com\/tr\/wp-json\/wp\/v2\/product\/10818","targetHints":{"allow":["GET"]}}],"collection":[{"href":"https:\/\/lorentzzi.com\/tr\/wp-json\/wp\/v2\/product"}],"about":[{"href":"https:\/\/lorentzzi.com\/tr\/wp-json\/wp\/v2\/types\/product"}],"version-history":[{"count":9,"href":"https:\/\/lorentzzi.com\/tr\/wp-json\/wp\/v2\/product\/10818\/revisions"}],"predecessor-version":[{"id":18136,"href":"https:\/\/lorentzzi.com\/tr\/wp-json\/wp\/v2\/product\/10818\/revisions\/18136"}],"wp:featuredmedia":[{"embeddable":true,"href":"https:\/\/lorentzzi.com\/tr\/wp-json\/wp\/v2\/media\/10822"}],"wp:attachment":[{"href":"https:\/\/lorentzzi.com\/tr\/wp-json\/wp\/v2\/media?parent=10818"}],"wp:term":[{"taxonomy":"product_brand","embeddable":true,"href":"https:\/\/lorentzzi.com\/tr\/wp-json\/wp\/v2\/product_brand?post=10818"},{"taxonomy":"product_cat","embeddable":true,"href":"https:\/\/lorentzzi.com\/tr\/wp-json\/wp\/v2\/product_cat?post=10818"},{"taxonomy":"product_tag","embeddable":true,"href":"https:\/\/lorentzzi.com\/tr\/wp-json\/wp\/v2\/product_tag?post=10818"}],"curies":[{"name":"wp","href":"https:\/\/api.w.org\/{rel}","templated":true}]}}