{"id":6868,"date":"2023-01-31T14:45:08","date_gmt":"2023-01-31T06:45:08","guid":{"rendered":"https:\/\/lorentzzi.com\/?post_type=product&#038;p=6868"},"modified":"2025-08-12T12:42:20","modified_gmt":"2025-08-12T04:42:20","slug":"i-50-heatsink-for-single-phase-ssr","status":"publish","type":"product","link":"https:\/\/lorentzzi.com\/pt\/products\/accessories\/heat-sink\/i-50-heatsink-for-single-phase-ssr\/","title":{"rendered":"I-50 Dissipador de calor para SSR monof\u00e1sico"},"content":{"rendered":"<h2>Introduction:<\/h2>\n<ul>\n<li style=\"font-weight: 400;\" aria-level=\"1\"><span style=\"font-weight: 400;\">The Lorentzzi I-50 heat sink is designed for single-phase solid-state relays (SSRs) with a current draw of less than 40 amps.<\/span><\/li>\n<li style=\"font-weight: 400;\" aria-level=\"1\"><span style=\"font-weight: 400;\">For example, you can use it to cool our <\/span><span style=\"color: #ff0000;\"><a style=\"color: #ff0000;\" href=\"https:\/\/lorentzzi.com\/products\/solid-state-relay\/single-phase-solid-state-relay\/ssr-40da-solid-state-relay\/\"><span style=\"font-weight: 400;\">SSR-40DA<\/span><\/a><span style=\"font-weight: 400; color: #000000;\">, <\/span><a style=\"color: #ff0000;\" href=\"https:\/\/lorentzzi.com\/products\/solid-state-relay\/single-phase-solid-state-relay\/ssr-40aa-ac-ac-solid-state-relay\/\"><span style=\"font-weight: 400;\">SSR-40AA<\/span><\/a><\/span><span style=\"font-weight: 400;\">, <\/span><span style=\"color: #ff0000;\"><a style=\"color: #ff0000;\" href=\"https:\/\/lorentzzi.com\/products\/solid-state-relay\/single-phase-solid-state-relay\/ssr-25da-solid-state-relay-dc-to-ac-25a\/\"><span style=\"font-weight: 400;\">SSR-25DA<\/span><\/a><\/span><span style=\"font-weight: 400;\">, <\/span><span style=\"color: #ff0000;\"><a style=\"color: #ff0000;\" href=\"https:\/\/lorentzzi.com\/products\/solid-state-relay\/single-phase-solid-state-relay\/ssr-25aa-ac-ac-solid-state-relay\/\"><span style=\"font-weight: 400;\">SSR-25AA<\/span><\/a><\/span><span style=\"font-weight: 400;\">, <\/span><span style=\"color: #ff0000;\"><a style=\"color: #ff0000;\" href=\"https:\/\/lorentzzi.com\/products\/solid-state-relay\/single-phase-solid-state-relay\/ssr-40dd-dc-control-dc-solid-state-relay\/\"><span style=\"font-weight: 400;\">SSR-40DD<\/span><\/a><\/span><span style=\"font-weight: 400;\">, and <\/span><span style=\"color: #ff0000;\"><a style=\"color: #ff0000;\" href=\"https:\/\/lorentzzi.com\/products\/solid-state-relay\/single-phase-solid-state-relay\/ssr-25dd-3-32vdc-input-dc-solid-state-relay\/\"><span style=\"font-weight: 400;\">SSR-25DD<\/span><\/a><\/span><span style=\"font-weight: 400;\"> solid state relays.<\/span><\/li>\n<li style=\"font-weight: 400;\" aria-level=\"1\"><span style=\"font-weight: 400;\">Please note that when mounting an SSR on this heat sink, a thermal pad or thermal grease should be placed between the SSR and the heat sink.<\/span><\/li>\n<li style=\"font-weight: 400;\" aria-level=\"1\"><span style=\"font-weight: 400;\">The length is 50 mm and can be customized to your specifications.<\/span><\/li>\n<\/ul>\n<p><img fetchpriority=\"high\" decoding=\"async\" class=\"aligncenter wp-image-18117 size-full\" src=\"https:\/\/lorentzzi.com\/wp-content\/uploads\/2023\/01\/I-50-Heatsink-Product-Dimensions.jpg\" alt=\"I-50 Heatsink Product Dimensions\" width=\"1024\" height=\"512\" srcset=\"https:\/\/lorentzzi.com\/wp-content\/uploads\/2023\/01\/I-50-Heatsink-Product-Dimensions.jpg 1024w, https:\/\/lorentzzi.com\/wp-content\/uploads\/2023\/01\/I-50-Heatsink-Product-Dimensions-300x150.jpg 300w, https:\/\/lorentzzi.com\/wp-content\/uploads\/2023\/01\/I-50-Heatsink-Product-Dimensions-768x384.jpg 768w, https:\/\/lorentzzi.com\/wp-content\/uploads\/2023\/01\/I-50-Heatsink-Product-Dimensions-600x300.jpg 600w, https:\/\/lorentzzi.com\/wp-content\/uploads\/2023\/01\/I-50-Heatsink-Product-Dimensions-64x32.jpg 64w\" sizes=\"(max-width: 1024px) 100vw, 1024px\" \/><\/p>\n<ul>\n<li style=\"font-weight: 400;\" aria-level=\"1\"><span style=\"font-weight: 400;\">We also offer other heat sink types for your high-current solid-state relays (SSRs), such as the <\/span><span style=\"color: #ff0000;\"><a style=\"color: #ff0000;\" href=\"https:\/\/lorentzzi.com\/products\/accessories\/heat-sink\/40a-single-phase-ssr-heatsink\/\"><span style=\"font-weight: 400;\">W-70<\/span><\/a><\/span><span style=\"font-weight: 400;\"> and <\/span><span style=\"color: #ff0000;\"><a style=\"color: #ff0000;\" href=\"https:\/\/lorentzzi.com\/products\/accessories\/heat-sink\/din-rail-heat-sink-d-74-for-single-phase-ssr\/\"><span style=\"font-weight: 400;\">D-74<\/span><\/a><\/span><span style=\"font-weight: 400;\">.<\/span><\/li>\n<li style=\"font-weight: 400;\" aria-level=\"1\"><strong>If you would like to learn more about our I-50 heat sink pricing, please fill out the form at the bottom and contact us today!<\/strong><\/li>\n<\/ul>\n<h2><strong>Specifications:<\/strong><\/h2>\n<div class=\"supsystic-table-loader spinner\"style=\"background-color:#000000\"><\/div><div id=\"supsystic-table-60_35109\" class=\"supsystic-tables-wrap \" style=\" width:100%; visibility: hidden; \" data-table-width-fixed=\"100%\" data-table-width-mobile=\"100%\" ><table id=\"supsystic-table-60\" class=\"supsystic-table border lightboxImg cell-border\" data-id=\"60\" data-view-id=\"60_35109\" data-title=\"I-50 heatsink\" data-currency-format=\"$1,000.00\" data-percent-format=\"10.00%\" data-date-format=\"DD.MM.YYYY\" data-time-format=\"HH:mm\" data-features=\"[&quot;after_table_loaded_script&quot;]\" data-search-value=\"\" data-lightbox-img=\"\" data-head-rows-count=\"1\" data-pagination-length=\"50,100,All\" data-auto-index=\"off\" data-searching-settings=\"{&quot;columnSearchPosition&quot;:&quot;bottom&quot;,&quot;minChars&quot;:&quot;0&quot;}\" data-lang=\"default\" data-override=\"{&quot;emptyTable&quot;:&quot;&quot;,&quot;info&quot;:&quot;&quot;,&quot;infoEmpty&quot;:&quot;&quot;,&quot;infoFiltered&quot;:&quot;&quot;,&quot;lengthMenu&quot;:&quot;&quot;,&quot;search&quot;:&quot;&quot;,&quot;previous&quot;:&quot;&quot;,&quot;next&quot;:&quot;&quot;,&quot;zeroRecords&quot;:&quot;&quot;,&quot;exportLabel&quot;:&quot;&quot;,&quot;file&quot;:&quot;default&quot;}\" data-merged=\"[]\" data-responsive-mode=\"0\" data-from-history=\"0\" ><thead><tr><th class=\"\" style=\"width:; padding: 0 !important;\"><\/th><th class=\"\" style=\"width:; padding: 0 !important;\"><\/th><\/tr><\/thead><tbody><tr style=\"height:px\" ><td data-cell-id=\"A1\" data-x=\"0\" data-y=\"1\" data-db-index=\"1\" class=\"htCenter htMiddle bg-c7c7c7\" data-cell-type=\"text\" data-original-value=\"Model\" data-order=\"Model\" style=\"min-width:45.3202%; \" >Model <\/td><td data-cell-id=\"B1\" data-x=\"1\" data-y=\"1\" data-db-index=\"1\" class=\"htCenter htMiddle bg-c7c7c7\" data-cell-type=\"text\" data-original-value=\"I-50\" data-order=\"I-50\" style=\"min-width:54.6798%; \" >I-50 <\/td><\/tr><tr style=\"height:px\" ><td data-cell-id=\"A2\" data-x=\"0\" data-y=\"2\" data-db-index=\"2\" class=\"htCenter htMiddle\" data-cell-type=\"text\" data-original-value=\"Shape\" data-order=\"Shape\" >Shape <\/td><td data-cell-id=\"B2\" data-x=\"1\" data-y=\"2\" data-db-index=\"2\" class=\"htCenter htMiddle\" data-cell-type=\"text\" data-original-value=\"I shape\" data-order=\"I shape\" >I shape <\/td><\/tr><tr style=\"height:px\" ><td data-cell-id=\"A3\" data-x=\"0\" data-y=\"3\" data-db-index=\"3\" class=\"htCenter htMiddle bg-c7c7c7\" data-cell-type=\"text\" data-original-value=\"Cooling fan\" data-order=\"Cooling fan\" >Cooling fan <\/td><td data-cell-id=\"B3\" data-x=\"1\" data-y=\"3\" data-db-index=\"3\" class=\"htCenter htMiddle bg-c7c7c7\" data-cell-type=\"text\" data-original-value=\"Not available\" data-order=\"Not available\" >Not available <\/td><\/tr><tr style=\"height:px\" ><td data-cell-id=\"A4\" data-x=\"0\" data-y=\"4\" data-db-index=\"4\" class=\"htCenter htMiddle\" data-cell-type=\"text\" data-original-value=\"Product dimension\" data-order=\"Product dimension\" >Product dimension <\/td><td data-cell-id=\"B4\" data-x=\"1\" data-y=\"4\" data-db-index=\"4\" class=\"htCenter htMiddle\" data-cell-type=\"text\" data-original-value=\"80*50*50 mm\" data-order=\"80*50*50 mm\" >80*50*50 mm <\/td><\/tr><tr style=\"height:px\" ><td data-cell-id=\"A5\" data-x=\"0\" data-y=\"5\" data-db-index=\"5\" class=\"htCenter htMiddle bg-c7c7c7\" data-cell-type=\"text\" data-original-value=\"Suitable SSR\" data-order=\"Suitable SSR\" >Suitable SSR <\/td><td data-cell-id=\"B5\" data-x=\"1\" data-y=\"5\" data-db-index=\"5\" class=\"htCenter htMiddle bg-c7c7c7\" data-cell-type=\"text\" data-original-value=\"\u226440 A single phase SSR\" data-order=\"\u226440 A single phase SSR\" >\u226440 A single phase SSR <\/td><\/tr><tr style=\"height:px\" ><td data-cell-id=\"A6\" data-x=\"0\" data-y=\"6\" data-db-index=\"6\" class=\"htCenter htMiddle\" data-cell-type=\"text\" data-original-value=\"Colour\" data-order=\"Colour\" >Colour <\/td><td data-cell-id=\"B6\" data-x=\"1\" data-y=\"6\" data-db-index=\"6\" class=\"htCenter htMiddle\" data-cell-type=\"text\" data-original-value=\"Silver or anodize black\" data-order=\"Silver or anodize black\" >Silver or anodize black <\/td><\/tr><\/tbody><\/table><!-- \/#supsystic-table-60.supsystic-table --><\/div><!-- \/.supsystic-tables-wrap --><!-- Tables Generator by Supsystic --><!-- Version:1.11.0 --><!-- http:\/\/supsystic.com\/ --><a title=\"WordPress Data Table Plugin\" style=\"display:none;\" href=\"https:\/\/supsystic.com\/plugins\/wordpress-data-table-plugin\/?utm_medium=love_link\" target=\"_blank\">WordPress Data Table Plugin<\/a>\n","protected":false},"excerpt":{"rendered":"<ol>\n<li>Para SSR monof\u00e1sico com menos de 40 amperes,<\/li>\n<li>Montagem com parafusos.<\/li>\n<li>Fabricado em alum\u00ednio de alta qualidade.<\/li>\n<li>Comprimentos personaliz\u00e1veis dispon\u00edveis.<\/li>\n<li>Excelente dissipa\u00e7\u00e3o de calor.<\/li>\n<\/ol>","protected":false},"featured_media":6864,"template":"","meta":{"site-sidebar-layout":"default","site-content-layout":"default","ast-site-content-layout":"default","site-content-style":"default","site-sidebar-style":"default","ast-global-header-display":"","ast-banner-title-visibility":"","ast-main-header-display":"","ast-hfb-above-header-display":"","ast-hfb-below-header-display":"","ast-hfb-mobile-header-display":"","site-post-title":"","ast-breadcrumbs-content":"","ast-featured-img":"","footer-sml-layout":"","ast-disable-related-posts":"","theme-transparent-header-meta":"default","adv-header-id-meta":"","stick-header-meta":"","header-above-stick-meta":"","header-main-stick-meta":"","header-below-stick-meta":"","astra-migrate-meta-layouts":"set","ast-page-background-enabled":"default","ast-page-background-meta":{"desktop":{"background-color":"","background-image":"","background-repeat":"repeat","background-position":"center center","background-size":"auto","background-attachment":"scroll","background-type":"","background-media":"","overlay-type":"","overlay-color":"","overlay-opacity":"","overlay-gradient":""},"tablet":{"background-color":"","background-image":"","background-repeat":"repeat","background-position":"center center","background-size":"auto","background-attachment":"scroll","background-type":"","background-media":"","overlay-type":"","overlay-color":"","overlay-opacity":"","overlay-gradient":""},"mobile":{"background-color":"","background-image":"","background-repeat":"repeat","background-position":"center center","background-size":"auto","background-attachment":"scroll","background-type":"","background-media":"","overlay-type":"","overlay-color":"","overlay-opacity":"","overlay-gradient":""}},"ast-content-background-meta":{"desktop":{"background-color":"var(--ast-global-color-5)","background-image":"","background-repeat":"repeat","background-position":"center center","background-size":"auto","background-attachment":"scroll","background-type":"","background-media":"","overlay-type":"","overlay-color":"","overlay-opacity":"","overlay-gradient":""},"tablet":{"background-color":"var(--ast-global-color-5)","background-image":"","background-repeat":"repeat","background-position":"center center","background-size":"auto","background-attachment":"scroll","background-type":"","background-media":"","overlay-type":"","overlay-color":"","overlay-opacity":"","overlay-gradient":""},"mobile":{"background-color":"var(--ast-global-color-5)","background-image":"","background-repeat":"repeat","background-position":"center center","background-size":"auto","background-attachment":"scroll","background-type":"","background-media":"","overlay-type":"","overlay-color":"","overlay-opacity":"","overlay-gradient":""}}},"product_brand":[],"product_cat":[108,125],"product_tag":[],"class_list":{"0":"post-6868","1":"product","2":"type-product","3":"status-publish","4":"has-post-thumbnail","6":"product_cat-accessories","7":"product_cat-heat-sink","8":"desktop-align-center","9":"tablet-align-left","10":"mobile-align-left","12":"first","13":"instock","14":"shipping-taxable","15":"product-type-simple"},"yoast_head":"<!-- This site is optimized with the Yoast SEO Premium plugin v24.0 (Yoast SEO v27.4) - https:\/\/yoast.com\/product\/yoast-seo-premium-wordpress\/ -->\n<title>I-50 Heatsink For Single Phase SSR<\/title>\n<meta name=\"description\" content=\"Lorentzzi I-50 heatsink is specially designed for single phase SSR current less than 40 amps, if you are looking for heatsink, click the link to learn more!\" \/>\n<meta name=\"robots\" content=\"index, follow, max-snippet:-1, max-image-preview:large, max-video-preview:-1\" \/>\n<link rel=\"canonical\" href=\"https:\/\/lorentzzi.com\/pt\/products\/accessories\/heat-sink\/i-50-heatsink-for-single-phase-ssr\/\" \/>\n<meta property=\"og:locale\" content=\"pt_BR\" \/>\n<meta property=\"og:type\" content=\"article\" \/>\n<meta property=\"og:title\" content=\"I-50 Heatsink For Single Phase SSR\" \/>\n<meta property=\"og:description\" content=\"Lorentzzi I-50 heatsink is specially designed for single phase SSR current less than 40 amps, if you are looking for heatsink, click the link to learn more!\" \/>\n<meta property=\"og:url\" content=\"https:\/\/lorentzzi.com\/pt\/products\/accessories\/heat-sink\/i-50-heatsink-for-single-phase-ssr\/\" \/>\n<meta property=\"og:site_name\" content=\"Lorentzzi Industrial Supply-Chinese Manufacturer&amp;Exporter\" \/>\n<meta property=\"article:modified_time\" content=\"2025-08-12T04:42:20+00:00\" \/>\n<meta property=\"og:image\" content=\"https:\/\/lorentzzi.com\/wp-content\/uploads\/2023\/01\/I-50-1.jpg\" \/>\n\t<meta property=\"og:image:width\" content=\"640\" \/>\n\t<meta property=\"og:image:height\" content=\"640\" \/>\n\t<meta property=\"og:image:type\" content=\"image\/jpeg\" \/>\n<meta name=\"twitter:card\" content=\"summary_large_image\" \/>\n<meta name=\"twitter:label1\" content=\"Est. tempo de leitura\" \/>\n\t<meta name=\"twitter:data1\" content=\"1 minuto\" \/>\n<script type=\"application\/ld+json\" class=\"yoast-schema-graph\">{\"@context\":\"https:\\\/\\\/schema.org\",\"@graph\":[{\"@type\":\"WebPage\",\"@id\":\"https:\\\/\\\/lorentzzi.com\\\/products\\\/accessories\\\/heat-sink\\\/i-50-heatsink-for-single-phase-ssr\\\/\",\"url\":\"https:\\\/\\\/lorentzzi.com\\\/products\\\/accessories\\\/heat-sink\\\/i-50-heatsink-for-single-phase-ssr\\\/\",\"name\":\"I-50 Heatsink For Single Phase SSR\",\"isPartOf\":{\"@id\":\"https:\\\/\\\/lorentzzi.com\\\/#website\"},\"primaryImageOfPage\":{\"@id\":\"https:\\\/\\\/lorentzzi.com\\\/products\\\/accessories\\\/heat-sink\\\/i-50-heatsink-for-single-phase-ssr\\\/#primaryimage\"},\"image\":{\"@id\":\"https:\\\/\\\/lorentzzi.com\\\/products\\\/accessories\\\/heat-sink\\\/i-50-heatsink-for-single-phase-ssr\\\/#primaryimage\"},\"thumbnailUrl\":\"https:\\\/\\\/lorentzzi.com\\\/wp-content\\\/uploads\\\/2023\\\/01\\\/I-50-1.jpg\",\"datePublished\":\"2023-01-31T06:45:08+00:00\",\"dateModified\":\"2025-08-12T04:42:20+00:00\",\"description\":\"Lorentzzi I-50 heatsink is specially designed for single phase SSR current less than 40 amps, if you are looking for heatsink, click the link to learn more!\",\"breadcrumb\":{\"@id\":\"https:\\\/\\\/lorentzzi.com\\\/products\\\/accessories\\\/heat-sink\\\/i-50-heatsink-for-single-phase-ssr\\\/#breadcrumb\"},\"inLanguage\":\"pt-BR\",\"potentialAction\":[{\"@type\":\"ReadAction\",\"target\":[\"https:\\\/\\\/lorentzzi.com\\\/products\\\/accessories\\\/heat-sink\\\/i-50-heatsink-for-single-phase-ssr\\\/\"]}]},{\"@type\":\"ImageObject\",\"inLanguage\":\"pt-BR\",\"@id\":\"https:\\\/\\\/lorentzzi.com\\\/products\\\/accessories\\\/heat-sink\\\/i-50-heatsink-for-single-phase-ssr\\\/#primaryimage\",\"url\":\"https:\\\/\\\/lorentzzi.com\\\/wp-content\\\/uploads\\\/2023\\\/01\\\/I-50-1.jpg\",\"contentUrl\":\"https:\\\/\\\/lorentzzi.com\\\/wp-content\\\/uploads\\\/2023\\\/01\\\/I-50-1.jpg\",\"width\":640,\"height\":640,\"caption\":\"I-50 heatsink\"},{\"@type\":\"BreadcrumbList\",\"@id\":\"https:\\\/\\\/lorentzzi.com\\\/products\\\/accessories\\\/heat-sink\\\/i-50-heatsink-for-single-phase-ssr\\\/#breadcrumb\",\"itemListElement\":[{\"@type\":\"ListItem\",\"position\":1,\"name\":\"Home\",\"item\":\"https:\\\/\\\/lorentzzi.com\\\/\"},{\"@type\":\"ListItem\",\"position\":2,\"name\":\"Products\",\"item\":\"https:\\\/\\\/lorentzzi.com\\\/products\\\/\"},{\"@type\":\"ListItem\",\"position\":3,\"name\":\"I-50 Heatsink For Single Phase SSR\"}]},{\"@type\":\"WebSite\",\"@id\":\"https:\\\/\\\/lorentzzi.com\\\/#website\",\"url\":\"https:\\\/\\\/lorentzzi.com\\\/\",\"name\":\"Lorentzzi Industrial Supply-Chinese Manufacturer&amp;Exporter\",\"description\":\"Lorentzzi supply temperature controller, SSR, proximity sensor, SCR power regulator and timer switch with good quality and affordable prices.\",\"publisher\":{\"@id\":\"https:\\\/\\\/lorentzzi.com\\\/#organization\"},\"potentialAction\":[{\"@type\":\"SearchAction\",\"target\":{\"@type\":\"EntryPoint\",\"urlTemplate\":\"https:\\\/\\\/lorentzzi.com\\\/?s={search_term_string}\"},\"query-input\":{\"@type\":\"PropertyValueSpecification\",\"valueRequired\":true,\"valueName\":\"search_term_string\"}}],\"inLanguage\":\"pt-BR\"},{\"@type\":\"Organization\",\"@id\":\"https:\\\/\\\/lorentzzi.com\\\/#organization\",\"name\":\"Lorentzzi Industrial Supply-Chinese Manufacturer&amp;Exporter\",\"url\":\"https:\\\/\\\/lorentzzi.com\\\/\",\"logo\":{\"@type\":\"ImageObject\",\"inLanguage\":\"pt-BR\",\"@id\":\"https:\\\/\\\/lorentzzi.com\\\/#\\\/schema\\\/logo\\\/image\\\/\",\"url\":\"https:\\\/\\\/lorentzzi.com\\\/wp-content\\\/uploads\\\/2021\\\/07\\\/Lorenz-Electric-Company-Logo.png\",\"contentUrl\":\"https:\\\/\\\/lorentzzi.com\\\/wp-content\\\/uploads\\\/2021\\\/07\\\/Lorenz-Electric-Company-Logo.png\",\"width\":350,\"height\":100,\"caption\":\"Lorentzzi Industrial Supply-Chinese Manufacturer&amp;Exporter\"},\"image\":{\"@id\":\"https:\\\/\\\/lorentzzi.com\\\/#\\\/schema\\\/logo\\\/image\\\/\"}}]}<\/script>\n<!-- \/ Yoast SEO Premium plugin. -->","yoast_head_json":{"title":"I-50 Dissipador de calor para SSR monof\u00e1sico","description":"O dissipador de calor Lorentzzi I-50 foi especialmente projetado para SSRs monof\u00e1sicos com corrente inferior a 40 amperes. Se estiver procurando um dissipador de calor, clique no link para saber mais!","robots":{"index":"index","follow":"follow","max-snippet":"max-snippet:-1","max-image-preview":"max-image-preview:large","max-video-preview":"max-video-preview:-1"},"canonical":"https:\/\/lorentzzi.com\/pt\/products\/accessories\/heat-sink\/i-50-heatsink-for-single-phase-ssr\/","og_locale":"pt_BR","og_type":"article","og_title":"I-50 Heatsink For Single Phase SSR","og_description":"Lorentzzi I-50 heatsink is specially designed for single phase SSR current less than 40 amps, if you are looking for heatsink, click the link to learn more!","og_url":"https:\/\/lorentzzi.com\/pt\/products\/accessories\/heat-sink\/i-50-heatsink-for-single-phase-ssr\/","og_site_name":"Lorentzzi Industrial Supply-Chinese Manufacturer&amp;Exporter","article_modified_time":"2025-08-12T04:42:20+00:00","og_image":[{"width":640,"height":640,"url":"https:\/\/lorentzzi.com\/wp-content\/uploads\/2023\/01\/I-50-1.jpg","type":"image\/jpeg"}],"twitter_card":"summary_large_image","twitter_misc":{"Est. tempo de leitura":"1 minuto"},"schema":{"@context":"https:\/\/schema.org","@graph":[{"@type":"WebPage","@id":"https:\/\/lorentzzi.com\/products\/accessories\/heat-sink\/i-50-heatsink-for-single-phase-ssr\/","url":"https:\/\/lorentzzi.com\/products\/accessories\/heat-sink\/i-50-heatsink-for-single-phase-ssr\/","name":"I-50 Dissipador de calor para SSR monof\u00e1sico","isPartOf":{"@id":"https:\/\/lorentzzi.com\/#website"},"primaryImageOfPage":{"@id":"https:\/\/lorentzzi.com\/products\/accessories\/heat-sink\/i-50-heatsink-for-single-phase-ssr\/#primaryimage"},"image":{"@id":"https:\/\/lorentzzi.com\/products\/accessories\/heat-sink\/i-50-heatsink-for-single-phase-ssr\/#primaryimage"},"thumbnailUrl":"https:\/\/lorentzzi.com\/wp-content\/uploads\/2023\/01\/I-50-1.jpg","datePublished":"2023-01-31T06:45:08+00:00","dateModified":"2025-08-12T04:42:20+00:00","description":"O dissipador de calor Lorentzzi I-50 foi especialmente projetado para SSRs monof\u00e1sicos com corrente inferior a 40 amperes. Se estiver procurando um dissipador de calor, clique no link para saber mais!","breadcrumb":{"@id":"https:\/\/lorentzzi.com\/products\/accessories\/heat-sink\/i-50-heatsink-for-single-phase-ssr\/#breadcrumb"},"inLanguage":"pt-BR","potentialAction":[{"@type":"ReadAction","target":["https:\/\/lorentzzi.com\/products\/accessories\/heat-sink\/i-50-heatsink-for-single-phase-ssr\/"]}]},{"@type":"ImageObject","inLanguage":"pt-BR","@id":"https:\/\/lorentzzi.com\/products\/accessories\/heat-sink\/i-50-heatsink-for-single-phase-ssr\/#primaryimage","url":"https:\/\/lorentzzi.com\/wp-content\/uploads\/2023\/01\/I-50-1.jpg","contentUrl":"https:\/\/lorentzzi.com\/wp-content\/uploads\/2023\/01\/I-50-1.jpg","width":640,"height":640,"caption":"I-50 heatsink"},{"@type":"BreadcrumbList","@id":"https:\/\/lorentzzi.com\/products\/accessories\/heat-sink\/i-50-heatsink-for-single-phase-ssr\/#breadcrumb","itemListElement":[{"@type":"ListItem","position":1,"name":"Home","item":"https:\/\/lorentzzi.com\/"},{"@type":"ListItem","position":2,"name":"Products","item":"https:\/\/lorentzzi.com\/products\/"},{"@type":"ListItem","position":3,"name":"I-50 Heatsink For Single Phase SSR"}]},{"@type":"WebSite","@id":"https:\/\/lorentzzi.com\/#website","url":"https:\/\/lorentzzi.com\/","name":"Lorentzzi Industrial Supply - Fabricante e exportador chin\u00eas","description":"A Lorentzzi fornece controlador de temperatura, SSR, sensor de proximidade, regulador de pot\u00eancia SCR e chave temporizadora com boa qualidade e pre\u00e7os acess\u00edveis.","publisher":{"@id":"https:\/\/lorentzzi.com\/#organization"},"potentialAction":[{"@type":"SearchAction","target":{"@type":"EntryPoint","urlTemplate":"https:\/\/lorentzzi.com\/?s={search_term_string}"},"query-input":{"@type":"PropertyValueSpecification","valueRequired":true,"valueName":"search_term_string"}}],"inLanguage":"pt-BR"},{"@type":"Organization","@id":"https:\/\/lorentzzi.com\/#organization","name":"Lorentzzi Industrial Supply - Fabricante e exportador chin\u00eas","url":"https:\/\/lorentzzi.com\/","logo":{"@type":"ImageObject","inLanguage":"pt-BR","@id":"https:\/\/lorentzzi.com\/#\/schema\/logo\/image\/","url":"https:\/\/lorentzzi.com\/wp-content\/uploads\/2021\/07\/Lorenz-Electric-Company-Logo.png","contentUrl":"https:\/\/lorentzzi.com\/wp-content\/uploads\/2021\/07\/Lorenz-Electric-Company-Logo.png","width":350,"height":100,"caption":"Lorentzzi Industrial Supply-Chinese Manufacturer&amp;Exporter"},"image":{"@id":"https:\/\/lorentzzi.com\/#\/schema\/logo\/image\/"}}]}},"_links":{"self":[{"href":"https:\/\/lorentzzi.com\/pt\/wp-json\/wp\/v2\/product\/6868","targetHints":{"allow":["GET"]}}],"collection":[{"href":"https:\/\/lorentzzi.com\/pt\/wp-json\/wp\/v2\/product"}],"about":[{"href":"https:\/\/lorentzzi.com\/pt\/wp-json\/wp\/v2\/types\/product"}],"version-history":[{"count":8,"href":"https:\/\/lorentzzi.com\/pt\/wp-json\/wp\/v2\/product\/6868\/revisions"}],"predecessor-version":[{"id":18118,"href":"https:\/\/lorentzzi.com\/pt\/wp-json\/wp\/v2\/product\/6868\/revisions\/18118"}],"wp:featuredmedia":[{"embeddable":true,"href":"https:\/\/lorentzzi.com\/pt\/wp-json\/wp\/v2\/media\/6864"}],"wp:attachment":[{"href":"https:\/\/lorentzzi.com\/pt\/wp-json\/wp\/v2\/media?parent=6868"}],"wp:term":[{"taxonomy":"product_brand","embeddable":true,"href":"https:\/\/lorentzzi.com\/pt\/wp-json\/wp\/v2\/product_brand?post=6868"},{"taxonomy":"product_cat","embeddable":true,"href":"https:\/\/lorentzzi.com\/pt\/wp-json\/wp\/v2\/product_cat?post=6868"},{"taxonomy":"product_tag","embeddable":true,"href":"https:\/\/lorentzzi.com\/pt\/wp-json\/wp\/v2\/product_tag?post=6868"}],"curies":[{"name":"wp","href":"https:\/\/api.w.org\/{rel}","templated":true}]}}