{"id":6816,"date":"2023-01-24T20:26:24","date_gmt":"2023-01-24T12:26:24","guid":{"rendered":"https:\/\/lorentzzi.com\/?post_type=product&#038;p=6816"},"modified":"2025-06-13T08:07:16","modified_gmt":"2025-06-13T00:07:16","slug":"40a-single-phase-ssr-heatsink","status":"publish","type":"product","link":"https:\/\/lorentzzi.com\/pt\/products\/accessories\/heat-sink\/40a-single-phase-ssr-heatsink\/","title":{"rendered":"Dissipador de calor de SSR monof\u00e1sico de 40A"},"content":{"rendered":"<h2><b>Introduction:<\/b><\/h2>\n<ul>\n<li style=\"font-weight: 400;\" aria-level=\"1\"><span style=\"font-weight: 400;\">The product here is our W-70 model 70 mm length heat sink, designed for single phase SSR currents less than 40 amps, for example it can be used with our <\/span><span style=\"color: #ff0000;\"><a style=\"color: #ff0000;\" href=\"https:\/\/lorentzzi.com\/products\/solid-state-relay\/single-phase-solid-state-relay\/ssr-40da-solid-state-relay\/\"><span style=\"font-weight: 400;\">SSR-40DA<\/span><\/a><\/span><span style=\"font-weight: 400;\">, <\/span><span style=\"color: #ff0000;\"><a style=\"color: #ff0000;\" href=\"https:\/\/lorentzzi.com\/products\/solid-state-relay\/single-phase-solid-state-relay\/ssr-25aa-ac-ac-solid-state-relay\/\"><span style=\"font-weight: 400;\">SSR-25DA<\/span><\/a><\/span><span style=\"font-weight: 400;\">, etc.<\/span><\/li>\n<li style=\"font-weight: 400;\" aria-level=\"1\"><span style=\"font-weight: 400;\">Compared with our <\/span><span style=\"color: #ff0000;\"><a style=\"color: #ff0000;\" href=\"https:\/\/lorentzzi.com\/products\/accessories\/heat-sink\/din-rail-heat-sink-d-74-for-single-phase-ssr\/\"><span style=\"font-weight: 400;\">DIN rail type D-74 model radiator<\/span><\/a><\/span><span style=\"font-weight: 400;\">, the mounting way of this radiator is screw mounting, and the price of this radiator is much cheaper than DIN rail type radiator.<\/span><\/li>\n<li style=\"font-weight: 400;\" aria-level=\"1\"><span style=\"font-weight: 400;\">You can see our 40A single phase SSR heatsink product dimensions below:<\/span><\/li>\n<\/ul>\n<p><img fetchpriority=\"high\" decoding=\"async\" class=\"aligncenter wp-image-17219 size-full\" src=\"https:\/\/lorentzzi.com\/wp-content\/uploads\/2023\/01\/40A-single-phase-SSR-heatsink-product-dimension.jpg\" alt=\"40A single phase SSR heatsink product dimension\" width=\"1024\" height=\"512\" srcset=\"https:\/\/lorentzzi.com\/wp-content\/uploads\/2023\/01\/40A-single-phase-SSR-heatsink-product-dimension.jpg 1024w, https:\/\/lorentzzi.com\/wp-content\/uploads\/2023\/01\/40A-single-phase-SSR-heatsink-product-dimension-300x150.jpg 300w, https:\/\/lorentzzi.com\/wp-content\/uploads\/2023\/01\/40A-single-phase-SSR-heatsink-product-dimension-768x384.jpg 768w, https:\/\/lorentzzi.com\/wp-content\/uploads\/2023\/01\/40A-single-phase-SSR-heatsink-product-dimension-600x300.jpg 600w, https:\/\/lorentzzi.com\/wp-content\/uploads\/2023\/01\/40A-single-phase-SSR-heatsink-product-dimension-64x32.jpg 64w\" sizes=\"(max-width: 1024px) 100vw, 1024px\" \/><\/p>\n<ul>\n<li style=\"font-weight: 400;\" aria-level=\"1\">Only fixing the SSR on this heat radiator is not enough, please do not forget to put a thermo pad or thermal grease between the SSR and this heat radiator.<\/li>\n<\/ul>\n<p><img decoding=\"async\" class=\"aligncenter wp-image-16942 size-full\" src=\"https:\/\/lorentzzi.com\/wp-content\/uploads\/2023\/02\/Solid-state-relay-and-heat-sink-installation-precautions.jpg\" alt=\"Solid-state relay and heat sink installation precautions\" width=\"1024\" height=\"512\" srcset=\"https:\/\/lorentzzi.com\/wp-content\/uploads\/2023\/02\/Solid-state-relay-and-heat-sink-installation-precautions.jpg 1024w, https:\/\/lorentzzi.com\/wp-content\/uploads\/2023\/02\/Solid-state-relay-and-heat-sink-installation-precautions-300x150.jpg 300w, https:\/\/lorentzzi.com\/wp-content\/uploads\/2023\/02\/Solid-state-relay-and-heat-sink-installation-precautions-768x384.jpg 768w, https:\/\/lorentzzi.com\/wp-content\/uploads\/2023\/02\/Solid-state-relay-and-heat-sink-installation-precautions-600x300.jpg 600w, https:\/\/lorentzzi.com\/wp-content\/uploads\/2023\/02\/Solid-state-relay-and-heat-sink-installation-precautions-64x32.jpg 64w\" sizes=\"(max-width: 1024px) 100vw, 1024px\" \/><\/p>\n<ul>\n<li style=\"font-weight: 400;\" aria-level=\"1\"><span style=\"font-weight: 400;\">Our 40A single phase SSR heatsink is only produced with high quality raw aluminum material, ensuring it has good performance in heat dissipation.<\/span><\/li>\n<li style=\"font-weight: 400;\" aria-level=\"1\"><strong>If you want to get our latest price for this single phase SSR heatsink, please fill out the form at the bottom to contact us!<\/strong><\/li>\n<\/ul>\n<h2><strong>Specifications:<\/strong><\/h2>\n<div class=\"supsystic-table-loader spinner\"style=\"background-color:#000000\"><\/div><div id=\"supsystic-table-59_81888\" class=\"supsystic-tables-wrap \" style=\" width:100%; visibility: hidden; \" data-table-width-fixed=\"100%\" data-table-width-mobile=\"100%\" ><table id=\"supsystic-table-59\" class=\"supsystic-table border lightboxImg cell-border\" data-id=\"59\" data-view-id=\"59_81888\" data-title=\"W-70 heatsink\" data-currency-format=\"$1,000.00\" data-percent-format=\"10.00%\" data-date-format=\"DD.MM.YYYY\" data-time-format=\"HH:mm\" data-features=\"[&quot;after_table_loaded_script&quot;]\" data-search-value=\"\" data-lightbox-img=\"\" data-head-rows-count=\"1\" data-pagination-length=\"50,100,All\" data-auto-index=\"off\" data-searching-settings=\"{&quot;columnSearchPosition&quot;:&quot;bottom&quot;,&quot;minChars&quot;:&quot;0&quot;}\" data-lang=\"default\" data-override=\"{&quot;emptyTable&quot;:&quot;&quot;,&quot;info&quot;:&quot;&quot;,&quot;infoEmpty&quot;:&quot;&quot;,&quot;infoFiltered&quot;:&quot;&quot;,&quot;lengthMenu&quot;:&quot;&quot;,&quot;search&quot;:&quot;&quot;,&quot;previous&quot;:&quot;&quot;,&quot;next&quot;:&quot;&quot;,&quot;zeroRecords&quot;:&quot;&quot;,&quot;exportLabel&quot;:&quot;&quot;,&quot;file&quot;:&quot;default&quot;}\" data-merged=\"[]\" data-responsive-mode=\"0\" data-from-history=\"0\" ><thead><tr><th class=\"\" style=\"width:; padding: 0 !important;\"><\/th><th class=\"\" style=\"width:; padding: 0 !important;\"><\/th><\/tr><\/thead><tbody><tr style=\"height:px\" ><td data-cell-id=\"A1\" data-x=\"0\" data-y=\"1\" data-db-index=\"1\" class=\"htCenter htMiddle bg-c7c7c7\" data-cell-type=\"text\" data-original-value=\"Model\" data-order=\"Model\" style=\"min-width:45.3202%; \" >Model <\/td><td data-cell-id=\"B1\" data-x=\"1\" data-y=\"1\" data-db-index=\"1\" class=\"htCenter htMiddle bg-c7c7c7\" data-cell-type=\"text\" data-original-value=\"W-70\" data-order=\"W-70\" style=\"min-width:54.6798%; \" >W-70 <\/td><\/tr><tr style=\"height:px\" ><td data-cell-id=\"A2\" data-x=\"0\" data-y=\"2\" data-db-index=\"2\" class=\"htCenter htMiddle\" data-cell-type=\"text\" data-original-value=\"Shape\" data-order=\"Shape\" >Shape <\/td><td data-cell-id=\"B2\" data-x=\"1\" data-y=\"2\" data-db-index=\"2\" class=\"htCenter htMiddle\" data-cell-type=\"text\" data-original-value=\"W shape\" data-order=\"W shape\" >W shape <\/td><\/tr><tr style=\"height:px\" ><td data-cell-id=\"A3\" data-x=\"0\" data-y=\"3\" data-db-index=\"3\" class=\"htCenter htMiddle bg-c7c7c7\" data-cell-type=\"text\" data-original-value=\"Cooling fan installation\" data-order=\"Cooling fan installation\" >Cooling fan installation <\/td><td data-cell-id=\"B3\" data-x=\"1\" data-y=\"3\" data-db-index=\"3\" class=\"htCenter htMiddle bg-c7c7c7\" data-cell-type=\"text\" data-original-value=\"Not available\" data-order=\"Not available\" >Not available <\/td><\/tr><tr style=\"height:px\" ><td data-cell-id=\"A4\" data-x=\"0\" data-y=\"4\" data-db-index=\"4\" class=\"htCenter htMiddle\" data-cell-type=\"text\" data-original-value=\"Product dimension\" data-order=\"Product dimension\" >Product dimension <\/td><td data-cell-id=\"B4\" data-x=\"1\" data-y=\"4\" data-db-index=\"4\" class=\"htCenter htMiddle\" data-cell-type=\"text\" data-original-value=\"125*70*50 mm( L*W*H )\" data-order=\"125*70*50 mm( L*W*H )\" >125*70*50 mm( L*W*H ) <\/td><\/tr><tr style=\"height:px\" ><td data-cell-id=\"A5\" data-x=\"0\" data-y=\"5\" data-db-index=\"5\" class=\"htCenter htMiddle bg-c7c7c7\" data-cell-type=\"text\" data-original-value=\"Suitable SSR\" data-order=\"Suitable SSR\" >Suitable SSR <\/td><td data-cell-id=\"B5\" data-x=\"1\" data-y=\"5\" data-db-index=\"5\" class=\"htCenter htMiddle bg-c7c7c7\" data-cell-type=\"text\" data-original-value=\"\u226440A single phase SSR\" data-order=\"\u226440A single phase SSR\" >\u226440A single phase SSR <\/td><\/tr><tr style=\"height:px\" ><td data-cell-id=\"A6\" data-x=\"0\" data-y=\"6\" data-db-index=\"6\" class=\"htCenter htMiddle\" data-cell-type=\"text\" data-original-value=\"Colour\" data-order=\"Colour\" >Colour <\/td><td data-cell-id=\"B6\" data-x=\"1\" data-y=\"6\" data-db-index=\"6\" class=\"htCenter htMiddle\" data-cell-type=\"text\" data-original-value=\"Original silver\" data-order=\"Original silver\" >Original silver <\/td><\/tr><\/tbody><\/table><!-- \/#supsystic-table-59.supsystic-table --><\/div><!-- \/.supsystic-tables-wrap --><!-- Tables Generator by Supsystic --><!-- Version:1.11.0 --><!-- http:\/\/supsystic.com\/ --><a title=\"WordPress Data Table Plugin\" style=\"display:none;\" href=\"https:\/\/supsystic.com\/plugins\/wordpress-data-table-plugin\/?utm_medium=love_link\" target=\"_blank\">WordPress Data Table Plugin<\/a>\n","protected":false},"excerpt":{"rendered":"<ol>\n<li>Para uso de dissipa\u00e7\u00e3o de calor de SSRs monof\u00e1sicos,<\/li>\n<li>Tipo de montagem por parafuso, f\u00e1cil de fixar,<\/li>\n<li>Material de alum\u00ednio bruto de alta qualidade,<\/li>\n<li>Peso total sem cortar custos,<\/li>\n<li>Dur\u00e1vel para uso.<\/li>\n<\/ol>","protected":false},"featured_media":6812,"template":"","meta":{"site-sidebar-layout":"default","site-content-layout":"default","ast-site-content-layout":"default","site-content-style":"default","site-sidebar-style":"default","ast-global-header-display":"","ast-banner-title-visibility":"","ast-main-header-display":"","ast-hfb-above-header-display":"","ast-hfb-below-header-display":"","ast-hfb-mobile-header-display":"","site-post-title":"","ast-breadcrumbs-content":"","ast-featured-img":"","footer-sml-layout":"","ast-disable-related-posts":"","theme-transparent-header-meta":"default","adv-header-id-meta":"","stick-header-meta":"","header-above-stick-meta":"","header-main-stick-meta":"","header-below-stick-meta":"","astra-migrate-meta-layouts":"set","ast-page-background-enabled":"default","ast-page-background-meta":{"desktop":{"background-color":"","background-image":"","background-repeat":"repeat","background-position":"center center","background-size":"auto","background-attachment":"scroll","background-type":"","background-media":"","overlay-type":"","overlay-color":"","overlay-opacity":"","overlay-gradient":""},"tablet":{"background-color":"","background-image":"","background-repeat":"repeat","background-position":"center center","background-size":"auto","background-attachment":"scroll","background-type":"","background-media":"","overlay-type":"","overlay-color":"","overlay-opacity":"","overlay-gradient":""},"mobile":{"background-color":"","background-image":"","background-repeat":"repeat","background-position":"center center","background-size":"auto","background-attachment":"scroll","background-type":"","background-media":"","overlay-type":"","overlay-color":"","overlay-opacity":"","overlay-gradient":""}},"ast-content-background-meta":{"desktop":{"background-color":"var(--ast-global-color-5)","background-image":"","background-repeat":"repeat","background-position":"center center","background-size":"auto","background-attachment":"scroll","background-type":"","background-media":"","overlay-type":"","overlay-color":"","overlay-opacity":"","overlay-gradient":""},"tablet":{"background-color":"var(--ast-global-color-5)","background-image":"","background-repeat":"repeat","background-position":"center center","background-size":"auto","background-attachment":"scroll","background-type":"","background-media":"","overlay-type":"","overlay-color":"","overlay-opacity":"","overlay-gradient":""},"mobile":{"background-color":"var(--ast-global-color-5)","background-image":"","background-repeat":"repeat","background-position":"center center","background-size":"auto","background-attachment":"scroll","background-type":"","background-media":"","overlay-type":"","overlay-color":"","overlay-opacity":"","overlay-gradient":""}}},"product_brand":[],"product_cat":[108,125],"product_tag":[],"class_list":{"0":"post-6816","1":"product","2":"type-product","3":"status-publish","4":"has-post-thumbnail","6":"product_cat-accessories","7":"product_cat-heat-sink","8":"desktop-align-center","9":"tablet-align-left","10":"mobile-align-left","12":"first","13":"instock","14":"shipping-taxable","15":"product-type-simple"},"yoast_head":"<!-- This site is optimized with the Yoast SEO Premium plugin v24.0 (Yoast SEO v27.3) - https:\/\/yoast.com\/product\/yoast-seo-premium-wordpress\/ -->\n<title>40A Single Phase SSR Heatsink<\/title>\n<meta name=\"description\" content=\"Lorentzzi 40A single phase SSR heatsink is specially designed for the solid state relay which current is less than 40 amps, click to get more info now!\" \/>\n<meta name=\"robots\" content=\"index, follow, max-snippet:-1, max-image-preview:large, max-video-preview:-1\" \/>\n<link rel=\"canonical\" href=\"https:\/\/lorentzzi.com\/pt\/products\/accessories\/heat-sink\/40a-single-phase-ssr-heatsink\/\" \/>\n<meta property=\"og:locale\" content=\"pt_BR\" \/>\n<meta property=\"og:type\" content=\"article\" \/>\n<meta property=\"og:title\" content=\"40A Single Phase SSR Heatsink\" \/>\n<meta property=\"og:description\" content=\"Lorentzzi 40A single phase SSR heatsink is specially designed for the solid state relay which current is less than 40 amps, click to get more info now!\" \/>\n<meta property=\"og:url\" content=\"https:\/\/lorentzzi.com\/pt\/products\/accessories\/heat-sink\/40a-single-phase-ssr-heatsink\/\" \/>\n<meta property=\"og:site_name\" content=\"Lorentzzi Industrial Supply-Chinese Manufacturer&amp;Exporter\" \/>\n<meta property=\"article:modified_time\" content=\"2025-06-13T00:07:16+00:00\" \/>\n<meta property=\"og:image\" content=\"https:\/\/lorentzzi.com\/wp-content\/uploads\/2023\/01\/W-70-heatsink-1a.jpg\" \/>\n\t<meta property=\"og:image:width\" content=\"640\" \/>\n\t<meta property=\"og:image:height\" content=\"640\" \/>\n\t<meta property=\"og:image:type\" content=\"image\/jpeg\" \/>\n<meta name=\"twitter:card\" content=\"summary_large_image\" \/>\n<meta name=\"twitter:label1\" content=\"Est. tempo de leitura\" \/>\n\t<meta name=\"twitter:data1\" content=\"2 minutos\" \/>\n<script type=\"application\/ld+json\" class=\"yoast-schema-graph\">{\"@context\":\"https:\\\/\\\/schema.org\",\"@graph\":[{\"@type\":\"WebPage\",\"@id\":\"https:\\\/\\\/lorentzzi.com\\\/products\\\/accessories\\\/heat-sink\\\/40a-single-phase-ssr-heatsink\\\/\",\"url\":\"https:\\\/\\\/lorentzzi.com\\\/products\\\/accessories\\\/heat-sink\\\/40a-single-phase-ssr-heatsink\\\/\",\"name\":\"40A Single Phase SSR Heatsink\",\"isPartOf\":{\"@id\":\"https:\\\/\\\/lorentzzi.com\\\/#website\"},\"primaryImageOfPage\":{\"@id\":\"https:\\\/\\\/lorentzzi.com\\\/products\\\/accessories\\\/heat-sink\\\/40a-single-phase-ssr-heatsink\\\/#primaryimage\"},\"image\":{\"@id\":\"https:\\\/\\\/lorentzzi.com\\\/products\\\/accessories\\\/heat-sink\\\/40a-single-phase-ssr-heatsink\\\/#primaryimage\"},\"thumbnailUrl\":\"https:\\\/\\\/lorentzzi.com\\\/wp-content\\\/uploads\\\/2023\\\/01\\\/W-70-heatsink-1a.jpg\",\"datePublished\":\"2023-01-24T12:26:24+00:00\",\"dateModified\":\"2025-06-13T00:07:16+00:00\",\"description\":\"Lorentzzi 40A single phase SSR heatsink is specially designed for the solid state relay which current is less than 40 amps, click to get more info now!\",\"breadcrumb\":{\"@id\":\"https:\\\/\\\/lorentzzi.com\\\/products\\\/accessories\\\/heat-sink\\\/40a-single-phase-ssr-heatsink\\\/#breadcrumb\"},\"inLanguage\":\"pt-BR\",\"potentialAction\":[{\"@type\":\"ReadAction\",\"target\":[\"https:\\\/\\\/lorentzzi.com\\\/products\\\/accessories\\\/heat-sink\\\/40a-single-phase-ssr-heatsink\\\/\"]}]},{\"@type\":\"ImageObject\",\"inLanguage\":\"pt-BR\",\"@id\":\"https:\\\/\\\/lorentzzi.com\\\/products\\\/accessories\\\/heat-sink\\\/40a-single-phase-ssr-heatsink\\\/#primaryimage\",\"url\":\"https:\\\/\\\/lorentzzi.com\\\/wp-content\\\/uploads\\\/2023\\\/01\\\/W-70-heatsink-1a.jpg\",\"contentUrl\":\"https:\\\/\\\/lorentzzi.com\\\/wp-content\\\/uploads\\\/2023\\\/01\\\/W-70-heatsink-1a.jpg\",\"width\":640,\"height\":640,\"caption\":\"40A Single Phase SSR Heatsink\"},{\"@type\":\"BreadcrumbList\",\"@id\":\"https:\\\/\\\/lorentzzi.com\\\/products\\\/accessories\\\/heat-sink\\\/40a-single-phase-ssr-heatsink\\\/#breadcrumb\",\"itemListElement\":[{\"@type\":\"ListItem\",\"position\":1,\"name\":\"Home\",\"item\":\"https:\\\/\\\/lorentzzi.com\\\/\"},{\"@type\":\"ListItem\",\"position\":2,\"name\":\"Products\",\"item\":\"https:\\\/\\\/lorentzzi.com\\\/products\\\/\"},{\"@type\":\"ListItem\",\"position\":3,\"name\":\"40A Single Phase SSR Heatsink\"}]},{\"@type\":\"WebSite\",\"@id\":\"https:\\\/\\\/lorentzzi.com\\\/#website\",\"url\":\"https:\\\/\\\/lorentzzi.com\\\/\",\"name\":\"Lorentzzi Industrial Supply-Chinese Manufacturer&amp;Exporter\",\"description\":\"Lorentzzi supply temperature controller, SSR, proximity sensor, SCR power regulator and timer switch with good quality and affordable prices.\",\"publisher\":{\"@id\":\"https:\\\/\\\/lorentzzi.com\\\/#organization\"},\"potentialAction\":[{\"@type\":\"SearchAction\",\"target\":{\"@type\":\"EntryPoint\",\"urlTemplate\":\"https:\\\/\\\/lorentzzi.com\\\/?s={search_term_string}\"},\"query-input\":{\"@type\":\"PropertyValueSpecification\",\"valueRequired\":true,\"valueName\":\"search_term_string\"}}],\"inLanguage\":\"pt-BR\"},{\"@type\":\"Organization\",\"@id\":\"https:\\\/\\\/lorentzzi.com\\\/#organization\",\"name\":\"Lorentzzi Industrial Supply-Chinese Manufacturer&amp;Exporter\",\"url\":\"https:\\\/\\\/lorentzzi.com\\\/\",\"logo\":{\"@type\":\"ImageObject\",\"inLanguage\":\"pt-BR\",\"@id\":\"https:\\\/\\\/lorentzzi.com\\\/#\\\/schema\\\/logo\\\/image\\\/\",\"url\":\"https:\\\/\\\/lorentzzi.com\\\/wp-content\\\/uploads\\\/2021\\\/07\\\/Lorenz-Electric-Company-Logo.png\",\"contentUrl\":\"https:\\\/\\\/lorentzzi.com\\\/wp-content\\\/uploads\\\/2021\\\/07\\\/Lorenz-Electric-Company-Logo.png\",\"width\":350,\"height\":100,\"caption\":\"Lorentzzi Industrial Supply-Chinese Manufacturer&amp;Exporter\"},\"image\":{\"@id\":\"https:\\\/\\\/lorentzzi.com\\\/#\\\/schema\\\/logo\\\/image\\\/\"}}]}<\/script>\n<!-- \/ Yoast SEO Premium plugin. -->","yoast_head_json":{"title":"Dissipador de calor de SSR monof\u00e1sico de 40A","description":"O dissipador de calor do SSR monof\u00e1sico Lorentzzi 40A foi especialmente projetado para o rel\u00e9 de estado s\u00f3lido cuja corrente \u00e9 inferior a 40 amperes.","robots":{"index":"index","follow":"follow","max-snippet":"max-snippet:-1","max-image-preview":"max-image-preview:large","max-video-preview":"max-video-preview:-1"},"canonical":"https:\/\/lorentzzi.com\/pt\/products\/accessories\/heat-sink\/40a-single-phase-ssr-heatsink\/","og_locale":"pt_BR","og_type":"article","og_title":"40A Single Phase SSR Heatsink","og_description":"Lorentzzi 40A single phase SSR heatsink is specially designed for the solid state relay which current is less than 40 amps, click to get more info now!","og_url":"https:\/\/lorentzzi.com\/pt\/products\/accessories\/heat-sink\/40a-single-phase-ssr-heatsink\/","og_site_name":"Lorentzzi Industrial Supply-Chinese Manufacturer&amp;Exporter","article_modified_time":"2025-06-13T00:07:16+00:00","og_image":[{"width":640,"height":640,"url":"https:\/\/lorentzzi.com\/wp-content\/uploads\/2023\/01\/W-70-heatsink-1a.jpg","type":"image\/jpeg"}],"twitter_card":"summary_large_image","twitter_misc":{"Est. tempo de leitura":"2 minutos"},"schema":{"@context":"https:\/\/schema.org","@graph":[{"@type":"WebPage","@id":"https:\/\/lorentzzi.com\/products\/accessories\/heat-sink\/40a-single-phase-ssr-heatsink\/","url":"https:\/\/lorentzzi.com\/products\/accessories\/heat-sink\/40a-single-phase-ssr-heatsink\/","name":"Dissipador de calor de SSR monof\u00e1sico de 40A","isPartOf":{"@id":"https:\/\/lorentzzi.com\/#website"},"primaryImageOfPage":{"@id":"https:\/\/lorentzzi.com\/products\/accessories\/heat-sink\/40a-single-phase-ssr-heatsink\/#primaryimage"},"image":{"@id":"https:\/\/lorentzzi.com\/products\/accessories\/heat-sink\/40a-single-phase-ssr-heatsink\/#primaryimage"},"thumbnailUrl":"https:\/\/lorentzzi.com\/wp-content\/uploads\/2023\/01\/W-70-heatsink-1a.jpg","datePublished":"2023-01-24T12:26:24+00:00","dateModified":"2025-06-13T00:07:16+00:00","description":"O dissipador de calor do SSR monof\u00e1sico Lorentzzi 40A foi especialmente projetado para o rel\u00e9 de estado s\u00f3lido cuja corrente \u00e9 inferior a 40 amperes.","breadcrumb":{"@id":"https:\/\/lorentzzi.com\/products\/accessories\/heat-sink\/40a-single-phase-ssr-heatsink\/#breadcrumb"},"inLanguage":"pt-BR","potentialAction":[{"@type":"ReadAction","target":["https:\/\/lorentzzi.com\/products\/accessories\/heat-sink\/40a-single-phase-ssr-heatsink\/"]}]},{"@type":"ImageObject","inLanguage":"pt-BR","@id":"https:\/\/lorentzzi.com\/products\/accessories\/heat-sink\/40a-single-phase-ssr-heatsink\/#primaryimage","url":"https:\/\/lorentzzi.com\/wp-content\/uploads\/2023\/01\/W-70-heatsink-1a.jpg","contentUrl":"https:\/\/lorentzzi.com\/wp-content\/uploads\/2023\/01\/W-70-heatsink-1a.jpg","width":640,"height":640,"caption":"40A Single Phase SSR Heatsink"},{"@type":"BreadcrumbList","@id":"https:\/\/lorentzzi.com\/products\/accessories\/heat-sink\/40a-single-phase-ssr-heatsink\/#breadcrumb","itemListElement":[{"@type":"ListItem","position":1,"name":"Home","item":"https:\/\/lorentzzi.com\/"},{"@type":"ListItem","position":2,"name":"Products","item":"https:\/\/lorentzzi.com\/products\/"},{"@type":"ListItem","position":3,"name":"40A Single Phase SSR Heatsink"}]},{"@type":"WebSite","@id":"https:\/\/lorentzzi.com\/#website","url":"https:\/\/lorentzzi.com\/","name":"Lorentzzi Industrial Supply - Fabricante e exportador chin\u00eas","description":"A Lorentzzi fornece controlador de temperatura, SSR, sensor de proximidade, regulador de pot\u00eancia SCR e chave temporizadora com boa qualidade e pre\u00e7os acess\u00edveis.","publisher":{"@id":"https:\/\/lorentzzi.com\/#organization"},"potentialAction":[{"@type":"SearchAction","target":{"@type":"EntryPoint","urlTemplate":"https:\/\/lorentzzi.com\/?s={search_term_string}"},"query-input":{"@type":"PropertyValueSpecification","valueRequired":true,"valueName":"search_term_string"}}],"inLanguage":"pt-BR"},{"@type":"Organization","@id":"https:\/\/lorentzzi.com\/#organization","name":"Lorentzzi Industrial Supply - Fabricante e exportador chin\u00eas","url":"https:\/\/lorentzzi.com\/","logo":{"@type":"ImageObject","inLanguage":"pt-BR","@id":"https:\/\/lorentzzi.com\/#\/schema\/logo\/image\/","url":"https:\/\/lorentzzi.com\/wp-content\/uploads\/2021\/07\/Lorenz-Electric-Company-Logo.png","contentUrl":"https:\/\/lorentzzi.com\/wp-content\/uploads\/2021\/07\/Lorenz-Electric-Company-Logo.png","width":350,"height":100,"caption":"Lorentzzi Industrial Supply-Chinese Manufacturer&amp;Exporter"},"image":{"@id":"https:\/\/lorentzzi.com\/#\/schema\/logo\/image\/"}}]}},"_links":{"self":[{"href":"https:\/\/lorentzzi.com\/pt\/wp-json\/wp\/v2\/product\/6816","targetHints":{"allow":["GET"]}}],"collection":[{"href":"https:\/\/lorentzzi.com\/pt\/wp-json\/wp\/v2\/product"}],"about":[{"href":"https:\/\/lorentzzi.com\/pt\/wp-json\/wp\/v2\/types\/product"}],"version-history":[{"count":7,"href":"https:\/\/lorentzzi.com\/pt\/wp-json\/wp\/v2\/product\/6816\/revisions"}],"predecessor-version":[{"id":17220,"href":"https:\/\/lorentzzi.com\/pt\/wp-json\/wp\/v2\/product\/6816\/revisions\/17220"}],"wp:featuredmedia":[{"embeddable":true,"href":"https:\/\/lorentzzi.com\/pt\/wp-json\/wp\/v2\/media\/6812"}],"wp:attachment":[{"href":"https:\/\/lorentzzi.com\/pt\/wp-json\/wp\/v2\/media?parent=6816"}],"wp:term":[{"taxonomy":"product_brand","embeddable":true,"href":"https:\/\/lorentzzi.com\/pt\/wp-json\/wp\/v2\/product_brand?post=6816"},{"taxonomy":"product_cat","embeddable":true,"href":"https:\/\/lorentzzi.com\/pt\/wp-json\/wp\/v2\/product_cat?post=6816"},{"taxonomy":"product_tag","embeddable":true,"href":"https:\/\/lorentzzi.com\/pt\/wp-json\/wp\/v2\/product_tag?post=6816"}],"curies":[{"name":"wp","href":"https:\/\/api.w.org\/{rel}","templated":true}]}}