{"id":6327,"date":"2022-12-04T16:43:14","date_gmt":"2022-12-04T08:43:14","guid":{"rendered":"https:\/\/lorentzzi.com\/?post_type=product&#038;p=6327"},"modified":"2025-11-26T10:37:07","modified_gmt":"2025-11-26T02:37:07","slug":"6-digit-electromagnetic-counter-csk6-nkw-dc-ac-power-supply","status":"publish","type":"product","link":"https:\/\/lorentzzi.com\/pt\/products\/timer-switch-and-counter\/pulse-counter\/6-digit-electromagnetic-counter-csk6-nkw-dc-ac-power-supply\/","title":{"rendered":"Contador eletromagn\u00e9tico de 6 d\u00edgitos, CSK6-NKW, fonte de alimenta\u00e7\u00e3o CC\/CA"},"content":{"rendered":"<h2><b>Introduction:<\/b><\/h2>\n<ul>\n<li style=\"list-style-type: none;\">\n<ul>\n<li style=\"font-weight: 400;\" aria-level=\"1\"><b>Lorentzzi\u00ae<\/b><span style=\"font-weight: 400;\"> 6 digit counter, model CSK6-NKW, has a maximum counting range of 999,999 times and a maximum counting speed of 20 times per second.<\/span><\/li>\n<li style=\"font-weight: 400;\" aria-level=\"1\"><span style=\"font-weight: 400;\">This 6-bit counter is a voltage pulse counter, meaning it counts once when a voltage pulse is supplied to it. Please ensure that you do not supply voltage to this counter for extended periods, as this will damage it.<\/span><\/li>\n<li style=\"font-weight: 400;\" aria-level=\"1\"><span style=\"font-weight: 400;\">The input counting voltage signal can be 110 VAC, 220 VAC, 36 VAC, 12 VDC, 24 VDC, etc.<\/span><\/li>\n<li style=\"font-weight: 400;\" aria-level=\"1\"><span style=\"font-weight: 400;\">Our CSK6-NKW counter is made of flame-retardant material, making it durable and safe to use.<\/span><\/li>\n<li style=\"font-weight: 400;\" aria-level=\"1\"><span style=\"font-weight: 400;\">Compared to our <\/span><span style=\"color: #ff0000;\"><a style=\"color: #ff0000;\" href=\"https:\/\/lorentzzi.com\/products\/timer-switch-and-counter\/pulse-counter\/csk6-ykw-6-digits-electromagnetic-pulse-counter\/\"><span style=\"font-weight: 400;\">CSK6-YKW 6-digit counter<\/span><\/a><\/span><span style=\"font-weight: 400;\">, this counter has a different installation method. Instead of being secured to the front panel with two screws, it uses a back clip for mounting, making it look more aesthetically pleasing.<\/span><\/li>\n<li style=\"font-weight: 400;\" aria-level=\"1\"><span style=\"font-weight: 400;\">When used with our <\/span><span style=\"color: #ff0000;\"><a style=\"color: #ff0000;\" href=\"https:\/\/lorentzzi.com\/safety-light-curtain-sensor\/\"><span style=\"font-weight: 400;\">safety light curtain<\/span><\/a><\/span><span style=\"font-weight: 400;\">, you can count the number of pallets on a conveyor system or packaging line.<\/span><\/li>\n<li style=\"font-weight: 400;\" aria-level=\"1\"><b>Would you like to get more information about this CSK6-NKW electromagnetic counter? Please fill out the form at the bottom to contact us now!<\/b><\/li>\n<\/ul>\n<\/li>\n<\/ul>\n<h2><strong>Specifications:<\/strong><\/h2>\n<div class=\"supsystic-table-loader spinner\"style=\"background-color:#000000\"><\/div><div id=\"supsystic-table-44_48977\" class=\"supsystic-tables-wrap \" style=\" width:100%; visibility: hidden; \" data-table-width-fixed=\"100%\" data-table-width-mobile=\"100%\" ><table id=\"supsystic-table-44\" class=\"supsystic-table border lightboxImg cell-border\" data-id=\"44\" data-view-id=\"44_48977\" data-title=\"CSK6-YKW-P\" data-currency-format=\"$1,000.00\" data-percent-format=\"10.00%\" data-date-format=\"DD.MM.YYYY\" data-time-format=\"HH:mm\" data-features=\"[&quot;after_table_loaded_script&quot;]\" data-search-value=\"\" data-lightbox-img=\"\" data-head-rows-count=\"1\" data-pagination-length=\"50,100,All\" data-auto-index=\"off\" data-searching-settings=\"{&quot;columnSearchPosition&quot;:&quot;bottom&quot;,&quot;minChars&quot;:&quot;0&quot;}\" data-lang=\"default\" data-override=\"{&quot;emptyTable&quot;:&quot;&quot;,&quot;info&quot;:&quot;&quot;,&quot;infoEmpty&quot;:&quot;&quot;,&quot;infoFiltered&quot;:&quot;&quot;,&quot;lengthMenu&quot;:&quot;&quot;,&quot;search&quot;:&quot;&quot;,&quot;previous&quot;:&quot;&quot;,&quot;next&quot;:&quot;&quot;,&quot;zeroRecords&quot;:&quot;&quot;,&quot;exportLabel&quot;:&quot;&quot;,&quot;file&quot;:&quot;default&quot;}\" data-merged=\"[]\" data-responsive-mode=\"0\" data-from-history=\"0\" ><thead><tr><th class=\"\" style=\"width:; padding: 0 !important;\"><\/th><th class=\"\" style=\"width:; padding: 0 !important;\"><\/th><\/tr><\/thead><tbody><tr style=\"height:px\" ><td data-cell-id=\"A1\" data-x=\"0\" data-y=\"1\" data-db-index=\"1\" class=\"htCenter htMiddle bg-c7c7c7\" data-cell-type=\"text\" data-original-value=\"Model\" data-order=\"Model\" style=\"min-width:41.7671%; \" >Model <\/td><td data-cell-id=\"B1\" data-x=\"1\" data-y=\"1\" data-db-index=\"1\" class=\"htCenter htMiddle bg-c7c7c7\" data-cell-type=\"text\" data-original-value=\"CSK6-NWK\" data-order=\"CSK6-NWK\" style=\"min-width:58.2329%; \" >CSK6-NWK <\/td><\/tr><tr style=\"height:px\" ><td data-cell-id=\"A2\" data-x=\"0\" data-y=\"2\" data-db-index=\"2\" class=\"htCenter htMiddle\" data-cell-type=\"text\" data-original-value=\"Counting range\" data-order=\"Counting range\" >Counting range <\/td><td data-cell-id=\"B2\" data-x=\"1\" data-y=\"2\" data-db-index=\"2\" class=\"htCenter htMiddle\" data-cell-type=\"text\" data-original-value=\"999,999\" data-order=\"999,999\" >999,999 <\/td><\/tr><tr style=\"height:px\" ><td data-cell-id=\"A3\" data-x=\"0\" data-y=\"3\" data-db-index=\"3\" class=\"htCenter htMiddle bg-c7c7c7\" data-cell-type=\"text\" data-original-value=\"Counting pulse voltage\" data-order=\"Counting pulse voltage\" >Counting pulse voltage <\/td><td data-cell-id=\"B3\" data-x=\"1\" data-y=\"3\" data-db-index=\"3\" class=\"htCenter htMiddle bg-c7c7c7\" data-cell-type=\"text\" data-original-value=\"AC 220 V, AC 110 V, DC 24 V, DC 12 V etc.\" data-order=\"AC 220 V, AC 110 V, DC 24 V, DC 12 V etc.\" >AC 220 V, AC 110 V, DC 24 V, DC 12 V etc. <\/td><\/tr><tr style=\"height:px\" ><td data-cell-id=\"A4\" data-x=\"0\" data-y=\"4\" data-db-index=\"4\" class=\"htCenter htMiddle\" data-cell-type=\"text\" data-original-value=\"Counting speed\" data-order=\"Counting speed\" >Counting speed <\/td><td data-cell-id=\"B4\" data-x=\"1\" data-y=\"4\" data-db-index=\"4\" class=\"htCenter htMiddle\" data-cell-type=\"text\" data-original-value=\"AC: 10CPS, DC: 20CPS\" data-order=\"AC: 10CPS, DC: 20CPS\" >AC: 10CPS, DC: 20CPS <\/td><\/tr><tr style=\"height:px\" ><td data-cell-id=\"A5\" data-x=\"0\" data-y=\"5\" data-db-index=\"5\" class=\"htCenter htMiddle bg-c7c7c7\" data-cell-type=\"text\" data-original-value=\"Lifetime\" data-order=\"Lifetime\" >Lifetime <\/td><td data-cell-id=\"B5\" data-x=\"1\" data-y=\"5\" data-db-index=\"5\" class=\"htCenter htMiddle bg-c7c7c7\" data-cell-type=\"text\" data-original-value=\"2*10^7 times\" data-order=\"2*10^7 times\" >2*10^7 times <\/td><\/tr><tr style=\"height:px\" ><td data-cell-id=\"A6\" data-x=\"0\" data-y=\"6\" data-db-index=\"6\" class=\"htCenter htMiddle\" data-cell-type=\"text\" data-original-value=\"Installation Method: panel\" data-order=\"Installation Method: panel\" >Installation Method: panel <\/td><td data-cell-id=\"B6\" data-x=\"1\" data-y=\"6\" data-db-index=\"6\" class=\"htMiddle htCenter\" data-cell-type=\"text\" data-original-value=\"Panel mounting\" data-order=\"Panel mounting\" >Panel mounting <\/td><\/tr><tr style=\"height:px\" ><td data-cell-id=\"A7\" data-x=\"0\" data-y=\"7\" data-db-index=\"7\" class=\"htCenter htMiddle bg-c7c7c7\" data-cell-type=\"text\" data-original-value=\"Power consumption\" data-order=\"Power consumption\" >Power consumption <\/td><td data-cell-id=\"B7\" data-x=\"1\" data-y=\"7\" data-db-index=\"7\" class=\"htCenter htMiddle bg-c7c7c7\" data-cell-type=\"text\" data-original-value=\"AC: 3 VA, DC: 3.5 W\" data-order=\"AC: 3 VA, DC: 3.5 W\" >AC: 3 VA, DC: 3.5 W <\/td><\/tr><tr style=\"height:px\" ><td data-cell-id=\"A8\" data-x=\"0\" data-y=\"8\" data-db-index=\"8\" class=\"htMiddle htCenter\" data-cell-type=\"text\" data-original-value=\"Reset function\" data-order=\"Reset function\" >Reset function <\/td><td data-cell-id=\"B8\" data-x=\"1\" data-y=\"8\" data-db-index=\"8\" class=\"htMiddle htCenter\" data-cell-type=\"text\" data-original-value=\"Pressing type (with lock)\" data-order=\"Pressing type (with lock)\" >Pressing type (with lock) <\/td><\/tr><tr style=\"height:px\" ><td data-cell-id=\"A9\" data-x=\"0\" data-y=\"9\" data-db-index=\"9\" class=\"htCenter htMiddle bg-c7c7c7\" data-cell-type=\"text\" data-original-value=\"Ambient temperature\" data-order=\"Ambient temperature\" >Ambient temperature <\/td><td data-cell-id=\"B9\" data-x=\"1\" data-y=\"9\" data-db-index=\"9\" class=\"htCenter htMiddle bg-c7c7c7\" data-cell-type=\"text\" data-original-value=\"-10\u2103~+50\u2103\" data-order=\"-10\u2103~+50\u2103\" >-10\u2103~+50\u2103 <\/td><\/tr><tr style=\"height:px\" ><td data-cell-id=\"A10\" data-x=\"0\" data-y=\"10\" data-db-index=\"10\" class=\"htCenter htMiddle\" data-cell-type=\"text\" data-original-value=\"Ambient humidity\" data-order=\"Ambient humidity\" >Ambient humidity <\/td><td data-cell-id=\"B10\" data-x=\"1\" data-y=\"10\" data-db-index=\"10\" class=\"htCenter htMiddle\" data-cell-type=\"text\" data-original-value=\"48~85%RH\" data-order=\"48~85%RH\" >48~85%RH <\/td><\/tr><\/tbody><\/table><!-- \/#supsystic-table-44.supsystic-table --><\/div><!-- \/.supsystic-tables-wrap --><!-- Tables Generator by Supsystic --><!-- Version:1.11.0 --><!-- http:\/\/supsystic.com\/ --><a title=\"WordPress Data Table Plugin\" style=\"display:none;\" href=\"https:\/\/supsystic.com\/plugins\/wordpress-data-table-plugin\/?utm_medium=love_link\" target=\"_blank\">WordPress Data Table Plugin<\/a>\n","protected":false},"excerpt":{"rendered":"<ol>\n<li>Contagem m\u00e1xima de 999.999 vezes,<\/li>\n<li>F\u00e1cil montagem com encaixe,<\/li>\n<li>Sinal de contagem selecion\u00e1vel em CC ou CA,<\/li>\n<li>Produto de maior qualidade de um fornecedor chin\u00eas,<\/li>\n<li>A Lorentzzi oferece uma garantia de 2 anos.<\/li>\n<\/ol>","protected":false},"featured_media":6323,"template":"","meta":{"site-sidebar-layout":"default","site-content-layout":"default","ast-site-content-layout":"default","site-content-style":"default","site-sidebar-style":"default","ast-global-header-display":"","ast-banner-title-visibility":"","ast-main-header-display":"","ast-hfb-above-header-display":"","ast-hfb-below-header-display":"","ast-hfb-mobile-header-display":"","site-post-title":"","ast-breadcrumbs-content":"","ast-featured-img":"","footer-sml-layout":"","ast-disable-related-posts":"","theme-transparent-header-meta":"default","adv-header-id-meta":"","stick-header-meta":"","header-above-stick-meta":"","header-main-stick-meta":"","header-below-stick-meta":"","astra-migrate-meta-layouts":"set","ast-page-background-enabled":"default","ast-page-background-meta":{"desktop":{"background-color":"","background-image":"","background-repeat":"repeat","background-position":"center center","background-size":"auto","background-attachment":"scroll","background-type":"","background-media":"","overlay-type":"","overlay-color":"","overlay-opacity":"","overlay-gradient":""},"tablet":{"background-color":"","background-image":"","background-repeat":"repeat","background-position":"center center","background-size":"auto","background-attachment":"scroll","background-type":"","background-media":"","overlay-type":"","overlay-color":"","overlay-opacity":"","overlay-gradient":""},"mobile":{"background-color":"","background-image":"","background-repeat":"repeat","background-position":"center center","background-size":"auto","background-attachment":"scroll","background-type":"","background-media":"","overlay-type":"","overlay-color":"","overlay-opacity":"","overlay-gradient":""}},"ast-content-background-meta":{"desktop":{"background-color":"var(--ast-global-color-5)","background-image":"","background-repeat":"repeat","background-position":"center center","background-size":"auto","background-attachment":"scroll","background-type":"","background-media":"","overlay-type":"","overlay-color":"","overlay-opacity":"","overlay-gradient":""},"tablet":{"background-color":"var(--ast-global-color-5)","background-image":"","background-repeat":"repeat","background-position":"center center","background-size":"auto","background-attachment":"scroll","background-type":"","background-media":"","overlay-type":"","overlay-color":"","overlay-opacity":"","overlay-gradient":""},"mobile":{"background-color":"var(--ast-global-color-5)","background-image":"","background-repeat":"repeat","background-position":"center center","background-size":"auto","background-attachment":"scroll","background-type":"","background-media":"","overlay-type":"","overlay-color":"","overlay-opacity":"","overlay-gradient":""}}},"product_brand":[],"product_cat":[116,106],"product_tag":[],"class_list":{"0":"post-6327","1":"product","2":"type-product","3":"status-publish","4":"has-post-thumbnail","6":"product_cat-pulse-counter","7":"product_cat-timer-switch-and-counter","8":"desktop-align-center","9":"tablet-align-left","10":"mobile-align-left","12":"first","13":"instock","14":"shipping-taxable","15":"product-type-simple"},"yoast_head":"<!-- This site is optimized with the Yoast SEO Premium plugin v24.0 (Yoast SEO v27.4) - https:\/\/yoast.com\/product\/yoast-seo-premium-wordpress\/ -->\n<title>6 Digit Electromagnetic Counter, CSK6-NKW, DC\/AC Power Supply<\/title>\n<meta name=\"description\" content=\"The Lorentzzi Csk6-nkw 6 digit electromagnetic pulse counter is used to record the cumulative number of electrical pulse signals, click to view more now!\" \/>\n<meta name=\"robots\" content=\"index, follow, max-snippet:-1, max-image-preview:large, max-video-preview:-1\" \/>\n<link rel=\"canonical\" href=\"https:\/\/lorentzzi.com\/pt\/products\/timer-switch-and-counter\/pulse-counter\/6-digit-electromagnetic-counter-csk6-nkw-dc-ac-power-supply\/\" \/>\n<meta property=\"og:locale\" content=\"pt_BR\" \/>\n<meta property=\"og:type\" content=\"article\" \/>\n<meta property=\"og:title\" content=\"6 Digit Electromagnetic Counter, CSK6-NKW, DC\/AC Power Supply\" \/>\n<meta property=\"og:description\" content=\"The Lorentzzi Csk6-nkw 6 digit electromagnetic pulse counter is used to record the cumulative number of electrical pulse signals, click to view more now!\" \/>\n<meta property=\"og:url\" content=\"https:\/\/lorentzzi.com\/pt\/products\/timer-switch-and-counter\/pulse-counter\/6-digit-electromagnetic-counter-csk6-nkw-dc-ac-power-supply\/\" \/>\n<meta property=\"og:site_name\" content=\"Lorentzzi Industrial Supply-Chinese Manufacturer&amp;Exporter\" \/>\n<meta property=\"article:modified_time\" content=\"2025-11-26T02:37:07+00:00\" \/>\n<meta property=\"og:image\" content=\"https:\/\/lorentzzi.com\/wp-content\/uploads\/2022\/12\/CSK6-YKW-1-P-1.jpg\" \/>\n\t<meta property=\"og:image:width\" content=\"640\" \/>\n\t<meta property=\"og:image:height\" content=\"640\" \/>\n\t<meta property=\"og:image:type\" content=\"image\/jpeg\" \/>\n<meta name=\"twitter:card\" content=\"summary_large_image\" \/>\n<meta name=\"twitter:label1\" content=\"Est. tempo de leitura\" \/>\n\t<meta name=\"twitter:data1\" content=\"1 minuto\" \/>\n<script type=\"application\/ld+json\" class=\"yoast-schema-graph\">{\"@context\":\"https:\\\/\\\/schema.org\",\"@graph\":[{\"@type\":\"WebPage\",\"@id\":\"https:\\\/\\\/lorentzzi.com\\\/products\\\/timer-switch-and-counter\\\/pulse-counter\\\/6-digit-electromagnetic-counter-csk6-nkw-dc-ac-power-supply\\\/\",\"url\":\"https:\\\/\\\/lorentzzi.com\\\/products\\\/timer-switch-and-counter\\\/pulse-counter\\\/6-digit-electromagnetic-counter-csk6-nkw-dc-ac-power-supply\\\/\",\"name\":\"6 Digit Electromagnetic Counter, CSK6-NKW, DC\\\/AC Power Supply\",\"isPartOf\":{\"@id\":\"https:\\\/\\\/lorentzzi.com\\\/#website\"},\"primaryImageOfPage\":{\"@id\":\"https:\\\/\\\/lorentzzi.com\\\/products\\\/timer-switch-and-counter\\\/pulse-counter\\\/6-digit-electromagnetic-counter-csk6-nkw-dc-ac-power-supply\\\/#primaryimage\"},\"image\":{\"@id\":\"https:\\\/\\\/lorentzzi.com\\\/products\\\/timer-switch-and-counter\\\/pulse-counter\\\/6-digit-electromagnetic-counter-csk6-nkw-dc-ac-power-supply\\\/#primaryimage\"},\"thumbnailUrl\":\"https:\\\/\\\/lorentzzi.com\\\/wp-content\\\/uploads\\\/2022\\\/12\\\/CSK6-YKW-1-P-1.jpg\",\"datePublished\":\"2022-12-04T08:43:14+00:00\",\"dateModified\":\"2025-11-26T02:37:07+00:00\",\"description\":\"The Lorentzzi Csk6-nkw 6 digit electromagnetic pulse counter is used to record the cumulative number of electrical pulse signals, click to view more now!\",\"breadcrumb\":{\"@id\":\"https:\\\/\\\/lorentzzi.com\\\/products\\\/timer-switch-and-counter\\\/pulse-counter\\\/6-digit-electromagnetic-counter-csk6-nkw-dc-ac-power-supply\\\/#breadcrumb\"},\"inLanguage\":\"pt-BR\",\"potentialAction\":[{\"@type\":\"ReadAction\",\"target\":[\"https:\\\/\\\/lorentzzi.com\\\/products\\\/timer-switch-and-counter\\\/pulse-counter\\\/6-digit-electromagnetic-counter-csk6-nkw-dc-ac-power-supply\\\/\"]}]},{\"@type\":\"ImageObject\",\"inLanguage\":\"pt-BR\",\"@id\":\"https:\\\/\\\/lorentzzi.com\\\/products\\\/timer-switch-and-counter\\\/pulse-counter\\\/6-digit-electromagnetic-counter-csk6-nkw-dc-ac-power-supply\\\/#primaryimage\",\"url\":\"https:\\\/\\\/lorentzzi.com\\\/wp-content\\\/uploads\\\/2022\\\/12\\\/CSK6-YKW-1-P-1.jpg\",\"contentUrl\":\"https:\\\/\\\/lorentzzi.com\\\/wp-content\\\/uploads\\\/2022\\\/12\\\/CSK6-YKW-1-P-1.jpg\",\"width\":640,\"height\":640,\"caption\":\"6 Digit Electromagnetic Counter, CSK6-NKW, DC\\\/AC Power Supply\"},{\"@type\":\"BreadcrumbList\",\"@id\":\"https:\\\/\\\/lorentzzi.com\\\/products\\\/timer-switch-and-counter\\\/pulse-counter\\\/6-digit-electromagnetic-counter-csk6-nkw-dc-ac-power-supply\\\/#breadcrumb\",\"itemListElement\":[{\"@type\":\"ListItem\",\"position\":1,\"name\":\"Home\",\"item\":\"https:\\\/\\\/lorentzzi.com\\\/\"},{\"@type\":\"ListItem\",\"position\":2,\"name\":\"Products\",\"item\":\"https:\\\/\\\/lorentzzi.com\\\/products\\\/\"},{\"@type\":\"ListItem\",\"position\":3,\"name\":\"6 Digit Electromagnetic Counter, CSK6-NKW, DC\\\/AC Power Supply\"}]},{\"@type\":\"WebSite\",\"@id\":\"https:\\\/\\\/lorentzzi.com\\\/#website\",\"url\":\"https:\\\/\\\/lorentzzi.com\\\/\",\"name\":\"Lorentzzi Industrial Supply-Chinese Manufacturer&amp;Exporter\",\"description\":\"Lorentzzi supply temperature controller, SSR, proximity sensor, SCR power regulator and timer switch with good quality and affordable prices.\",\"publisher\":{\"@id\":\"https:\\\/\\\/lorentzzi.com\\\/#organization\"},\"potentialAction\":[{\"@type\":\"SearchAction\",\"target\":{\"@type\":\"EntryPoint\",\"urlTemplate\":\"https:\\\/\\\/lorentzzi.com\\\/?s={search_term_string}\"},\"query-input\":{\"@type\":\"PropertyValueSpecification\",\"valueRequired\":true,\"valueName\":\"search_term_string\"}}],\"inLanguage\":\"pt-BR\"},{\"@type\":\"Organization\",\"@id\":\"https:\\\/\\\/lorentzzi.com\\\/#organization\",\"name\":\"Lorentzzi Industrial Supply-Chinese Manufacturer&amp;Exporter\",\"url\":\"https:\\\/\\\/lorentzzi.com\\\/\",\"logo\":{\"@type\":\"ImageObject\",\"inLanguage\":\"pt-BR\",\"@id\":\"https:\\\/\\\/lorentzzi.com\\\/#\\\/schema\\\/logo\\\/image\\\/\",\"url\":\"https:\\\/\\\/lorentzzi.com\\\/wp-content\\\/uploads\\\/2021\\\/07\\\/Lorenz-Electric-Company-Logo.png\",\"contentUrl\":\"https:\\\/\\\/lorentzzi.com\\\/wp-content\\\/uploads\\\/2021\\\/07\\\/Lorenz-Electric-Company-Logo.png\",\"width\":350,\"height\":100,\"caption\":\"Lorentzzi Industrial Supply-Chinese Manufacturer&amp;Exporter\"},\"image\":{\"@id\":\"https:\\\/\\\/lorentzzi.com\\\/#\\\/schema\\\/logo\\\/image\\\/\"}}]}<\/script>\n<!-- \/ Yoast SEO Premium plugin. -->","yoast_head_json":{"title":"Contador eletromagn\u00e9tico de 6 d\u00edgitos, CSK6-NKW, fonte de alimenta\u00e7\u00e3o CC\/CA","description":"O contador eletromagn\u00e9tico de pulsos de 6 d\u00edgitos Lorentzzi Csk6-nkw \u00e9 utilizado para registrar o n\u00famero acumulado de sinais de pulsos el\u00e9tricos. Clique para saber mais agora!","robots":{"index":"index","follow":"follow","max-snippet":"max-snippet:-1","max-image-preview":"max-image-preview:large","max-video-preview":"max-video-preview:-1"},"canonical":"https:\/\/lorentzzi.com\/pt\/products\/timer-switch-and-counter\/pulse-counter\/6-digit-electromagnetic-counter-csk6-nkw-dc-ac-power-supply\/","og_locale":"pt_BR","og_type":"article","og_title":"6 Digit Electromagnetic Counter, CSK6-NKW, DC\/AC Power Supply","og_description":"The Lorentzzi Csk6-nkw 6 digit electromagnetic pulse counter is used to record the cumulative number of electrical pulse signals, click to view more now!","og_url":"https:\/\/lorentzzi.com\/pt\/products\/timer-switch-and-counter\/pulse-counter\/6-digit-electromagnetic-counter-csk6-nkw-dc-ac-power-supply\/","og_site_name":"Lorentzzi Industrial Supply-Chinese Manufacturer&amp;Exporter","article_modified_time":"2025-11-26T02:37:07+00:00","og_image":[{"width":640,"height":640,"url":"https:\/\/lorentzzi.com\/wp-content\/uploads\/2022\/12\/CSK6-YKW-1-P-1.jpg","type":"image\/jpeg"}],"twitter_card":"summary_large_image","twitter_misc":{"Est. tempo de leitura":"1 minuto"},"schema":{"@context":"https:\/\/schema.org","@graph":[{"@type":"WebPage","@id":"https:\/\/lorentzzi.com\/products\/timer-switch-and-counter\/pulse-counter\/6-digit-electromagnetic-counter-csk6-nkw-dc-ac-power-supply\/","url":"https:\/\/lorentzzi.com\/products\/timer-switch-and-counter\/pulse-counter\/6-digit-electromagnetic-counter-csk6-nkw-dc-ac-power-supply\/","name":"Contador eletromagn\u00e9tico de 6 d\u00edgitos, CSK6-NKW, fonte de alimenta\u00e7\u00e3o CC\/CA","isPartOf":{"@id":"https:\/\/lorentzzi.com\/#website"},"primaryImageOfPage":{"@id":"https:\/\/lorentzzi.com\/products\/timer-switch-and-counter\/pulse-counter\/6-digit-electromagnetic-counter-csk6-nkw-dc-ac-power-supply\/#primaryimage"},"image":{"@id":"https:\/\/lorentzzi.com\/products\/timer-switch-and-counter\/pulse-counter\/6-digit-electromagnetic-counter-csk6-nkw-dc-ac-power-supply\/#primaryimage"},"thumbnailUrl":"https:\/\/lorentzzi.com\/wp-content\/uploads\/2022\/12\/CSK6-YKW-1-P-1.jpg","datePublished":"2022-12-04T08:43:14+00:00","dateModified":"2025-11-26T02:37:07+00:00","description":"O contador eletromagn\u00e9tico de pulsos de 6 d\u00edgitos Lorentzzi Csk6-nkw \u00e9 utilizado para registrar o n\u00famero acumulado de sinais de pulsos el\u00e9tricos. Clique para saber mais agora!","breadcrumb":{"@id":"https:\/\/lorentzzi.com\/products\/timer-switch-and-counter\/pulse-counter\/6-digit-electromagnetic-counter-csk6-nkw-dc-ac-power-supply\/#breadcrumb"},"inLanguage":"pt-BR","potentialAction":[{"@type":"ReadAction","target":["https:\/\/lorentzzi.com\/products\/timer-switch-and-counter\/pulse-counter\/6-digit-electromagnetic-counter-csk6-nkw-dc-ac-power-supply\/"]}]},{"@type":"ImageObject","inLanguage":"pt-BR","@id":"https:\/\/lorentzzi.com\/products\/timer-switch-and-counter\/pulse-counter\/6-digit-electromagnetic-counter-csk6-nkw-dc-ac-power-supply\/#primaryimage","url":"https:\/\/lorentzzi.com\/wp-content\/uploads\/2022\/12\/CSK6-YKW-1-P-1.jpg","contentUrl":"https:\/\/lorentzzi.com\/wp-content\/uploads\/2022\/12\/CSK6-YKW-1-P-1.jpg","width":640,"height":640,"caption":"6 Digit Electromagnetic Counter, CSK6-NKW, DC\/AC Power Supply"},{"@type":"BreadcrumbList","@id":"https:\/\/lorentzzi.com\/products\/timer-switch-and-counter\/pulse-counter\/6-digit-electromagnetic-counter-csk6-nkw-dc-ac-power-supply\/#breadcrumb","itemListElement":[{"@type":"ListItem","position":1,"name":"Home","item":"https:\/\/lorentzzi.com\/"},{"@type":"ListItem","position":2,"name":"Products","item":"https:\/\/lorentzzi.com\/products\/"},{"@type":"ListItem","position":3,"name":"6 Digit Electromagnetic Counter, CSK6-NKW, DC\/AC Power Supply"}]},{"@type":"WebSite","@id":"https:\/\/lorentzzi.com\/#website","url":"https:\/\/lorentzzi.com\/","name":"Lorentzzi Industrial Supply - Fabricante e exportador chin\u00eas","description":"A Lorentzzi fornece controlador de temperatura, SSR, sensor de proximidade, regulador de pot\u00eancia SCR e chave temporizadora com boa qualidade e pre\u00e7os acess\u00edveis.","publisher":{"@id":"https:\/\/lorentzzi.com\/#organization"},"potentialAction":[{"@type":"SearchAction","target":{"@type":"EntryPoint","urlTemplate":"https:\/\/lorentzzi.com\/?s={search_term_string}"},"query-input":{"@type":"PropertyValueSpecification","valueRequired":true,"valueName":"search_term_string"}}],"inLanguage":"pt-BR"},{"@type":"Organization","@id":"https:\/\/lorentzzi.com\/#organization","name":"Lorentzzi Industrial Supply - Fabricante e exportador chin\u00eas","url":"https:\/\/lorentzzi.com\/","logo":{"@type":"ImageObject","inLanguage":"pt-BR","@id":"https:\/\/lorentzzi.com\/#\/schema\/logo\/image\/","url":"https:\/\/lorentzzi.com\/wp-content\/uploads\/2021\/07\/Lorenz-Electric-Company-Logo.png","contentUrl":"https:\/\/lorentzzi.com\/wp-content\/uploads\/2021\/07\/Lorenz-Electric-Company-Logo.png","width":350,"height":100,"caption":"Lorentzzi Industrial Supply-Chinese Manufacturer&amp;Exporter"},"image":{"@id":"https:\/\/lorentzzi.com\/#\/schema\/logo\/image\/"}}]}},"_links":{"self":[{"href":"https:\/\/lorentzzi.com\/pt\/wp-json\/wp\/v2\/product\/6327","targetHints":{"allow":["GET"]}}],"collection":[{"href":"https:\/\/lorentzzi.com\/pt\/wp-json\/wp\/v2\/product"}],"about":[{"href":"https:\/\/lorentzzi.com\/pt\/wp-json\/wp\/v2\/types\/product"}],"version-history":[{"count":6,"href":"https:\/\/lorentzzi.com\/pt\/wp-json\/wp\/v2\/product\/6327\/revisions"}],"predecessor-version":[{"id":19254,"href":"https:\/\/lorentzzi.com\/pt\/wp-json\/wp\/v2\/product\/6327\/revisions\/19254"}],"wp:featuredmedia":[{"embeddable":true,"href":"https:\/\/lorentzzi.com\/pt\/wp-json\/wp\/v2\/media\/6323"}],"wp:attachment":[{"href":"https:\/\/lorentzzi.com\/pt\/wp-json\/wp\/v2\/media?parent=6327"}],"wp:term":[{"taxonomy":"product_brand","embeddable":true,"href":"https:\/\/lorentzzi.com\/pt\/wp-json\/wp\/v2\/product_brand?post=6327"},{"taxonomy":"product_cat","embeddable":true,"href":"https:\/\/lorentzzi.com\/pt\/wp-json\/wp\/v2\/product_cat?post=6327"},{"taxonomy":"product_tag","embeddable":true,"href":"https:\/\/lorentzzi.com\/pt\/wp-json\/wp\/v2\/product_tag?post=6327"}],"curies":[{"name":"wp","href":"https:\/\/api.w.org\/{rel}","templated":true}]}}