{"id":6085,"date":"2022-11-27T14:07:39","date_gmt":"2022-11-27T06:07:39","guid":{"rendered":"https:\/\/lorentzzi.com\/?post_type=product&#038;p=6085"},"modified":"2025-12-11T15:02:01","modified_gmt":"2025-12-11T07:02:01","slug":"sul181h-timer-switch","status":"publish","type":"product","link":"https:\/\/lorentzzi.com\/pt\/products\/timer-switch-and-counter\/timer\/sul181h-timer-switch\/","title":{"rendered":"Chave de temporizador SUL181H"},"content":{"rendered":"<h2><strong>Introduction:<\/strong><\/h2>\n<ul>\n<li style=\"list-style-type: none;\">\n<ul>\n<li style=\"font-weight: 400;\" aria-level=\"1\"><a href=\"https:\/\/lorentzzi.com\/\"><span style=\"color: #ff0000;\"><strong>Lorentzzi\u00ae<\/strong><\/span><\/a> SUL181H is an analog mechanical timer switch designed for street lighting, neon signs, billboards, heating and ventilation controls, irrigation pump controls, automatic tank filling, etc.<\/li>\n<li style=\"font-weight: 400;\" aria-level=\"1\">The setting time range of SUL181H is 0-24 hours, and the minimum setting time is 30 minutes, so up to 24*60\/30=48 segments can be set every day.<\/li>\n<li style=\"font-weight: 400;\" aria-level=\"1\">The product size is 54*110*68 mm and adopts DIN rail mounting structure, which is convenient for installation on 35 mm DIN rail.<\/li>\n<li style=\"font-weight: 400;\" aria-level=\"1\"><span style=\"font-weight: 400;\">Working voltage is as wide as 110-230 VAC 50\/60 Hz. No matter what the voltage is in your location, you can use it with confidence.<\/span><\/li>\n<li style=\"font-weight: 400;\" aria-level=\"1\">Built-in large-capacity button battery, the SUL181H timer can continue to run for 100 hours when the power is cut off.<\/li>\n<li aria-level=\"1\">The working mode can be automatic or manual.<\/li>\n<li style=\"font-weight: 400;\" aria-level=\"1\">The maximum allowable current of the output contact is 16 A, and the maximum load power reaches 3500 W. If you want to expand its load capacity to the next level, you may consider using our AC AC <span style=\"color: #ff0000;\"><a style=\"color: #ff0000;\" href=\"https:\/\/lorentzzi.com\/solid-state-relays\/\">SSR<\/a> <\/span>or <span style=\"color: #ff0000;\"><a style=\"color: #ff0000;\" href=\"https:\/\/lorentzzi.com\/products\/accessories\/cjx2-contactor\/\">AC contactor<\/a><\/span> to operate heavy loads.<\/li>\n<li aria-level=\"1\"><strong>Want to know the latest price of our SUL181H analog timer switch? Please fill out the form below to get a quote immediately!<\/strong><\/li>\n<\/ul>\n<\/li>\n<\/ul>\n<h2>Wiring Diagram:<\/h2>\n<p><img fetchpriority=\"high\" decoding=\"async\" class=\"aligncenter wp-image-17249 size-full\" src=\"https:\/\/lorentzzi.com\/wp-content\/uploads\/2022\/11\/SUL181H-timer-switch-panel-description-and-wiring-diagram.jpg\" alt=\"SUL181H timer switch panel description and wiring diagram\" width=\"1024\" height=\"512\" srcset=\"https:\/\/lorentzzi.com\/wp-content\/uploads\/2022\/11\/SUL181H-timer-switch-panel-description-and-wiring-diagram.jpg 1024w, https:\/\/lorentzzi.com\/wp-content\/uploads\/2022\/11\/SUL181H-timer-switch-panel-description-and-wiring-diagram-300x150.jpg 300w, https:\/\/lorentzzi.com\/wp-content\/uploads\/2022\/11\/SUL181H-timer-switch-panel-description-and-wiring-diagram-768x384.jpg 768w, https:\/\/lorentzzi.com\/wp-content\/uploads\/2022\/11\/SUL181H-timer-switch-panel-description-and-wiring-diagram-600x300.jpg 600w, https:\/\/lorentzzi.com\/wp-content\/uploads\/2022\/11\/SUL181H-timer-switch-panel-description-and-wiring-diagram-64x32.jpg 64w\" sizes=\"(max-width: 1024px) 100vw, 1024px\" \/><\/p>\n<h2><strong>Specifications:<\/strong><\/h2>\n<div class=\"supsystic-table-loader spinner\"style=\"background-color:#000000\"><\/div><div id=\"supsystic-table-36_75487\" class=\"supsystic-tables-wrap \" style=\" width:100%; visibility: hidden; \" data-table-width-fixed=\"100%\" data-table-width-mobile=\"100%\" ><table id=\"supsystic-table-36\" class=\"supsystic-table border lightboxImg cell-border\" data-id=\"36\" data-view-id=\"36_75487\" data-title=\"SUL181H\" data-currency-format=\"$1,000.00\" data-percent-format=\"10.00%\" data-date-format=\"DD.MM.YYYY\" data-time-format=\"HH:mm\" data-features=\"[&quot;after_table_loaded_script&quot;]\" data-search-value=\"\" data-lightbox-img=\"\" data-head-rows-count=\"1\" data-pagination-length=\"50,100,All\" data-auto-index=\"off\" data-searching-settings=\"{&quot;columnSearchPosition&quot;:&quot;bottom&quot;,&quot;minChars&quot;:&quot;0&quot;}\" data-lang=\"default\" data-override=\"{&quot;emptyTable&quot;:&quot;&quot;,&quot;info&quot;:&quot;&quot;,&quot;infoEmpty&quot;:&quot;&quot;,&quot;infoFiltered&quot;:&quot;&quot;,&quot;lengthMenu&quot;:&quot;&quot;,&quot;search&quot;:&quot;&quot;,&quot;previous&quot;:&quot;&quot;,&quot;next&quot;:&quot;&quot;,&quot;zeroRecords&quot;:&quot;&quot;,&quot;exportLabel&quot;:&quot;&quot;,&quot;file&quot;:&quot;default&quot;}\" data-merged=\"[]\" data-responsive-mode=\"0\" data-from-history=\"0\" ><thead><tr><th class=\"\" style=\"width:; padding: 0 !important;\"><\/th><th class=\"\" style=\"width:; padding: 0 !important;\"><\/th><\/tr><\/thead><tbody><tr style=\"height:px\" ><td data-cell-id=\"A1\" data-x=\"0\" data-y=\"1\" data-db-index=\"1\" class=\"htCenter htMiddle bg-c7c7c7\" data-cell-type=\"text\" data-original-value=\"Model\" data-order=\"Model\" style=\"min-width:39.7119%; \" >Model <\/td><td data-cell-id=\"B1\" data-x=\"1\" data-y=\"1\" data-db-index=\"1\" class=\"htCenter htMiddle bg-c7c7c7\" data-cell-type=\"text\" data-original-value=\"SUL181H\" data-order=\"SUL181H\" style=\"min-width:60.2881%; \" >SUL181H <\/td><\/tr><tr style=\"height:px\" ><td data-cell-id=\"A2\" data-x=\"0\" data-y=\"2\" data-db-index=\"2\" class=\"htCenter htMiddle\" data-cell-type=\"text\" data-original-value=\"Full timing range\" data-order=\"Full timing range\" >Full timing range <\/td><td data-cell-id=\"B2\" data-x=\"1\" data-y=\"2\" data-db-index=\"2\" class=\"htCenter htMiddle\" data-cell-type=\"text\" data-original-value=\"24 hours\" data-order=\"24 hours\" >24 hours <\/td><\/tr><tr style=\"height:px\" ><td data-cell-id=\"A3\" data-x=\"0\" data-y=\"3\" data-db-index=\"3\" class=\"htCenter htMiddle bg-c7c7c7\" data-cell-type=\"text\" data-original-value=\"Operating voltage\" data-order=\"Operating voltage\" >Operating voltage <\/td><td data-cell-id=\"B3\" data-x=\"1\" data-y=\"3\" data-db-index=\"3\" class=\"htCenter htMiddle bg-c7c7c7\" data-cell-type=\"text\" data-original-value=\"110~120 VAC, 220~240 VAC, 50\/60 Hz\" data-order=\"110~120 VAC, 220~240 VAC, 50\/60 Hz\" >110~120 VAC, 220~240 VAC, 50\/60 Hz <\/td><\/tr><tr style=\"height:px\" ><td data-cell-id=\"A4\" data-x=\"0\" data-y=\"4\" data-db-index=\"4\" class=\"htCenter htMiddle\" data-cell-type=\"text\" data-original-value=\"Contact capacity\" data-order=\"Contact capacity\" >Contact capacity <\/td><td data-cell-id=\"B4\" data-x=\"1\" data-y=\"4\" data-db-index=\"4\" class=\"htCenter htMiddle\" data-cell-type=\"text\" data-original-value=\"Resisitive load: 1000 W, Resistive Load: 16 A\/250 VAC(cos\u03a6=1) Inductive Load: 3 A\/250 VAC(cos\u03a6=0.6)\" data-order=\"Resisitive load: 1000 W, Resistive Load: 16 A\/250 VAC(cos\u03a6=1) Inductive Load: 3 A\/250 VAC(cos\u03a6=0.6)\" >Resisitive load: 1000 W, Resistive Load: 16 A\/250 VAC(cos\u03a6=1) Inductive Load: 3 A\/250 VAC(cos\u03a6=0.6) <\/td><\/tr><tr style=\"height:px\" ><td data-cell-id=\"A5\" data-x=\"0\" data-y=\"5\" data-db-index=\"5\" class=\"htCenter htMiddle bg-c7c7c7\" data-cell-type=\"text\" data-original-value=\"Contact resistance\" data-order=\"Contact resistance\" >Contact resistance <\/td><td data-cell-id=\"B5\" data-x=\"1\" data-y=\"5\" data-db-index=\"5\" class=\"htCenter htMiddle bg-c7c7c7\" data-cell-type=\"text\" data-original-value=\"\u226450 m\u03a9\" data-order=\"\u226450 m\u03a9\" >\u226450 m\u03a9 <\/td><\/tr><tr style=\"height:px\" ><td data-cell-id=\"A6\" data-x=\"0\" data-y=\"6\" data-db-index=\"6\" class=\"htCenter htMiddle\" data-cell-type=\"text\" data-original-value=\"Insulation resistance\" data-order=\"Insulation resistance\" >Insulation resistance <\/td><td data-cell-id=\"B6\" data-x=\"1\" data-y=\"6\" data-db-index=\"6\" class=\"htCenter htMiddle\" data-cell-type=\"text\" data-original-value=\"\u2265100 m\u03a9\" data-order=\"\u2265100 m\u03a9\" >\u2265100 m\u03a9 <\/td><\/tr><tr style=\"height:px\" ><td data-cell-id=\"A7\" data-x=\"0\" data-y=\"7\" data-db-index=\"7\" class=\"htCenter htMiddle bg-c7c7c7\" data-cell-type=\"text\" data-original-value=\"Minimum setting unit\" data-order=\"Minimum setting unit\" >Minimum setting unit <\/td><td data-cell-id=\"B7\" data-x=\"1\" data-y=\"7\" data-db-index=\"7\" class=\"htCenter htMiddle bg-c7c7c7\" data-cell-type=\"text\" data-original-value=\"30 minutes\" data-order=\"30 minutes\" >30 minutes <\/td><\/tr><tr style=\"height:px\" ><td data-cell-id=\"A8\" data-x=\"0\" data-y=\"8\" data-db-index=\"8\" class=\"htCenter htMiddle\" data-cell-type=\"text\" data-original-value=\"Set up times\" data-order=\"Set up times\" >Set up times <\/td><td data-cell-id=\"B8\" data-x=\"1\" data-y=\"8\" data-db-index=\"8\" class=\"htCenter htMiddle\" data-cell-type=\"text\" data-original-value=\"48 ON or OFF per day\" data-order=\"48 ON or OFF per day\" >48 ON or OFF per day <\/td><\/tr><tr style=\"height:px\" ><td data-cell-id=\"A9\" data-x=\"0\" data-y=\"9\" data-db-index=\"9\" class=\"htCenter htMiddle bg-c7c7c7\" data-cell-type=\"text\" data-original-value=\"Power reserve\" data-order=\"Power reserve\" >Power reserve <\/td><td data-cell-id=\"B9\" data-x=\"1\" data-y=\"9\" data-db-index=\"9\" class=\"htCenter htMiddle bg-c7c7c7\" data-cell-type=\"text\" data-original-value=\"100 hours\" data-order=\"100 hours\" >100 hours <\/td><\/tr><tr style=\"height:px\" ><td data-cell-id=\"A10\" data-x=\"0\" data-y=\"10\" data-db-index=\"10\" class=\"htCenter htMiddle\" data-cell-type=\"text\" data-original-value=\"Operating temperature\" data-order=\"Operating temperature\" >Operating temperature <\/td><td data-cell-id=\"B10\" data-x=\"1\" data-y=\"10\" data-db-index=\"10\" class=\"htCenter htMiddle\" data-cell-type=\"text\" data-original-value=\"-40\u00b0C~+55\u00b0C\" data-order=\"-40\u00b0C~+55\u00b0C\" >-40\u00b0C~+55\u00b0C <\/td><\/tr><tr style=\"height:px\" ><td data-cell-id=\"A11\" data-x=\"0\" data-y=\"11\" data-db-index=\"11\" class=\"htCenter htMiddle bg-c7c7c7\" data-cell-type=\"text\" data-original-value=\"Installation\" data-order=\"Installation\" >Installation <\/td><td data-cell-id=\"B11\" data-x=\"1\" data-y=\"11\" data-db-index=\"11\" class=\"htCenter htMiddle bg-c7c7c7\" data-cell-type=\"text\" data-original-value=\"35 mm DIN rail\" data-order=\"35 mm DIN rail\" >35 mm DIN rail <\/td><\/tr><tr style=\"height:px\" ><td data-cell-id=\"A12\" data-x=\"0\" data-y=\"12\" data-db-index=\"12\" class=\"htCenter htMiddle\" data-cell-type=\"text\" data-original-value=\"Product Size\" data-order=\"Product Size\" >Product Size <\/td><td data-cell-id=\"B12\" data-x=\"1\" data-y=\"12\" data-db-index=\"12\" class=\"htCenter htMiddle\" data-cell-type=\"text\" data-original-value=\"54*110*66.5 mm\" data-order=\"54*110*66.5 mm\" >54*110*66.5 mm <\/td><\/tr><\/tbody><\/table><!-- \/#supsystic-table-36.supsystic-table --><\/div><!-- \/.supsystic-tables-wrap --><!-- Tables Generator by Supsystic --><!-- Version:1.11.0 --><!-- http:\/\/supsystic.com\/ --><a title=\"WordPress Data Table Plugin\" style=\"display:none;\" href=\"https:\/\/supsystic.com\/plugins\/wordpress-data-table-plugin\/?utm_medium=love_link\" target=\"_blank\">WordPress Data Table Plugin<\/a>\n","protected":false},"excerpt":{"rendered":"<ol>\n<li style=\"font-weight: 400;\" aria-level=\"1\">Temporizador mec\u00e2nico di\u00e1rio program\u00e1vel\/c\u00edclico,<\/li>\n<li style=\"font-weight: 400;\" aria-level=\"1\">Montagem conveniente em trilho DIN de 35 mm,<\/li>\n<li style=\"font-weight: 400;\" aria-level=\"1\">Forte antivibra\u00e7\u00e3o e interfer\u00eancia eletromagn\u00e9tica,<\/li>\n<li style=\"font-weight: 400;\" aria-level=\"1\">Pode ser operado autom\u00e1tica ou manualmente,<\/li>\n<li style=\"font-weight: 400;\" aria-level=\"1\">Amplamente utilizado em aquecedores de \u00e1gua, ilumina\u00e7\u00e3o p\u00fablica, etc.<\/li>\n<\/ol>","protected":false},"featured_media":19419,"template":"","meta":{"site-sidebar-layout":"default","site-content-layout":"default","ast-site-content-layout":"default","site-content-style":"default","site-sidebar-style":"default","ast-global-header-display":"","ast-banner-title-visibility":"","ast-main-header-display":"","ast-hfb-above-header-display":"","ast-hfb-below-header-display":"","ast-hfb-mobile-header-display":"","site-post-title":"","ast-breadcrumbs-content":"","ast-featured-img":"","footer-sml-layout":"","ast-disable-related-posts":"","theme-transparent-header-meta":"default","adv-header-id-meta":"","stick-header-meta":"","header-above-stick-meta":"","header-main-stick-meta":"","header-below-stick-meta":"","astra-migrate-meta-layouts":"set","ast-page-background-enabled":"default","ast-page-background-meta":{"desktop":{"background-color":"","background-image":"","background-repeat":"repeat","background-position":"center center","background-size":"auto","background-attachment":"scroll","background-type":"","background-media":"","overlay-type":"","overlay-color":"","overlay-opacity":"","overlay-gradient":""},"tablet":{"background-color":"","background-image":"","background-repeat":"repeat","background-position":"center center","background-size":"auto","background-attachment":"scroll","background-type":"","background-media":"","overlay-type":"","overlay-color":"","overlay-opacity":"","overlay-gradient":""},"mobile":{"background-color":"","background-image":"","background-repeat":"repeat","background-position":"center center","background-size":"auto","background-attachment":"scroll","background-type":"","background-media":"","overlay-type":"","overlay-color":"","overlay-opacity":"","overlay-gradient":""}},"ast-content-background-meta":{"desktop":{"background-color":"var(--ast-global-color-5)","background-image":"","background-repeat":"repeat","background-position":"center center","background-size":"auto","background-attachment":"scroll","background-type":"","background-media":"","overlay-type":"","overlay-color":"","overlay-opacity":"","overlay-gradient":""},"tablet":{"background-color":"var(--ast-global-color-5)","background-image":"","background-repeat":"repeat","background-position":"center center","background-size":"auto","background-attachment":"scroll","background-type":"","background-media":"","overlay-type":"","overlay-color":"","overlay-opacity":"","overlay-gradient":""},"mobile":{"background-color":"var(--ast-global-color-5)","background-image":"","background-repeat":"repeat","background-position":"center center","background-size":"auto","background-attachment":"scroll","background-type":"","background-media":"","overlay-type":"","overlay-color":"","overlay-opacity":"","overlay-gradient":""}}},"product_brand":[],"product_cat":[115,106],"product_tag":[],"class_list":{"0":"post-6085","1":"product","2":"type-product","3":"status-publish","4":"has-post-thumbnail","6":"product_cat-timer","7":"product_cat-timer-switch-and-counter","8":"desktop-align-center","9":"tablet-align-left","10":"mobile-align-left","12":"first","13":"instock","14":"shipping-taxable","15":"product-type-simple"},"yoast_head":"<!-- This site is optimized with the Yoast SEO Premium plugin v24.0 (Yoast SEO v27.4) - https:\/\/yoast.com\/product\/yoast-seo-premium-wordpress\/ -->\n<title>SUL181H Timer Switch<\/title>\n<meta name=\"description\" content=\"The SUL181H is a analog mechanical timer switch specially designed for street light, neon light, advertising board, pump, motor etc., click to know more!\" \/>\n<meta name=\"robots\" content=\"index, follow, max-snippet:-1, max-image-preview:large, max-video-preview:-1\" \/>\n<link rel=\"canonical\" href=\"https:\/\/lorentzzi.com\/pt\/products\/timer-switch-and-counter\/timer\/sul181h-timer-switch\/\" \/>\n<meta property=\"og:locale\" content=\"pt_BR\" \/>\n<meta property=\"og:type\" content=\"article\" \/>\n<meta property=\"og:title\" content=\"SUL181H Timer Switch\" \/>\n<meta property=\"og:description\" content=\"The SUL181H is a analog mechanical timer switch specially designed for street light, neon light, advertising board, pump, motor etc., click to know more!\" \/>\n<meta property=\"og:url\" content=\"https:\/\/lorentzzi.com\/pt\/products\/timer-switch-and-counter\/timer\/sul181h-timer-switch\/\" \/>\n<meta property=\"og:site_name\" content=\"Lorentzzi Industrial Supply-Chinese Manufacturer&amp;Exporter\" \/>\n<meta property=\"article:modified_time\" content=\"2025-12-11T07:02:01+00:00\" \/>\n<meta property=\"og:image\" content=\"https:\/\/lorentzzi.com\/wp-content\/uploads\/2022\/11\/SUL181H-Timer-Switch.jpg\" \/>\n\t<meta property=\"og:image:width\" content=\"640\" \/>\n\t<meta property=\"og:image:height\" content=\"640\" \/>\n\t<meta property=\"og:image:type\" content=\"image\/jpeg\" \/>\n<meta name=\"twitter:card\" content=\"summary_large_image\" \/>\n<meta name=\"twitter:label1\" content=\"Est. tempo de leitura\" \/>\n\t<meta name=\"twitter:data1\" content=\"2 minutos\" \/>\n<script type=\"application\/ld+json\" class=\"yoast-schema-graph\">{\"@context\":\"https:\\\/\\\/schema.org\",\"@graph\":[{\"@type\":\"WebPage\",\"@id\":\"https:\\\/\\\/lorentzzi.com\\\/products\\\/timer-switch-and-counter\\\/timer\\\/sul181h-timer-switch\\\/\",\"url\":\"https:\\\/\\\/lorentzzi.com\\\/products\\\/timer-switch-and-counter\\\/timer\\\/sul181h-timer-switch\\\/\",\"name\":\"SUL181H Timer Switch\",\"isPartOf\":{\"@id\":\"https:\\\/\\\/lorentzzi.com\\\/#website\"},\"primaryImageOfPage\":{\"@id\":\"https:\\\/\\\/lorentzzi.com\\\/products\\\/timer-switch-and-counter\\\/timer\\\/sul181h-timer-switch\\\/#primaryimage\"},\"image\":{\"@id\":\"https:\\\/\\\/lorentzzi.com\\\/products\\\/timer-switch-and-counter\\\/timer\\\/sul181h-timer-switch\\\/#primaryimage\"},\"thumbnailUrl\":\"https:\\\/\\\/lorentzzi.com\\\/wp-content\\\/uploads\\\/2022\\\/11\\\/SUL181H-Timer-Switch.jpg\",\"datePublished\":\"2022-11-27T06:07:39+00:00\",\"dateModified\":\"2025-12-11T07:02:01+00:00\",\"description\":\"The SUL181H is a analog mechanical timer switch specially designed for street light, neon light, advertising board, pump, motor etc., click to know more!\",\"breadcrumb\":{\"@id\":\"https:\\\/\\\/lorentzzi.com\\\/products\\\/timer-switch-and-counter\\\/timer\\\/sul181h-timer-switch\\\/#breadcrumb\"},\"inLanguage\":\"pt-BR\",\"potentialAction\":[{\"@type\":\"ReadAction\",\"target\":[\"https:\\\/\\\/lorentzzi.com\\\/products\\\/timer-switch-and-counter\\\/timer\\\/sul181h-timer-switch\\\/\"]}]},{\"@type\":\"ImageObject\",\"inLanguage\":\"pt-BR\",\"@id\":\"https:\\\/\\\/lorentzzi.com\\\/products\\\/timer-switch-and-counter\\\/timer\\\/sul181h-timer-switch\\\/#primaryimage\",\"url\":\"https:\\\/\\\/lorentzzi.com\\\/wp-content\\\/uploads\\\/2022\\\/11\\\/SUL181H-Timer-Switch.jpg\",\"contentUrl\":\"https:\\\/\\\/lorentzzi.com\\\/wp-content\\\/uploads\\\/2022\\\/11\\\/SUL181H-Timer-Switch.jpg\",\"width\":640,\"height\":640,\"caption\":\"SUL181H Timer Switch\"},{\"@type\":\"BreadcrumbList\",\"@id\":\"https:\\\/\\\/lorentzzi.com\\\/products\\\/timer-switch-and-counter\\\/timer\\\/sul181h-timer-switch\\\/#breadcrumb\",\"itemListElement\":[{\"@type\":\"ListItem\",\"position\":1,\"name\":\"Home\",\"item\":\"https:\\\/\\\/lorentzzi.com\\\/\"},{\"@type\":\"ListItem\",\"position\":2,\"name\":\"Products\",\"item\":\"https:\\\/\\\/lorentzzi.com\\\/products\\\/\"},{\"@type\":\"ListItem\",\"position\":3,\"name\":\"SUL181H Timer Switch\"}]},{\"@type\":\"WebSite\",\"@id\":\"https:\\\/\\\/lorentzzi.com\\\/#website\",\"url\":\"https:\\\/\\\/lorentzzi.com\\\/\",\"name\":\"Lorentzzi Industrial Supply-Chinese Manufacturer&amp;Exporter\",\"description\":\"Lorentzzi supply temperature controller, SSR, proximity sensor, SCR power regulator and timer switch with good quality and affordable prices.\",\"publisher\":{\"@id\":\"https:\\\/\\\/lorentzzi.com\\\/#organization\"},\"potentialAction\":[{\"@type\":\"SearchAction\",\"target\":{\"@type\":\"EntryPoint\",\"urlTemplate\":\"https:\\\/\\\/lorentzzi.com\\\/?s={search_term_string}\"},\"query-input\":{\"@type\":\"PropertyValueSpecification\",\"valueRequired\":true,\"valueName\":\"search_term_string\"}}],\"inLanguage\":\"pt-BR\"},{\"@type\":\"Organization\",\"@id\":\"https:\\\/\\\/lorentzzi.com\\\/#organization\",\"name\":\"Lorentzzi Industrial Supply-Chinese Manufacturer&amp;Exporter\",\"url\":\"https:\\\/\\\/lorentzzi.com\\\/\",\"logo\":{\"@type\":\"ImageObject\",\"inLanguage\":\"pt-BR\",\"@id\":\"https:\\\/\\\/lorentzzi.com\\\/#\\\/schema\\\/logo\\\/image\\\/\",\"url\":\"https:\\\/\\\/lorentzzi.com\\\/wp-content\\\/uploads\\\/2021\\\/07\\\/Lorenz-Electric-Company-Logo.png\",\"contentUrl\":\"https:\\\/\\\/lorentzzi.com\\\/wp-content\\\/uploads\\\/2021\\\/07\\\/Lorenz-Electric-Company-Logo.png\",\"width\":350,\"height\":100,\"caption\":\"Lorentzzi Industrial Supply-Chinese Manufacturer&amp;Exporter\"},\"image\":{\"@id\":\"https:\\\/\\\/lorentzzi.com\\\/#\\\/schema\\\/logo\\\/image\\\/\"}}]}<\/script>\n<!-- \/ Yoast SEO Premium plugin. -->","yoast_head_json":{"title":"Chave de temporizador SUL181H","description":"O SUL181H \u00e9 um interruptor de temporizador mec\u00e2nico anal\u00f3gico especialmente projetado para luz de rua, luz neon, placa de publicidade, bomba, motor etc., clique para saber mais!","robots":{"index":"index","follow":"follow","max-snippet":"max-snippet:-1","max-image-preview":"max-image-preview:large","max-video-preview":"max-video-preview:-1"},"canonical":"https:\/\/lorentzzi.com\/pt\/products\/timer-switch-and-counter\/timer\/sul181h-timer-switch\/","og_locale":"pt_BR","og_type":"article","og_title":"SUL181H Timer Switch","og_description":"The SUL181H is a analog mechanical timer switch specially designed for street light, neon light, advertising board, pump, motor etc., click to know more!","og_url":"https:\/\/lorentzzi.com\/pt\/products\/timer-switch-and-counter\/timer\/sul181h-timer-switch\/","og_site_name":"Lorentzzi Industrial Supply-Chinese Manufacturer&amp;Exporter","article_modified_time":"2025-12-11T07:02:01+00:00","og_image":[{"width":640,"height":640,"url":"https:\/\/lorentzzi.com\/wp-content\/uploads\/2022\/11\/SUL181H-Timer-Switch.jpg","type":"image\/jpeg"}],"twitter_card":"summary_large_image","twitter_misc":{"Est. tempo de leitura":"2 minutos"},"schema":{"@context":"https:\/\/schema.org","@graph":[{"@type":"WebPage","@id":"https:\/\/lorentzzi.com\/products\/timer-switch-and-counter\/timer\/sul181h-timer-switch\/","url":"https:\/\/lorentzzi.com\/products\/timer-switch-and-counter\/timer\/sul181h-timer-switch\/","name":"Chave de temporizador SUL181H","isPartOf":{"@id":"https:\/\/lorentzzi.com\/#website"},"primaryImageOfPage":{"@id":"https:\/\/lorentzzi.com\/products\/timer-switch-and-counter\/timer\/sul181h-timer-switch\/#primaryimage"},"image":{"@id":"https:\/\/lorentzzi.com\/products\/timer-switch-and-counter\/timer\/sul181h-timer-switch\/#primaryimage"},"thumbnailUrl":"https:\/\/lorentzzi.com\/wp-content\/uploads\/2022\/11\/SUL181H-Timer-Switch.jpg","datePublished":"2022-11-27T06:07:39+00:00","dateModified":"2025-12-11T07:02:01+00:00","description":"O SUL181H \u00e9 um interruptor de temporizador mec\u00e2nico anal\u00f3gico especialmente projetado para luz de rua, luz neon, placa de publicidade, bomba, motor etc., clique para saber mais!","breadcrumb":{"@id":"https:\/\/lorentzzi.com\/products\/timer-switch-and-counter\/timer\/sul181h-timer-switch\/#breadcrumb"},"inLanguage":"pt-BR","potentialAction":[{"@type":"ReadAction","target":["https:\/\/lorentzzi.com\/products\/timer-switch-and-counter\/timer\/sul181h-timer-switch\/"]}]},{"@type":"ImageObject","inLanguage":"pt-BR","@id":"https:\/\/lorentzzi.com\/products\/timer-switch-and-counter\/timer\/sul181h-timer-switch\/#primaryimage","url":"https:\/\/lorentzzi.com\/wp-content\/uploads\/2022\/11\/SUL181H-Timer-Switch.jpg","contentUrl":"https:\/\/lorentzzi.com\/wp-content\/uploads\/2022\/11\/SUL181H-Timer-Switch.jpg","width":640,"height":640,"caption":"SUL181H Timer Switch"},{"@type":"BreadcrumbList","@id":"https:\/\/lorentzzi.com\/products\/timer-switch-and-counter\/timer\/sul181h-timer-switch\/#breadcrumb","itemListElement":[{"@type":"ListItem","position":1,"name":"Home","item":"https:\/\/lorentzzi.com\/"},{"@type":"ListItem","position":2,"name":"Products","item":"https:\/\/lorentzzi.com\/products\/"},{"@type":"ListItem","position":3,"name":"SUL181H Timer Switch"}]},{"@type":"WebSite","@id":"https:\/\/lorentzzi.com\/#website","url":"https:\/\/lorentzzi.com\/","name":"Lorentzzi Industrial Supply - Fabricante e exportador chin\u00eas","description":"A Lorentzzi fornece controlador de temperatura, SSR, sensor de proximidade, regulador de pot\u00eancia SCR e chave temporizadora com boa qualidade e pre\u00e7os acess\u00edveis.","publisher":{"@id":"https:\/\/lorentzzi.com\/#organization"},"potentialAction":[{"@type":"SearchAction","target":{"@type":"EntryPoint","urlTemplate":"https:\/\/lorentzzi.com\/?s={search_term_string}"},"query-input":{"@type":"PropertyValueSpecification","valueRequired":true,"valueName":"search_term_string"}}],"inLanguage":"pt-BR"},{"@type":"Organization","@id":"https:\/\/lorentzzi.com\/#organization","name":"Lorentzzi Industrial Supply - Fabricante e exportador chin\u00eas","url":"https:\/\/lorentzzi.com\/","logo":{"@type":"ImageObject","inLanguage":"pt-BR","@id":"https:\/\/lorentzzi.com\/#\/schema\/logo\/image\/","url":"https:\/\/lorentzzi.com\/wp-content\/uploads\/2021\/07\/Lorenz-Electric-Company-Logo.png","contentUrl":"https:\/\/lorentzzi.com\/wp-content\/uploads\/2021\/07\/Lorenz-Electric-Company-Logo.png","width":350,"height":100,"caption":"Lorentzzi Industrial Supply-Chinese Manufacturer&amp;Exporter"},"image":{"@id":"https:\/\/lorentzzi.com\/#\/schema\/logo\/image\/"}}]}},"_links":{"self":[{"href":"https:\/\/lorentzzi.com\/pt\/wp-json\/wp\/v2\/product\/6085","targetHints":{"allow":["GET"]}}],"collection":[{"href":"https:\/\/lorentzzi.com\/pt\/wp-json\/wp\/v2\/product"}],"about":[{"href":"https:\/\/lorentzzi.com\/pt\/wp-json\/wp\/v2\/types\/product"}],"version-history":[{"count":19,"href":"https:\/\/lorentzzi.com\/pt\/wp-json\/wp\/v2\/product\/6085\/revisions"}],"predecessor-version":[{"id":19373,"href":"https:\/\/lorentzzi.com\/pt\/wp-json\/wp\/v2\/product\/6085\/revisions\/19373"}],"wp:featuredmedia":[{"embeddable":true,"href":"https:\/\/lorentzzi.com\/pt\/wp-json\/wp\/v2\/media\/19419"}],"wp:attachment":[{"href":"https:\/\/lorentzzi.com\/pt\/wp-json\/wp\/v2\/media?parent=6085"}],"wp:term":[{"taxonomy":"product_brand","embeddable":true,"href":"https:\/\/lorentzzi.com\/pt\/wp-json\/wp\/v2\/product_brand?post=6085"},{"taxonomy":"product_cat","embeddable":true,"href":"https:\/\/lorentzzi.com\/pt\/wp-json\/wp\/v2\/product_cat?post=6085"},{"taxonomy":"product_tag","embeddable":true,"href":"https:\/\/lorentzzi.com\/pt\/wp-json\/wp\/v2\/product_tag?post=6085"}],"curies":[{"name":"wp","href":"https:\/\/api.w.org\/{rel}","templated":true}]}}