{"id":17165,"date":"2025-06-10T08:42:50","date_gmt":"2025-06-10T00:42:50","guid":{"rendered":"https:\/\/lorentzzi.com\/?post_type=product&#038;p=17165"},"modified":"2025-06-13T21:37:07","modified_gmt":"2025-06-13T13:37:07","slug":"screw-in-thermocouple-k-type-0-400-degrees-celsius-range","status":"publish","type":"product","link":"https:\/\/lorentzzi.com\/pt\/products\/accessories\/temperature-sensor\/screw-in-thermocouple-k-type-0-400-degrees-celsius-range\/","title":{"rendered":"Termopar aparafusado, tipo K, faixa de 0-400\u2103."},"content":{"rendered":"<h2><b>Introduction:<\/b><\/h2>\n<ul>\n<li style=\"list-style-type: none;\">\n<ul>\n<li style=\"font-weight: 400;\" aria-level=\"1\"><span style=\"font-weight: 400;\">Lorentzzi screw-in thermocouple here is a K type thermocouple, which detection temperature range is from 0 to maximum 400\u2103( 32-752\u2109 ).<\/span><\/li>\n<li style=\"font-weight: 400;\" aria-level=\"1\"><span style=\"font-weight: 400;\">Compared with our popular <\/span><span style=\"color: #ff0000;\"><a style=\"color: #ff0000;\" href=\"https:\/\/lorentzzi.com\/products\/accessories\/temperature-sensor\/k-type-thermocouple-0-400%e2%84%83-range\/\"><span style=\"font-weight: 400;\">probe type K thermocouple<\/span><\/a><\/span><span style=\"font-weight: 400;\">, this screw one is also popular to use in the market.<\/span><\/li>\n<li style=\"font-weight: 400;\" aria-level=\"1\"><span style=\"font-weight: 400;\">This K-type screw-in thermocouple can be used with our <\/span><span style=\"color: #ff0000;\"><a style=\"color: #ff0000;\" href=\"https:\/\/lorentzzi.com\/products\/temperature-controller\/pid-temperature-controller\/rs485-temperature-controller-ssrrelay-output-100-240vac\/\"><span style=\"font-weight: 400;\">RS485 PID temperature controller<\/span><\/a><\/span><span style=\"font-weight: 400;\"> plus <\/span><span style=\"color: #ff0000;\"><a style=\"color: #ff0000;\" href=\"https:\/\/lorentzzi.com\/products\/solid-state-relay\/single-phase-solid-state-relay\/ssr-40da-solid-state-relay\/\"><span style=\"font-weight: 400;\">40A DC AC solid state relay<\/span><\/a><\/span><span style=\"font-weight: 400;\"> to control the heating efficiency of the heating element remotely.<\/span><\/li>\n<\/ul>\n<\/li>\n<\/ul>\n<p><img fetchpriority=\"high\" decoding=\"async\" class=\"aligncenter wp-image-17174 size-full\" src=\"https:\/\/lorentzzi.com\/wp-content\/uploads\/2025\/06\/Lorentzzi-RS485-PID-temperature-controller-with-solid-state-relay.jpg\" alt=\"Lorentzzi RS485 PID temperature controller with solid state relay\" width=\"1024\" height=\"512\" srcset=\"https:\/\/lorentzzi.com\/wp-content\/uploads\/2025\/06\/Lorentzzi-RS485-PID-temperature-controller-with-solid-state-relay.jpg 1024w, https:\/\/lorentzzi.com\/wp-content\/uploads\/2025\/06\/Lorentzzi-RS485-PID-temperature-controller-with-solid-state-relay-300x150.jpg 300w, https:\/\/lorentzzi.com\/wp-content\/uploads\/2025\/06\/Lorentzzi-RS485-PID-temperature-controller-with-solid-state-relay-768x384.jpg 768w, https:\/\/lorentzzi.com\/wp-content\/uploads\/2025\/06\/Lorentzzi-RS485-PID-temperature-controller-with-solid-state-relay-600x300.jpg 600w, https:\/\/lorentzzi.com\/wp-content\/uploads\/2025\/06\/Lorentzzi-RS485-PID-temperature-controller-with-solid-state-relay-64x32.jpg 64w\" sizes=\"(max-width: 1024px) 100vw, 1024px\" \/><\/p>\n<ul>\n<li style=\"list-style-type: none;\">\n<ul>\n<li style=\"font-weight: 400;\" aria-level=\"1\"><span style=\"font-weight: 400;\">There are 3 different screw-in thermocouples to choose from, the detection tube thread can be M6, pitch 1.0 mm and pitch 1.25 mm, the other is M8 thread, pitch 1.25 mm.<\/span><\/li>\n<li style=\"font-weight: 400;\" aria-level=\"1\"><span style=\"font-weight: 400;\">Our default cable length is 1 meters, also you can <\/span><span style=\"color: #ff0000;\"><a style=\"color: #ff0000;\" href=\"https:\/\/lorentzzi.com\/contact-us\/\"><span style=\"font-weight: 400;\">contact us<\/span><\/a><\/span><span style=\"font-weight: 400;\"> to customize its cable length from 0.2-5 meters.<\/span><\/li>\n<li style=\"font-weight: 400;\" aria-level=\"1\"><span style=\"font-weight: 400;\">The terminals use a pair of fork-shaped wire connectors for easy wiring.<\/span><\/li>\n<li style=\"font-weight: 400;\" aria-level=\"1\"><b>If you would like to know the latest prices of this K-type screw-in thermocouples, please fill in the form at the bottom to get our quotation.<\/b><\/li>\n<\/ul>\n<\/li>\n<\/ul>\n<h2><strong>Specifications:<\/strong><\/h2>\n<div class=\"supsystic-table-loader spinner\"style=\"background-color:#000000\"><\/div><div id=\"supsystic-table-173_49775\" class=\"supsystic-tables-wrap \" style=\" width:100%; visibility: hidden; \" data-table-width-fixed=\"100%\" data-table-width-mobile=\"100%\" ><table id=\"supsystic-table-173\" class=\"supsystic-table border lightboxImg cell-border\" data-id=\"173\" data-view-id=\"173_49775\" data-title=\"K-type screw-in thermocouple\" data-currency-format=\"$1,000.00\" data-percent-format=\"10.00%\" data-date-format=\"DD.MM.YYYY\" data-time-format=\"HH:mm\" data-features=\"[&quot;after_table_loaded_script&quot;]\" data-search-value=\"\" data-lightbox-img=\"\" data-head-rows-count=\"1\" data-pagination-length=\"50,100,All\" data-auto-index=\"off\" data-searching-settings=\"{&quot;columnSearchPosition&quot;:&quot;bottom&quot;,&quot;minChars&quot;:&quot;0&quot;}\" data-lang=\"default\" data-override=\"{&quot;emptyTable&quot;:&quot;&quot;,&quot;info&quot;:&quot;&quot;,&quot;infoEmpty&quot;:&quot;&quot;,&quot;infoFiltered&quot;:&quot;&quot;,&quot;lengthMenu&quot;:&quot;&quot;,&quot;search&quot;:&quot;&quot;,&quot;previous&quot;:&quot;&quot;,&quot;next&quot;:&quot;&quot;,&quot;zeroRecords&quot;:&quot;&quot;,&quot;exportLabel&quot;:&quot;&quot;,&quot;file&quot;:&quot;default&quot;}\" data-merged=\"[]\" data-responsive-mode=\"0\" data-from-history=\"0\" ><thead><tr><th class=\"\" style=\"width:; padding: 0 !important;\"><\/th><th class=\"\" style=\"width:; padding: 0 !important;\"><\/th><\/tr><\/thead><tbody><tr style=\"height:px\" ><td data-cell-id=\"A1\" data-x=\"0\" data-y=\"1\" data-db-index=\"1\" class=\"htCenter htMiddle bg-c7c7c7\" data-cell-type=\"text\" data-original-value=\"Name\" data-order=\"Name\" style=\"min-width:51.97%; \" >Name <\/td><td data-cell-id=\"B1\" data-x=\"1\" data-y=\"1\" data-db-index=\"1\" class=\"htCenter htMiddle bg-c7c7c7\" data-cell-type=\"text\" data-original-value=\"K-type screw-in thermocouple\" data-order=\"K-type screw-in thermocouple\" style=\"min-width:48.03%; \" >K-type screw-in thermocouple <\/td><\/tr><tr style=\"height:px\" ><td data-cell-id=\"A2\" data-x=\"0\" data-y=\"2\" data-db-index=\"2\" class=\"htCenter htMiddle\" data-cell-type=\"text\" data-original-value=\"Appearance type\" data-order=\"Appearance type\" >Appearance type <\/td><td data-cell-id=\"B2\" data-x=\"1\" data-y=\"2\" data-db-index=\"2\" class=\"htCenter htMiddle\" data-cell-type=\"text\" data-original-value=\"Screw-in type\" data-order=\"Screw-in type\" >Screw-in type <\/td><\/tr><tr style=\"height:px\" ><td data-cell-id=\"A3\" data-x=\"0\" data-y=\"3\" data-db-index=\"3\" class=\"htCenter htMiddle bg-c7c7c7\" data-cell-type=\"text\" data-original-value=\"Sensor type\" data-order=\"Sensor type\" >Sensor type <\/td><td data-cell-id=\"B3\" data-x=\"1\" data-y=\"3\" data-db-index=\"3\" class=\"htCenter htMiddle bg-c7c7c7\" data-cell-type=\"text\" data-original-value=\"K type\" data-order=\"K type\" >K type <\/td><\/tr><tr style=\"height:px\" ><td data-cell-id=\"A4\" data-x=\"0\" data-y=\"4\" data-db-index=\"4\" class=\"htCenter htMiddle\" data-cell-type=\"text\" data-original-value=\"Cable length\" data-order=\"Cable length\" >Cable length <\/td><td data-cell-id=\"B4\" data-x=\"1\" data-y=\"4\" data-db-index=\"4\" class=\"htCenter htMiddle\" data-cell-type=\"text\" data-original-value=\"0.2-5 meters optional\" data-order=\"0.2-5 meters optional\" >0.2-5 meters optional <\/td><\/tr><tr style=\"height:px\" ><td data-cell-id=\"A5\" data-x=\"0\" data-y=\"5\" data-db-index=\"5\" class=\"htCenter htMiddle bg-c7c7c7\" data-cell-type=\"text\" data-original-value=\"Installation screw\" data-order=\"Installation screw\" >Installation screw <\/td><td data-cell-id=\"B5\" data-x=\"1\" data-y=\"5\" data-db-index=\"5\" class=\"htCenter htMiddle bg-c7c7c7\" data-cell-type=\"text\" data-original-value=\"M6*10.0 mm, M8*10.0 mm\" data-order=\"M6*10.0 mm, M8*10.0 mm\" >M6*10.0 mm, M8*10.0 mm <\/td><\/tr><tr style=\"height:px\" ><td data-cell-id=\"A6\" data-x=\"0\" data-y=\"6\" data-db-index=\"6\" class=\"htCenter htMiddle\" data-cell-type=\"text\" data-original-value=\"Temperature detecting range\" data-order=\"Temperature detecting range\" >Temperature detecting range <\/td><td data-cell-id=\"B6\" data-x=\"1\" data-y=\"6\" data-db-index=\"6\" class=\"htCenter htMiddle\" data-cell-type=\"text\" data-original-value=\"0-400\u2103\" data-order=\"0-400\u2103\" >0-400\u2103 <\/td><\/tr><tr style=\"height:px\" ><td data-cell-id=\"A7\" data-x=\"0\" data-y=\"7\" data-db-index=\"7\" class=\"htCenter htMiddle bg-c7c7c7\" data-cell-type=\"text\" data-original-value=\"Screw size\" data-order=\"Screw size\" >Screw size <\/td><td data-cell-id=\"B7\" data-x=\"1\" data-y=\"7\" data-db-index=\"7\" class=\"htCenter htMiddle bg-c7c7c7\" data-cell-type=\"text\" data-original-value=\"M6, M8 optional\" data-order=\"M6, M8 optional\" >M6, M8 optional <\/td><\/tr><tr style=\"height:px\" ><td data-cell-id=\"A8\" data-x=\"0\" data-y=\"8\" data-db-index=\"8\" class=\"htCenter htMiddle\" data-cell-type=\"text\" data-original-value=\"Screw material\" data-order=\"Screw material\" >Screw material <\/td><td data-cell-id=\"B8\" data-x=\"1\" data-y=\"8\" data-db-index=\"8\" class=\"htCenter htMiddle\" data-cell-type=\"text\" data-original-value=\"Stainless steel\" data-order=\"Stainless steel\" >Stainless steel <\/td><\/tr><\/tbody><\/table><!-- \/#supsystic-table-173.supsystic-table --><\/div><!-- \/.supsystic-tables-wrap --><!-- Tables Generator by Supsystic --><!-- Version:1.11.0 --><!-- http:\/\/supsystic.com\/ --><a title=\"WordPress Data Table Plugin\" style=\"display:none;\" href=\"https:\/\/supsystic.com\/plugins\/wordpress-data-table-plugin\/?utm_medium=love_link\" target=\"_blank\">WordPress Data Table Plugin<\/a>\n","protected":false},"excerpt":{"rendered":"<ol>\n<li>Instala\u00e7\u00e3o com parafusos, f\u00e1cil de usar,<\/li>\n<li>Faixa de detec\u00e7\u00e3o de temperatura: 0-400\u2103,<\/li>\n<li>Comprimento do fio: 0,2 a 5 metros opcional,<\/li>\n<li>Com interface em forma de garfo,<\/li>\n<li>Melhor qualidade, dur\u00e1vel para uso,<\/li>\n<\/ol>","protected":false},"featured_media":17166,"template":"","meta":{"site-sidebar-layout":"default","site-content-layout":"","ast-site-content-layout":"default","site-content-style":"default","site-sidebar-style":"default","ast-global-header-display":"","ast-banner-title-visibility":"","ast-main-header-display":"","ast-hfb-above-header-display":"","ast-hfb-below-header-display":"","ast-hfb-mobile-header-display":"","site-post-title":"","ast-breadcrumbs-content":"","ast-featured-img":"","footer-sml-layout":"","ast-disable-related-posts":"","theme-transparent-header-meta":"default","adv-header-id-meta":"","stick-header-meta":"","header-above-stick-meta":"","header-main-stick-meta":"","header-below-stick-meta":"","astra-migrate-meta-layouts":"set","ast-page-background-enabled":"default","ast-page-background-meta":{"desktop":{"background-color":"","background-image":"","background-repeat":"repeat","background-position":"center center","background-size":"auto","background-attachment":"scroll","background-type":"","background-media":"","overlay-type":"","overlay-color":"","overlay-opacity":"","overlay-gradient":""},"tablet":{"background-color":"","background-image":"","background-repeat":"repeat","background-position":"center center","background-size":"auto","background-attachment":"scroll","background-type":"","background-media":"","overlay-type":"","overlay-color":"","overlay-opacity":"","overlay-gradient":""},"mobile":{"background-color":"","background-image":"","background-repeat":"repeat","background-position":"center center","background-size":"auto","background-attachment":"scroll","background-type":"","background-media":"","overlay-type":"","overlay-color":"","overlay-opacity":"","overlay-gradient":""}},"ast-content-background-meta":{"desktop":{"background-color":"var(--ast-global-color-5)","background-image":"","background-repeat":"repeat","background-position":"center center","background-size":"auto","background-attachment":"scroll","background-type":"","background-media":"","overlay-type":"","overlay-color":"","overlay-opacity":"","overlay-gradient":""},"tablet":{"background-color":"var(--ast-global-color-5)","background-image":"","background-repeat":"repeat","background-position":"center center","background-size":"auto","background-attachment":"scroll","background-type":"","background-media":"","overlay-type":"","overlay-color":"","overlay-opacity":"","overlay-gradient":""},"mobile":{"background-color":"var(--ast-global-color-5)","background-image":"","background-repeat":"repeat","background-position":"center center","background-size":"auto","background-attachment":"scroll","background-type":"","background-media":"","overlay-type":"","overlay-color":"","overlay-opacity":"","overlay-gradient":""}}},"product_brand":[],"product_cat":[108,174],"product_tag":[],"class_list":{"0":"post-17165","1":"product","2":"type-product","3":"status-publish","4":"has-post-thumbnail","6":"product_cat-accessories","7":"product_cat-temperature-sensor","8":"desktop-align-center","9":"tablet-align-left","10":"mobile-align-left","12":"first","13":"instock","14":"shipping-taxable","15":"product-type-simple"},"yoast_head":"<!-- This site is optimized with the Yoast SEO Premium plugin v24.0 (Yoast SEO v27.3) - https:\/\/yoast.com\/product\/yoast-seo-premium-wordpress\/ -->\n<title>Screw-in Thermocouple, K-type, 0-400\u2103 Range<\/title>\n<meta name=\"description\" content=\"Lorentzzi screw-in K-type thermocouple is of very high quality, durable to use, and made in China, click to get more information now!\" \/>\n<meta name=\"robots\" content=\"index, follow, max-snippet:-1, max-image-preview:large, max-video-preview:-1\" \/>\n<link rel=\"canonical\" href=\"https:\/\/lorentzzi.com\/pt\/products\/accessories\/temperature-sensor\/screw-in-thermocouple-k-type-0-400-degrees-celsius-range\/\" \/>\n<meta property=\"og:locale\" content=\"pt_BR\" \/>\n<meta property=\"og:type\" content=\"article\" \/>\n<meta property=\"og:title\" content=\"Screw-in Thermocouple, K-type, 0-400\u2103 Range\" \/>\n<meta property=\"og:description\" content=\"Lorentzzi screw-in K-type thermocouple is of very high quality, durable to use, and made in China, click to get more information now!\" \/>\n<meta property=\"og:url\" content=\"https:\/\/lorentzzi.com\/pt\/products\/accessories\/temperature-sensor\/screw-in-thermocouple-k-type-0-400-degrees-celsius-range\/\" \/>\n<meta property=\"og:site_name\" content=\"Lorentzzi Industrial Supply-Chinese Manufacturer&amp;Exporter\" \/>\n<meta property=\"article:modified_time\" content=\"2025-06-13T13:37:07+00:00\" \/>\n<meta property=\"og:image\" content=\"https:\/\/lorentzzi.com\/wp-content\/uploads\/2025\/06\/Screw-type-K-thermocouple-1.jpg\" \/>\n\t<meta property=\"og:image:width\" content=\"640\" \/>\n\t<meta property=\"og:image:height\" content=\"640\" \/>\n\t<meta property=\"og:image:type\" content=\"image\/jpeg\" \/>\n<meta name=\"twitter:card\" content=\"summary_large_image\" \/>\n<meta name=\"twitter:label1\" content=\"Est. tempo de leitura\" \/>\n\t<meta name=\"twitter:data1\" content=\"2 minutos\" \/>\n<script type=\"application\/ld+json\" class=\"yoast-schema-graph\">{\"@context\":\"https:\\\/\\\/schema.org\",\"@graph\":[{\"@type\":\"WebPage\",\"@id\":\"https:\\\/\\\/lorentzzi.com\\\/products\\\/accessories\\\/temperature-sensor\\\/screw-in-thermocouple-k-type-0-400-degrees-celsius-range\\\/\",\"url\":\"https:\\\/\\\/lorentzzi.com\\\/products\\\/accessories\\\/temperature-sensor\\\/screw-in-thermocouple-k-type-0-400-degrees-celsius-range\\\/\",\"name\":\"Screw-in Thermocouple, K-type, 0-400\u2103 Range\",\"isPartOf\":{\"@id\":\"https:\\\/\\\/lorentzzi.com\\\/#website\"},\"primaryImageOfPage\":{\"@id\":\"https:\\\/\\\/lorentzzi.com\\\/products\\\/accessories\\\/temperature-sensor\\\/screw-in-thermocouple-k-type-0-400-degrees-celsius-range\\\/#primaryimage\"},\"image\":{\"@id\":\"https:\\\/\\\/lorentzzi.com\\\/products\\\/accessories\\\/temperature-sensor\\\/screw-in-thermocouple-k-type-0-400-degrees-celsius-range\\\/#primaryimage\"},\"thumbnailUrl\":\"https:\\\/\\\/lorentzzi.com\\\/wp-content\\\/uploads\\\/2025\\\/06\\\/Screw-type-K-thermocouple-1.jpg\",\"datePublished\":\"2025-06-10T00:42:50+00:00\",\"dateModified\":\"2025-06-13T13:37:07+00:00\",\"description\":\"Lorentzzi screw-in K-type thermocouple is of very high quality, durable to use, and made in China, click to get more information now!\",\"breadcrumb\":{\"@id\":\"https:\\\/\\\/lorentzzi.com\\\/products\\\/accessories\\\/temperature-sensor\\\/screw-in-thermocouple-k-type-0-400-degrees-celsius-range\\\/#breadcrumb\"},\"inLanguage\":\"pt-BR\",\"potentialAction\":[{\"@type\":\"ReadAction\",\"target\":[\"https:\\\/\\\/lorentzzi.com\\\/products\\\/accessories\\\/temperature-sensor\\\/screw-in-thermocouple-k-type-0-400-degrees-celsius-range\\\/\"]}]},{\"@type\":\"ImageObject\",\"inLanguage\":\"pt-BR\",\"@id\":\"https:\\\/\\\/lorentzzi.com\\\/products\\\/accessories\\\/temperature-sensor\\\/screw-in-thermocouple-k-type-0-400-degrees-celsius-range\\\/#primaryimage\",\"url\":\"https:\\\/\\\/lorentzzi.com\\\/wp-content\\\/uploads\\\/2025\\\/06\\\/Screw-type-K-thermocouple-1.jpg\",\"contentUrl\":\"https:\\\/\\\/lorentzzi.com\\\/wp-content\\\/uploads\\\/2025\\\/06\\\/Screw-type-K-thermocouple-1.jpg\",\"width\":640,\"height\":640,\"caption\":\"Screw type K thermocouple\"},{\"@type\":\"BreadcrumbList\",\"@id\":\"https:\\\/\\\/lorentzzi.com\\\/products\\\/accessories\\\/temperature-sensor\\\/screw-in-thermocouple-k-type-0-400-degrees-celsius-range\\\/#breadcrumb\",\"itemListElement\":[{\"@type\":\"ListItem\",\"position\":1,\"name\":\"Home\",\"item\":\"https:\\\/\\\/lorentzzi.com\\\/\"},{\"@type\":\"ListItem\",\"position\":2,\"name\":\"Products\",\"item\":\"https:\\\/\\\/lorentzzi.com\\\/products\\\/\"},{\"@type\":\"ListItem\",\"position\":3,\"name\":\"Screw-in Thermocouple, K-type, 0-400\u2103 Range\"}]},{\"@type\":\"WebSite\",\"@id\":\"https:\\\/\\\/lorentzzi.com\\\/#website\",\"url\":\"https:\\\/\\\/lorentzzi.com\\\/\",\"name\":\"Lorentzzi Industrial Supply-Chinese Manufacturer&amp;Exporter\",\"description\":\"Lorentzzi supply temperature controller, SSR, proximity sensor, SCR power regulator and timer switch with good quality and affordable prices.\",\"publisher\":{\"@id\":\"https:\\\/\\\/lorentzzi.com\\\/#organization\"},\"potentialAction\":[{\"@type\":\"SearchAction\",\"target\":{\"@type\":\"EntryPoint\",\"urlTemplate\":\"https:\\\/\\\/lorentzzi.com\\\/?s={search_term_string}\"},\"query-input\":{\"@type\":\"PropertyValueSpecification\",\"valueRequired\":true,\"valueName\":\"search_term_string\"}}],\"inLanguage\":\"pt-BR\"},{\"@type\":\"Organization\",\"@id\":\"https:\\\/\\\/lorentzzi.com\\\/#organization\",\"name\":\"Lorentzzi Industrial Supply-Chinese Manufacturer&amp;Exporter\",\"url\":\"https:\\\/\\\/lorentzzi.com\\\/\",\"logo\":{\"@type\":\"ImageObject\",\"inLanguage\":\"pt-BR\",\"@id\":\"https:\\\/\\\/lorentzzi.com\\\/#\\\/schema\\\/logo\\\/image\\\/\",\"url\":\"https:\\\/\\\/lorentzzi.com\\\/wp-content\\\/uploads\\\/2021\\\/07\\\/Lorenz-Electric-Company-Logo.png\",\"contentUrl\":\"https:\\\/\\\/lorentzzi.com\\\/wp-content\\\/uploads\\\/2021\\\/07\\\/Lorenz-Electric-Company-Logo.png\",\"width\":350,\"height\":100,\"caption\":\"Lorentzzi Industrial Supply-Chinese Manufacturer&amp;Exporter\"},\"image\":{\"@id\":\"https:\\\/\\\/lorentzzi.com\\\/#\\\/schema\\\/logo\\\/image\\\/\"}}]}<\/script>\n<!-- \/ Yoast SEO Premium plugin. -->","yoast_head_json":{"title":"Termopar aparafusado, tipo K, faixa de 0-400\u2103.","description":"O termopar tipo K rosqueado Lorentzzi \u00e9 de alt\u00edssima qualidade, dur\u00e1vel para uso e fabricado na China. Clique para obter mais informa\u00e7\u00f5es agora!","robots":{"index":"index","follow":"follow","max-snippet":"max-snippet:-1","max-image-preview":"max-image-preview:large","max-video-preview":"max-video-preview:-1"},"canonical":"https:\/\/lorentzzi.com\/pt\/products\/accessories\/temperature-sensor\/screw-in-thermocouple-k-type-0-400-degrees-celsius-range\/","og_locale":"pt_BR","og_type":"article","og_title":"Screw-in Thermocouple, K-type, 0-400\u2103 Range","og_description":"Lorentzzi screw-in K-type thermocouple is of very high quality, durable to use, and made in China, click to get more information now!","og_url":"https:\/\/lorentzzi.com\/pt\/products\/accessories\/temperature-sensor\/screw-in-thermocouple-k-type-0-400-degrees-celsius-range\/","og_site_name":"Lorentzzi Industrial Supply-Chinese Manufacturer&amp;Exporter","article_modified_time":"2025-06-13T13:37:07+00:00","og_image":[{"width":640,"height":640,"url":"https:\/\/lorentzzi.com\/wp-content\/uploads\/2025\/06\/Screw-type-K-thermocouple-1.jpg","type":"image\/jpeg"}],"twitter_card":"summary_large_image","twitter_misc":{"Est. tempo de leitura":"2 minutos"},"schema":{"@context":"https:\/\/schema.org","@graph":[{"@type":"WebPage","@id":"https:\/\/lorentzzi.com\/products\/accessories\/temperature-sensor\/screw-in-thermocouple-k-type-0-400-degrees-celsius-range\/","url":"https:\/\/lorentzzi.com\/products\/accessories\/temperature-sensor\/screw-in-thermocouple-k-type-0-400-degrees-celsius-range\/","name":"Termopar aparafusado, tipo K, faixa de 0-400\u2103.","isPartOf":{"@id":"https:\/\/lorentzzi.com\/#website"},"primaryImageOfPage":{"@id":"https:\/\/lorentzzi.com\/products\/accessories\/temperature-sensor\/screw-in-thermocouple-k-type-0-400-degrees-celsius-range\/#primaryimage"},"image":{"@id":"https:\/\/lorentzzi.com\/products\/accessories\/temperature-sensor\/screw-in-thermocouple-k-type-0-400-degrees-celsius-range\/#primaryimage"},"thumbnailUrl":"https:\/\/lorentzzi.com\/wp-content\/uploads\/2025\/06\/Screw-type-K-thermocouple-1.jpg","datePublished":"2025-06-10T00:42:50+00:00","dateModified":"2025-06-13T13:37:07+00:00","description":"O termopar tipo K rosqueado Lorentzzi \u00e9 de alt\u00edssima qualidade, dur\u00e1vel para uso e fabricado na China. Clique para obter mais informa\u00e7\u00f5es agora!","breadcrumb":{"@id":"https:\/\/lorentzzi.com\/products\/accessories\/temperature-sensor\/screw-in-thermocouple-k-type-0-400-degrees-celsius-range\/#breadcrumb"},"inLanguage":"pt-BR","potentialAction":[{"@type":"ReadAction","target":["https:\/\/lorentzzi.com\/products\/accessories\/temperature-sensor\/screw-in-thermocouple-k-type-0-400-degrees-celsius-range\/"]}]},{"@type":"ImageObject","inLanguage":"pt-BR","@id":"https:\/\/lorentzzi.com\/products\/accessories\/temperature-sensor\/screw-in-thermocouple-k-type-0-400-degrees-celsius-range\/#primaryimage","url":"https:\/\/lorentzzi.com\/wp-content\/uploads\/2025\/06\/Screw-type-K-thermocouple-1.jpg","contentUrl":"https:\/\/lorentzzi.com\/wp-content\/uploads\/2025\/06\/Screw-type-K-thermocouple-1.jpg","width":640,"height":640,"caption":"Screw type K thermocouple"},{"@type":"BreadcrumbList","@id":"https:\/\/lorentzzi.com\/products\/accessories\/temperature-sensor\/screw-in-thermocouple-k-type-0-400-degrees-celsius-range\/#breadcrumb","itemListElement":[{"@type":"ListItem","position":1,"name":"Home","item":"https:\/\/lorentzzi.com\/"},{"@type":"ListItem","position":2,"name":"Products","item":"https:\/\/lorentzzi.com\/products\/"},{"@type":"ListItem","position":3,"name":"Screw-in Thermocouple, K-type, 0-400\u2103 Range"}]},{"@type":"WebSite","@id":"https:\/\/lorentzzi.com\/#website","url":"https:\/\/lorentzzi.com\/","name":"Lorentzzi Industrial Supply - Fabricante e exportador chin\u00eas","description":"A Lorentzzi fornece controlador de temperatura, SSR, sensor de proximidade, regulador de pot\u00eancia SCR e chave temporizadora com boa qualidade e pre\u00e7os acess\u00edveis.","publisher":{"@id":"https:\/\/lorentzzi.com\/#organization"},"potentialAction":[{"@type":"SearchAction","target":{"@type":"EntryPoint","urlTemplate":"https:\/\/lorentzzi.com\/?s={search_term_string}"},"query-input":{"@type":"PropertyValueSpecification","valueRequired":true,"valueName":"search_term_string"}}],"inLanguage":"pt-BR"},{"@type":"Organization","@id":"https:\/\/lorentzzi.com\/#organization","name":"Lorentzzi Industrial Supply - Fabricante e exportador chin\u00eas","url":"https:\/\/lorentzzi.com\/","logo":{"@type":"ImageObject","inLanguage":"pt-BR","@id":"https:\/\/lorentzzi.com\/#\/schema\/logo\/image\/","url":"https:\/\/lorentzzi.com\/wp-content\/uploads\/2021\/07\/Lorenz-Electric-Company-Logo.png","contentUrl":"https:\/\/lorentzzi.com\/wp-content\/uploads\/2021\/07\/Lorenz-Electric-Company-Logo.png","width":350,"height":100,"caption":"Lorentzzi Industrial Supply-Chinese Manufacturer&amp;Exporter"},"image":{"@id":"https:\/\/lorentzzi.com\/#\/schema\/logo\/image\/"}}]}},"_links":{"self":[{"href":"https:\/\/lorentzzi.com\/pt\/wp-json\/wp\/v2\/product\/17165","targetHints":{"allow":["GET"]}}],"collection":[{"href":"https:\/\/lorentzzi.com\/pt\/wp-json\/wp\/v2\/product"}],"about":[{"href":"https:\/\/lorentzzi.com\/pt\/wp-json\/wp\/v2\/types\/product"}],"version-history":[{"count":5,"href":"https:\/\/lorentzzi.com\/pt\/wp-json\/wp\/v2\/product\/17165\/revisions"}],"predecessor-version":[{"id":17175,"href":"https:\/\/lorentzzi.com\/pt\/wp-json\/wp\/v2\/product\/17165\/revisions\/17175"}],"wp:featuredmedia":[{"embeddable":true,"href":"https:\/\/lorentzzi.com\/pt\/wp-json\/wp\/v2\/media\/17166"}],"wp:attachment":[{"href":"https:\/\/lorentzzi.com\/pt\/wp-json\/wp\/v2\/media?parent=17165"}],"wp:term":[{"taxonomy":"product_brand","embeddable":true,"href":"https:\/\/lorentzzi.com\/pt\/wp-json\/wp\/v2\/product_brand?post=17165"},{"taxonomy":"product_cat","embeddable":true,"href":"https:\/\/lorentzzi.com\/pt\/wp-json\/wp\/v2\/product_cat?post=17165"},{"taxonomy":"product_tag","embeddable":true,"href":"https:\/\/lorentzzi.com\/pt\/wp-json\/wp\/v2\/product_tag?post=17165"}],"curies":[{"name":"wp","href":"https:\/\/api.w.org\/{rel}","templated":true}]}}