{"id":10623,"date":"2023-07-23T08:38:06","date_gmt":"2023-07-23T00:38:06","guid":{"rendered":"https:\/\/lorentzzi.com\/?post_type=product&#038;p=10623"},"modified":"2025-08-14T09:27:46","modified_gmt":"2025-08-14T01:27:46","slug":"black-anodized-heat-sink-w-70-for-single-phase-ssr","status":"publish","type":"product","link":"https:\/\/lorentzzi.com\/pt\/products\/accessories\/heat-sink\/black-anodized-heat-sink-w-70-for-single-phase-ssr\/","title":{"rendered":"Dissipador de calor anodizado preto, W-70 para SSR monof\u00e1sico"},"content":{"rendered":"<h2>Black Anodized Heat Sink, W-70 For Single Phase SSR Introduction:<\/h2>\n<ul>\n<li>This is a black anodized heat sink W-70, it is designed for single phase solid state relay which current is not more than 40amps.<\/li>\n<li>This solid state relay heat radiator use anodizing surface treatment process, make it have better anti-corrosion characteristics.<\/li>\n<li>Because the anodizing process, its price will be higher than the common <a href=\"https:\/\/lorentzzi.com\/products\/accessories\/heat-sink\/w-70-single-phase-ssr-heatsink\/\"><span style=\"color: #ff0000;\">original silver color W-70 heatsink<\/span><\/a>.<\/li>\n<li>There are pre-drilled holes on this heatsink, it is easy for us to mount SSR onto it. When mounting this SSR, please don&#8217;t forget to put thermal grease or thermal pad between the two parts.<\/li>\n<li>Made by high quality raw aluminum, no cutting corners, all these factors makes it have good performance in heat dissipation.<\/li>\n<li>This anodized heat sink installation method is very easy, we can use two M4 screws to fix it on the distribution panel.<\/li>\n<li><strong>If you would like the latest pricing on our black anodized radiators, please fill out the form at the bottom to contact us today!<\/strong><\/li>\n<\/ul>\n<h2><strong>Specifications:<\/strong><\/h2>\n<div class=\"supsystic-table-loader spinner\"style=\"background-color:#000000\"><\/div><div id=\"supsystic-table-59_81888\" class=\"supsystic-tables-wrap \" style=\" width:100%; visibility: hidden; \" data-table-width-fixed=\"100%\" data-table-width-mobile=\"100%\" ><table id=\"supsystic-table-59\" class=\"supsystic-table border lightboxImg cell-border\" data-id=\"59\" data-view-id=\"59_81888\" data-title=\"W-70 heatsink\" data-currency-format=\"$1,000.00\" data-percent-format=\"10.00%\" data-date-format=\"DD.MM.YYYY\" data-time-format=\"HH:mm\" data-features=\"[&quot;after_table_loaded_script&quot;]\" data-search-value=\"\" data-lightbox-img=\"\" data-head-rows-count=\"1\" data-pagination-length=\"50,100,All\" data-auto-index=\"off\" data-searching-settings=\"{&quot;columnSearchPosition&quot;:&quot;bottom&quot;,&quot;minChars&quot;:&quot;0&quot;}\" data-lang=\"default\" data-override=\"{&quot;emptyTable&quot;:&quot;&quot;,&quot;info&quot;:&quot;&quot;,&quot;infoEmpty&quot;:&quot;&quot;,&quot;infoFiltered&quot;:&quot;&quot;,&quot;lengthMenu&quot;:&quot;&quot;,&quot;search&quot;:&quot;&quot;,&quot;previous&quot;:&quot;&quot;,&quot;next&quot;:&quot;&quot;,&quot;zeroRecords&quot;:&quot;&quot;,&quot;exportLabel&quot;:&quot;&quot;,&quot;file&quot;:&quot;default&quot;}\" data-merged=\"[]\" data-responsive-mode=\"0\" data-from-history=\"0\" ><thead><tr><th class=\"\" style=\"width:; padding: 0 !important;\"><\/th><th class=\"\" style=\"width:; padding: 0 !important;\"><\/th><\/tr><\/thead><tbody><tr style=\"height:px\" ><td data-cell-id=\"A1\" data-x=\"0\" data-y=\"1\" data-db-index=\"1\" class=\"htCenter htMiddle bg-c7c7c7\" data-cell-type=\"text\" data-original-value=\"Model\" data-order=\"Model\" style=\"min-width:45.3202%; \" >Model <\/td><td data-cell-id=\"B1\" data-x=\"1\" data-y=\"1\" data-db-index=\"1\" class=\"htCenter htMiddle bg-c7c7c7\" data-cell-type=\"text\" data-original-value=\"W-70\" data-order=\"W-70\" style=\"min-width:54.6798%; \" >W-70 <\/td><\/tr><tr style=\"height:px\" ><td data-cell-id=\"A2\" data-x=\"0\" data-y=\"2\" data-db-index=\"2\" class=\"htCenter htMiddle\" data-cell-type=\"text\" data-original-value=\"Shape\" data-order=\"Shape\" >Shape <\/td><td data-cell-id=\"B2\" data-x=\"1\" data-y=\"2\" data-db-index=\"2\" class=\"htCenter htMiddle\" data-cell-type=\"text\" data-original-value=\"W shape\" data-order=\"W shape\" >W shape <\/td><\/tr><tr style=\"height:px\" ><td data-cell-id=\"A3\" data-x=\"0\" data-y=\"3\" data-db-index=\"3\" class=\"htCenter htMiddle bg-c7c7c7\" data-cell-type=\"text\" data-original-value=\"Cooling fan installation\" data-order=\"Cooling fan installation\" >Cooling fan installation <\/td><td data-cell-id=\"B3\" data-x=\"1\" data-y=\"3\" data-db-index=\"3\" class=\"htCenter htMiddle bg-c7c7c7\" data-cell-type=\"text\" data-original-value=\"Not available\" data-order=\"Not available\" >Not available <\/td><\/tr><tr style=\"height:px\" ><td data-cell-id=\"A4\" data-x=\"0\" data-y=\"4\" data-db-index=\"4\" class=\"htCenter htMiddle\" data-cell-type=\"text\" data-original-value=\"Product dimension\" data-order=\"Product dimension\" >Product dimension <\/td><td data-cell-id=\"B4\" data-x=\"1\" data-y=\"4\" data-db-index=\"4\" class=\"htCenter htMiddle\" data-cell-type=\"text\" data-original-value=\"125*70*50 mm( L*W*H )\" data-order=\"125*70*50 mm( L*W*H )\" >125*70*50 mm( L*W*H ) <\/td><\/tr><tr style=\"height:px\" ><td data-cell-id=\"A5\" data-x=\"0\" data-y=\"5\" data-db-index=\"5\" class=\"htCenter htMiddle bg-c7c7c7\" data-cell-type=\"text\" data-original-value=\"Suitable SSR\" data-order=\"Suitable SSR\" >Suitable SSR <\/td><td data-cell-id=\"B5\" data-x=\"1\" data-y=\"5\" data-db-index=\"5\" class=\"htCenter htMiddle bg-c7c7c7\" data-cell-type=\"text\" data-original-value=\"\u226440A single phase SSR\" data-order=\"\u226440A single phase SSR\" >\u226440A single phase SSR <\/td><\/tr><tr style=\"height:px\" ><td data-cell-id=\"A6\" data-x=\"0\" data-y=\"6\" data-db-index=\"6\" class=\"htCenter htMiddle\" data-cell-type=\"text\" data-original-value=\"Colour\" data-order=\"Colour\" >Colour <\/td><td data-cell-id=\"B6\" data-x=\"1\" data-y=\"6\" data-db-index=\"6\" class=\"htCenter htMiddle\" data-cell-type=\"text\" data-original-value=\"Original silver\" data-order=\"Original silver\" >Original silver <\/td><\/tr><\/tbody><\/table><!-- \/#supsystic-table-59.supsystic-table --><\/div><!-- \/.supsystic-tables-wrap --><!-- Tables Generator by Supsystic --><!-- Version:1.11.0 --><!-- http:\/\/supsystic.com\/ --><a title=\"WordPress Data Table Plugin\" style=\"display:none;\" href=\"https:\/\/supsystic.com\/plugins\/wordpress-data-table-plugin\/?utm_medium=love_link\" target=\"_blank\">WordPress Data Table Plugin<\/a>\n","protected":false},"excerpt":{"rendered":"<ol>\n<li>Adequado para SSR monof\u00e1sico com menos de 40 amperes,<\/li>\n<li>Tratamento de superf\u00edcie preto anodizado,<\/li>\n<li>Boa resist\u00eancia \u00e0 corros\u00e3o,<\/li>\n<li>Fabricado em alum\u00ednio de alta qualidade,<\/li>\n<li>Excelente dissipa\u00e7\u00e3o de calor para rel\u00e9s de estado s\u00f3lido.<\/li>\n<\/ol>","protected":false},"featured_media":10625,"template":"","meta":{"site-sidebar-layout":"default","site-content-layout":"default","ast-site-content-layout":"default","site-content-style":"default","site-sidebar-style":"default","ast-global-header-display":"","ast-banner-title-visibility":"","ast-main-header-display":"","ast-hfb-above-header-display":"","ast-hfb-below-header-display":"","ast-hfb-mobile-header-display":"","site-post-title":"","ast-breadcrumbs-content":"","ast-featured-img":"","footer-sml-layout":"","ast-disable-related-posts":"","theme-transparent-header-meta":"default","adv-header-id-meta":"","stick-header-meta":"","header-above-stick-meta":"","header-main-stick-meta":"","header-below-stick-meta":"","astra-migrate-meta-layouts":"set","ast-page-background-enabled":"default","ast-page-background-meta":{"desktop":{"background-color":"","background-image":"","background-repeat":"repeat","background-position":"center center","background-size":"auto","background-attachment":"scroll","background-type":"","background-media":"","overlay-type":"","overlay-color":"","overlay-opacity":"","overlay-gradient":""},"tablet":{"background-color":"","background-image":"","background-repeat":"repeat","background-position":"center center","background-size":"auto","background-attachment":"scroll","background-type":"","background-media":"","overlay-type":"","overlay-color":"","overlay-opacity":"","overlay-gradient":""},"mobile":{"background-color":"","background-image":"","background-repeat":"repeat","background-position":"center center","background-size":"auto","background-attachment":"scroll","background-type":"","background-media":"","overlay-type":"","overlay-color":"","overlay-opacity":"","overlay-gradient":""}},"ast-content-background-meta":{"desktop":{"background-color":"var(--ast-global-color-5)","background-image":"","background-repeat":"repeat","background-position":"center center","background-size":"auto","background-attachment":"scroll","background-type":"","background-media":"","overlay-type":"","overlay-color":"","overlay-opacity":"","overlay-gradient":""},"tablet":{"background-color":"var(--ast-global-color-5)","background-image":"","background-repeat":"repeat","background-position":"center center","background-size":"auto","background-attachment":"scroll","background-type":"","background-media":"","overlay-type":"","overlay-color":"","overlay-opacity":"","overlay-gradient":""},"mobile":{"background-color":"var(--ast-global-color-5)","background-image":"","background-repeat":"repeat","background-position":"center center","background-size":"auto","background-attachment":"scroll","background-type":"","background-media":"","overlay-type":"","overlay-color":"","overlay-opacity":"","overlay-gradient":""}}},"product_brand":[],"product_cat":[108,125],"product_tag":[],"class_list":{"0":"post-10623","1":"product","2":"type-product","3":"status-publish","4":"has-post-thumbnail","6":"product_cat-accessories","7":"product_cat-heat-sink","8":"desktop-align-center","9":"tablet-align-left","10":"mobile-align-left","12":"first","13":"instock","14":"shipping-taxable","15":"product-type-simple"},"yoast_head":"<!-- This site is optimized with the Yoast SEO Premium plugin v24.0 (Yoast SEO v27.4) - https:\/\/yoast.com\/product\/yoast-seo-premium-wordpress\/ -->\n<title>Black Anodized Heat Sink, W-70 For Single Phase SSR<\/title>\n<meta name=\"description\" content=\"This is a black anodized heat sink W-70, it is designed for single phase solid state relay which current is not more than 40amps.\" \/>\n<meta name=\"robots\" content=\"index, follow, max-snippet:-1, max-image-preview:large, max-video-preview:-1\" \/>\n<link rel=\"canonical\" href=\"https:\/\/lorentzzi.com\/pt\/products\/accessories\/heat-sink\/black-anodized-heat-sink-w-70-for-single-phase-ssr\/\" \/>\n<meta property=\"og:locale\" content=\"pt_BR\" \/>\n<meta property=\"og:type\" content=\"article\" \/>\n<meta property=\"og:title\" content=\"Black Anodized Heat Sink, W-70 For Single Phase SSR\" \/>\n<meta property=\"og:description\" content=\"This is a black anodized heat sink W-70, it is designed for single phase solid state relay which current is not more than 40amps.\" \/>\n<meta property=\"og:url\" content=\"https:\/\/lorentzzi.com\/pt\/products\/accessories\/heat-sink\/black-anodized-heat-sink-w-70-for-single-phase-ssr\/\" \/>\n<meta property=\"og:site_name\" content=\"Lorentzzi Industrial Supply-Chinese Manufacturer&amp;Exporter\" \/>\n<meta property=\"article:modified_time\" content=\"2025-08-14T01:27:46+00:00\" \/>\n<meta property=\"og:image\" content=\"https:\/\/lorentzzi.com\/wp-content\/uploads\/2023\/07\/Black-anodized-heat-sink-2.jpg\" \/>\n\t<meta property=\"og:image:width\" content=\"640\" \/>\n\t<meta property=\"og:image:height\" content=\"640\" \/>\n\t<meta property=\"og:image:type\" content=\"image\/jpeg\" \/>\n<meta name=\"twitter:card\" content=\"summary_large_image\" \/>\n<meta name=\"twitter:label1\" content=\"Est. tempo de leitura\" \/>\n\t<meta name=\"twitter:data1\" content=\"1 minuto\" \/>\n<script type=\"application\/ld+json\" class=\"yoast-schema-graph\">{\"@context\":\"https:\\\/\\\/schema.org\",\"@graph\":[{\"@type\":\"WebPage\",\"@id\":\"https:\\\/\\\/lorentzzi.com\\\/products\\\/accessories\\\/heat-sink\\\/black-anodized-heat-sink-w-70-for-single-phase-ssr\\\/\",\"url\":\"https:\\\/\\\/lorentzzi.com\\\/products\\\/accessories\\\/heat-sink\\\/black-anodized-heat-sink-w-70-for-single-phase-ssr\\\/\",\"name\":\"Black Anodized Heat Sink, W-70 For Single Phase SSR\",\"isPartOf\":{\"@id\":\"https:\\\/\\\/lorentzzi.com\\\/#website\"},\"primaryImageOfPage\":{\"@id\":\"https:\\\/\\\/lorentzzi.com\\\/products\\\/accessories\\\/heat-sink\\\/black-anodized-heat-sink-w-70-for-single-phase-ssr\\\/#primaryimage\"},\"image\":{\"@id\":\"https:\\\/\\\/lorentzzi.com\\\/products\\\/accessories\\\/heat-sink\\\/black-anodized-heat-sink-w-70-for-single-phase-ssr\\\/#primaryimage\"},\"thumbnailUrl\":\"https:\\\/\\\/lorentzzi.com\\\/wp-content\\\/uploads\\\/2023\\\/07\\\/Black-anodized-heat-sink-2.jpg\",\"datePublished\":\"2023-07-23T00:38:06+00:00\",\"dateModified\":\"2025-08-14T01:27:46+00:00\",\"description\":\"This is a black anodized heat sink W-70, it is designed for single phase solid state relay which current is not more than 40amps.\",\"breadcrumb\":{\"@id\":\"https:\\\/\\\/lorentzzi.com\\\/products\\\/accessories\\\/heat-sink\\\/black-anodized-heat-sink-w-70-for-single-phase-ssr\\\/#breadcrumb\"},\"inLanguage\":\"pt-BR\",\"potentialAction\":[{\"@type\":\"ReadAction\",\"target\":[\"https:\\\/\\\/lorentzzi.com\\\/products\\\/accessories\\\/heat-sink\\\/black-anodized-heat-sink-w-70-for-single-phase-ssr\\\/\"]}]},{\"@type\":\"ImageObject\",\"inLanguage\":\"pt-BR\",\"@id\":\"https:\\\/\\\/lorentzzi.com\\\/products\\\/accessories\\\/heat-sink\\\/black-anodized-heat-sink-w-70-for-single-phase-ssr\\\/#primaryimage\",\"url\":\"https:\\\/\\\/lorentzzi.com\\\/wp-content\\\/uploads\\\/2023\\\/07\\\/Black-anodized-heat-sink-2.jpg\",\"contentUrl\":\"https:\\\/\\\/lorentzzi.com\\\/wp-content\\\/uploads\\\/2023\\\/07\\\/Black-anodized-heat-sink-2.jpg\",\"width\":640,\"height\":640,\"caption\":\"Black anodized heat sink\"},{\"@type\":\"BreadcrumbList\",\"@id\":\"https:\\\/\\\/lorentzzi.com\\\/products\\\/accessories\\\/heat-sink\\\/black-anodized-heat-sink-w-70-for-single-phase-ssr\\\/#breadcrumb\",\"itemListElement\":[{\"@type\":\"ListItem\",\"position\":1,\"name\":\"Home\",\"item\":\"https:\\\/\\\/lorentzzi.com\\\/\"},{\"@type\":\"ListItem\",\"position\":2,\"name\":\"Products\",\"item\":\"https:\\\/\\\/lorentzzi.com\\\/products\\\/\"},{\"@type\":\"ListItem\",\"position\":3,\"name\":\"Black Anodized Heat Sink, W-70 For Single Phase SSR\"}]},{\"@type\":\"WebSite\",\"@id\":\"https:\\\/\\\/lorentzzi.com\\\/#website\",\"url\":\"https:\\\/\\\/lorentzzi.com\\\/\",\"name\":\"Lorentzzi Industrial Supply-Chinese Manufacturer&amp;Exporter\",\"description\":\"Lorentzzi supply temperature controller, SSR, proximity sensor, SCR power regulator and timer switch with good quality and affordable prices.\",\"publisher\":{\"@id\":\"https:\\\/\\\/lorentzzi.com\\\/#organization\"},\"potentialAction\":[{\"@type\":\"SearchAction\",\"target\":{\"@type\":\"EntryPoint\",\"urlTemplate\":\"https:\\\/\\\/lorentzzi.com\\\/?s={search_term_string}\"},\"query-input\":{\"@type\":\"PropertyValueSpecification\",\"valueRequired\":true,\"valueName\":\"search_term_string\"}}],\"inLanguage\":\"pt-BR\"},{\"@type\":\"Organization\",\"@id\":\"https:\\\/\\\/lorentzzi.com\\\/#organization\",\"name\":\"Lorentzzi Industrial Supply-Chinese Manufacturer&amp;Exporter\",\"url\":\"https:\\\/\\\/lorentzzi.com\\\/\",\"logo\":{\"@type\":\"ImageObject\",\"inLanguage\":\"pt-BR\",\"@id\":\"https:\\\/\\\/lorentzzi.com\\\/#\\\/schema\\\/logo\\\/image\\\/\",\"url\":\"https:\\\/\\\/lorentzzi.com\\\/wp-content\\\/uploads\\\/2021\\\/07\\\/Lorenz-Electric-Company-Logo.png\",\"contentUrl\":\"https:\\\/\\\/lorentzzi.com\\\/wp-content\\\/uploads\\\/2021\\\/07\\\/Lorenz-Electric-Company-Logo.png\",\"width\":350,\"height\":100,\"caption\":\"Lorentzzi Industrial Supply-Chinese Manufacturer&amp;Exporter\"},\"image\":{\"@id\":\"https:\\\/\\\/lorentzzi.com\\\/#\\\/schema\\\/logo\\\/image\\\/\"}}]}<\/script>\n<!-- \/ Yoast SEO Premium plugin. -->","yoast_head_json":{"title":"Dissipador de calor anodizado preto, W-70 para SSR monof\u00e1sico","description":"Esse \u00e9 um dissipador de calor anodizado preto W-70, projetado para rel\u00e9 de estado s\u00f3lido monof\u00e1sico cuja corrente n\u00e3o seja superior a 40 amperes.","robots":{"index":"index","follow":"follow","max-snippet":"max-snippet:-1","max-image-preview":"max-image-preview:large","max-video-preview":"max-video-preview:-1"},"canonical":"https:\/\/lorentzzi.com\/pt\/products\/accessories\/heat-sink\/black-anodized-heat-sink-w-70-for-single-phase-ssr\/","og_locale":"pt_BR","og_type":"article","og_title":"Black Anodized Heat Sink, W-70 For Single Phase SSR","og_description":"This is a black anodized heat sink W-70, it is designed for single phase solid state relay which current is not more than 40amps.","og_url":"https:\/\/lorentzzi.com\/pt\/products\/accessories\/heat-sink\/black-anodized-heat-sink-w-70-for-single-phase-ssr\/","og_site_name":"Lorentzzi Industrial Supply-Chinese Manufacturer&amp;Exporter","article_modified_time":"2025-08-14T01:27:46+00:00","og_image":[{"width":640,"height":640,"url":"https:\/\/lorentzzi.com\/wp-content\/uploads\/2023\/07\/Black-anodized-heat-sink-2.jpg","type":"image\/jpeg"}],"twitter_card":"summary_large_image","twitter_misc":{"Est. tempo de leitura":"1 minuto"},"schema":{"@context":"https:\/\/schema.org","@graph":[{"@type":"WebPage","@id":"https:\/\/lorentzzi.com\/products\/accessories\/heat-sink\/black-anodized-heat-sink-w-70-for-single-phase-ssr\/","url":"https:\/\/lorentzzi.com\/products\/accessories\/heat-sink\/black-anodized-heat-sink-w-70-for-single-phase-ssr\/","name":"Dissipador de calor anodizado preto, W-70 para SSR monof\u00e1sico","isPartOf":{"@id":"https:\/\/lorentzzi.com\/#website"},"primaryImageOfPage":{"@id":"https:\/\/lorentzzi.com\/products\/accessories\/heat-sink\/black-anodized-heat-sink-w-70-for-single-phase-ssr\/#primaryimage"},"image":{"@id":"https:\/\/lorentzzi.com\/products\/accessories\/heat-sink\/black-anodized-heat-sink-w-70-for-single-phase-ssr\/#primaryimage"},"thumbnailUrl":"https:\/\/lorentzzi.com\/wp-content\/uploads\/2023\/07\/Black-anodized-heat-sink-2.jpg","datePublished":"2023-07-23T00:38:06+00:00","dateModified":"2025-08-14T01:27:46+00:00","description":"Esse \u00e9 um dissipador de calor anodizado preto W-70, projetado para rel\u00e9 de estado s\u00f3lido monof\u00e1sico cuja corrente n\u00e3o seja superior a 40 amperes.","breadcrumb":{"@id":"https:\/\/lorentzzi.com\/products\/accessories\/heat-sink\/black-anodized-heat-sink-w-70-for-single-phase-ssr\/#breadcrumb"},"inLanguage":"pt-BR","potentialAction":[{"@type":"ReadAction","target":["https:\/\/lorentzzi.com\/products\/accessories\/heat-sink\/black-anodized-heat-sink-w-70-for-single-phase-ssr\/"]}]},{"@type":"ImageObject","inLanguage":"pt-BR","@id":"https:\/\/lorentzzi.com\/products\/accessories\/heat-sink\/black-anodized-heat-sink-w-70-for-single-phase-ssr\/#primaryimage","url":"https:\/\/lorentzzi.com\/wp-content\/uploads\/2023\/07\/Black-anodized-heat-sink-2.jpg","contentUrl":"https:\/\/lorentzzi.com\/wp-content\/uploads\/2023\/07\/Black-anodized-heat-sink-2.jpg","width":640,"height":640,"caption":"Black anodized heat sink"},{"@type":"BreadcrumbList","@id":"https:\/\/lorentzzi.com\/products\/accessories\/heat-sink\/black-anodized-heat-sink-w-70-for-single-phase-ssr\/#breadcrumb","itemListElement":[{"@type":"ListItem","position":1,"name":"Home","item":"https:\/\/lorentzzi.com\/"},{"@type":"ListItem","position":2,"name":"Products","item":"https:\/\/lorentzzi.com\/products\/"},{"@type":"ListItem","position":3,"name":"Black Anodized Heat Sink, W-70 For Single Phase SSR"}]},{"@type":"WebSite","@id":"https:\/\/lorentzzi.com\/#website","url":"https:\/\/lorentzzi.com\/","name":"Lorentzzi Industrial Supply - Fabricante e exportador chin\u00eas","description":"A Lorentzzi fornece controlador de temperatura, SSR, sensor de proximidade, regulador de pot\u00eancia SCR e chave temporizadora com boa qualidade e pre\u00e7os acess\u00edveis.","publisher":{"@id":"https:\/\/lorentzzi.com\/#organization"},"potentialAction":[{"@type":"SearchAction","target":{"@type":"EntryPoint","urlTemplate":"https:\/\/lorentzzi.com\/?s={search_term_string}"},"query-input":{"@type":"PropertyValueSpecification","valueRequired":true,"valueName":"search_term_string"}}],"inLanguage":"pt-BR"},{"@type":"Organization","@id":"https:\/\/lorentzzi.com\/#organization","name":"Lorentzzi Industrial Supply - Fabricante e exportador chin\u00eas","url":"https:\/\/lorentzzi.com\/","logo":{"@type":"ImageObject","inLanguage":"pt-BR","@id":"https:\/\/lorentzzi.com\/#\/schema\/logo\/image\/","url":"https:\/\/lorentzzi.com\/wp-content\/uploads\/2021\/07\/Lorenz-Electric-Company-Logo.png","contentUrl":"https:\/\/lorentzzi.com\/wp-content\/uploads\/2021\/07\/Lorenz-Electric-Company-Logo.png","width":350,"height":100,"caption":"Lorentzzi Industrial Supply-Chinese Manufacturer&amp;Exporter"},"image":{"@id":"https:\/\/lorentzzi.com\/#\/schema\/logo\/image\/"}}]}},"_links":{"self":[{"href":"https:\/\/lorentzzi.com\/pt\/wp-json\/wp\/v2\/product\/10623","targetHints":{"allow":["GET"]}}],"collection":[{"href":"https:\/\/lorentzzi.com\/pt\/wp-json\/wp\/v2\/product"}],"about":[{"href":"https:\/\/lorentzzi.com\/pt\/wp-json\/wp\/v2\/types\/product"}],"version-history":[{"count":4,"href":"https:\/\/lorentzzi.com\/pt\/wp-json\/wp\/v2\/product\/10623\/revisions"}],"predecessor-version":[{"id":18133,"href":"https:\/\/lorentzzi.com\/pt\/wp-json\/wp\/v2\/product\/10623\/revisions\/18133"}],"wp:featuredmedia":[{"embeddable":true,"href":"https:\/\/lorentzzi.com\/pt\/wp-json\/wp\/v2\/media\/10625"}],"wp:attachment":[{"href":"https:\/\/lorentzzi.com\/pt\/wp-json\/wp\/v2\/media?parent=10623"}],"wp:term":[{"taxonomy":"product_brand","embeddable":true,"href":"https:\/\/lorentzzi.com\/pt\/wp-json\/wp\/v2\/product_brand?post=10623"},{"taxonomy":"product_cat","embeddable":true,"href":"https:\/\/lorentzzi.com\/pt\/wp-json\/wp\/v2\/product_cat?post=10623"},{"taxonomy":"product_tag","embeddable":true,"href":"https:\/\/lorentzzi.com\/pt\/wp-json\/wp\/v2\/product_tag?post=10623"}],"curies":[{"name":"wp","href":"https:\/\/api.w.org\/{rel}","templated":true}]}}