{"id":6593,"date":"2022-12-20T20:10:23","date_gmt":"2022-12-20T12:10:23","guid":{"rendered":"https:\/\/lorentzzi.com\/?post_type=product&#038;p=6593"},"modified":"2025-11-25T13:00:51","modified_gmt":"2025-11-25T05:00:51","slug":"5-digit-counter-electromagnetic-type-csk5-nkw","status":"publish","type":"product","link":"https:\/\/lorentzzi.com\/pl\/products\/timer-switch-and-counter\/pulse-counter\/5-digit-counter-electromagnetic-type-csk5-nkw\/","title":{"rendered":"5-cyfrowy licznik elektromagnetyczny, model CSK5-NKW"},"content":{"rendered":"<h2><b>Introduction:<\/b><\/h2>\n<ul>\n<li style=\"list-style-type: none;\">\n<ul>\n<li style=\"font-weight: 400;\" aria-level=\"1\"><b>Lorentzzi\u00ae<\/b><span style=\"font-weight: 400;\"> CSK5-NKW is an electromagnetic 5 digit counter with a maximum count of 99,999.<\/span><\/li>\n<li style=\"font-weight: 400;\" aria-level=\"1\"><span style=\"font-weight: 400;\">This 5-digit counter uses a back-plate mounting method and is secured with stainless steel clips.<\/span><\/li>\n<li style=\"font-weight: 400;\" aria-level=\"1\"><span style=\"font-weight: 400;\">The mounting hole dimensions should be 42*26 mm, and the whole product dimension is 46*29*74 mm.<\/span><\/li>\n<\/ul>\n<\/li>\n<\/ul>\n<p><img fetchpriority=\"high\" decoding=\"async\" class=\"aligncenter wp-image-19243 size-full\" src=\"https:\/\/lorentzzi.com\/wp-content\/uploads\/2022\/12\/CSK5-NWK-5-digit-eletromagnetic-counter-dimension.jpg\" alt=\"CSK5-NWK 5 digit electromagnetic counter dimension\" width=\"1024\" height=\"512\" srcset=\"https:\/\/lorentzzi.com\/wp-content\/uploads\/2022\/12\/CSK5-NWK-5-digit-eletromagnetic-counter-dimension.jpg 1024w, https:\/\/lorentzzi.com\/wp-content\/uploads\/2022\/12\/CSK5-NWK-5-digit-eletromagnetic-counter-dimension-300x150.jpg 300w, https:\/\/lorentzzi.com\/wp-content\/uploads\/2022\/12\/CSK5-NWK-5-digit-eletromagnetic-counter-dimension-768x384.jpg 768w, https:\/\/lorentzzi.com\/wp-content\/uploads\/2022\/12\/CSK5-NWK-5-digit-eletromagnetic-counter-dimension-18x9.jpg 18w, https:\/\/lorentzzi.com\/wp-content\/uploads\/2022\/12\/CSK5-NWK-5-digit-eletromagnetic-counter-dimension-600x300.jpg 600w, https:\/\/lorentzzi.com\/wp-content\/uploads\/2022\/12\/CSK5-NWK-5-digit-eletromagnetic-counter-dimension-64x32.jpg 64w\" sizes=\"(max-width: 1024px) 100vw, 1024px\" \/><\/p>\n<ul>\n<li style=\"list-style-type: none;\">\n<ul>\n<li style=\"font-weight: 400;\" aria-level=\"1\"><span style=\"font-weight: 400;\">Its working principle is very easy to understand: once a voltage is applied to the counter, it counts once. The input voltage signal can be 12 VDC, 24 VDC, 110 VAC, or 220 VAC and so on.<\/span><\/li>\n<li style=\"font-weight: 400;\" aria-level=\"1\"><span style=\"font-weight: 400;\">If the signal is 12 VDC or 24 VDC, you can try using it with our <\/span><span style=\"color: #ff0000;\"><a style=\"color: #ff0000;\" href=\"https:\/\/lorentzzi.com\/proximity-sensors\/\"><span style=\"font-weight: 400;\">proximity sensor<\/span><\/a><\/span><span style=\"font-weight: 400;\"> to count the number of objects.<\/span><\/li>\n<li style=\"font-weight: 400;\" aria-level=\"1\"><span style=\"font-weight: 400;\">Compared to our <\/span><span style=\"color: #ff0000;\"><a style=\"color: #ff0000;\" href=\"https:\/\/lorentzzi.com\/products\/timer-switch-and-counter\/pulse-counter\/h7ec-n-8-digits-no-input-voltage-digital-counter\/\"><span style=\"font-weight: 400;\">electronic counters<\/span><\/a><\/span><span style=\"font-weight: 400;\">, it uses wheels to display the count value and does not require a built-in battery to store the count results.<\/span><\/li>\n<li style=\"font-weight: 400;\" aria-level=\"1\"><span style=\"font-weight: 400;\">This counter has a count reset function. If you need a counter without a reset function, please <\/span><span style=\"color: #ff0000;\"><a style=\"color: #ff0000;\" href=\"https:\/\/lorentzzi.com\/contact-us\/\"><span style=\"font-weight: 400;\">contact us<\/span><\/a><\/span><span style=\"font-weight: 400;\"> and we will recommend a suitable product for you.<\/span><\/li>\n<li style=\"font-weight: 400;\" aria-level=\"1\"><b>If you are interested in this 5-digit counter, please fill out the form at the bottom for our technical support or pricing information!<\/b><\/li>\n<\/ul>\n<\/li>\n<\/ul>\n<h2><strong>Specifications:<\/strong><\/h2>\n<div class=\"supsystic-table-loader spinner\"style=\"background-color:#000000\"><\/div><div id=\"supsystic-table-51_44232\" class=\"supsystic-tables-wrap \" style=\" width:100%; visibility: hidden; \" data-table-width-fixed=\"100%\" data-table-width-mobile=\"100%\" ><table id=\"supsystic-table-51\" class=\"supsystic-table border lightboxImg cell-border\" data-id=\"51\" data-view-id=\"51_44232\" data-title=\"CSK5-NKW\" data-currency-format=\"$1,000.00\" data-percent-format=\"10.00%\" data-date-format=\"DD.MM.YYYY\" data-time-format=\"HH:mm\" data-features=\"[&quot;after_table_loaded_script&quot;]\" data-search-value=\"\" data-lightbox-img=\"\" data-head-rows-count=\"1\" data-pagination-length=\"50,100,All\" data-auto-index=\"off\" data-searching-settings=\"{&quot;columnSearchPosition&quot;:&quot;bottom&quot;,&quot;minChars&quot;:&quot;0&quot;}\" data-lang=\"default\" data-override=\"{&quot;emptyTable&quot;:&quot;&quot;,&quot;info&quot;:&quot;&quot;,&quot;infoEmpty&quot;:&quot;&quot;,&quot;infoFiltered&quot;:&quot;&quot;,&quot;lengthMenu&quot;:&quot;&quot;,&quot;search&quot;:&quot;&quot;,&quot;previous&quot;:&quot;&quot;,&quot;next&quot;:&quot;&quot;,&quot;zeroRecords&quot;:&quot;&quot;,&quot;exportLabel&quot;:&quot;&quot;,&quot;file&quot;:&quot;default&quot;}\" data-merged=\"[]\" data-responsive-mode=\"0\" data-from-history=\"0\" ><thead><tr><th class=\"\" style=\"width:; padding: 0 !important;\"><\/th><th class=\"\" style=\"width:; padding: 0 !important;\"><\/th><\/tr><\/thead><tbody><tr style=\"height:px\" ><td data-cell-id=\"A1\" data-x=\"0\" data-y=\"1\" data-db-index=\"1\" class=\"htMiddle htCenter bg-c7c7c7\" data-cell-type=\"text\" data-original-value=\"Model\" data-order=\"Model\" style=\"min-width:35.3877%; \" >Model <\/td><td data-cell-id=\"B1\" data-x=\"1\" data-y=\"1\" data-db-index=\"1\" class=\"htMiddle htCenter bg-c7c7c7\" data-cell-type=\"text\" data-original-value=\"CSK5-NKW\" data-order=\"CSK5-NKW\" style=\"min-width:64.6123%; \" >CSK5-NKW <\/td><\/tr><tr style=\"height:px\" ><td data-cell-id=\"A2\" data-x=\"0\" data-y=\"2\" data-db-index=\"2\" class=\"htMiddle htCenter\" data-cell-type=\"text\" data-original-value=\"Counting pulse voltage\" data-order=\"Counting pulse voltage\" >Counting pulse voltage <\/td><td data-cell-id=\"B2\" data-x=\"1\" data-y=\"2\" data-db-index=\"2\" class=\"htMiddle htCenter\" data-cell-type=\"text\" data-original-value=\"220 VAC, 110 VAC, 50\/60 Hz, 24 VDC, 12 VDC\" data-order=\"220 VAC, 110 VAC, 50\/60 Hz, 24 VDC, 12 VDC\" >220 VAC, 110 VAC, 50\/60 Hz, 24 VDC, 12 VDC <\/td><\/tr><tr style=\"height:px\" ><td data-cell-id=\"A3\" data-x=\"0\" data-y=\"3\" data-db-index=\"3\" class=\"htMiddle htCenter bg-c7c7c7\" data-cell-type=\"text\" data-original-value=\"Max. measuring times\" data-order=\"Max. measuring times\" >Max. measuring times <\/td><td data-cell-id=\"B3\" data-x=\"1\" data-y=\"3\" data-db-index=\"3\" class=\"htMiddle htCenter bg-c7c7c7\" data-cell-type=\"text\" data-cell-format-type=\"number\" data-original-value=\"99,999\" data-order=\"99,999\" >99,999 <\/td><\/tr><tr style=\"height:px\" ><td data-cell-id=\"A4\" data-x=\"0\" data-y=\"4\" data-db-index=\"4\" class=\"htMiddle htCenter\" data-cell-type=\"text\" data-original-value=\"Voltage fluctuation range\" data-order=\"Voltage fluctuation range\" >Voltage fluctuation range <\/td><td data-cell-id=\"B4\" data-x=\"1\" data-y=\"4\" data-db-index=\"4\" class=\"htMiddle htCenter\" data-cell-type=\"text\" data-original-value=\"\u00b110%\" data-order=\"\u00b110%\" >\u00b110% <\/td><\/tr><tr style=\"height:px\" ><td data-cell-id=\"A5\" data-x=\"0\" data-y=\"5\" data-db-index=\"5\" class=\"htMiddle htCenter bg-c7c7c7\" data-cell-type=\"text\" data-original-value=\"Counting speed\" data-order=\"Counting speed\" >Counting speed <\/td><td data-cell-id=\"B5\" data-x=\"1\" data-y=\"5\" data-db-index=\"5\" class=\"htMiddle htCenter bg-c7c7c7\" data-cell-type=\"text\" data-original-value=\"DC: 20 times\/sec, AC: 10 times\/sec\" data-order=\"DC: 20 times\/sec, AC: 10 times\/sec\" >DC: 20 times\/sec, AC: 10 times\/sec <\/td><\/tr><tr style=\"height:px\" ><td data-cell-id=\"A6\" data-x=\"0\" data-y=\"6\" data-db-index=\"6\" class=\"htMiddle htCenter\" data-cell-type=\"text\" data-original-value=\"Ambient temperature\" data-order=\"Ambient temperature\" >Ambient temperature <\/td><td data-cell-id=\"B6\" data-x=\"1\" data-y=\"6\" data-db-index=\"6\" class=\"htMiddle htCenter\" data-cell-type=\"text\" data-original-value=\"-20\u00b0C~50\u00b0C\" data-order=\"-20\u00b0C~50\u00b0C\" >-20\u00b0C~50\u00b0C <\/td><\/tr><tr style=\"height:px\" ><td data-cell-id=\"A7\" data-x=\"0\" data-y=\"7\" data-db-index=\"7\" class=\"htMiddle htCenter bg-c7c7c7\" data-cell-type=\"text\" data-original-value=\"Power consumption\" data-order=\"Power consumption\" >Power consumption <\/td><td data-cell-id=\"B7\" data-x=\"1\" data-y=\"7\" data-db-index=\"7\" class=\"htMiddle htCenter bg-c7c7c7\" data-cell-type=\"text\" data-original-value=\"DC: 1.5 W, AC: 2.5 W\" data-order=\"DC: 1.5 W, AC: 2.5 W\" >DC: 1.5 W, AC: 2.5 W <\/td><\/tr><tr style=\"height:px\" ><td data-cell-id=\"A8\" data-x=\"0\" data-y=\"8\" data-db-index=\"8\" class=\"htMiddle htCenter\" data-cell-type=\"text\" data-original-value=\"Install\" data-order=\"Install\" >Install <\/td><td data-cell-id=\"B8\" data-x=\"1\" data-y=\"8\" data-db-index=\"8\" class=\"htMiddle htCenter\" data-cell-type=\"text\" data-original-value=\"Clasp mounting\" data-order=\"Clasp mounting\" >Clasp mounting <\/td><\/tr><tr style=\"height:px\" ><td data-cell-id=\"A9\" data-x=\"0\" data-y=\"9\" data-db-index=\"9\" class=\"htMiddle htCenter bg-c7c7c7\" data-cell-type=\"text\" data-original-value=\"Reset\" data-order=\"Reset\" >Reset <\/td><td data-cell-id=\"B9\" data-x=\"1\" data-y=\"9\" data-db-index=\"9\" class=\"htMiddle htCenter bg-c7c7c7\" data-cell-type=\"text\" data-original-value=\"Yes\" data-order=\"Yes\" >Yes <\/td><\/tr><\/tbody><\/table><!-- \/#supsystic-table-51.supsystic-table --><\/div><!-- \/.supsystic-tables-wrap --><!-- Tables Generator by Supsystic --><!-- Version:1.11.0 --><!-- http:\/\/supsystic.com\/ --><a title=\"WordPress Data Table Plugin\" style=\"display:none;\" href=\"https:\/\/supsystic.com\/plugins\/wordpress-data-table-plugin\/?utm_medium=love_link\" target=\"_blank\">WordPress Data Table Plugin<\/a>\n","protected":false},"excerpt":{"rendered":"<ol>\n<li>Maksymalna liczba zlicze\u0144: 99 999 razy,<\/li>\n<li>\u0141atwa instalacja za pomoc\u0105 zatrzask\u00f3w,<\/li>\n<li>Obs\u0142uguje napi\u0119cia sta\u0142e i przemienne,<\/li>\n<li>Doskona\u0142a odporno\u015b\u0107 na wstrz\u0105sy,<\/li>\n<li>2-letnia gwarancja.<\/li>\n<\/ol>","protected":false},"featured_media":6589,"template":"","meta":{"site-sidebar-layout":"default","site-content-layout":"default","ast-site-content-layout":"default","site-content-style":"default","site-sidebar-style":"default","ast-global-header-display":"","ast-banner-title-visibility":"","ast-main-header-display":"","ast-hfb-above-header-display":"","ast-hfb-below-header-display":"","ast-hfb-mobile-header-display":"","site-post-title":"","ast-breadcrumbs-content":"","ast-featured-img":"","footer-sml-layout":"","ast-disable-related-posts":"","theme-transparent-header-meta":"default","adv-header-id-meta":"","stick-header-meta":"","header-above-stick-meta":"","header-main-stick-meta":"","header-below-stick-meta":"","astra-migrate-meta-layouts":"set","ast-page-background-enabled":"default","ast-page-background-meta":{"desktop":{"background-color":"","background-image":"","background-repeat":"repeat","background-position":"center center","background-size":"auto","background-attachment":"scroll","background-type":"","background-media":"","overlay-type":"","overlay-color":"","overlay-opacity":"","overlay-gradient":""},"tablet":{"background-color":"","background-image":"","background-repeat":"repeat","background-position":"center center","background-size":"auto","background-attachment":"scroll","background-type":"","background-media":"","overlay-type":"","overlay-color":"","overlay-opacity":"","overlay-gradient":""},"mobile":{"background-color":"","background-image":"","background-repeat":"repeat","background-position":"center center","background-size":"auto","background-attachment":"scroll","background-type":"","background-media":"","overlay-type":"","overlay-color":"","overlay-opacity":"","overlay-gradient":""}},"ast-content-background-meta":{"desktop":{"background-color":"var(--ast-global-color-5)","background-image":"","background-repeat":"repeat","background-position":"center center","background-size":"auto","background-attachment":"scroll","background-type":"","background-media":"","overlay-type":"","overlay-color":"","overlay-opacity":"","overlay-gradient":""},"tablet":{"background-color":"var(--ast-global-color-5)","background-image":"","background-repeat":"repeat","background-position":"center center","background-size":"auto","background-attachment":"scroll","background-type":"","background-media":"","overlay-type":"","overlay-color":"","overlay-opacity":"","overlay-gradient":""},"mobile":{"background-color":"var(--ast-global-color-5)","background-image":"","background-repeat":"repeat","background-position":"center center","background-size":"auto","background-attachment":"scroll","background-type":"","background-media":"","overlay-type":"","overlay-color":"","overlay-opacity":"","overlay-gradient":""}}},"product_brand":[],"product_cat":[116],"product_tag":[],"class_list":{"0":"post-6593","1":"product","2":"type-product","3":"status-publish","4":"has-post-thumbnail","6":"product_cat-pulse-counter","7":"desktop-align-center","8":"tablet-align-left","9":"mobile-align-left","11":"first","12":"instock","13":"shipping-taxable","14":"product-type-simple"},"yoast_head":"<!-- This site is optimized with the Yoast SEO Premium plugin v24.0 (Yoast SEO v27.4) - https:\/\/yoast.com\/product\/yoast-seo-premium-wordpress\/ -->\n<title>5 Digit Counter, Electromagnetic Type, CSK5-NKW<\/title>\n<meta name=\"description\" content=\"Lorentzzi CSK5-NKW is a 5-bit counter with a reset function. It is of very high quality and is supplied by a Chinese supplier. Click to see more details!\" \/>\n<meta name=\"robots\" content=\"index, follow, max-snippet:-1, max-image-preview:large, max-video-preview:-1\" \/>\n<link rel=\"canonical\" href=\"https:\/\/lorentzzi.com\/pl\/products\/timer-switch-and-counter\/pulse-counter\/5-digit-counter-electromagnetic-type-csk5-nkw\/\" \/>\n<meta property=\"og:locale\" content=\"pl_PL\" \/>\n<meta property=\"og:type\" content=\"article\" \/>\n<meta property=\"og:title\" content=\"5 Digit Counter, Electromagnetic Type, CSK5-NKW\" \/>\n<meta property=\"og:description\" content=\"Lorentzzi CSK5-NKW is a 5-bit counter with a reset function. It is of very high quality and is supplied by a Chinese supplier. Click to see more details!\" \/>\n<meta property=\"og:url\" content=\"https:\/\/lorentzzi.com\/pl\/products\/timer-switch-and-counter\/pulse-counter\/5-digit-counter-electromagnetic-type-csk5-nkw\/\" \/>\n<meta property=\"og:site_name\" content=\"Lorentzzi Industrial Supply-Chinese Manufacturer&amp;Exporter\" \/>\n<meta property=\"article:modified_time\" content=\"2025-11-25T05:00:51+00:00\" \/>\n<meta property=\"og:image\" content=\"https:\/\/lorentzzi.com\/wp-content\/uploads\/2022\/12\/CSK5-NKW-1a.jpg\" \/>\n\t<meta property=\"og:image:width\" content=\"640\" \/>\n\t<meta property=\"og:image:height\" content=\"640\" \/>\n\t<meta property=\"og:image:type\" content=\"image\/jpeg\" \/>\n<meta name=\"twitter:card\" content=\"summary_large_image\" \/>\n<meta name=\"twitter:label1\" content=\"Szacowany czas czytania\" \/>\n\t<meta name=\"twitter:data1\" content=\"2 minuty\" \/>\n<script type=\"application\/ld+json\" class=\"yoast-schema-graph\">{\"@context\":\"https:\\\/\\\/schema.org\",\"@graph\":[{\"@type\":\"WebPage\",\"@id\":\"https:\\\/\\\/lorentzzi.com\\\/products\\\/timer-switch-and-counter\\\/pulse-counter\\\/5-digit-counter-electromagnetic-type-csk5-nkw\\\/\",\"url\":\"https:\\\/\\\/lorentzzi.com\\\/products\\\/timer-switch-and-counter\\\/pulse-counter\\\/5-digit-counter-electromagnetic-type-csk5-nkw\\\/\",\"name\":\"5 Digit Counter, Electromagnetic Type, CSK5-NKW\",\"isPartOf\":{\"@id\":\"https:\\\/\\\/lorentzzi.com\\\/#website\"},\"primaryImageOfPage\":{\"@id\":\"https:\\\/\\\/lorentzzi.com\\\/products\\\/timer-switch-and-counter\\\/pulse-counter\\\/5-digit-counter-electromagnetic-type-csk5-nkw\\\/#primaryimage\"},\"image\":{\"@id\":\"https:\\\/\\\/lorentzzi.com\\\/products\\\/timer-switch-and-counter\\\/pulse-counter\\\/5-digit-counter-electromagnetic-type-csk5-nkw\\\/#primaryimage\"},\"thumbnailUrl\":\"https:\\\/\\\/lorentzzi.com\\\/wp-content\\\/uploads\\\/2022\\\/12\\\/CSK5-NKW-1a.jpg\",\"datePublished\":\"2022-12-20T12:10:23+00:00\",\"dateModified\":\"2025-11-25T05:00:51+00:00\",\"description\":\"Lorentzzi CSK5-NKW is a 5-bit counter with a reset function. It is of very high quality and is supplied by a Chinese supplier. Click to see more details!\",\"breadcrumb\":{\"@id\":\"https:\\\/\\\/lorentzzi.com\\\/products\\\/timer-switch-and-counter\\\/pulse-counter\\\/5-digit-counter-electromagnetic-type-csk5-nkw\\\/#breadcrumb\"},\"inLanguage\":\"pl-PL\",\"potentialAction\":[{\"@type\":\"ReadAction\",\"target\":[\"https:\\\/\\\/lorentzzi.com\\\/products\\\/timer-switch-and-counter\\\/pulse-counter\\\/5-digit-counter-electromagnetic-type-csk5-nkw\\\/\"]}]},{\"@type\":\"ImageObject\",\"inLanguage\":\"pl-PL\",\"@id\":\"https:\\\/\\\/lorentzzi.com\\\/products\\\/timer-switch-and-counter\\\/pulse-counter\\\/5-digit-counter-electromagnetic-type-csk5-nkw\\\/#primaryimage\",\"url\":\"https:\\\/\\\/lorentzzi.com\\\/wp-content\\\/uploads\\\/2022\\\/12\\\/CSK5-NKW-1a.jpg\",\"contentUrl\":\"https:\\\/\\\/lorentzzi.com\\\/wp-content\\\/uploads\\\/2022\\\/12\\\/CSK5-NKW-1a.jpg\",\"width\":640,\"height\":640,\"caption\":\"CSK5-NKW 5 Digit Electromagnetic Type Counter\"},{\"@type\":\"BreadcrumbList\",\"@id\":\"https:\\\/\\\/lorentzzi.com\\\/products\\\/timer-switch-and-counter\\\/pulse-counter\\\/5-digit-counter-electromagnetic-type-csk5-nkw\\\/#breadcrumb\",\"itemListElement\":[{\"@type\":\"ListItem\",\"position\":1,\"name\":\"Home\",\"item\":\"https:\\\/\\\/lorentzzi.com\\\/\"},{\"@type\":\"ListItem\",\"position\":2,\"name\":\"Products\",\"item\":\"https:\\\/\\\/lorentzzi.com\\\/products\\\/\"},{\"@type\":\"ListItem\",\"position\":3,\"name\":\"5 Digit Counter, Electromagnetic Type, CSK5-NKW\"}]},{\"@type\":\"WebSite\",\"@id\":\"https:\\\/\\\/lorentzzi.com\\\/#website\",\"url\":\"https:\\\/\\\/lorentzzi.com\\\/\",\"name\":\"Lorentzzi Industrial Supply-Chinese Manufacturer&amp;Exporter\",\"description\":\"Lorentzzi supply temperature controller, SSR, proximity sensor, SCR power regulator and timer switch with good quality and affordable prices.\",\"publisher\":{\"@id\":\"https:\\\/\\\/lorentzzi.com\\\/#organization\"},\"potentialAction\":[{\"@type\":\"SearchAction\",\"target\":{\"@type\":\"EntryPoint\",\"urlTemplate\":\"https:\\\/\\\/lorentzzi.com\\\/?s={search_term_string}\"},\"query-input\":{\"@type\":\"PropertyValueSpecification\",\"valueRequired\":true,\"valueName\":\"search_term_string\"}}],\"inLanguage\":\"pl-PL\"},{\"@type\":\"Organization\",\"@id\":\"https:\\\/\\\/lorentzzi.com\\\/#organization\",\"name\":\"Lorentzzi Industrial Supply-Chinese Manufacturer&amp;Exporter\",\"url\":\"https:\\\/\\\/lorentzzi.com\\\/\",\"logo\":{\"@type\":\"ImageObject\",\"inLanguage\":\"pl-PL\",\"@id\":\"https:\\\/\\\/lorentzzi.com\\\/#\\\/schema\\\/logo\\\/image\\\/\",\"url\":\"https:\\\/\\\/lorentzzi.com\\\/wp-content\\\/uploads\\\/2021\\\/07\\\/Lorenz-Electric-Company-Logo.png\",\"contentUrl\":\"https:\\\/\\\/lorentzzi.com\\\/wp-content\\\/uploads\\\/2021\\\/07\\\/Lorenz-Electric-Company-Logo.png\",\"width\":350,\"height\":100,\"caption\":\"Lorentzzi Industrial Supply-Chinese Manufacturer&amp;Exporter\"},\"image\":{\"@id\":\"https:\\\/\\\/lorentzzi.com\\\/#\\\/schema\\\/logo\\\/image\\\/\"}}]}<\/script>\n<!-- \/ Yoast SEO Premium plugin. -->","yoast_head_json":{"title":"5-cyfrowy licznik elektromagnetyczny, model CSK5-NKW","description":"Lorentzzi CSK5-NKW to 5-bitowy licznik z funkcj\u0105 resetowania. Jest to produkt bardzo wysokiej jako\u015bci, dostarczany przez chi\u0144skiego dostawc\u0119. Kliknij, aby zobaczy\u0107 wi\u0119cej szczeg\u00f3\u0142\u00f3w!","robots":{"index":"index","follow":"follow","max-snippet":"max-snippet:-1","max-image-preview":"max-image-preview:large","max-video-preview":"max-video-preview:-1"},"canonical":"https:\/\/lorentzzi.com\/pl\/products\/timer-switch-and-counter\/pulse-counter\/5-digit-counter-electromagnetic-type-csk5-nkw\/","og_locale":"pl_PL","og_type":"article","og_title":"5 Digit Counter, Electromagnetic Type, CSK5-NKW","og_description":"Lorentzzi CSK5-NKW is a 5-bit counter with a reset function. It is of very high quality and is supplied by a Chinese supplier. Click to see more details!","og_url":"https:\/\/lorentzzi.com\/pl\/products\/timer-switch-and-counter\/pulse-counter\/5-digit-counter-electromagnetic-type-csk5-nkw\/","og_site_name":"Lorentzzi Industrial Supply-Chinese Manufacturer&amp;Exporter","article_modified_time":"2025-11-25T05:00:51+00:00","og_image":[{"width":640,"height":640,"url":"https:\/\/lorentzzi.com\/wp-content\/uploads\/2022\/12\/CSK5-NKW-1a.jpg","type":"image\/jpeg"}],"twitter_card":"summary_large_image","twitter_misc":{"Szacowany czas czytania":"2 minuty"},"schema":{"@context":"https:\/\/schema.org","@graph":[{"@type":"WebPage","@id":"https:\/\/lorentzzi.com\/products\/timer-switch-and-counter\/pulse-counter\/5-digit-counter-electromagnetic-type-csk5-nkw\/","url":"https:\/\/lorentzzi.com\/products\/timer-switch-and-counter\/pulse-counter\/5-digit-counter-electromagnetic-type-csk5-nkw\/","name":"5-cyfrowy licznik elektromagnetyczny, model CSK5-NKW","isPartOf":{"@id":"https:\/\/lorentzzi.com\/#website"},"primaryImageOfPage":{"@id":"https:\/\/lorentzzi.com\/products\/timer-switch-and-counter\/pulse-counter\/5-digit-counter-electromagnetic-type-csk5-nkw\/#primaryimage"},"image":{"@id":"https:\/\/lorentzzi.com\/products\/timer-switch-and-counter\/pulse-counter\/5-digit-counter-electromagnetic-type-csk5-nkw\/#primaryimage"},"thumbnailUrl":"https:\/\/lorentzzi.com\/wp-content\/uploads\/2022\/12\/CSK5-NKW-1a.jpg","datePublished":"2022-12-20T12:10:23+00:00","dateModified":"2025-11-25T05:00:51+00:00","description":"Lorentzzi CSK5-NKW to 5-bitowy licznik z funkcj\u0105 resetowania. Jest to produkt bardzo wysokiej jako\u015bci, dostarczany przez chi\u0144skiego dostawc\u0119. Kliknij, aby zobaczy\u0107 wi\u0119cej szczeg\u00f3\u0142\u00f3w!","breadcrumb":{"@id":"https:\/\/lorentzzi.com\/products\/timer-switch-and-counter\/pulse-counter\/5-digit-counter-electromagnetic-type-csk5-nkw\/#breadcrumb"},"inLanguage":"pl-PL","potentialAction":[{"@type":"ReadAction","target":["https:\/\/lorentzzi.com\/products\/timer-switch-and-counter\/pulse-counter\/5-digit-counter-electromagnetic-type-csk5-nkw\/"]}]},{"@type":"ImageObject","inLanguage":"pl-PL","@id":"https:\/\/lorentzzi.com\/products\/timer-switch-and-counter\/pulse-counter\/5-digit-counter-electromagnetic-type-csk5-nkw\/#primaryimage","url":"https:\/\/lorentzzi.com\/wp-content\/uploads\/2022\/12\/CSK5-NKW-1a.jpg","contentUrl":"https:\/\/lorentzzi.com\/wp-content\/uploads\/2022\/12\/CSK5-NKW-1a.jpg","width":640,"height":640,"caption":"CSK5-NKW 5 Digit Electromagnetic Type Counter"},{"@type":"BreadcrumbList","@id":"https:\/\/lorentzzi.com\/products\/timer-switch-and-counter\/pulse-counter\/5-digit-counter-electromagnetic-type-csk5-nkw\/#breadcrumb","itemListElement":[{"@type":"ListItem","position":1,"name":"Home","item":"https:\/\/lorentzzi.com\/"},{"@type":"ListItem","position":2,"name":"Products","item":"https:\/\/lorentzzi.com\/products\/"},{"@type":"ListItem","position":3,"name":"5 Digit Counter, Electromagnetic Type, CSK5-NKW"}]},{"@type":"WebSite","@id":"https:\/\/lorentzzi.com\/#website","url":"https:\/\/lorentzzi.com\/","name":"Lorentzzi Industrial Supply - chi\u0144ski producent i eksporter","description":"Lorentzzi dostarcza regulator temperatury, SSR, czujnik zbli\u017ceniowy, regulator mocy SCR i wy\u0142\u0105cznik czasowy w dobrej jako\u015bci i przyst\u0119pnych cenach.","publisher":{"@id":"https:\/\/lorentzzi.com\/#organization"},"potentialAction":[{"@type":"SearchAction","target":{"@type":"EntryPoint","urlTemplate":"https:\/\/lorentzzi.com\/?s={search_term_string}"},"query-input":{"@type":"PropertyValueSpecification","valueRequired":true,"valueName":"search_term_string"}}],"inLanguage":"pl-PL"},{"@type":"Organization","@id":"https:\/\/lorentzzi.com\/#organization","name":"Lorentzzi Industrial Supply - chi\u0144ski producent i eksporter","url":"https:\/\/lorentzzi.com\/","logo":{"@type":"ImageObject","inLanguage":"pl-PL","@id":"https:\/\/lorentzzi.com\/#\/schema\/logo\/image\/","url":"https:\/\/lorentzzi.com\/wp-content\/uploads\/2021\/07\/Lorenz-Electric-Company-Logo.png","contentUrl":"https:\/\/lorentzzi.com\/wp-content\/uploads\/2021\/07\/Lorenz-Electric-Company-Logo.png","width":350,"height":100,"caption":"Lorentzzi Industrial Supply-Chinese Manufacturer&amp;Exporter"},"image":{"@id":"https:\/\/lorentzzi.com\/#\/schema\/logo\/image\/"}}]}},"_links":{"self":[{"href":"https:\/\/lorentzzi.com\/pl\/wp-json\/wp\/v2\/product\/6593","targetHints":{"allow":["GET"]}}],"collection":[{"href":"https:\/\/lorentzzi.com\/pl\/wp-json\/wp\/v2\/product"}],"about":[{"href":"https:\/\/lorentzzi.com\/pl\/wp-json\/wp\/v2\/types\/product"}],"version-history":[{"count":7,"href":"https:\/\/lorentzzi.com\/pl\/wp-json\/wp\/v2\/product\/6593\/revisions"}],"predecessor-version":[{"id":19244,"href":"https:\/\/lorentzzi.com\/pl\/wp-json\/wp\/v2\/product\/6593\/revisions\/19244"}],"wp:featuredmedia":[{"embeddable":true,"href":"https:\/\/lorentzzi.com\/pl\/wp-json\/wp\/v2\/media\/6589"}],"wp:attachment":[{"href":"https:\/\/lorentzzi.com\/pl\/wp-json\/wp\/v2\/media?parent=6593"}],"wp:term":[{"taxonomy":"product_brand","embeddable":true,"href":"https:\/\/lorentzzi.com\/pl\/wp-json\/wp\/v2\/product_brand?post=6593"},{"taxonomy":"product_cat","embeddable":true,"href":"https:\/\/lorentzzi.com\/pl\/wp-json\/wp\/v2\/product_cat?post=6593"},{"taxonomy":"product_tag","embeddable":true,"href":"https:\/\/lorentzzi.com\/pl\/wp-json\/wp\/v2\/product_tag?post=6593"}],"curies":[{"name":"wp","href":"https:\/\/api.w.org\/{rel}","templated":true}]}}