{"id":5948,"date":"2022-11-21T21:45:00","date_gmt":"2022-11-21T13:45:00","guid":{"rendered":"https:\/\/lorentzzi.com\/?post_type=product&#038;p=5948"},"modified":"2025-01-12T11:39:43","modified_gmt":"2025-01-12T03:39:43","slug":"h7ec-n-8-digits-no-input-voltage-digital-counter","status":"publish","type":"product","link":"https:\/\/lorentzzi.com\/pl\/products\/timer-switch-and-counter\/pulse-counter\/h7ec-n-8-digits-no-input-voltage-digital-counter\/","title":{"rendered":"H7EC-N 8-cyfrowy licznik cyfrowy bez napi\u0119cia wej\u015bciowego"},"content":{"rendered":"<h2><strong>Introduction:<\/strong><\/h2>\n<ul>\n<li style=\"list-style-type: none;\">\n<ul>\n<li style=\"font-weight: 400;\" aria-level=\"1\"><span style=\"font-weight: 400;\">Our H7EC-N is an instrument designed to record the number of button presses or other voltage-free contact operations.<\/span><\/li>\n<li style=\"font-weight: 400;\" aria-level=\"1\"><span style=\"font-weight: 400;\">Its working principle is very simple, that is, when terminals 1 and 2 are short-circuited (that is, the input circuit is closed), the counter will record 1 time.<\/span><\/li>\n<li style=\"font-weight: 400;\" aria-level=\"1\"><span style=\"font-weight: 400;\">Compared with the electromagnetic counters <\/span><span style=\"color: #ff0000;\"><a style=\"color: #ff0000;\" href=\"https:\/\/lorentzzi.com\/products\/timer-switch-and-counter\/pulse-counter\/csk6-ykw-6-digits-electromagnetic-pulse-counter\/\"><span style=\"font-weight: 400;\">CSK6-YKW<\/span><\/a><\/span><span style=\"font-weight: 400;\"> or <\/span><span style=\"color: #ff0000;\"><a style=\"color: #ff0000;\" href=\"https:\/\/lorentzzi.com\/products\/timer-switch-and-counter\/pulse-counter\/csk4-nkw-4-digits-eletromagnetic-pulse-counter\/\"><span style=\"font-weight: 400;\">CSK4-YKW<\/span><\/a><\/span><span style=\"font-weight: 400;\"> produced by our company, this counter has higher accuracy and is more convenient to operate.<\/span><\/li>\n<li style=\"font-weight: 400;\" aria-level=\"1\"><span style=\"font-weight: 400;\">The H7EC-N counter has two counting speeds, 30Hz and 1000Hz. The 1000Hz counting speed is more suitable for occasions with higher operating frequencies.<\/span><\/li>\n<li style=\"font-weight: 400;\" aria-level=\"1\"><span style=\"font-weight: 400;\">This counter has no backlight function and is powered by a built-in button lithium battery, which allows the counter to operate without trouble for at least 7 years.<\/span><\/li>\n<li style=\"font-weight: 400;\" aria-level=\"1\"><b>Want to know the latest price of this H7EC-N 8-bit non-input voltage digital counter? Fill in the form at the bottom to contact us now!<\/b><\/li>\n<\/ul>\n<\/li>\n<\/ul>\n<h2><strong>H7EC-N Wiring Diagram:<\/strong><\/h2>\n<p><img fetchpriority=\"high\" decoding=\"async\" class=\"aligncenter wp-image-15143 size-full\" src=\"https:\/\/lorentzzi.com\/wp-content\/uploads\/2022\/11\/H7EC-N-8-Digits-No-Input-Voltage-Digital-Counter-Wiring-Diagram.jpg\" alt=\"H7EC-N 8 Digits No Input Voltage Digital Counter Wiring Diagram\" width=\"1024\" height=\"512\" srcset=\"https:\/\/lorentzzi.com\/wp-content\/uploads\/2022\/11\/H7EC-N-8-Digits-No-Input-Voltage-Digital-Counter-Wiring-Diagram.jpg 1024w, https:\/\/lorentzzi.com\/wp-content\/uploads\/2022\/11\/H7EC-N-8-Digits-No-Input-Voltage-Digital-Counter-Wiring-Diagram-300x150.jpg 300w, https:\/\/lorentzzi.com\/wp-content\/uploads\/2022\/11\/H7EC-N-8-Digits-No-Input-Voltage-Digital-Counter-Wiring-Diagram-768x384.jpg 768w, https:\/\/lorentzzi.com\/wp-content\/uploads\/2022\/11\/H7EC-N-8-Digits-No-Input-Voltage-Digital-Counter-Wiring-Diagram-600x300.jpg 600w, https:\/\/lorentzzi.com\/wp-content\/uploads\/2022\/11\/H7EC-N-8-Digits-No-Input-Voltage-Digital-Counter-Wiring-Diagram-64x32.jpg 64w\" sizes=\"(max-width: 1024px) 100vw, 1024px\" \/><\/p>\n<h2><strong>Specifications:<\/strong><\/h2>\n<div class=\"supsystic-table-loader spinner\"style=\"background-color:#000000\"><\/div><div id=\"supsystic-table-30_98392\" class=\"supsystic-tables-wrap \" style=\" width:100%; visibility: hidden; \" data-table-width-fixed=\"100%\" data-table-width-mobile=\"100%\" ><table id=\"supsystic-table-30\" class=\"supsystic-table border lightboxImg cell-border\" data-id=\"30\" data-view-id=\"30_98392\" data-title=\"H7EC-N\" data-currency-format=\"$1,000.00\" data-percent-format=\"10.00%\" data-date-format=\"DD.MM.YYYY\" data-time-format=\"HH:mm\" data-features=\"[&quot;after_table_loaded_script&quot;]\" data-search-value=\"\" data-lightbox-img=\"\" data-head-rows-count=\"1\" data-pagination-length=\"50,100,All\" data-auto-index=\"off\" data-searching-settings=\"{&quot;columnSearchPosition&quot;:&quot;bottom&quot;,&quot;minChars&quot;:&quot;0&quot;}\" data-lang=\"default\" data-override=\"{&quot;emptyTable&quot;:&quot;&quot;,&quot;info&quot;:&quot;&quot;,&quot;infoEmpty&quot;:&quot;&quot;,&quot;infoFiltered&quot;:&quot;&quot;,&quot;lengthMenu&quot;:&quot;&quot;,&quot;search&quot;:&quot;&quot;,&quot;previous&quot;:&quot;&quot;,&quot;next&quot;:&quot;&quot;,&quot;zeroRecords&quot;:&quot;&quot;,&quot;exportLabel&quot;:&quot;&quot;,&quot;file&quot;:&quot;default&quot;}\" data-merged=\"[]\" data-responsive-mode=\"0\" data-from-history=\"0\" ><thead><tr><th class=\"\" style=\"width:; padding: 0 !important;\"><\/th><th class=\"\" style=\"width:; padding: 0 !important;\"><\/th><\/tr><\/thead><tbody><tr style=\"height:px\" ><td data-cell-id=\"A1\" data-x=\"0\" data-y=\"1\" data-db-index=\"1\" class=\"htCenter htMiddle bg-c7c7c7\" data-cell-type=\"text\" data-original-value=\"Model\" data-order=\"Model\" style=\"min-width:36.5909%; \" >Model <\/td><td data-cell-id=\"B1\" data-x=\"1\" data-y=\"1\" data-db-index=\"1\" class=\"htCenter htMiddle bg-c7c7c7\" data-cell-type=\"text\" data-original-value=\"H7EC-N\" data-order=\"H7EC-N\" style=\"min-width:63.4091%; \" >H7EC-N <\/td><\/tr><tr style=\"height:px\" ><td data-cell-id=\"A2\" data-x=\"0\" data-y=\"2\" data-db-index=\"2\" class=\"htCenter htMiddle\" data-cell-type=\"text\" data-original-value=\"Operating mode\" data-order=\"Operating mode\" >Operating mode <\/td><td data-cell-id=\"B2\" data-x=\"1\" data-y=\"2\" data-db-index=\"2\" class=\"htCenter htMiddle\" data-cell-type=\"text\" data-original-value=\"Up counting\" data-order=\"Up counting\" >Up counting <\/td><\/tr><tr style=\"height:px\" ><td data-cell-id=\"A3\" data-x=\"0\" data-y=\"3\" data-db-index=\"3\" class=\"htCenter htMiddle bg-c7c7c7\" data-cell-type=\"text\" data-original-value=\"Mounting method\" data-order=\"Mounting method\" >Mounting method <\/td><td data-cell-id=\"B3\" data-x=\"1\" data-y=\"3\" data-db-index=\"3\" class=\"htCenter htMiddle bg-c7c7c7\" data-cell-type=\"text\" data-original-value=\"Panel mounting by clamp\" data-order=\"Panel mounting by clamp\" >Panel mounting by clamp <\/td><\/tr><tr style=\"height:px\" ><td data-cell-id=\"A4\" data-x=\"0\" data-y=\"4\" data-db-index=\"4\" class=\"htCenter htMiddle\" data-cell-type=\"text\" data-original-value=\"External connections\" data-order=\"External connections\" >External connections <\/td><td data-cell-id=\"B4\" data-x=\"1\" data-y=\"4\" data-db-index=\"4\" class=\"htCenter htMiddle\" data-cell-type=\"text\" data-original-value=\"Screw terminals, optional Wire-wrap Terminals\" data-order=\"Screw terminals, optional Wire-wrap Terminals\" >Screw terminals, optional Wire-wrap Terminals <\/td><\/tr><tr style=\"height:px\" ><td data-cell-id=\"A5\" data-x=\"0\" data-y=\"5\" data-db-index=\"5\" class=\"htCenter htMiddle bg-c7c7c7\" data-cell-type=\"text\" data-original-value=\"Reset\" data-order=\"Reset\" >Reset <\/td><td data-cell-id=\"B5\" data-x=\"1\" data-y=\"5\" data-db-index=\"5\" class=\"htCenter htMiddle bg-c7c7c7\" data-cell-type=\"text\" data-original-value=\"Manual reset\" data-order=\"Manual reset\" >Manual reset <\/td><\/tr><tr style=\"height:px\" ><td data-cell-id=\"A6\" data-x=\"0\" data-y=\"6\" data-db-index=\"6\" class=\"htCenter htMiddle\" data-cell-type=\"text\" data-original-value=\"Number of digits\" data-order=\"Number of digits\" >Number of digits <\/td><td data-cell-id=\"B6\" data-x=\"1\" data-y=\"6\" data-db-index=\"6\" class=\"htCenter htMiddle\" data-cell-type=\"text\" data-cell-format-type=\"number\" data-original-value=\"8\" data-order=\"8\" >8 <\/td><\/tr><tr style=\"height:px\" ><td data-cell-id=\"A7\" data-x=\"0\" data-y=\"7\" data-db-index=\"7\" class=\"htCenter htMiddle bg-c7c7c7\" data-cell-type=\"text\" data-original-value=\"Count input\" data-order=\"Count input\" >Count input <\/td><td data-cell-id=\"B7\" data-x=\"1\" data-y=\"7\" data-db-index=\"7\" class=\"htCenter htMiddle bg-c7c7c7\" data-cell-type=\"text\" data-original-value=\"No voltage(Switch)\" data-order=\"No voltage(Switch)\" >No voltage(Switch) <\/td><\/tr><tr style=\"height:px\" ><td data-cell-id=\"A8\" data-x=\"0\" data-y=\"8\" data-db-index=\"8\" class=\"htCenter htMiddle\" data-cell-type=\"text\" data-original-value=\"Display\" data-order=\"Display\" >Display <\/td><td data-cell-id=\"B8\" data-x=\"1\" data-y=\"8\" data-db-index=\"8\" class=\"htCenter htMiddle\" data-cell-type=\"text\" data-original-value=\"7-segment LCD without backlight\" data-order=\"7-segment LCD without backlight\" >7-segment LCD without backlight <\/td><\/tr><tr style=\"height:px\" ><td data-cell-id=\"A9\" data-x=\"0\" data-y=\"9\" data-db-index=\"9\" class=\"htCenter htMiddle bg-c7c7c7\" data-cell-type=\"text\" data-original-value=\"Max. counting speed\" data-order=\"Max. counting speed\" >Max. counting speed <\/td><td data-cell-id=\"B9\" data-x=\"1\" data-y=\"9\" data-db-index=\"9\" class=\"htCenter htMiddle bg-c7c7c7\" data-cell-type=\"text\" data-original-value=\"30 Hz\/1 kHz\" data-order=\"30 Hz\/1 kHz\" >30 Hz\/1 kHz <\/td><\/tr><tr style=\"height:px\" ><td data-cell-id=\"A10\" data-x=\"0\" data-y=\"10\" data-db-index=\"10\" class=\"htCenter htMiddle\" data-cell-type=\"text\" data-original-value=\"Case color\" data-order=\"Case color\" >Case color <\/td><td data-cell-id=\"B10\" data-x=\"1\" data-y=\"10\" data-db-index=\"10\" class=\"htCenter htMiddle\" data-cell-type=\"text\" data-original-value=\"Light gray\" data-order=\"Light gray\" >Light gray <\/td><\/tr><tr style=\"height:px\" ><td data-cell-id=\"A11\" data-x=\"0\" data-y=\"11\" data-db-index=\"11\" class=\"htCenter htMiddle bg-c7c7c7\" data-cell-type=\"text\" data-original-value=\"Attachment\" data-order=\"Attachment\" >Attachment <\/td><td data-cell-id=\"B11\" data-x=\"1\" data-y=\"11\" data-db-index=\"11\" class=\"htCenter htMiddle bg-c7c7c7\" data-cell-type=\"text\" data-original-value=\"Waterproof packing, panel mounting bracket\" data-order=\"Waterproof packing, panel mounting bracket\" >Waterproof packing, panel mounting bracket <\/td><\/tr><\/tbody><\/table><!-- \/#supsystic-table-30.supsystic-table --><\/div><!-- \/.supsystic-tables-wrap --><!-- Tables Generator by Supsystic --><!-- Version:1.11.0 --><!-- http:\/\/supsystic.com\/ --><a title=\"WordPress Data Table Plugin\" style=\"display:none;\" href=\"https:\/\/supsystic.com\/plugins\/wordpress-data-table-plugin\/?utm_medium=love_link\" target=\"_blank\">WordPress Data Table Plugin<\/a>\n","protected":false},"excerpt":{"rendered":"<ol>\n<li style=\"font-weight: 400;\" aria-level=\"1\"><span style=\"font-weight: 400;\">Czytelny 8-cyfrowy wy\u015bwietlacz LCD,<\/span><\/li>\n<li style=\"font-weight: 400;\" aria-level=\"1\"><span style=\"font-weight: 400;\">Wygodny monta\u017c zacisku,<\/span><\/li>\n<li style=\"font-weight: 400;\" aria-level=\"1\"><span style=\"font-weight: 400;\">Wbudowana litowa bateria guzikowa,<\/span><\/li>\n<li style=\"font-weight: 400;\" aria-level=\"1\"><span style=\"font-weight: 400;\">Dost\u0119pna funkcja resetowania,<\/span><\/li>\n<li aria-level=\"1\">Dost\u0119pne ODM i OEM.<\/li>\n<\/ol>","protected":false},"featured_media":15139,"template":"","meta":{"site-sidebar-layout":"default","site-content-layout":"default","ast-site-content-layout":"default","site-content-style":"default","site-sidebar-style":"default","ast-global-header-display":"","ast-banner-title-visibility":"","ast-main-header-display":"","ast-hfb-above-header-display":"","ast-hfb-below-header-display":"","ast-hfb-mobile-header-display":"","site-post-title":"","ast-breadcrumbs-content":"","ast-featured-img":"","footer-sml-layout":"","ast-disable-related-posts":"","theme-transparent-header-meta":"default","adv-header-id-meta":"","stick-header-meta":"","header-above-stick-meta":"","header-main-stick-meta":"","header-below-stick-meta":"","astra-migrate-meta-layouts":"set","ast-page-background-enabled":"default","ast-page-background-meta":{"desktop":{"background-color":"","background-image":"","background-repeat":"repeat","background-position":"center center","background-size":"auto","background-attachment":"scroll","background-type":"","background-media":"","overlay-type":"","overlay-color":"","overlay-opacity":"","overlay-gradient":""},"tablet":{"background-color":"","background-image":"","background-repeat":"repeat","background-position":"center center","background-size":"auto","background-attachment":"scroll","background-type":"","background-media":"","overlay-type":"","overlay-color":"","overlay-opacity":"","overlay-gradient":""},"mobile":{"background-color":"","background-image":"","background-repeat":"repeat","background-position":"center center","background-size":"auto","background-attachment":"scroll","background-type":"","background-media":"","overlay-type":"","overlay-color":"","overlay-opacity":"","overlay-gradient":""}},"ast-content-background-meta":{"desktop":{"background-color":"var(--ast-global-color-5)","background-image":"","background-repeat":"repeat","background-position":"center center","background-size":"auto","background-attachment":"scroll","background-type":"","background-media":"","overlay-type":"","overlay-color":"","overlay-opacity":"","overlay-gradient":""},"tablet":{"background-color":"var(--ast-global-color-5)","background-image":"","background-repeat":"repeat","background-position":"center center","background-size":"auto","background-attachment":"scroll","background-type":"","background-media":"","overlay-type":"","overlay-color":"","overlay-opacity":"","overlay-gradient":""},"mobile":{"background-color":"var(--ast-global-color-5)","background-image":"","background-repeat":"repeat","background-position":"center center","background-size":"auto","background-attachment":"scroll","background-type":"","background-media":"","overlay-type":"","overlay-color":"","overlay-opacity":"","overlay-gradient":""}}},"product_brand":[],"product_cat":[116,106],"product_tag":[],"class_list":{"0":"post-5948","1":"product","2":"type-product","3":"status-publish","4":"has-post-thumbnail","6":"product_cat-pulse-counter","7":"product_cat-timer-switch-and-counter","8":"desktop-align-center","9":"tablet-align-left","10":"mobile-align-left","12":"first","13":"instock","14":"shipping-taxable","15":"product-type-simple"},"yoast_head":"<!-- This site is optimized with the Yoast SEO Premium plugin v24.0 (Yoast SEO v27.4) - https:\/\/yoast.com\/product\/yoast-seo-premium-wordpress\/ -->\n<title>H7EC-N 8 Digits No Input Voltage Digital Counter<\/title>\n<meta name=\"description\" content=\"Lorentzzi H7EC-N is a self-power internal lithium longlife battery counter, it is a no voltage input digital totalized counter.\" \/>\n<meta name=\"robots\" content=\"index, follow, max-snippet:-1, max-image-preview:large, max-video-preview:-1\" \/>\n<link rel=\"canonical\" href=\"https:\/\/lorentzzi.com\/pl\/products\/timer-switch-and-counter\/pulse-counter\/h7ec-n-8-digits-no-input-voltage-digital-counter\/\" \/>\n<meta property=\"og:locale\" content=\"pl_PL\" \/>\n<meta property=\"og:type\" content=\"article\" \/>\n<meta property=\"og:title\" content=\"H7EC-N 8 Digits No Input Voltage Digital Counter\" \/>\n<meta property=\"og:description\" content=\"Lorentzzi H7EC-N is a self-power internal lithium longlife battery counter, it is a no voltage input digital totalized counter.\" \/>\n<meta property=\"og:url\" content=\"https:\/\/lorentzzi.com\/pl\/products\/timer-switch-and-counter\/pulse-counter\/h7ec-n-8-digits-no-input-voltage-digital-counter\/\" \/>\n<meta property=\"og:site_name\" content=\"Lorentzzi Industrial Supply-Chinese Manufacturer&amp;Exporter\" \/>\n<meta property=\"article:modified_time\" content=\"2025-01-12T03:39:43+00:00\" \/>\n<meta property=\"og:image\" content=\"https:\/\/lorentzzi.com\/wp-content\/uploads\/2022\/11\/H7EC-N-8-Digits-No-Input-Voltage-Digital-Counter-1.jpg\" \/>\n\t<meta property=\"og:image:width\" content=\"640\" \/>\n\t<meta property=\"og:image:height\" content=\"640\" \/>\n\t<meta property=\"og:image:type\" content=\"image\/jpeg\" \/>\n<meta name=\"twitter:card\" content=\"summary_large_image\" \/>\n<meta name=\"twitter:label1\" content=\"Szacowany czas czytania\" \/>\n\t<meta name=\"twitter:data1\" content=\"2 minuty\" \/>\n<script type=\"application\/ld+json\" class=\"yoast-schema-graph\">{\"@context\":\"https:\\\/\\\/schema.org\",\"@graph\":[{\"@type\":\"WebPage\",\"@id\":\"https:\\\/\\\/lorentzzi.com\\\/products\\\/timer-switch-and-counter\\\/pulse-counter\\\/h7ec-n-8-digits-no-input-voltage-digital-counter\\\/\",\"url\":\"https:\\\/\\\/lorentzzi.com\\\/products\\\/timer-switch-and-counter\\\/pulse-counter\\\/h7ec-n-8-digits-no-input-voltage-digital-counter\\\/\",\"name\":\"H7EC-N 8 Digits No Input Voltage Digital Counter\",\"isPartOf\":{\"@id\":\"https:\\\/\\\/lorentzzi.com\\\/#website\"},\"primaryImageOfPage\":{\"@id\":\"https:\\\/\\\/lorentzzi.com\\\/products\\\/timer-switch-and-counter\\\/pulse-counter\\\/h7ec-n-8-digits-no-input-voltage-digital-counter\\\/#primaryimage\"},\"image\":{\"@id\":\"https:\\\/\\\/lorentzzi.com\\\/products\\\/timer-switch-and-counter\\\/pulse-counter\\\/h7ec-n-8-digits-no-input-voltage-digital-counter\\\/#primaryimage\"},\"thumbnailUrl\":\"https:\\\/\\\/lorentzzi.com\\\/wp-content\\\/uploads\\\/2022\\\/11\\\/H7EC-N-8-Digits-No-Input-Voltage-Digital-Counter-1.jpg\",\"datePublished\":\"2022-11-21T13:45:00+00:00\",\"dateModified\":\"2025-01-12T03:39:43+00:00\",\"description\":\"Lorentzzi H7EC-N is a self-power internal lithium longlife battery counter, it is a no voltage input digital totalized counter.\",\"breadcrumb\":{\"@id\":\"https:\\\/\\\/lorentzzi.com\\\/products\\\/timer-switch-and-counter\\\/pulse-counter\\\/h7ec-n-8-digits-no-input-voltage-digital-counter\\\/#breadcrumb\"},\"inLanguage\":\"pl-PL\",\"potentialAction\":[{\"@type\":\"ReadAction\",\"target\":[\"https:\\\/\\\/lorentzzi.com\\\/products\\\/timer-switch-and-counter\\\/pulse-counter\\\/h7ec-n-8-digits-no-input-voltage-digital-counter\\\/\"]}]},{\"@type\":\"ImageObject\",\"inLanguage\":\"pl-PL\",\"@id\":\"https:\\\/\\\/lorentzzi.com\\\/products\\\/timer-switch-and-counter\\\/pulse-counter\\\/h7ec-n-8-digits-no-input-voltage-digital-counter\\\/#primaryimage\",\"url\":\"https:\\\/\\\/lorentzzi.com\\\/wp-content\\\/uploads\\\/2022\\\/11\\\/H7EC-N-8-Digits-No-Input-Voltage-Digital-Counter-1.jpg\",\"contentUrl\":\"https:\\\/\\\/lorentzzi.com\\\/wp-content\\\/uploads\\\/2022\\\/11\\\/H7EC-N-8-Digits-No-Input-Voltage-Digital-Counter-1.jpg\",\"width\":640,\"height\":640,\"caption\":\"H7EC-N 8 Digits No Input Voltage Digital Counter-1\"},{\"@type\":\"BreadcrumbList\",\"@id\":\"https:\\\/\\\/lorentzzi.com\\\/products\\\/timer-switch-and-counter\\\/pulse-counter\\\/h7ec-n-8-digits-no-input-voltage-digital-counter\\\/#breadcrumb\",\"itemListElement\":[{\"@type\":\"ListItem\",\"position\":1,\"name\":\"Home\",\"item\":\"https:\\\/\\\/lorentzzi.com\\\/\"},{\"@type\":\"ListItem\",\"position\":2,\"name\":\"Products\",\"item\":\"https:\\\/\\\/lorentzzi.com\\\/products\\\/\"},{\"@type\":\"ListItem\",\"position\":3,\"name\":\"H7EC-N 8 Digits No Input Voltage Digital Counter\"}]},{\"@type\":\"WebSite\",\"@id\":\"https:\\\/\\\/lorentzzi.com\\\/#website\",\"url\":\"https:\\\/\\\/lorentzzi.com\\\/\",\"name\":\"Lorentzzi Industrial Supply-Chinese Manufacturer&amp;Exporter\",\"description\":\"Lorentzzi supply temperature controller, SSR, proximity sensor, SCR power regulator and timer switch with good quality and affordable prices.\",\"publisher\":{\"@id\":\"https:\\\/\\\/lorentzzi.com\\\/#organization\"},\"potentialAction\":[{\"@type\":\"SearchAction\",\"target\":{\"@type\":\"EntryPoint\",\"urlTemplate\":\"https:\\\/\\\/lorentzzi.com\\\/?s={search_term_string}\"},\"query-input\":{\"@type\":\"PropertyValueSpecification\",\"valueRequired\":true,\"valueName\":\"search_term_string\"}}],\"inLanguage\":\"pl-PL\"},{\"@type\":\"Organization\",\"@id\":\"https:\\\/\\\/lorentzzi.com\\\/#organization\",\"name\":\"Lorentzzi Industrial Supply-Chinese Manufacturer&amp;Exporter\",\"url\":\"https:\\\/\\\/lorentzzi.com\\\/\",\"logo\":{\"@type\":\"ImageObject\",\"inLanguage\":\"pl-PL\",\"@id\":\"https:\\\/\\\/lorentzzi.com\\\/#\\\/schema\\\/logo\\\/image\\\/\",\"url\":\"https:\\\/\\\/lorentzzi.com\\\/wp-content\\\/uploads\\\/2021\\\/07\\\/Lorenz-Electric-Company-Logo.png\",\"contentUrl\":\"https:\\\/\\\/lorentzzi.com\\\/wp-content\\\/uploads\\\/2021\\\/07\\\/Lorenz-Electric-Company-Logo.png\",\"width\":350,\"height\":100,\"caption\":\"Lorentzzi Industrial Supply-Chinese Manufacturer&amp;Exporter\"},\"image\":{\"@id\":\"https:\\\/\\\/lorentzzi.com\\\/#\\\/schema\\\/logo\\\/image\\\/\"}}]}<\/script>\n<!-- \/ Yoast SEO Premium plugin. -->","yoast_head_json":{"title":"H7EC-N 8-cyfrowy licznik cyfrowy bez napi\u0119cia wej\u015bciowego","description":"Lorentzzi H7EC-N to samozasilaj\u0105cy si\u0119 wewn\u0119trzny licznik na baterie litowe o d\u0142ugiej \u017cywotno\u015bci, jest to cyfrowy licznik sumaryczny bez wej\u015bcia napi\u0119ciowego.","robots":{"index":"index","follow":"follow","max-snippet":"max-snippet:-1","max-image-preview":"max-image-preview:large","max-video-preview":"max-video-preview:-1"},"canonical":"https:\/\/lorentzzi.com\/pl\/products\/timer-switch-and-counter\/pulse-counter\/h7ec-n-8-digits-no-input-voltage-digital-counter\/","og_locale":"pl_PL","og_type":"article","og_title":"H7EC-N 8 Digits No Input Voltage Digital Counter","og_description":"Lorentzzi H7EC-N is a self-power internal lithium longlife battery counter, it is a no voltage input digital totalized counter.","og_url":"https:\/\/lorentzzi.com\/pl\/products\/timer-switch-and-counter\/pulse-counter\/h7ec-n-8-digits-no-input-voltage-digital-counter\/","og_site_name":"Lorentzzi Industrial Supply-Chinese Manufacturer&amp;Exporter","article_modified_time":"2025-01-12T03:39:43+00:00","og_image":[{"width":640,"height":640,"url":"https:\/\/lorentzzi.com\/wp-content\/uploads\/2022\/11\/H7EC-N-8-Digits-No-Input-Voltage-Digital-Counter-1.jpg","type":"image\/jpeg"}],"twitter_card":"summary_large_image","twitter_misc":{"Szacowany czas czytania":"2 minuty"},"schema":{"@context":"https:\/\/schema.org","@graph":[{"@type":"WebPage","@id":"https:\/\/lorentzzi.com\/products\/timer-switch-and-counter\/pulse-counter\/h7ec-n-8-digits-no-input-voltage-digital-counter\/","url":"https:\/\/lorentzzi.com\/products\/timer-switch-and-counter\/pulse-counter\/h7ec-n-8-digits-no-input-voltage-digital-counter\/","name":"H7EC-N 8-cyfrowy licznik cyfrowy bez napi\u0119cia wej\u015bciowego","isPartOf":{"@id":"https:\/\/lorentzzi.com\/#website"},"primaryImageOfPage":{"@id":"https:\/\/lorentzzi.com\/products\/timer-switch-and-counter\/pulse-counter\/h7ec-n-8-digits-no-input-voltage-digital-counter\/#primaryimage"},"image":{"@id":"https:\/\/lorentzzi.com\/products\/timer-switch-and-counter\/pulse-counter\/h7ec-n-8-digits-no-input-voltage-digital-counter\/#primaryimage"},"thumbnailUrl":"https:\/\/lorentzzi.com\/wp-content\/uploads\/2022\/11\/H7EC-N-8-Digits-No-Input-Voltage-Digital-Counter-1.jpg","datePublished":"2022-11-21T13:45:00+00:00","dateModified":"2025-01-12T03:39:43+00:00","description":"Lorentzzi H7EC-N to samozasilaj\u0105cy si\u0119 wewn\u0119trzny licznik na baterie litowe o d\u0142ugiej \u017cywotno\u015bci, jest to cyfrowy licznik sumaryczny bez wej\u015bcia napi\u0119ciowego.","breadcrumb":{"@id":"https:\/\/lorentzzi.com\/products\/timer-switch-and-counter\/pulse-counter\/h7ec-n-8-digits-no-input-voltage-digital-counter\/#breadcrumb"},"inLanguage":"pl-PL","potentialAction":[{"@type":"ReadAction","target":["https:\/\/lorentzzi.com\/products\/timer-switch-and-counter\/pulse-counter\/h7ec-n-8-digits-no-input-voltage-digital-counter\/"]}]},{"@type":"ImageObject","inLanguage":"pl-PL","@id":"https:\/\/lorentzzi.com\/products\/timer-switch-and-counter\/pulse-counter\/h7ec-n-8-digits-no-input-voltage-digital-counter\/#primaryimage","url":"https:\/\/lorentzzi.com\/wp-content\/uploads\/2022\/11\/H7EC-N-8-Digits-No-Input-Voltage-Digital-Counter-1.jpg","contentUrl":"https:\/\/lorentzzi.com\/wp-content\/uploads\/2022\/11\/H7EC-N-8-Digits-No-Input-Voltage-Digital-Counter-1.jpg","width":640,"height":640,"caption":"H7EC-N 8 Digits No Input Voltage Digital Counter-1"},{"@type":"BreadcrumbList","@id":"https:\/\/lorentzzi.com\/products\/timer-switch-and-counter\/pulse-counter\/h7ec-n-8-digits-no-input-voltage-digital-counter\/#breadcrumb","itemListElement":[{"@type":"ListItem","position":1,"name":"Home","item":"https:\/\/lorentzzi.com\/"},{"@type":"ListItem","position":2,"name":"Products","item":"https:\/\/lorentzzi.com\/products\/"},{"@type":"ListItem","position":3,"name":"H7EC-N 8 Digits No Input Voltage Digital Counter"}]},{"@type":"WebSite","@id":"https:\/\/lorentzzi.com\/#website","url":"https:\/\/lorentzzi.com\/","name":"Lorentzzi Industrial Supply - chi\u0144ski producent i eksporter","description":"Lorentzzi dostarcza regulator temperatury, SSR, czujnik zbli\u017ceniowy, regulator mocy SCR i wy\u0142\u0105cznik czasowy w dobrej jako\u015bci i przyst\u0119pnych cenach.","publisher":{"@id":"https:\/\/lorentzzi.com\/#organization"},"potentialAction":[{"@type":"SearchAction","target":{"@type":"EntryPoint","urlTemplate":"https:\/\/lorentzzi.com\/?s={search_term_string}"},"query-input":{"@type":"PropertyValueSpecification","valueRequired":true,"valueName":"search_term_string"}}],"inLanguage":"pl-PL"},{"@type":"Organization","@id":"https:\/\/lorentzzi.com\/#organization","name":"Lorentzzi Industrial Supply - chi\u0144ski producent i eksporter","url":"https:\/\/lorentzzi.com\/","logo":{"@type":"ImageObject","inLanguage":"pl-PL","@id":"https:\/\/lorentzzi.com\/#\/schema\/logo\/image\/","url":"https:\/\/lorentzzi.com\/wp-content\/uploads\/2021\/07\/Lorenz-Electric-Company-Logo.png","contentUrl":"https:\/\/lorentzzi.com\/wp-content\/uploads\/2021\/07\/Lorenz-Electric-Company-Logo.png","width":350,"height":100,"caption":"Lorentzzi Industrial Supply-Chinese Manufacturer&amp;Exporter"},"image":{"@id":"https:\/\/lorentzzi.com\/#\/schema\/logo\/image\/"}}]}},"_links":{"self":[{"href":"https:\/\/lorentzzi.com\/pl\/wp-json\/wp\/v2\/product\/5948","targetHints":{"allow":["GET"]}}],"collection":[{"href":"https:\/\/lorentzzi.com\/pl\/wp-json\/wp\/v2\/product"}],"about":[{"href":"https:\/\/lorentzzi.com\/pl\/wp-json\/wp\/v2\/types\/product"}],"version-history":[{"count":9,"href":"https:\/\/lorentzzi.com\/pl\/wp-json\/wp\/v2\/product\/5948\/revisions"}],"predecessor-version":[{"id":15144,"href":"https:\/\/lorentzzi.com\/pl\/wp-json\/wp\/v2\/product\/5948\/revisions\/15144"}],"wp:featuredmedia":[{"embeddable":true,"href":"https:\/\/lorentzzi.com\/pl\/wp-json\/wp\/v2\/media\/15139"}],"wp:attachment":[{"href":"https:\/\/lorentzzi.com\/pl\/wp-json\/wp\/v2\/media?parent=5948"}],"wp:term":[{"taxonomy":"product_brand","embeddable":true,"href":"https:\/\/lorentzzi.com\/pl\/wp-json\/wp\/v2\/product_brand?post=5948"},{"taxonomy":"product_cat","embeddable":true,"href":"https:\/\/lorentzzi.com\/pl\/wp-json\/wp\/v2\/product_cat?post=5948"},{"taxonomy":"product_tag","embeddable":true,"href":"https:\/\/lorentzzi.com\/pl\/wp-json\/wp\/v2\/product_tag?post=5948"}],"curies":[{"name":"wp","href":"https:\/\/api.w.org\/{rel}","templated":true}]}}