{"id":6917,"date":"2023-02-10T11:26:30","date_gmt":"2023-02-10T03:26:30","guid":{"rendered":"https:\/\/lorentzzi.com\/?post_type=product&#038;p=6917"},"modified":"2025-08-13T15:01:30","modified_gmt":"2025-08-13T07:01:30","slug":"y-110-heat-radiator-for-industrial-and-three-phase-ssr","status":"publish","type":"product","link":"https:\/\/lorentzzi.com\/fr\/products\/accessories\/heat-sink\/y-110-heat-radiator-for-industrial-and-three-phase-ssr\/","title":{"rendered":"Y-110 Radiateur de chaleur pour SSR industriel et triphas\u00e9"},"content":{"rendered":"<h2 dir=\"ltr\">Introduction:<\/h2>\n<ul>\n<li>This Y-110 heat radiator is designed for our industrial-grade or <span style=\"color: #ff0000;\"><a style=\"color: #ff0000;\" href=\"https:\/\/lorentzzi.com\/three-phase-solid-state-relay\/\">three-phase high-current solid-state relays<\/a><\/span>.<\/li>\n<li>For example, our three-phase <span style=\"color: #ff0000;\"><a style=\"color: #ff0000;\" href=\"https:\/\/lorentzzi.com\/products\/solid-state-relay\/three-phase-solid-state-relay\/3-phase-solid-state-relay-50-amp-ac70-280v-to-ac24-480v\/\">50 amp<\/a><\/span>, <span style=\"color: #ff0000;\"><a style=\"color: #ff0000;\" href=\"https:\/\/lorentzzi.com\/products\/solid-state-relay\/three-phase-solid-state-relay\/3-phase-solid-state-relay-60-amp-ac-to-ac-tsr-60aa\/\">60 amp<\/a><\/span>, 80 amp, or <span style=\"color: #ff0000;\"><a style=\"color: #ff0000;\" href=\"https:\/\/lorentzzi.com\/products\/solid-state-relay\/three-phase-solid-state-relay\/3-phase-solid-state-relay-100-amp-dc-to-ac-ssr-100da\/\">100 amp<\/a><\/span> solid-state relays.<\/li>\n<li>If the three-phase solid-state relay draws more than 80 amps, this heat sink should be equipped with an active cooling fan, as shown below:<\/li>\n<\/ul>\n<p><img fetchpriority=\"high\" decoding=\"async\" class=\"aligncenter wp-image-18119 size-full\" src=\"https:\/\/lorentzzi.com\/wp-content\/uploads\/2023\/02\/Three-phase-SSR-with-heatsinks-and-cooling-fans.jpg\" alt=\"Three phase SSR with heatsinks and cooling fans\" width=\"1024\" height=\"512\" srcset=\"https:\/\/lorentzzi.com\/wp-content\/uploads\/2023\/02\/Three-phase-SSR-with-heatsinks-and-cooling-fans.jpg 1024w, https:\/\/lorentzzi.com\/wp-content\/uploads\/2023\/02\/Three-phase-SSR-with-heatsinks-and-cooling-fans-300x150.jpg 300w, https:\/\/lorentzzi.com\/wp-content\/uploads\/2023\/02\/Three-phase-SSR-with-heatsinks-and-cooling-fans-768x384.jpg 768w, https:\/\/lorentzzi.com\/wp-content\/uploads\/2023\/02\/Three-phase-SSR-with-heatsinks-and-cooling-fans-600x300.jpg 600w, https:\/\/lorentzzi.com\/wp-content\/uploads\/2023\/02\/Three-phase-SSR-with-heatsinks-and-cooling-fans-64x32.jpg 64w\" sizes=\"(max-width: 1024px) 100vw, 1024px\" \/><\/p>\n<ul>\n<li>The reason why a heat sink is needed is that when the three-phase solid-state relay is used for a long time, a large amount of heat will be generated. If the heat cannot be effectively dissipated, it will cause irreversible damage to the internal components of the three-phase solid-state relay.<\/li>\n<li>Our Y-110 radiator is made of high-quality raw aluminum material to dissipate heat effectively.<\/li>\n<li><strong>If you want to get its latest price, please fill out the form at the bottom to contact us now!<\/strong><\/li>\n<\/ul>\n<h2><strong>Specifications:<\/strong><\/h2>\n<div class=\"supsystic-table-loader spinner\"style=\"background-color:#000000\"><\/div><div id=\"supsystic-table-62_15916\" class=\"supsystic-tables-wrap \" style=\" width:100%; visibility: hidden; \" data-table-width-fixed=\"100%\" data-table-width-mobile=\"100%\" ><table id=\"supsystic-table-62\" class=\"supsystic-table border lightboxImg cell-border\" data-id=\"62\" data-view-id=\"62_15916\" data-title=\"Y-110 heatsink\" data-currency-format=\"$1,000.00\" data-percent-format=\"10.00%\" data-date-format=\"DD.MM.YYYY\" data-time-format=\"HH:mm\" data-features=\"[&quot;after_table_loaded_script&quot;]\" data-search-value=\"\" data-lightbox-img=\"\" data-head-rows-count=\"1\" data-pagination-length=\"50,100,All\" data-auto-index=\"off\" data-searching-settings=\"{&quot;columnSearchPosition&quot;:&quot;bottom&quot;,&quot;minChars&quot;:&quot;0&quot;}\" data-lang=\"default\" data-override=\"{&quot;emptyTable&quot;:&quot;&quot;,&quot;info&quot;:&quot;&quot;,&quot;infoEmpty&quot;:&quot;&quot;,&quot;infoFiltered&quot;:&quot;&quot;,&quot;lengthMenu&quot;:&quot;&quot;,&quot;search&quot;:&quot;&quot;,&quot;previous&quot;:&quot;&quot;,&quot;next&quot;:&quot;&quot;,&quot;zeroRecords&quot;:&quot;&quot;,&quot;exportLabel&quot;:&quot;&quot;,&quot;file&quot;:&quot;default&quot;}\" data-merged=\"[]\" data-responsive-mode=\"0\" data-from-history=\"0\" ><thead><tr><th class=\"\" style=\"width:; padding: 0 !important;\"><\/th><th class=\"\" style=\"width:; padding: 0 !important;\"><\/th><\/tr><\/thead><tbody><tr style=\"height:px\" ><td data-cell-id=\"A1\" data-x=\"0\" data-y=\"1\" data-db-index=\"1\" class=\"htCenter htMiddle bg-c7c7c7\" data-cell-type=\"text\" data-original-value=\"Model\" data-order=\"Model\" style=\"min-width:45.3202%; \" >Model <\/td><td data-cell-id=\"B1\" data-x=\"1\" data-y=\"1\" data-db-index=\"1\" class=\"htCenter htMiddle bg-c7c7c7\" data-cell-type=\"text\" data-original-value=\"Y-110\" data-order=\"Y-110\" style=\"min-width:54.6798%; \" >Y-110 <\/td><\/tr><tr style=\"height:px\" ><td data-cell-id=\"A2\" data-x=\"0\" data-y=\"2\" data-db-index=\"2\" class=\"htCenter htMiddle\" data-cell-type=\"text\" data-original-value=\"Shape\" data-order=\"Shape\" >Shape <\/td><td data-cell-id=\"B2\" data-x=\"1\" data-y=\"2\" data-db-index=\"2\" class=\"htCenter htMiddle\" data-cell-type=\"text\" data-original-value=\"Y shape\" data-order=\"Y shape\" >Y shape <\/td><\/tr><tr style=\"height:px\" ><td data-cell-id=\"A3\" data-x=\"0\" data-y=\"3\" data-db-index=\"3\" class=\"htCenter htMiddle bg-c7c7c7\" data-cell-type=\"text\" data-original-value=\"Cooling fan\" data-order=\"Cooling fan\" >Cooling fan <\/td><td data-cell-id=\"B3\" data-x=\"1\" data-y=\"3\" data-db-index=\"3\" class=\"htCenter htMiddle bg-c7c7c7\" data-cell-type=\"text\" data-original-value=\"Available\" data-order=\"Available\" >Available <\/td><\/tr><tr style=\"height:px\" ><td data-cell-id=\"A4\" data-x=\"0\" data-y=\"4\" data-db-index=\"4\" class=\"htCenter htMiddle\" data-cell-type=\"text\" data-original-value=\"Product dimension\" data-order=\"Product dimension\" >Product dimension <\/td><td data-cell-id=\"B4\" data-x=\"1\" data-y=\"4\" data-db-index=\"4\" class=\"htCenter htMiddle\" data-cell-type=\"text\" data-original-value=\"110*125*134 mm\" data-order=\"110*125*134 mm\" >110*125*134 mm <\/td><\/tr><tr style=\"height:px\" ><td data-cell-id=\"A5\" data-x=\"0\" data-y=\"5\" data-db-index=\"5\" class=\"htCenter htMiddle bg-c7c7c7\" data-cell-type=\"text\" data-original-value=\"Colour\" data-order=\"Colour\" >Colour <\/td><td data-cell-id=\"B5\" data-x=\"1\" data-y=\"5\" data-db-index=\"5\" class=\"htCenter htMiddle bg-c7c7c7\" data-cell-type=\"text\" data-original-value=\"Silver or anodize black\" data-order=\"Silver or anodize black\" >Silver or anodize black <\/td><\/tr><tr style=\"height:px\" ><td data-cell-id=\"A6\" data-x=\"0\" data-y=\"6\" data-db-index=\"6\" class=\"htCenter htMiddle\" data-cell-type=\"text\" data-original-value=\"Y-110 with 1 cooling fans\" data-order=\"Y-110 with 1 cooling fans\" >Y-110 with 1 cooling fans <\/td><td data-cell-id=\"B6\" data-x=\"1\" data-y=\"6\" data-db-index=\"6\" class=\"htCenter htMiddle\" data-cell-type=\"text\" data-original-value=\"Three phase SSR current less than 120 amps\" data-order=\"Three phase SSR current less than 120 amps\" >Three phase SSR current less than 120 amps <\/td><\/tr><\/tbody><\/table><!-- \/#supsystic-table-62.supsystic-table --><\/div><!-- \/.supsystic-tables-wrap --><!-- Tables Generator by Supsystic --><!-- Version:1.11.0 --><!-- http:\/\/supsystic.com\/ --><a title=\"WordPress Data Table Plugin\" style=\"display:none;\" href=\"https:\/\/supsystic.com\/plugins\/wordpress-data-table-plugin\/?utm_medium=love_link\" target=\"_blank\">WordPress Data Table Plugin<\/a>\n","protected":false},"excerpt":{"rendered":"<ol>\n<li>Con\u00e7u sp\u00e9cifiquement pour les relais statiques triphas\u00e9s.<\/li>\n<li>Fabriqu\u00e9 en aluminium brut de haute qualit\u00e9,<\/li>\n<li>Dissipation efficace de la chaleur,<\/li>\n<li>Longueur par d\u00e9faut 110 mm, personnalisable,<\/li>\n<li>Peut \u00eatre utilis\u00e9 avec des ventilateurs de refroidissement actifs.<\/li>\n<\/ol>","protected":false},"featured_media":6912,"template":"","meta":{"site-sidebar-layout":"default","site-content-layout":"default","ast-site-content-layout":"default","site-content-style":"default","site-sidebar-style":"default","ast-global-header-display":"","ast-banner-title-visibility":"","ast-main-header-display":"","ast-hfb-above-header-display":"","ast-hfb-below-header-display":"","ast-hfb-mobile-header-display":"","site-post-title":"","ast-breadcrumbs-content":"","ast-featured-img":"","footer-sml-layout":"","ast-disable-related-posts":"","theme-transparent-header-meta":"default","adv-header-id-meta":"","stick-header-meta":"","header-above-stick-meta":"","header-main-stick-meta":"","header-below-stick-meta":"","astra-migrate-meta-layouts":"set","ast-page-background-enabled":"default","ast-page-background-meta":{"desktop":{"background-color":"","background-image":"","background-repeat":"repeat","background-position":"center center","background-size":"auto","background-attachment":"scroll","background-type":"","background-media":"","overlay-type":"","overlay-color":"","overlay-opacity":"","overlay-gradient":""},"tablet":{"background-color":"","background-image":"","background-repeat":"repeat","background-position":"center center","background-size":"auto","background-attachment":"scroll","background-type":"","background-media":"","overlay-type":"","overlay-color":"","overlay-opacity":"","overlay-gradient":""},"mobile":{"background-color":"","background-image":"","background-repeat":"repeat","background-position":"center center","background-size":"auto","background-attachment":"scroll","background-type":"","background-media":"","overlay-type":"","overlay-color":"","overlay-opacity":"","overlay-gradient":""}},"ast-content-background-meta":{"desktop":{"background-color":"var(--ast-global-color-5)","background-image":"","background-repeat":"repeat","background-position":"center center","background-size":"auto","background-attachment":"scroll","background-type":"","background-media":"","overlay-type":"","overlay-color":"","overlay-opacity":"","overlay-gradient":""},"tablet":{"background-color":"var(--ast-global-color-5)","background-image":"","background-repeat":"repeat","background-position":"center center","background-size":"auto","background-attachment":"scroll","background-type":"","background-media":"","overlay-type":"","overlay-color":"","overlay-opacity":"","overlay-gradient":""},"mobile":{"background-color":"var(--ast-global-color-5)","background-image":"","background-repeat":"repeat","background-position":"center center","background-size":"auto","background-attachment":"scroll","background-type":"","background-media":"","overlay-type":"","overlay-color":"","overlay-opacity":"","overlay-gradient":""}}},"product_brand":[],"product_cat":[108,125],"product_tag":[],"class_list":{"0":"post-6917","1":"product","2":"type-product","3":"status-publish","4":"has-post-thumbnail","6":"product_cat-accessories","7":"product_cat-heat-sink","8":"desktop-align-center","9":"tablet-align-left","10":"mobile-align-left","12":"first","13":"instock","14":"shipping-taxable","15":"product-type-simple"},"yoast_head":"<!-- This site is optimized with the Yoast SEO Premium plugin v24.0 (Yoast SEO v27.3) - https:\/\/yoast.com\/product\/yoast-seo-premium-wordpress\/ -->\n<title>Y-110 Heat Radiator For Industrial And Three Phase SSR<\/title>\n<meta name=\"description\" content=\"Lorentzzi Y-110 heat radiator is designed for three phase solid state relays, it can effectively dissipate the heat, click to see more details now!\" \/>\n<meta name=\"robots\" content=\"index, follow, max-snippet:-1, max-image-preview:large, max-video-preview:-1\" \/>\n<link rel=\"canonical\" href=\"https:\/\/lorentzzi.com\/fr\/products\/accessories\/heat-sink\/y-110-heat-radiator-for-industrial-and-three-phase-ssr\/\" \/>\n<meta property=\"og:locale\" content=\"fr_FR\" \/>\n<meta property=\"og:type\" content=\"article\" \/>\n<meta property=\"og:title\" content=\"Y-110 Heat Radiator For Industrial And Three Phase SSR\" \/>\n<meta property=\"og:description\" content=\"Lorentzzi Y-110 heat radiator is designed for three phase solid state relays, it can effectively dissipate the heat, click to see more details now!\" \/>\n<meta property=\"og:url\" content=\"https:\/\/lorentzzi.com\/fr\/products\/accessories\/heat-sink\/y-110-heat-radiator-for-industrial-and-three-phase-ssr\/\" \/>\n<meta property=\"og:site_name\" content=\"Lorentzzi Industrial Supply-Chinese Manufacturer&amp;Exporter\" \/>\n<meta property=\"article:modified_time\" content=\"2025-08-13T07:01:30+00:00\" \/>\n<meta property=\"og:image\" content=\"https:\/\/lorentzzi.com\/wp-content\/uploads\/2023\/02\/Y-110-1.jpg\" \/>\n\t<meta property=\"og:image:width\" content=\"640\" \/>\n\t<meta property=\"og:image:height\" content=\"640\" \/>\n\t<meta property=\"og:image:type\" content=\"image\/jpeg\" \/>\n<meta name=\"twitter:card\" content=\"summary_large_image\" \/>\n<meta name=\"twitter:label1\" content=\"Dur\u00e9e de lecture estim\u00e9e\" \/>\n\t<meta name=\"twitter:data1\" content=\"2 minutes\" \/>\n<script type=\"application\/ld+json\" class=\"yoast-schema-graph\">{\"@context\":\"https:\\\/\\\/schema.org\",\"@graph\":[{\"@type\":\"WebPage\",\"@id\":\"https:\\\/\\\/lorentzzi.com\\\/products\\\/accessories\\\/heat-sink\\\/y-110-heat-radiator-for-industrial-and-three-phase-ssr\\\/\",\"url\":\"https:\\\/\\\/lorentzzi.com\\\/products\\\/accessories\\\/heat-sink\\\/y-110-heat-radiator-for-industrial-and-three-phase-ssr\\\/\",\"name\":\"Y-110 Heat Radiator For Industrial And Three Phase SSR\",\"isPartOf\":{\"@id\":\"https:\\\/\\\/lorentzzi.com\\\/#website\"},\"primaryImageOfPage\":{\"@id\":\"https:\\\/\\\/lorentzzi.com\\\/products\\\/accessories\\\/heat-sink\\\/y-110-heat-radiator-for-industrial-and-three-phase-ssr\\\/#primaryimage\"},\"image\":{\"@id\":\"https:\\\/\\\/lorentzzi.com\\\/products\\\/accessories\\\/heat-sink\\\/y-110-heat-radiator-for-industrial-and-three-phase-ssr\\\/#primaryimage\"},\"thumbnailUrl\":\"https:\\\/\\\/lorentzzi.com\\\/wp-content\\\/uploads\\\/2023\\\/02\\\/Y-110-1.jpg\",\"datePublished\":\"2023-02-10T03:26:30+00:00\",\"dateModified\":\"2025-08-13T07:01:30+00:00\",\"description\":\"Lorentzzi Y-110 heat radiator is designed for three phase solid state relays, it can effectively dissipate the heat, click to see more details now!\",\"breadcrumb\":{\"@id\":\"https:\\\/\\\/lorentzzi.com\\\/products\\\/accessories\\\/heat-sink\\\/y-110-heat-radiator-for-industrial-and-three-phase-ssr\\\/#breadcrumb\"},\"inLanguage\":\"fr-FR\",\"potentialAction\":[{\"@type\":\"ReadAction\",\"target\":[\"https:\\\/\\\/lorentzzi.com\\\/products\\\/accessories\\\/heat-sink\\\/y-110-heat-radiator-for-industrial-and-three-phase-ssr\\\/\"]}]},{\"@type\":\"ImageObject\",\"inLanguage\":\"fr-FR\",\"@id\":\"https:\\\/\\\/lorentzzi.com\\\/products\\\/accessories\\\/heat-sink\\\/y-110-heat-radiator-for-industrial-and-three-phase-ssr\\\/#primaryimage\",\"url\":\"https:\\\/\\\/lorentzzi.com\\\/wp-content\\\/uploads\\\/2023\\\/02\\\/Y-110-1.jpg\",\"contentUrl\":\"https:\\\/\\\/lorentzzi.com\\\/wp-content\\\/uploads\\\/2023\\\/02\\\/Y-110-1.jpg\",\"width\":640,\"height\":640,\"caption\":\"Y-110 Heat Radiator For Industrial And Three Phase SSR\"},{\"@type\":\"BreadcrumbList\",\"@id\":\"https:\\\/\\\/lorentzzi.com\\\/products\\\/accessories\\\/heat-sink\\\/y-110-heat-radiator-for-industrial-and-three-phase-ssr\\\/#breadcrumb\",\"itemListElement\":[{\"@type\":\"ListItem\",\"position\":1,\"name\":\"Home\",\"item\":\"https:\\\/\\\/lorentzzi.com\\\/\"},{\"@type\":\"ListItem\",\"position\":2,\"name\":\"Products\",\"item\":\"https:\\\/\\\/lorentzzi.com\\\/products\\\/\"},{\"@type\":\"ListItem\",\"position\":3,\"name\":\"Y-110 Heat Radiator For Industrial And Three Phase SSR\"}]},{\"@type\":\"WebSite\",\"@id\":\"https:\\\/\\\/lorentzzi.com\\\/#website\",\"url\":\"https:\\\/\\\/lorentzzi.com\\\/\",\"name\":\"Lorentzzi Industrial Supply-Chinese Manufacturer&amp;Exporter\",\"description\":\"Lorentzzi supply temperature controller, SSR, proximity sensor, SCR power regulator and timer switch with good quality and affordable prices.\",\"publisher\":{\"@id\":\"https:\\\/\\\/lorentzzi.com\\\/#organization\"},\"potentialAction\":[{\"@type\":\"SearchAction\",\"target\":{\"@type\":\"EntryPoint\",\"urlTemplate\":\"https:\\\/\\\/lorentzzi.com\\\/?s={search_term_string}\"},\"query-input\":{\"@type\":\"PropertyValueSpecification\",\"valueRequired\":true,\"valueName\":\"search_term_string\"}}],\"inLanguage\":\"fr-FR\"},{\"@type\":\"Organization\",\"@id\":\"https:\\\/\\\/lorentzzi.com\\\/#organization\",\"name\":\"Lorentzzi Industrial Supply-Chinese Manufacturer&amp;Exporter\",\"url\":\"https:\\\/\\\/lorentzzi.com\\\/\",\"logo\":{\"@type\":\"ImageObject\",\"inLanguage\":\"fr-FR\",\"@id\":\"https:\\\/\\\/lorentzzi.com\\\/#\\\/schema\\\/logo\\\/image\\\/\",\"url\":\"https:\\\/\\\/lorentzzi.com\\\/wp-content\\\/uploads\\\/2021\\\/07\\\/Lorenz-Electric-Company-Logo.png\",\"contentUrl\":\"https:\\\/\\\/lorentzzi.com\\\/wp-content\\\/uploads\\\/2021\\\/07\\\/Lorenz-Electric-Company-Logo.png\",\"width\":350,\"height\":100,\"caption\":\"Lorentzzi Industrial Supply-Chinese Manufacturer&amp;Exporter\"},\"image\":{\"@id\":\"https:\\\/\\\/lorentzzi.com\\\/#\\\/schema\\\/logo\\\/image\\\/\"}}]}<\/script>\n<!-- \/ Yoast SEO Premium plugin. -->","yoast_head_json":{"title":"Y-110 Radiateur de chaleur pour SSR industriel et triphas\u00e9","description":"Le radiateur Lorentzzi Y-110 est con\u00e7u pour les relais statiques triphas\u00e9s, il peut dissiper efficacement la chaleur, cliquez pour voir plus de d\u00e9tails maintenant !","robots":{"index":"index","follow":"follow","max-snippet":"max-snippet:-1","max-image-preview":"max-image-preview:large","max-video-preview":"max-video-preview:-1"},"canonical":"https:\/\/lorentzzi.com\/fr\/products\/accessories\/heat-sink\/y-110-heat-radiator-for-industrial-and-three-phase-ssr\/","og_locale":"fr_FR","og_type":"article","og_title":"Y-110 Heat Radiator For Industrial And Three Phase SSR","og_description":"Lorentzzi Y-110 heat radiator is designed for three phase solid state relays, it can effectively dissipate the heat, click to see more details now!","og_url":"https:\/\/lorentzzi.com\/fr\/products\/accessories\/heat-sink\/y-110-heat-radiator-for-industrial-and-three-phase-ssr\/","og_site_name":"Lorentzzi Industrial Supply-Chinese Manufacturer&amp;Exporter","article_modified_time":"2025-08-13T07:01:30+00:00","og_image":[{"width":640,"height":640,"url":"https:\/\/lorentzzi.com\/wp-content\/uploads\/2023\/02\/Y-110-1.jpg","type":"image\/jpeg"}],"twitter_card":"summary_large_image","twitter_misc":{"Dur\u00e9e de lecture estim\u00e9e":"2 minutes"},"schema":{"@context":"https:\/\/schema.org","@graph":[{"@type":"WebPage","@id":"https:\/\/lorentzzi.com\/products\/accessories\/heat-sink\/y-110-heat-radiator-for-industrial-and-three-phase-ssr\/","url":"https:\/\/lorentzzi.com\/products\/accessories\/heat-sink\/y-110-heat-radiator-for-industrial-and-three-phase-ssr\/","name":"Y-110 Radiateur de chaleur pour SSR industriel et triphas\u00e9","isPartOf":{"@id":"https:\/\/lorentzzi.com\/#website"},"primaryImageOfPage":{"@id":"https:\/\/lorentzzi.com\/products\/accessories\/heat-sink\/y-110-heat-radiator-for-industrial-and-three-phase-ssr\/#primaryimage"},"image":{"@id":"https:\/\/lorentzzi.com\/products\/accessories\/heat-sink\/y-110-heat-radiator-for-industrial-and-three-phase-ssr\/#primaryimage"},"thumbnailUrl":"https:\/\/lorentzzi.com\/wp-content\/uploads\/2023\/02\/Y-110-1.jpg","datePublished":"2023-02-10T03:26:30+00:00","dateModified":"2025-08-13T07:01:30+00:00","description":"Le radiateur Lorentzzi Y-110 est con\u00e7u pour les relais statiques triphas\u00e9s, il peut dissiper efficacement la chaleur, cliquez pour voir plus de d\u00e9tails maintenant !","breadcrumb":{"@id":"https:\/\/lorentzzi.com\/products\/accessories\/heat-sink\/y-110-heat-radiator-for-industrial-and-three-phase-ssr\/#breadcrumb"},"inLanguage":"fr-FR","potentialAction":[{"@type":"ReadAction","target":["https:\/\/lorentzzi.com\/products\/accessories\/heat-sink\/y-110-heat-radiator-for-industrial-and-three-phase-ssr\/"]}]},{"@type":"ImageObject","inLanguage":"fr-FR","@id":"https:\/\/lorentzzi.com\/products\/accessories\/heat-sink\/y-110-heat-radiator-for-industrial-and-three-phase-ssr\/#primaryimage","url":"https:\/\/lorentzzi.com\/wp-content\/uploads\/2023\/02\/Y-110-1.jpg","contentUrl":"https:\/\/lorentzzi.com\/wp-content\/uploads\/2023\/02\/Y-110-1.jpg","width":640,"height":640,"caption":"Y-110 Heat Radiator For Industrial And Three Phase SSR"},{"@type":"BreadcrumbList","@id":"https:\/\/lorentzzi.com\/products\/accessories\/heat-sink\/y-110-heat-radiator-for-industrial-and-three-phase-ssr\/#breadcrumb","itemListElement":[{"@type":"ListItem","position":1,"name":"Home","item":"https:\/\/lorentzzi.com\/"},{"@type":"ListItem","position":2,"name":"Products","item":"https:\/\/lorentzzi.com\/products\/"},{"@type":"ListItem","position":3,"name":"Y-110 Heat Radiator For Industrial And Three Phase SSR"}]},{"@type":"WebSite","@id":"https:\/\/lorentzzi.com\/#website","url":"https:\/\/lorentzzi.com\/","name":"Lorentzzi Industrial Supply - Fabricant et exportateur chinois","description":"Lorentzzi fournit des r\u00e9gulateurs de temp\u00e9rature, des SSR, des capteurs de proximit\u00e9, des r\u00e9gulateurs de puissance SCR et des interrupteurs temporis\u00e9s de bonne qualit\u00e9 et \u00e0 des prix abordables.","publisher":{"@id":"https:\/\/lorentzzi.com\/#organization"},"potentialAction":[{"@type":"SearchAction","target":{"@type":"EntryPoint","urlTemplate":"https:\/\/lorentzzi.com\/?s={search_term_string}"},"query-input":{"@type":"PropertyValueSpecification","valueRequired":true,"valueName":"search_term_string"}}],"inLanguage":"fr-FR"},{"@type":"Organization","@id":"https:\/\/lorentzzi.com\/#organization","name":"Lorentzzi Industrial Supply - Fabricant et exportateur chinois","url":"https:\/\/lorentzzi.com\/","logo":{"@type":"ImageObject","inLanguage":"fr-FR","@id":"https:\/\/lorentzzi.com\/#\/schema\/logo\/image\/","url":"https:\/\/lorentzzi.com\/wp-content\/uploads\/2021\/07\/Lorenz-Electric-Company-Logo.png","contentUrl":"https:\/\/lorentzzi.com\/wp-content\/uploads\/2021\/07\/Lorenz-Electric-Company-Logo.png","width":350,"height":100,"caption":"Lorentzzi Industrial Supply-Chinese Manufacturer&amp;Exporter"},"image":{"@id":"https:\/\/lorentzzi.com\/#\/schema\/logo\/image\/"}}]}},"_links":{"self":[{"href":"https:\/\/lorentzzi.com\/fr\/wp-json\/wp\/v2\/product\/6917","targetHints":{"allow":["GET"]}}],"collection":[{"href":"https:\/\/lorentzzi.com\/fr\/wp-json\/wp\/v2\/product"}],"about":[{"href":"https:\/\/lorentzzi.com\/fr\/wp-json\/wp\/v2\/types\/product"}],"version-history":[{"count":9,"href":"https:\/\/lorentzzi.com\/fr\/wp-json\/wp\/v2\/product\/6917\/revisions"}],"predecessor-version":[{"id":18123,"href":"https:\/\/lorentzzi.com\/fr\/wp-json\/wp\/v2\/product\/6917\/revisions\/18123"}],"wp:featuredmedia":[{"embeddable":true,"href":"https:\/\/lorentzzi.com\/fr\/wp-json\/wp\/v2\/media\/6912"}],"wp:attachment":[{"href":"https:\/\/lorentzzi.com\/fr\/wp-json\/wp\/v2\/media?parent=6917"}],"wp:term":[{"taxonomy":"product_brand","embeddable":true,"href":"https:\/\/lorentzzi.com\/fr\/wp-json\/wp\/v2\/product_brand?post=6917"},{"taxonomy":"product_cat","embeddable":true,"href":"https:\/\/lorentzzi.com\/fr\/wp-json\/wp\/v2\/product_cat?post=6917"},{"taxonomy":"product_tag","embeddable":true,"href":"https:\/\/lorentzzi.com\/fr\/wp-json\/wp\/v2\/product_tag?post=6917"}],"curies":[{"name":"wp","href":"https:\/\/api.w.org\/{rel}","templated":true}]}}