{"id":6603,"date":"2022-12-20T20:49:19","date_gmt":"2022-12-20T12:49:19","guid":{"rendered":"https:\/\/lorentzzi.com\/?post_type=product&#038;p=6603"},"modified":"2025-11-25T20:55:13","modified_gmt":"2025-11-25T12:55:13","slug":"csk5-ykw-5-digits-electromagnetic-pulse-counter","status":"publish","type":"product","link":"https:\/\/lorentzzi.com\/fr\/products\/timer-switch-and-counter\/pulse-counter\/csk5-ykw-5-digits-electromagnetic-pulse-counter\/","title":{"rendered":"CSK5-YKW Compteur d'impulsions \u00e9lectromagn\u00e9tiques \u00e0 5 chiffres"},"content":{"rendered":"<h2><b>Introduction:<\/b><\/h2>\n<ul>\n<li style=\"list-style-type: none;\">\n<ul>\n<li style=\"font-weight: 400;\" aria-level=\"1\"><span style=\"font-weight: 400;\">Are you looking for a 5-digit electromagnetic voltage pulse counter from a Chinese supplier? The <\/span><span style=\"color: #ff0000;\"><a style=\"color: #ff0000;\" href=\"https:\/\/lorentzzi.com\/\"><b>Lorentzzi\u00ae<\/b><\/a><\/span><span style=\"font-weight: 400;\"> CSK5-YKW counter is a better choice.<\/span><\/li>\n<li style=\"font-weight: 400;\" aria-level=\"1\"><span style=\"font-weight: 400;\">The CSK5-YKW is a panel-mount counter. You can fix it to the panel using two screws. It can operate on AC or DC power and counts once when powered on. Please ensure that the counter can be powered for an extended period of time, otherwise it will be damaged.<\/span><\/li>\n<li style=\"font-weight: 400;\" aria-level=\"1\"><span style=\"font-weight: 400;\">If you require a 5-digit electromagnetic counter with an alternative mounting method, you may also consider using our <\/span><span style=\"color: #ff0000;\"><a style=\"color: #ff0000;\" href=\"https:\/\/lorentzzi.com\/products\/timer-switch-and-counter\/pulse-counter\/5-digit-counter-electromagnetic-type-csk5-nkw\/v\"><span style=\"font-weight: 400;\">CSK5-NKW counter<\/span><\/a><\/span><span style=\"font-weight: 400;\">.<\/span><\/li>\n<li style=\"font-weight: 400;\" aria-level=\"1\"><span style=\"font-weight: 400;\">This CSK5-YKW voltage pulse totalizer has a reset function, so if you want to clear its count, you can press the left button to zero it, making it easy to record the quantity of each batch each day or week.<\/span><\/li>\n<li style=\"font-weight: 400;\" aria-level=\"1\"><span style=\"font-weight: 400;\">When used with our <\/span><span style=\"color: #ff0000;\"><a style=\"color: #ff0000;\" href=\"https:\/\/lorentzzi.com\/photoelectric-sensor\/\"><span style=\"font-weight: 400;\">photoelectric sensors<\/span><\/a><\/span><span style=\"font-weight: 400;\">, you can count the number of bottles on the production line conveyor belt, or you can use them for routine maintenance of the production line, etc.<\/span><\/li>\n<li style=\"font-weight: 400;\" aria-level=\"1\"><b>Want the latest wholesale prices or need our technical support for this CSK5-YKW voltage pulse counter? Please fill out the form below to contact us now!<\/b><\/li>\n<\/ul>\n<\/li>\n<\/ul>\n<h2><strong>Specifications:<\/strong><\/h2>\n<div class=\"supsystic-table-loader spinner\"style=\"background-color:#000000\"><\/div><div id=\"supsystic-table-52_18362\" class=\"supsystic-tables-wrap \" style=\" width:100%; visibility: hidden; \" data-table-width-fixed=\"100%\" data-table-width-mobile=\"100%\" ><table id=\"supsystic-table-52\" class=\"supsystic-table border lightboxImg cell-border\" data-id=\"52\" data-view-id=\"52_18362\" data-title=\"CSK5-YKW\" data-currency-format=\"$1,000.00\" data-percent-format=\"10.00%\" data-date-format=\"DD.MM.YYYY\" data-time-format=\"HH:mm\" data-features=\"[&quot;after_table_loaded_script&quot;]\" data-search-value=\"\" data-lightbox-img=\"\" data-head-rows-count=\"1\" data-pagination-length=\"50,100,All\" data-auto-index=\"off\" data-searching-settings=\"{&quot;columnSearchPosition&quot;:&quot;bottom&quot;,&quot;minChars&quot;:&quot;0&quot;}\" data-lang=\"default\" data-override=\"{&quot;emptyTable&quot;:&quot;&quot;,&quot;info&quot;:&quot;&quot;,&quot;infoEmpty&quot;:&quot;&quot;,&quot;infoFiltered&quot;:&quot;&quot;,&quot;lengthMenu&quot;:&quot;&quot;,&quot;search&quot;:&quot;&quot;,&quot;previous&quot;:&quot;&quot;,&quot;next&quot;:&quot;&quot;,&quot;zeroRecords&quot;:&quot;&quot;,&quot;exportLabel&quot;:&quot;&quot;,&quot;file&quot;:&quot;default&quot;}\" data-merged=\"[]\" data-responsive-mode=\"0\" data-from-history=\"0\" ><thead><tr><th class=\"\" style=\"width:; padding: 0 !important;\"><\/th><th class=\"\" style=\"width:; padding: 0 !important;\"><\/th><\/tr><\/thead><tbody><tr style=\"height:px\" ><td data-cell-id=\"A1\" data-x=\"0\" data-y=\"1\" data-db-index=\"1\" class=\"htMiddle htCenter bg-c7c7c7\" data-cell-type=\"text\" data-original-value=\"Model\" data-order=\"Model\" style=\"min-width:41.7012%; \" >Model <\/td><td data-cell-id=\"B1\" data-x=\"1\" data-y=\"1\" data-db-index=\"1\" class=\"htMiddle htCenter bg-c7c7c7\" data-cell-type=\"text\" data-original-value=\"CSK5-YKW\" data-order=\"CSK5-YKW\" style=\"min-width:58.2988%; \" >CSK5-YKW <\/td><\/tr><tr style=\"height:px\" ><td data-cell-id=\"A2\" data-x=\"0\" data-y=\"2\" data-db-index=\"2\" class=\"htMiddle htCenter\" data-cell-type=\"text\" data-original-value=\"Counting pulse voltage\" data-order=\"Counting pulse voltage\" >Counting pulse voltage <\/td><td data-cell-id=\"B2\" data-x=\"1\" data-y=\"2\" data-db-index=\"2\" class=\"htMiddle htCenter\" data-cell-type=\"text\" data-original-value=\"220 VAC, 110 VAC, 50\/60 Hz, 24 VDC, 12 VDC etc.\" data-order=\"220 VAC, 110 VAC, 50\/60 Hz, 24 VDC, 12 VDC etc.\" >220 VAC, 110 VAC, 50\/60 Hz, 24 VDC, 12 VDC etc. <\/td><\/tr><tr style=\"height:px\" ><td data-cell-id=\"A3\" data-x=\"0\" data-y=\"3\" data-db-index=\"3\" class=\"htMiddle htCenter bg-c7c7c7\" data-cell-type=\"text\" data-original-value=\"Max. measuring times\" data-order=\"Max. measuring times\" >Max. measuring times <\/td><td data-cell-id=\"B3\" data-x=\"1\" data-y=\"3\" data-db-index=\"3\" class=\"htMiddle htCenter bg-c7c7c7\" data-cell-type=\"text\" data-cell-format-type=\"number\" data-original-value=\"99,999\" data-order=\"99,999\" >99,999 <\/td><\/tr><tr style=\"height:px\" ><td data-cell-id=\"A4\" data-x=\"0\" data-y=\"4\" data-db-index=\"4\" class=\"htMiddle htCenter\" data-cell-type=\"text\" data-original-value=\"Voltage fluctuation range\" data-order=\"Voltage fluctuation range\" >Voltage fluctuation range <\/td><td data-cell-id=\"B4\" data-x=\"1\" data-y=\"4\" data-db-index=\"4\" class=\"htMiddle htCenter\" data-cell-type=\"text\" data-original-value=\"\u00b110%\" data-order=\"\u00b110%\" >\u00b110% <\/td><\/tr><tr style=\"height:px\" ><td data-cell-id=\"A5\" data-x=\"0\" data-y=\"5\" data-db-index=\"5\" class=\"htMiddle htCenter bg-c7c7c7\" data-cell-type=\"text\" data-original-value=\"Counting speed\" data-order=\"Counting speed\" >Counting speed <\/td><td data-cell-id=\"B5\" data-x=\"1\" data-y=\"5\" data-db-index=\"5\" class=\"htMiddle htCenter bg-c7c7c7\" data-cell-type=\"text\" data-original-value=\"DC: 20 times\/sec, AC: 10 times\/sec\" data-order=\"DC: 20 times\/sec, AC: 10 times\/sec\" >DC: 20 times\/sec, AC: 10 times\/sec <\/td><\/tr><tr style=\"height:px\" ><td data-cell-id=\"A6\" data-x=\"0\" data-y=\"6\" data-db-index=\"6\" class=\"htMiddle htCenter\" data-cell-type=\"text\" data-original-value=\"Ambient temperature\" data-order=\"Ambient temperature\" >Ambient temperature <\/td><td data-cell-id=\"B6\" data-x=\"1\" data-y=\"6\" data-db-index=\"6\" class=\"htMiddle htCenter\" data-cell-type=\"text\" data-original-value=\"-20\u00b0C~50\u00b0C\" data-order=\"-20\u00b0C~50\u00b0C\" >-20\u00b0C~50\u00b0C <\/td><\/tr><tr style=\"height:px\" ><td data-cell-id=\"A7\" data-x=\"0\" data-y=\"7\" data-db-index=\"7\" class=\"htMiddle htCenter bg-c7c7c7\" data-cell-type=\"text\" data-original-value=\"Power consumption\" data-order=\"Power consumption\" >Power consumption <\/td><td data-cell-id=\"B7\" data-x=\"1\" data-y=\"7\" data-db-index=\"7\" class=\"htMiddle htCenter bg-c7c7c7\" data-cell-type=\"text\" data-original-value=\"DC: 1.5 W, AC: 2.5 W\" data-order=\"DC: 1.5 W, AC: 2.5 W\" >DC: 1.5 W, AC: 2.5 W <\/td><\/tr><tr style=\"height:px\" ><td data-cell-id=\"A8\" data-x=\"0\" data-y=\"8\" data-db-index=\"8\" class=\"htMiddle htCenter\" data-cell-type=\"text\" data-original-value=\"Install\" data-order=\"Install\" >Install <\/td><td data-cell-id=\"B8\" data-x=\"1\" data-y=\"8\" data-db-index=\"8\" class=\"htMiddle htCenter\" data-cell-type=\"text\" data-original-value=\"Panel screw mounting\" data-order=\"Panel screw mounting\" >Panel screw mounting <\/td><\/tr><tr style=\"height:px\" ><td data-cell-id=\"A9\" data-x=\"0\" data-y=\"9\" data-db-index=\"9\" class=\"htMiddle htCenter bg-c7c7c7\" data-cell-type=\"text\" data-original-value=\"Reset\" data-order=\"Reset\" >Reset <\/td><td data-cell-id=\"B9\" data-x=\"1\" data-y=\"9\" data-db-index=\"9\" class=\"htMiddle htCenter bg-c7c7c7\" data-cell-type=\"text\" data-original-value=\"Yes with lock\" data-order=\"Yes with lock\" >Yes with lock <\/td><\/tr><\/tbody><\/table><!-- \/#supsystic-table-52.supsystic-table --><\/div><!-- \/.supsystic-tables-wrap --><!-- Tables Generator by Supsystic --><!-- Version:1.11.0 --><!-- http:\/\/supsystic.com\/ --><a title=\"WordPress Data Table Plugin\" style=\"display:none;\" href=\"https:\/\/supsystic.com\/plugins\/wordpress-data-table-plugin\/?utm_medium=love_link\" target=\"_blank\">WordPress Data Table Plugin<\/a>\n","protected":false},"excerpt":{"rendered":"<ol>\n<li>Nombre maximal : 99 999 fois,<\/li>\n<li>Signal de comptage de tension disponible : 110 VCA, 220 VCA, 36 VCA, 12 VCC ou 24 VCC.,<\/li>\n<li>Fixation par vis sur le panneau avant,<\/li>\n<li>Avec fonction de remise \u00e0 z\u00e9ro,<\/li>\n<li>Garantie de 2 ans.<\/li>\n<\/ol>","protected":false},"featured_media":6600,"template":"","meta":{"site-sidebar-layout":"default","site-content-layout":"default","ast-site-content-layout":"default","site-content-style":"default","site-sidebar-style":"default","ast-global-header-display":"","ast-banner-title-visibility":"","ast-main-header-display":"","ast-hfb-above-header-display":"","ast-hfb-below-header-display":"","ast-hfb-mobile-header-display":"","site-post-title":"","ast-breadcrumbs-content":"","ast-featured-img":"","footer-sml-layout":"","ast-disable-related-posts":"","theme-transparent-header-meta":"default","adv-header-id-meta":"","stick-header-meta":"","header-above-stick-meta":"","header-main-stick-meta":"","header-below-stick-meta":"","astra-migrate-meta-layouts":"set","ast-page-background-enabled":"default","ast-page-background-meta":{"desktop":{"background-color":"","background-image":"","background-repeat":"repeat","background-position":"center center","background-size":"auto","background-attachment":"scroll","background-type":"","background-media":"","overlay-type":"","overlay-color":"","overlay-opacity":"","overlay-gradient":""},"tablet":{"background-color":"","background-image":"","background-repeat":"repeat","background-position":"center center","background-size":"auto","background-attachment":"scroll","background-type":"","background-media":"","overlay-type":"","overlay-color":"","overlay-opacity":"","overlay-gradient":""},"mobile":{"background-color":"","background-image":"","background-repeat":"repeat","background-position":"center center","background-size":"auto","background-attachment":"scroll","background-type":"","background-media":"","overlay-type":"","overlay-color":"","overlay-opacity":"","overlay-gradient":""}},"ast-content-background-meta":{"desktop":{"background-color":"var(--ast-global-color-5)","background-image":"","background-repeat":"repeat","background-position":"center center","background-size":"auto","background-attachment":"scroll","background-type":"","background-media":"","overlay-type":"","overlay-color":"","overlay-opacity":"","overlay-gradient":""},"tablet":{"background-color":"var(--ast-global-color-5)","background-image":"","background-repeat":"repeat","background-position":"center center","background-size":"auto","background-attachment":"scroll","background-type":"","background-media":"","overlay-type":"","overlay-color":"","overlay-opacity":"","overlay-gradient":""},"mobile":{"background-color":"var(--ast-global-color-5)","background-image":"","background-repeat":"repeat","background-position":"center center","background-size":"auto","background-attachment":"scroll","background-type":"","background-media":"","overlay-type":"","overlay-color":"","overlay-opacity":"","overlay-gradient":""}}},"product_brand":[],"product_cat":[116,106],"product_tag":[],"class_list":{"0":"post-6603","1":"product","2":"type-product","3":"status-publish","4":"has-post-thumbnail","6":"product_cat-pulse-counter","7":"product_cat-timer-switch-and-counter","8":"desktop-align-center","9":"tablet-align-left","10":"mobile-align-left","12":"first","13":"instock","14":"shipping-taxable","15":"product-type-simple"},"yoast_head":"<!-- This site is optimized with the Yoast SEO Premium plugin v24.0 (Yoast SEO v27.4) - https:\/\/yoast.com\/product\/yoast-seo-premium-wordpress\/ -->\n<title>CSK5-YKW 5 Digits Electromagnetic Pulse Counter<\/title>\n<meta name=\"description\" content=\"Lorentzzi CSK5-YKW counter is an electromagnetic voltage pulse counter with high reliability and a highly competitive price. Click to contact us now!\" \/>\n<meta name=\"robots\" content=\"index, follow, max-snippet:-1, max-image-preview:large, max-video-preview:-1\" \/>\n<link rel=\"canonical\" href=\"https:\/\/lorentzzi.com\/fr\/products\/timer-switch-and-counter\/pulse-counter\/csk5-ykw-5-digits-electromagnetic-pulse-counter\/\" \/>\n<meta property=\"og:locale\" content=\"fr_FR\" \/>\n<meta property=\"og:type\" content=\"article\" \/>\n<meta property=\"og:title\" content=\"CSK5-YKW 5 Digits Electromagnetic Pulse Counter\" \/>\n<meta property=\"og:description\" content=\"Lorentzzi CSK5-YKW counter is an electromagnetic voltage pulse counter with high reliability and a highly competitive price. Click to contact us now!\" \/>\n<meta property=\"og:url\" content=\"https:\/\/lorentzzi.com\/fr\/products\/timer-switch-and-counter\/pulse-counter\/csk5-ykw-5-digits-electromagnetic-pulse-counter\/\" \/>\n<meta property=\"og:site_name\" content=\"Lorentzzi Industrial Supply-Chinese Manufacturer&amp;Exporter\" \/>\n<meta property=\"article:modified_time\" content=\"2025-11-25T12:55:13+00:00\" \/>\n<meta property=\"og:image\" content=\"https:\/\/lorentzzi.com\/wp-content\/uploads\/2022\/12\/CSK5-YKW-2.jpg\" \/>\n\t<meta property=\"og:image:width\" content=\"640\" \/>\n\t<meta property=\"og:image:height\" content=\"640\" \/>\n\t<meta property=\"og:image:type\" content=\"image\/jpeg\" \/>\n<meta name=\"twitter:card\" content=\"summary_large_image\" \/>\n<meta name=\"twitter:label1\" content=\"Dur\u00e9e de lecture estim\u00e9e\" \/>\n\t<meta name=\"twitter:data1\" content=\"2 minutes\" \/>\n<script type=\"application\/ld+json\" class=\"yoast-schema-graph\">{\"@context\":\"https:\\\/\\\/schema.org\",\"@graph\":[{\"@type\":\"WebPage\",\"@id\":\"https:\\\/\\\/lorentzzi.com\\\/products\\\/timer-switch-and-counter\\\/pulse-counter\\\/csk5-ykw-5-digits-electromagnetic-pulse-counter\\\/\",\"url\":\"https:\\\/\\\/lorentzzi.com\\\/products\\\/timer-switch-and-counter\\\/pulse-counter\\\/csk5-ykw-5-digits-electromagnetic-pulse-counter\\\/\",\"name\":\"CSK5-YKW 5 Digits Electromagnetic Pulse Counter\",\"isPartOf\":{\"@id\":\"https:\\\/\\\/lorentzzi.com\\\/#website\"},\"primaryImageOfPage\":{\"@id\":\"https:\\\/\\\/lorentzzi.com\\\/products\\\/timer-switch-and-counter\\\/pulse-counter\\\/csk5-ykw-5-digits-electromagnetic-pulse-counter\\\/#primaryimage\"},\"image\":{\"@id\":\"https:\\\/\\\/lorentzzi.com\\\/products\\\/timer-switch-and-counter\\\/pulse-counter\\\/csk5-ykw-5-digits-electromagnetic-pulse-counter\\\/#primaryimage\"},\"thumbnailUrl\":\"https:\\\/\\\/lorentzzi.com\\\/wp-content\\\/uploads\\\/2022\\\/12\\\/CSK5-YKW-2.jpg\",\"datePublished\":\"2022-12-20T12:49:19+00:00\",\"dateModified\":\"2025-11-25T12:55:13+00:00\",\"description\":\"Lorentzzi CSK5-YKW counter is an electromagnetic voltage pulse counter with high reliability and a highly competitive price. Click to contact us now!\",\"breadcrumb\":{\"@id\":\"https:\\\/\\\/lorentzzi.com\\\/products\\\/timer-switch-and-counter\\\/pulse-counter\\\/csk5-ykw-5-digits-electromagnetic-pulse-counter\\\/#breadcrumb\"},\"inLanguage\":\"fr-FR\",\"potentialAction\":[{\"@type\":\"ReadAction\",\"target\":[\"https:\\\/\\\/lorentzzi.com\\\/products\\\/timer-switch-and-counter\\\/pulse-counter\\\/csk5-ykw-5-digits-electromagnetic-pulse-counter\\\/\"]}]},{\"@type\":\"ImageObject\",\"inLanguage\":\"fr-FR\",\"@id\":\"https:\\\/\\\/lorentzzi.com\\\/products\\\/timer-switch-and-counter\\\/pulse-counter\\\/csk5-ykw-5-digits-electromagnetic-pulse-counter\\\/#primaryimage\",\"url\":\"https:\\\/\\\/lorentzzi.com\\\/wp-content\\\/uploads\\\/2022\\\/12\\\/CSK5-YKW-2.jpg\",\"contentUrl\":\"https:\\\/\\\/lorentzzi.com\\\/wp-content\\\/uploads\\\/2022\\\/12\\\/CSK5-YKW-2.jpg\",\"width\":640,\"height\":640,\"caption\":\"CSK5-YKW 5 Digits Electromagnetic Pulse Counter\"},{\"@type\":\"BreadcrumbList\",\"@id\":\"https:\\\/\\\/lorentzzi.com\\\/products\\\/timer-switch-and-counter\\\/pulse-counter\\\/csk5-ykw-5-digits-electromagnetic-pulse-counter\\\/#breadcrumb\",\"itemListElement\":[{\"@type\":\"ListItem\",\"position\":1,\"name\":\"Home\",\"item\":\"https:\\\/\\\/lorentzzi.com\\\/\"},{\"@type\":\"ListItem\",\"position\":2,\"name\":\"Products\",\"item\":\"https:\\\/\\\/lorentzzi.com\\\/products\\\/\"},{\"@type\":\"ListItem\",\"position\":3,\"name\":\"CSK5-YKW 5 Digits Electromagnetic Pulse Counter\"}]},{\"@type\":\"WebSite\",\"@id\":\"https:\\\/\\\/lorentzzi.com\\\/#website\",\"url\":\"https:\\\/\\\/lorentzzi.com\\\/\",\"name\":\"Lorentzzi Industrial Supply-Chinese Manufacturer&amp;Exporter\",\"description\":\"Lorentzzi supply temperature controller, SSR, proximity sensor, SCR power regulator and timer switch with good quality and affordable prices.\",\"publisher\":{\"@id\":\"https:\\\/\\\/lorentzzi.com\\\/#organization\"},\"potentialAction\":[{\"@type\":\"SearchAction\",\"target\":{\"@type\":\"EntryPoint\",\"urlTemplate\":\"https:\\\/\\\/lorentzzi.com\\\/?s={search_term_string}\"},\"query-input\":{\"@type\":\"PropertyValueSpecification\",\"valueRequired\":true,\"valueName\":\"search_term_string\"}}],\"inLanguage\":\"fr-FR\"},{\"@type\":\"Organization\",\"@id\":\"https:\\\/\\\/lorentzzi.com\\\/#organization\",\"name\":\"Lorentzzi Industrial Supply-Chinese Manufacturer&amp;Exporter\",\"url\":\"https:\\\/\\\/lorentzzi.com\\\/\",\"logo\":{\"@type\":\"ImageObject\",\"inLanguage\":\"fr-FR\",\"@id\":\"https:\\\/\\\/lorentzzi.com\\\/#\\\/schema\\\/logo\\\/image\\\/\",\"url\":\"https:\\\/\\\/lorentzzi.com\\\/wp-content\\\/uploads\\\/2021\\\/07\\\/Lorenz-Electric-Company-Logo.png\",\"contentUrl\":\"https:\\\/\\\/lorentzzi.com\\\/wp-content\\\/uploads\\\/2021\\\/07\\\/Lorenz-Electric-Company-Logo.png\",\"width\":350,\"height\":100,\"caption\":\"Lorentzzi Industrial Supply-Chinese Manufacturer&amp;Exporter\"},\"image\":{\"@id\":\"https:\\\/\\\/lorentzzi.com\\\/#\\\/schema\\\/logo\\\/image\\\/\"}}]}<\/script>\n<!-- \/ Yoast SEO Premium plugin. -->","yoast_head_json":{"title":"CSK5-YKW Compteur d'impulsions \u00e9lectromagn\u00e9tiques \u00e0 5 chiffres","description":"Le compteur Lorentzzi CSK5-YKW est un compteur d'impulsions de tension \u00e9lectromagn\u00e9tique tr\u00e8s fiable et propos\u00e9 \u00e0 un prix tr\u00e8s comp\u00e9titif. Cliquez ici pour nous contacter d\u00e8s maintenant !","robots":{"index":"index","follow":"follow","max-snippet":"max-snippet:-1","max-image-preview":"max-image-preview:large","max-video-preview":"max-video-preview:-1"},"canonical":"https:\/\/lorentzzi.com\/fr\/products\/timer-switch-and-counter\/pulse-counter\/csk5-ykw-5-digits-electromagnetic-pulse-counter\/","og_locale":"fr_FR","og_type":"article","og_title":"CSK5-YKW 5 Digits Electromagnetic Pulse Counter","og_description":"Lorentzzi CSK5-YKW counter is an electromagnetic voltage pulse counter with high reliability and a highly competitive price. Click to contact us now!","og_url":"https:\/\/lorentzzi.com\/fr\/products\/timer-switch-and-counter\/pulse-counter\/csk5-ykw-5-digits-electromagnetic-pulse-counter\/","og_site_name":"Lorentzzi Industrial Supply-Chinese Manufacturer&amp;Exporter","article_modified_time":"2025-11-25T12:55:13+00:00","og_image":[{"width":640,"height":640,"url":"https:\/\/lorentzzi.com\/wp-content\/uploads\/2022\/12\/CSK5-YKW-2.jpg","type":"image\/jpeg"}],"twitter_card":"summary_large_image","twitter_misc":{"Dur\u00e9e de lecture estim\u00e9e":"2 minutes"},"schema":{"@context":"https:\/\/schema.org","@graph":[{"@type":"WebPage","@id":"https:\/\/lorentzzi.com\/products\/timer-switch-and-counter\/pulse-counter\/csk5-ykw-5-digits-electromagnetic-pulse-counter\/","url":"https:\/\/lorentzzi.com\/products\/timer-switch-and-counter\/pulse-counter\/csk5-ykw-5-digits-electromagnetic-pulse-counter\/","name":"CSK5-YKW Compteur d'impulsions \u00e9lectromagn\u00e9tiques \u00e0 5 chiffres","isPartOf":{"@id":"https:\/\/lorentzzi.com\/#website"},"primaryImageOfPage":{"@id":"https:\/\/lorentzzi.com\/products\/timer-switch-and-counter\/pulse-counter\/csk5-ykw-5-digits-electromagnetic-pulse-counter\/#primaryimage"},"image":{"@id":"https:\/\/lorentzzi.com\/products\/timer-switch-and-counter\/pulse-counter\/csk5-ykw-5-digits-electromagnetic-pulse-counter\/#primaryimage"},"thumbnailUrl":"https:\/\/lorentzzi.com\/wp-content\/uploads\/2022\/12\/CSK5-YKW-2.jpg","datePublished":"2022-12-20T12:49:19+00:00","dateModified":"2025-11-25T12:55:13+00:00","description":"Le compteur Lorentzzi CSK5-YKW est un compteur d'impulsions de tension \u00e9lectromagn\u00e9tique tr\u00e8s fiable et propos\u00e9 \u00e0 un prix tr\u00e8s comp\u00e9titif. Cliquez ici pour nous contacter d\u00e8s maintenant !","breadcrumb":{"@id":"https:\/\/lorentzzi.com\/products\/timer-switch-and-counter\/pulse-counter\/csk5-ykw-5-digits-electromagnetic-pulse-counter\/#breadcrumb"},"inLanguage":"fr-FR","potentialAction":[{"@type":"ReadAction","target":["https:\/\/lorentzzi.com\/products\/timer-switch-and-counter\/pulse-counter\/csk5-ykw-5-digits-electromagnetic-pulse-counter\/"]}]},{"@type":"ImageObject","inLanguage":"fr-FR","@id":"https:\/\/lorentzzi.com\/products\/timer-switch-and-counter\/pulse-counter\/csk5-ykw-5-digits-electromagnetic-pulse-counter\/#primaryimage","url":"https:\/\/lorentzzi.com\/wp-content\/uploads\/2022\/12\/CSK5-YKW-2.jpg","contentUrl":"https:\/\/lorentzzi.com\/wp-content\/uploads\/2022\/12\/CSK5-YKW-2.jpg","width":640,"height":640,"caption":"CSK5-YKW 5 Digits Electromagnetic Pulse Counter"},{"@type":"BreadcrumbList","@id":"https:\/\/lorentzzi.com\/products\/timer-switch-and-counter\/pulse-counter\/csk5-ykw-5-digits-electromagnetic-pulse-counter\/#breadcrumb","itemListElement":[{"@type":"ListItem","position":1,"name":"Home","item":"https:\/\/lorentzzi.com\/"},{"@type":"ListItem","position":2,"name":"Products","item":"https:\/\/lorentzzi.com\/products\/"},{"@type":"ListItem","position":3,"name":"CSK5-YKW 5 Digits Electromagnetic Pulse Counter"}]},{"@type":"WebSite","@id":"https:\/\/lorentzzi.com\/#website","url":"https:\/\/lorentzzi.com\/","name":"Lorentzzi Industrial Supply - Fabricant et exportateur chinois","description":"Lorentzzi fournit des r\u00e9gulateurs de temp\u00e9rature, des SSR, des capteurs de proximit\u00e9, des r\u00e9gulateurs de puissance SCR et des interrupteurs temporis\u00e9s de bonne qualit\u00e9 et \u00e0 des prix abordables.","publisher":{"@id":"https:\/\/lorentzzi.com\/#organization"},"potentialAction":[{"@type":"SearchAction","target":{"@type":"EntryPoint","urlTemplate":"https:\/\/lorentzzi.com\/?s={search_term_string}"},"query-input":{"@type":"PropertyValueSpecification","valueRequired":true,"valueName":"search_term_string"}}],"inLanguage":"fr-FR"},{"@type":"Organization","@id":"https:\/\/lorentzzi.com\/#organization","name":"Lorentzzi Industrial Supply - Fabricant et exportateur chinois","url":"https:\/\/lorentzzi.com\/","logo":{"@type":"ImageObject","inLanguage":"fr-FR","@id":"https:\/\/lorentzzi.com\/#\/schema\/logo\/image\/","url":"https:\/\/lorentzzi.com\/wp-content\/uploads\/2021\/07\/Lorenz-Electric-Company-Logo.png","contentUrl":"https:\/\/lorentzzi.com\/wp-content\/uploads\/2021\/07\/Lorenz-Electric-Company-Logo.png","width":350,"height":100,"caption":"Lorentzzi Industrial Supply-Chinese Manufacturer&amp;Exporter"},"image":{"@id":"https:\/\/lorentzzi.com\/#\/schema\/logo\/image\/"}}]}},"_links":{"self":[{"href":"https:\/\/lorentzzi.com\/fr\/wp-json\/wp\/v2\/product\/6603","targetHints":{"allow":["GET"]}}],"collection":[{"href":"https:\/\/lorentzzi.com\/fr\/wp-json\/wp\/v2\/product"}],"about":[{"href":"https:\/\/lorentzzi.com\/fr\/wp-json\/wp\/v2\/types\/product"}],"version-history":[{"count":7,"href":"https:\/\/lorentzzi.com\/fr\/wp-json\/wp\/v2\/product\/6603\/revisions"}],"predecessor-version":[{"id":19247,"href":"https:\/\/lorentzzi.com\/fr\/wp-json\/wp\/v2\/product\/6603\/revisions\/19247"}],"wp:featuredmedia":[{"embeddable":true,"href":"https:\/\/lorentzzi.com\/fr\/wp-json\/wp\/v2\/media\/6600"}],"wp:attachment":[{"href":"https:\/\/lorentzzi.com\/fr\/wp-json\/wp\/v2\/media?parent=6603"}],"wp:term":[{"taxonomy":"product_brand","embeddable":true,"href":"https:\/\/lorentzzi.com\/fr\/wp-json\/wp\/v2\/product_brand?post=6603"},{"taxonomy":"product_cat","embeddable":true,"href":"https:\/\/lorentzzi.com\/fr\/wp-json\/wp\/v2\/product_cat?post=6603"},{"taxonomy":"product_tag","embeddable":true,"href":"https:\/\/lorentzzi.com\/fr\/wp-json\/wp\/v2\/product_tag?post=6603"}],"curies":[{"name":"wp","href":"https:\/\/api.w.org\/{rel}","templated":true}]}}