{"id":6184,"date":"2022-11-30T21:55:53","date_gmt":"2022-11-30T13:55:53","guid":{"rendered":"https:\/\/lorentzzi.com\/?post_type=product&#038;p=6184"},"modified":"2023-07-07T00:13:16","modified_gmt":"2023-07-06T16:13:16","slug":"staircase-timer-switch-dhc18-alc18","status":"publish","type":"product","link":"https:\/\/lorentzzi.com\/fr\/products\/timer-switch-and-counter\/time-delay-relay\/staircase-timer-switch-dhc18-alc18\/","title":{"rendered":"Minuterie d'escalier DHC18\/ALC18"},"content":{"rendered":"<h2><strong>Staircase Timer Switch <\/strong><strong>DHC18\/ALC18 <\/strong><strong>Introduction:<\/strong><\/h2>\n<ul>\n<li>The staircase timer switch DHC18(ALC18) is a one-shot time delay relay. &#8220;One shot&#8221; means, once a signal is applied, the timer switch will last a setting time. Using together with a <a href=\"https:\/\/www.icstation.com\/human-body-induction-switch-100w-high-power-160v-250v-time-delay-infrared-sensor-p-15733.html\" target=\"_blank\" rel=\"noopener\"><span style=\"color: #ff0000;\">infrared human body sensor switch<\/span><\/a>, it can control your staircase, hallway, and lobby lighting in a very easy way and set it to a fixed ON time.<\/li>\n<li>With 80mA or 150mA current limits and built-in overload protection, this switch provides a reliable and safe operation.<\/li>\n<li>Installation is very easy &#8211; you can simply mount it on a <a href=\"https:\/\/en.wikipedia.org\/wiki\/DIN_rail\" target=\"_blank\" rel=\"noopener\"><span style=\"color: #ff0000;\">35mm DIN rail<\/span><\/a>.<\/li>\n<li>Besides, the switch features easy-to-use buttons to turn your lights on in a fixed time, which can vary from 0.5 second to 20 minutes.<\/li>\n<li>Its product dimension is very compact, the thikness is only 18mm, it is space-saving.<\/li>\n<li>The load capacity is 16A@220VAC(resistive load), if you want to enlarge it, pls consider to use it with our AC contactor, or AC\/AC <span style=\"color: #ff0000;\"><a style=\"color: #ff0000;\" href=\"https:\/\/lorentzzi.com\/product-category\/solid-state-relay\/\">SSR(solid state relay)<\/a><\/span>.<\/li>\n<li>Experience convenient and customizable lighting control with our stair time switch now!<\/li>\n<\/ul>\n<h2><strong>Specifications:<\/strong><\/h2>\n<style type=\"text\/css\" id=\"supsystic-table-41_80146-css\">#supsystic-table-41_wrapper table { border-collapse: collapse; }#supsystic-table-41_wrapper table.stripe tbody tr.even { }#supsystic-table-41_wrapper table.stripe.order-column tbody tr > .sorting_1 { }#supsystic-table-41_wrapper table.hover tbody tr:hover { }#supsystic-table-41_wrapper table.stripe.order-column tbody tr.even > .sorting_1 { }#supsystic-table-41_wrapper table.order-column tbody tr > .sorting_1 { }#supsystic-table-41_wrapper table.hover.order-column tbody tr:hover > .sorting_1 { }#supsystic-table-41_wrapper tbody td { background-color: inherit; }#supsystic-table-41 { border: 1px solid rgb(0, 0, 0) !important; }#supsystic-table-41_wrapper th { border: 1px solid rgb(0, 0, 0) !important; }#supsystic-table-41_wrapper tbody tr:first-child td { border-top: none; }#supsystic-table-41_wrapper tbody tr:last-child td { border-bottom: 1px solid rgb(0, 0, 0); }#supsystic-table-41_wrapper td { border-right: 1px solid rgb(0, 0, 0); border-left: 1px solid rgb(0, 0, 0); border-top: 1px solid rgb(0, 0, 0); }#supsystic-table-41_wrapper .child table { border-collapse: collapse; }\n<\/style>\n<div class=\"supsystic-table-loader spinner\"style=\"background-color:#000000\"><\/div><div id=\"supsystic-table-41_80146\" class=\"supsystic-tables-wrap \" style=\" width:100%; visibility: hidden; \" data-table-width-fixed=\"100%\" data-table-width-mobile=\"100%\" ><table id=\"supsystic-table-41\" class=\"supsystic-table border lightboxImg cell-border\" data-id=\"41\" data-view-id=\"41_80146\" data-title=\"DHC18\" data-currency-format=\"$1,000.00\" data-percent-format=\"10.00%\" data-date-format=\"DD.MM.YYYY\" data-time-format=\"HH:mm\" data-features=\"[&quot;after_table_loaded_script&quot;]\" data-search-value=\"\" data-lightbox-img=\"\" data-head-rows-count=\"1\" data-pagination-length=\"50,100,All\" data-auto-index=\"off\" data-searching-settings=\"{&quot;columnSearchPosition&quot;:&quot;bottom&quot;,&quot;minChars&quot;:&quot;0&quot;}\" data-lang=\"default\" data-override=\"{&quot;emptyTable&quot;:&quot;&quot;,&quot;info&quot;:&quot;&quot;,&quot;infoEmpty&quot;:&quot;&quot;,&quot;infoFiltered&quot;:&quot;&quot;,&quot;lengthMenu&quot;:&quot;&quot;,&quot;search&quot;:&quot;&quot;,&quot;zeroRecords&quot;:&quot;&quot;,&quot;exportLabel&quot;:&quot;&quot;,&quot;file&quot;:&quot;default&quot;}\" data-merged=\"[{&quot;row&quot;:1,&quot;col&quot;:0,&quot;rowspan&quot;:3,&quot;colspan&quot;:1,&quot;removed&quot;:false}]\" data-responsive-mode=\"0\" data-from-history=\"0\" ><thead><tr><th class=\"\" style=\"width:; padding: 0 !important;\"><\/th><th class=\"\" style=\"width:; padding: 0 !important;\"><\/th><\/tr><\/thead><tbody><tr style=\"height:px\" ><td data-cell-id=\"A1\" data-x=\"0\" data-y=\"1\" data-db-index=\"1\" class=\"htCenter htMiddle bg-c7c7c7\" data-cell-type=\"text\" data-original-value=\"Model\" data-order=\"Model\" style=\"min-width:42.3077%; \" >Model <\/td><td data-cell-id=\"B1\" data-x=\"1\" data-y=\"1\" data-db-index=\"1\" class=\"htCenter htMiddle bg-c7c7c7\" data-cell-type=\"text\" data-original-value=\"DHC18\/ALC18\" data-order=\"DHC18\/ALC18\" style=\"min-width:57.6923%; \" >DHC18\/ALC18 <\/td><\/tr><tr style=\"height:px\" ><td data-cell-id=\"A2\" data-x=\"0\" data-y=\"2\" data-db-index=\"2\" class=\"htCenter htMiddle\" data-cell-type=\"text\" data-original-value=\"Switching capacity\" data-order=\"Switching capacity\" data-colspan=\"1\" data-rowspan=\"3\" >Switching capacity <\/td><td data-cell-id=\"B2\" data-x=\"1\" data-y=\"2\" data-db-index=\"2\" class=\"htCenter htMiddle\" data-cell-type=\"text\" data-original-value=\"Resistive load: 16A, 250VAC\" data-order=\"Resistive load: 16A, 250VAC\" >Resistive load: 16A, 250VAC <\/td><\/tr><tr style=\"height:px\" ><td data-cell-id=\"A3\" data-x=\"0\" data-y=\"3\" data-db-index=\"3\" class=\"htCenter htMiddle\" data-cell-type=\"text\" data-original-value=\"\" data-order=\"\" data-hide=\"true\" ><\/td><td data-cell-id=\"B3\" data-x=\"1\" data-y=\"3\" data-db-index=\"3\" class=\"htCenter htMiddle bg-c7c7c7\" data-cell-type=\"text\" data-original-value=\"Inductive load cos\u03c6=0.6\uff1a10A, 250VAC\" data-order=\"Inductive load cos\u03c6=0.6\uff1a10A, 250VAC\" >Inductive load cos\u03c6=0.6\uff1a10A, 250VAC <\/td><\/tr><tr style=\"height:px\" ><td data-cell-id=\"A4\" data-x=\"0\" data-y=\"4\" data-db-index=\"4\" class=\"htCenter htMiddle\" data-cell-type=\"text\" data-original-value=\"\" data-order=\"\" data-hide=\"true\" ><\/td><td data-cell-id=\"B4\" data-x=\"1\" data-y=\"4\" data-db-index=\"4\" class=\"htCenter htMiddle\" data-cell-type=\"text\" data-original-value=\"Incandescent lamp: 2300W\" data-order=\"Incandescent lamp: 2300W\" >Incandescent lamp: 2300W <\/td><\/tr><tr style=\"height:px\" ><td data-cell-id=\"A5\" data-x=\"0\" data-y=\"5\" data-db-index=\"5\" class=\"htCenter htMiddle bg-c7c7c7\" data-cell-type=\"text\" data-original-value=\"Adjustment time\" data-order=\"Adjustment time\" >Adjustment time <\/td><td data-cell-id=\"B5\" data-x=\"1\" data-y=\"5\" data-db-index=\"5\" class=\"htCenter htMiddle bg-c7c7c7\" data-cell-type=\"text\" data-original-value=\"0.5, 5, 10, 15, 20min\" data-order=\"0.5, 5, 10, 15, 20min\" >0.5, 5, 10, 15, 20min <\/td><\/tr><tr style=\"height:px\" ><td data-cell-id=\"A6\" data-x=\"0\" data-y=\"6\" data-db-index=\"6\" class=\"htCenter htMiddle\" data-cell-type=\"text\" data-original-value=\"Contact type\" data-order=\"Contact type\" >Contact type <\/td><td data-cell-id=\"B6\" data-x=\"1\" data-y=\"6\" data-db-index=\"6\" class=\"htCenter htMiddle\" data-cell-type=\"text\" data-original-value=\"NO\" data-order=\"NO\" >NO <\/td><\/tr><tr style=\"height:px\" ><td data-cell-id=\"A7\" data-x=\"0\" data-y=\"7\" data-db-index=\"7\" class=\"htCenter htMiddle bg-c7c7c7\" data-cell-type=\"text\" data-original-value=\"Delay type\" data-order=\"Delay type\" >Delay type <\/td><td data-cell-id=\"B7\" data-x=\"1\" data-y=\"7\" data-db-index=\"7\" class=\"htCenter htMiddle bg-c7c7c7\" data-cell-type=\"text\" data-original-value=\"Delay to OFF\" data-order=\"Delay to OFF\" >Delay to OFF <\/td><\/tr><tr style=\"height:px\" ><td data-cell-id=\"A8\" data-x=\"0\" data-y=\"8\" data-db-index=\"8\" class=\"htCenter htMiddle\" data-cell-type=\"text\" data-original-value=\"Ambient temperature\" data-order=\"Ambient temperature\" >Ambient temperature <\/td><td data-cell-id=\"B8\" data-x=\"1\" data-y=\"8\" data-db-index=\"8\" class=\"htCenter htMiddle\" data-cell-type=\"text\" data-original-value=\"-10\u2103~+55\u2103\" data-order=\"-10\u2103~+55\u2103\" >-10\u2103~+55\u2103 <\/td><\/tr><tr style=\"height:px\" ><td data-cell-id=\"A9\" data-x=\"0\" data-y=\"9\" data-db-index=\"9\" class=\"htCenter htMiddle bg-c7c7c7\" data-cell-type=\"text\" data-original-value=\"Ambient humidity\" data-order=\"Ambient humidity\" >Ambient humidity <\/td><td data-cell-id=\"B9\" data-x=\"1\" data-y=\"9\" data-db-index=\"9\" class=\"htCenter htMiddle bg-c7c7c7\" data-cell-type=\"text\" data-original-value=\"45~85% RH\" data-order=\"45~85% RH\" >45~85% RH <\/td><\/tr><tr style=\"height:px\" ><td data-cell-id=\"A10\" data-x=\"0\" data-y=\"10\" data-db-index=\"10\" class=\"htCenter htMiddle\" data-cell-type=\"text\" data-original-value=\"Weight\" data-order=\"Weight\" >Weight <\/td><td data-cell-id=\"B10\" data-x=\"1\" data-y=\"10\" data-db-index=\"10\" class=\"htCenter htMiddle\" data-cell-type=\"text\" data-original-value=\"75g\" data-order=\"75g\" >75g <\/td><\/tr><tr style=\"height:px\" ><td data-cell-id=\"A11\" data-x=\"0\" data-y=\"11\" data-db-index=\"11\" class=\"htCenter htMiddle bg-c7c7c7\" data-cell-type=\"text\" data-original-value=\"IP grade\" data-order=\"IP grade\" >IP grade <\/td><td data-cell-id=\"B11\" data-x=\"1\" data-y=\"11\" data-db-index=\"11\" class=\"htCenter htMiddle bg-c7c7c7\" data-cell-type=\"text\" data-original-value=\"IP20\" data-order=\"IP20\" >IP20 <\/td><\/tr><\/tbody><\/table><!-- \/#supsystic-table-41.supsystic-table --><\/div><!-- \/.supsystic-tables-wrap --><!-- Tables Generator by Supsystic --><!-- Version:1.11.0 --><!-- http:\/\/supsystic.com\/ --><a title=\"WordPress Data Table Plugin\" style=\"display:none;\" href=\"https:\/\/supsystic.com\/plugins\/wordpress-data-table-plugin\/?utm_medium=love_link\" target=\"_blank\">WordPress Data Table Plugin<\/a>\n","protected":false},"excerpt":{"rendered":"<p><span class=\"a-list-item\">1) Interrupteur \u00e0 minuterie pour l'\u00e9clairage de l'escalier,<\/span><\/p>\n<p><span class=\"a-list-item\">2. rail DIN, facile \u00e0 installer,<\/span><\/p>\n<p><span class=\"a-list-item\">3. Le d\u00e9lai peut \u00eatre de 0,5, 5, 10, 15, 20 minutes,<\/span><\/p>\n<p><span class=\"a-list-item\">4) Sp\u00e9cialement con\u00e7ue pour les lampes d'escalier, la capacit\u00e9 maximale est de 4000 W de lumi\u00e8re LED.<\/span><\/p>","protected":false},"featured_media":6179,"template":"","meta":{"site-sidebar-layout":"default","site-content-layout":"default","ast-site-content-layout":"default","site-content-style":"default","site-sidebar-style":"default","ast-global-header-display":"","ast-banner-title-visibility":"","ast-main-header-display":"","ast-hfb-above-header-display":"","ast-hfb-below-header-display":"","ast-hfb-mobile-header-display":"","site-post-title":"","ast-breadcrumbs-content":"","ast-featured-img":"","footer-sml-layout":"","ast-disable-related-posts":"","theme-transparent-header-meta":"default","adv-header-id-meta":"","stick-header-meta":"","header-above-stick-meta":"","header-main-stick-meta":"","header-below-stick-meta":"","astra-migrate-meta-layouts":"default","ast-page-background-enabled":"default","ast-page-background-meta":{"desktop":{"background-color":"","background-image":"","background-repeat":"repeat","background-position":"center center","background-size":"auto","background-attachment":"scroll","background-type":"","background-media":"","overlay-type":"","overlay-color":"","overlay-opacity":"","overlay-gradient":""},"tablet":{"background-color":"","background-image":"","background-repeat":"repeat","background-position":"center center","background-size":"auto","background-attachment":"scroll","background-type":"","background-media":"","overlay-type":"","overlay-color":"","overlay-opacity":"","overlay-gradient":""},"mobile":{"background-color":"","background-image":"","background-repeat":"repeat","background-position":"center center","background-size":"auto","background-attachment":"scroll","background-type":"","background-media":"","overlay-type":"","overlay-color":"","overlay-opacity":"","overlay-gradient":""}},"ast-content-background-meta":{"desktop":{"background-color":"var(--ast-global-color-5)","background-image":"","background-repeat":"repeat","background-position":"center center","background-size":"auto","background-attachment":"scroll","background-type":"","background-media":"","overlay-type":"","overlay-color":"","overlay-opacity":"","overlay-gradient":""},"tablet":{"background-color":"var(--ast-global-color-5)","background-image":"","background-repeat":"repeat","background-position":"center center","background-size":"auto","background-attachment":"scroll","background-type":"","background-media":"","overlay-type":"","overlay-color":"","overlay-opacity":"","overlay-gradient":""},"mobile":{"background-color":"var(--ast-global-color-5)","background-image":"","background-repeat":"repeat","background-position":"center center","background-size":"auto","background-attachment":"scroll","background-type":"","background-media":"","overlay-type":"","overlay-color":"","overlay-opacity":"","overlay-gradient":""}}},"product_brand":[],"product_cat":[120,106],"product_tag":[],"class_list":{"0":"post-6184","1":"product","2":"type-product","3":"status-publish","4":"has-post-thumbnail","6":"product_cat-time-delay-relay","7":"product_cat-timer-switch-and-counter","8":"desktop-align-center","9":"tablet-align-left","10":"mobile-align-left","12":"first","13":"instock","14":"shipping-taxable","15":"product-type-simple"},"yoast_head":"<!-- This site is optimized with the Yoast SEO Premium plugin v24.0 (Yoast SEO v27.4) - https:\/\/yoast.com\/product\/yoast-seo-premium-wordpress\/ -->\n<title>Staircase Timer Switch DHC18\/ALC18<\/title>\n<meta name=\"description\" content=\"Dhc18\/alc18 is a staircase timer switch, it can switch on lamp for a fixed time, Din rail easy to install, delay time can be 0.5, 5, 10, 15, 20min.\" \/>\n<meta name=\"robots\" content=\"index, follow, max-snippet:-1, max-image-preview:large, max-video-preview:-1\" \/>\n<link rel=\"canonical\" href=\"https:\/\/lorentzzi.com\/fr\/products\/timer-switch-and-counter\/time-delay-relay\/staircase-timer-switch-dhc18-alc18\/\" \/>\n<meta property=\"og:locale\" content=\"fr_FR\" \/>\n<meta property=\"og:type\" content=\"article\" \/>\n<meta property=\"og:title\" content=\"Staircase Timer Switch DHC18\/ALC18\" \/>\n<meta property=\"og:description\" content=\"Dhc18\/alc18 is a staircase timer switch, it can switch on lamp for a fixed time, Din rail easy to install, delay time can be 0.5, 5, 10, 15, 20min.\" \/>\n<meta property=\"og:url\" content=\"https:\/\/lorentzzi.com\/fr\/products\/timer-switch-and-counter\/time-delay-relay\/staircase-timer-switch-dhc18-alc18\/\" \/>\n<meta property=\"og:site_name\" content=\"Lorentzzi Industrial Supply-Chinese Manufacturer&amp;Exporter\" \/>\n<meta property=\"article:modified_time\" content=\"2023-07-06T16:13:16+00:00\" \/>\n<meta property=\"og:image\" content=\"https:\/\/lorentzzi.com\/wp-content\/uploads\/2022\/11\/DHC18-1a.jpg\" \/>\n\t<meta property=\"og:image:width\" content=\"640\" \/>\n\t<meta property=\"og:image:height\" content=\"640\" \/>\n\t<meta property=\"og:image:type\" content=\"image\/jpeg\" \/>\n<meta name=\"twitter:card\" content=\"summary_large_image\" \/>\n<meta name=\"twitter:label1\" content=\"Dur\u00e9e de lecture estim\u00e9e\" \/>\n\t<meta name=\"twitter:data1\" content=\"1 minute\" \/>\n<script type=\"application\/ld+json\" class=\"yoast-schema-graph\">{\"@context\":\"https:\\\/\\\/schema.org\",\"@graph\":[{\"@type\":\"WebPage\",\"@id\":\"https:\\\/\\\/lorentzzi.com\\\/products\\\/timer-switch-and-counter\\\/time-delay-relay\\\/staircase-timer-switch-dhc18-alc18\\\/\",\"url\":\"https:\\\/\\\/lorentzzi.com\\\/products\\\/timer-switch-and-counter\\\/time-delay-relay\\\/staircase-timer-switch-dhc18-alc18\\\/\",\"name\":\"Staircase Timer Switch DHC18\\\/ALC18\",\"isPartOf\":{\"@id\":\"https:\\\/\\\/lorentzzi.com\\\/#website\"},\"primaryImageOfPage\":{\"@id\":\"https:\\\/\\\/lorentzzi.com\\\/products\\\/timer-switch-and-counter\\\/time-delay-relay\\\/staircase-timer-switch-dhc18-alc18\\\/#primaryimage\"},\"image\":{\"@id\":\"https:\\\/\\\/lorentzzi.com\\\/products\\\/timer-switch-and-counter\\\/time-delay-relay\\\/staircase-timer-switch-dhc18-alc18\\\/#primaryimage\"},\"thumbnailUrl\":\"https:\\\/\\\/lorentzzi.com\\\/wp-content\\\/uploads\\\/2022\\\/11\\\/DHC18-1a.jpg\",\"datePublished\":\"2022-11-30T13:55:53+00:00\",\"dateModified\":\"2023-07-06T16:13:16+00:00\",\"description\":\"Dhc18\\\/alc18 is a staircase timer switch, it can switch on lamp for a fixed time, Din rail easy to install, delay time can be 0.5, 5, 10, 15, 20min.\",\"breadcrumb\":{\"@id\":\"https:\\\/\\\/lorentzzi.com\\\/products\\\/timer-switch-and-counter\\\/time-delay-relay\\\/staircase-timer-switch-dhc18-alc18\\\/#breadcrumb\"},\"inLanguage\":\"fr-FR\",\"potentialAction\":[{\"@type\":\"ReadAction\",\"target\":[\"https:\\\/\\\/lorentzzi.com\\\/products\\\/timer-switch-and-counter\\\/time-delay-relay\\\/staircase-timer-switch-dhc18-alc18\\\/\"]}]},{\"@type\":\"ImageObject\",\"inLanguage\":\"fr-FR\",\"@id\":\"https:\\\/\\\/lorentzzi.com\\\/products\\\/timer-switch-and-counter\\\/time-delay-relay\\\/staircase-timer-switch-dhc18-alc18\\\/#primaryimage\",\"url\":\"https:\\\/\\\/lorentzzi.com\\\/wp-content\\\/uploads\\\/2022\\\/11\\\/DHC18-1a.jpg\",\"contentUrl\":\"https:\\\/\\\/lorentzzi.com\\\/wp-content\\\/uploads\\\/2022\\\/11\\\/DHC18-1a.jpg\",\"width\":640,\"height\":640,\"caption\":\"Staircase Timer Switch\"},{\"@type\":\"BreadcrumbList\",\"@id\":\"https:\\\/\\\/lorentzzi.com\\\/products\\\/timer-switch-and-counter\\\/time-delay-relay\\\/staircase-timer-switch-dhc18-alc18\\\/#breadcrumb\",\"itemListElement\":[{\"@type\":\"ListItem\",\"position\":1,\"name\":\"Home\",\"item\":\"https:\\\/\\\/lorentzzi.com\\\/\"},{\"@type\":\"ListItem\",\"position\":2,\"name\":\"Products\",\"item\":\"https:\\\/\\\/lorentzzi.com\\\/products\\\/\"},{\"@type\":\"ListItem\",\"position\":3,\"name\":\"Staircase Timer Switch DHC18\\\/ALC18\"}]},{\"@type\":\"WebSite\",\"@id\":\"https:\\\/\\\/lorentzzi.com\\\/#website\",\"url\":\"https:\\\/\\\/lorentzzi.com\\\/\",\"name\":\"Lorentzzi Industrial Supply-Chinese Manufacturer&amp;Exporter\",\"description\":\"Lorentzzi supply temperature controller, SSR, proximity sensor, SCR power regulator and timer switch with good quality and affordable prices.\",\"publisher\":{\"@id\":\"https:\\\/\\\/lorentzzi.com\\\/#organization\"},\"potentialAction\":[{\"@type\":\"SearchAction\",\"target\":{\"@type\":\"EntryPoint\",\"urlTemplate\":\"https:\\\/\\\/lorentzzi.com\\\/?s={search_term_string}\"},\"query-input\":{\"@type\":\"PropertyValueSpecification\",\"valueRequired\":true,\"valueName\":\"search_term_string\"}}],\"inLanguage\":\"fr-FR\"},{\"@type\":\"Organization\",\"@id\":\"https:\\\/\\\/lorentzzi.com\\\/#organization\",\"name\":\"Lorentzzi Industrial Supply-Chinese Manufacturer&amp;Exporter\",\"url\":\"https:\\\/\\\/lorentzzi.com\\\/\",\"logo\":{\"@type\":\"ImageObject\",\"inLanguage\":\"fr-FR\",\"@id\":\"https:\\\/\\\/lorentzzi.com\\\/#\\\/schema\\\/logo\\\/image\\\/\",\"url\":\"https:\\\/\\\/lorentzzi.com\\\/wp-content\\\/uploads\\\/2021\\\/07\\\/Lorenz-Electric-Company-Logo.png\",\"contentUrl\":\"https:\\\/\\\/lorentzzi.com\\\/wp-content\\\/uploads\\\/2021\\\/07\\\/Lorenz-Electric-Company-Logo.png\",\"width\":350,\"height\":100,\"caption\":\"Lorentzzi Industrial Supply-Chinese Manufacturer&amp;Exporter\"},\"image\":{\"@id\":\"https:\\\/\\\/lorentzzi.com\\\/#\\\/schema\\\/logo\\\/image\\\/\"}}]}<\/script>\n<!-- \/ Yoast SEO Premium plugin. -->","yoast_head_json":{"title":"Minuterie d'escalier DHC18\/ALC18","description":"Dhc18\/alc18 est une minuterie d'escalier, elle permet d'allumer une lampe pour une dur\u00e9e d\u00e9termin\u00e9e, le rail Din est facile \u00e0 installer, la dur\u00e9e de temporisation peut \u00eatre de 0,5, 5, 10, 15, 20min.","robots":{"index":"index","follow":"follow","max-snippet":"max-snippet:-1","max-image-preview":"max-image-preview:large","max-video-preview":"max-video-preview:-1"},"canonical":"https:\/\/lorentzzi.com\/fr\/products\/timer-switch-and-counter\/time-delay-relay\/staircase-timer-switch-dhc18-alc18\/","og_locale":"fr_FR","og_type":"article","og_title":"Staircase Timer Switch DHC18\/ALC18","og_description":"Dhc18\/alc18 is a staircase timer switch, it can switch on lamp for a fixed time, Din rail easy to install, delay time can be 0.5, 5, 10, 15, 20min.","og_url":"https:\/\/lorentzzi.com\/fr\/products\/timer-switch-and-counter\/time-delay-relay\/staircase-timer-switch-dhc18-alc18\/","og_site_name":"Lorentzzi Industrial Supply-Chinese Manufacturer&amp;Exporter","article_modified_time":"2023-07-06T16:13:16+00:00","og_image":[{"width":640,"height":640,"url":"https:\/\/lorentzzi.com\/wp-content\/uploads\/2022\/11\/DHC18-1a.jpg","type":"image\/jpeg"}],"twitter_card":"summary_large_image","twitter_misc":{"Dur\u00e9e de lecture estim\u00e9e":"1 minute"},"schema":{"@context":"https:\/\/schema.org","@graph":[{"@type":"WebPage","@id":"https:\/\/lorentzzi.com\/products\/timer-switch-and-counter\/time-delay-relay\/staircase-timer-switch-dhc18-alc18\/","url":"https:\/\/lorentzzi.com\/products\/timer-switch-and-counter\/time-delay-relay\/staircase-timer-switch-dhc18-alc18\/","name":"Minuterie d'escalier DHC18\/ALC18","isPartOf":{"@id":"https:\/\/lorentzzi.com\/#website"},"primaryImageOfPage":{"@id":"https:\/\/lorentzzi.com\/products\/timer-switch-and-counter\/time-delay-relay\/staircase-timer-switch-dhc18-alc18\/#primaryimage"},"image":{"@id":"https:\/\/lorentzzi.com\/products\/timer-switch-and-counter\/time-delay-relay\/staircase-timer-switch-dhc18-alc18\/#primaryimage"},"thumbnailUrl":"https:\/\/lorentzzi.com\/wp-content\/uploads\/2022\/11\/DHC18-1a.jpg","datePublished":"2022-11-30T13:55:53+00:00","dateModified":"2023-07-06T16:13:16+00:00","description":"Dhc18\/alc18 est une minuterie d'escalier, elle permet d'allumer une lampe pour une dur\u00e9e d\u00e9termin\u00e9e, le rail Din est facile \u00e0 installer, la dur\u00e9e de temporisation peut \u00eatre de 0,5, 5, 10, 15, 20min.","breadcrumb":{"@id":"https:\/\/lorentzzi.com\/products\/timer-switch-and-counter\/time-delay-relay\/staircase-timer-switch-dhc18-alc18\/#breadcrumb"},"inLanguage":"fr-FR","potentialAction":[{"@type":"ReadAction","target":["https:\/\/lorentzzi.com\/products\/timer-switch-and-counter\/time-delay-relay\/staircase-timer-switch-dhc18-alc18\/"]}]},{"@type":"ImageObject","inLanguage":"fr-FR","@id":"https:\/\/lorentzzi.com\/products\/timer-switch-and-counter\/time-delay-relay\/staircase-timer-switch-dhc18-alc18\/#primaryimage","url":"https:\/\/lorentzzi.com\/wp-content\/uploads\/2022\/11\/DHC18-1a.jpg","contentUrl":"https:\/\/lorentzzi.com\/wp-content\/uploads\/2022\/11\/DHC18-1a.jpg","width":640,"height":640,"caption":"Staircase Timer Switch"},{"@type":"BreadcrumbList","@id":"https:\/\/lorentzzi.com\/products\/timer-switch-and-counter\/time-delay-relay\/staircase-timer-switch-dhc18-alc18\/#breadcrumb","itemListElement":[{"@type":"ListItem","position":1,"name":"Home","item":"https:\/\/lorentzzi.com\/"},{"@type":"ListItem","position":2,"name":"Products","item":"https:\/\/lorentzzi.com\/products\/"},{"@type":"ListItem","position":3,"name":"Staircase Timer Switch DHC18\/ALC18"}]},{"@type":"WebSite","@id":"https:\/\/lorentzzi.com\/#website","url":"https:\/\/lorentzzi.com\/","name":"Lorentzzi Industrial Supply - Fabricant et exportateur chinois","description":"Lorentzzi fournit des r\u00e9gulateurs de temp\u00e9rature, des SSR, des capteurs de proximit\u00e9, des r\u00e9gulateurs de puissance SCR et des interrupteurs temporis\u00e9s de bonne qualit\u00e9 et \u00e0 des prix abordables.","publisher":{"@id":"https:\/\/lorentzzi.com\/#organization"},"potentialAction":[{"@type":"SearchAction","target":{"@type":"EntryPoint","urlTemplate":"https:\/\/lorentzzi.com\/?s={search_term_string}"},"query-input":{"@type":"PropertyValueSpecification","valueRequired":true,"valueName":"search_term_string"}}],"inLanguage":"fr-FR"},{"@type":"Organization","@id":"https:\/\/lorentzzi.com\/#organization","name":"Lorentzzi Industrial Supply - Fabricant et exportateur chinois","url":"https:\/\/lorentzzi.com\/","logo":{"@type":"ImageObject","inLanguage":"fr-FR","@id":"https:\/\/lorentzzi.com\/#\/schema\/logo\/image\/","url":"https:\/\/lorentzzi.com\/wp-content\/uploads\/2021\/07\/Lorenz-Electric-Company-Logo.png","contentUrl":"https:\/\/lorentzzi.com\/wp-content\/uploads\/2021\/07\/Lorenz-Electric-Company-Logo.png","width":350,"height":100,"caption":"Lorentzzi Industrial Supply-Chinese Manufacturer&amp;Exporter"},"image":{"@id":"https:\/\/lorentzzi.com\/#\/schema\/logo\/image\/"}}]}},"_links":{"self":[{"href":"https:\/\/lorentzzi.com\/fr\/wp-json\/wp\/v2\/product\/6184","targetHints":{"allow":["GET"]}}],"collection":[{"href":"https:\/\/lorentzzi.com\/fr\/wp-json\/wp\/v2\/product"}],"about":[{"href":"https:\/\/lorentzzi.com\/fr\/wp-json\/wp\/v2\/types\/product"}],"version-history":[{"count":13,"href":"https:\/\/lorentzzi.com\/fr\/wp-json\/wp\/v2\/product\/6184\/revisions"}],"predecessor-version":[{"id":9918,"href":"https:\/\/lorentzzi.com\/fr\/wp-json\/wp\/v2\/product\/6184\/revisions\/9918"}],"wp:featuredmedia":[{"embeddable":true,"href":"https:\/\/lorentzzi.com\/fr\/wp-json\/wp\/v2\/media\/6179"}],"wp:attachment":[{"href":"https:\/\/lorentzzi.com\/fr\/wp-json\/wp\/v2\/media?parent=6184"}],"wp:term":[{"taxonomy":"product_brand","embeddable":true,"href":"https:\/\/lorentzzi.com\/fr\/wp-json\/wp\/v2\/product_brand?post=6184"},{"taxonomy":"product_cat","embeddable":true,"href":"https:\/\/lorentzzi.com\/fr\/wp-json\/wp\/v2\/product_cat?post=6184"},{"taxonomy":"product_tag","embeddable":true,"href":"https:\/\/lorentzzi.com\/fr\/wp-json\/wp\/v2\/product_tag?post=6184"}],"curies":[{"name":"wp","href":"https:\/\/api.w.org\/{rel}","templated":true}]}}