{"id":6878,"date":"2023-02-04T13:33:24","date_gmt":"2023-02-04T05:33:24","guid":{"rendered":"https:\/\/lorentzzi.com\/?post_type=product&#038;p=6878"},"modified":"2025-05-24T11:41:10","modified_gmt":"2025-05-24T03:41:10","slug":"h-150-heat-sink-for-three-phase-ssr","status":"publish","type":"product","link":"https:\/\/lorentzzi.com\/es\/products\/accessories\/heat-sink\/h-150-heat-sink-for-three-phase-ssr\/","title":{"rendered":"H-150 Disipador de calor para SSR trif\u00e1sico"},"content":{"rendered":"<h2><strong>Introduction:<\/strong><\/h2>\n<ul>\n<li style=\"font-weight: 400;\" aria-level=\"1\"><span style=\"font-weight: 400;\">Our H-150 heat sink is specially designed for heat dissipation of <\/span><span style=\"color: #ff0000;\"><a style=\"color: #ff0000;\" href=\"https:\/\/lorentzzi.com\/three-phase-solid-state-relay\/\"><span style=\"font-weight: 400;\">three-phase solid-state relays<\/span><\/a><\/span><span style=\"font-weight: 400;\">, please note that if the length is 150 mm, the three phase SSR current should be less than 40 amps.<\/span><\/li>\n<li style=\"font-weight: 400;\" aria-level=\"1\"><span style=\"font-weight: 400;\">If the current of three-phase SSR exceeds 40 amps, we need to use active cooling methods, such as adding one or two cooling fans to cool it.<\/span><\/li>\n<li style=\"font-weight: 400;\" aria-level=\"1\"><span style=\"font-weight: 400;\">Our H-150 heat sink is made of good quality 6061 aluminum raw material, which has superb heat dissipation and excellent mechanical properties, with a thermal conductivity of 167 W\/m\u00b7K.<\/span><\/li>\n<li style=\"font-weight: 400;\" aria-level=\"1\"><span style=\"font-weight: 400;\">This shaped SSR heat radiator length can be customized according to customer requirements, such as 110 mm, 200 mm, 300 mm and so on.<\/span><\/li>\n<\/ul>\n<p><img fetchpriority=\"high\" decoding=\"async\" class=\"aligncenter wp-image-16944 size-full\" src=\"https:\/\/lorentzzi.com\/wp-content\/uploads\/2023\/02\/H-110-and-H-150-heat-sinks-dimensions.jpg\" alt=\"H-110 and H-150 heat sinks dimensions\" width=\"1024\" height=\"512\" srcset=\"https:\/\/lorentzzi.com\/wp-content\/uploads\/2023\/02\/H-110-and-H-150-heat-sinks-dimensions.jpg 1024w, https:\/\/lorentzzi.com\/wp-content\/uploads\/2023\/02\/H-110-and-H-150-heat-sinks-dimensions-300x150.jpg 300w, https:\/\/lorentzzi.com\/wp-content\/uploads\/2023\/02\/H-110-and-H-150-heat-sinks-dimensions-768x384.jpg 768w, https:\/\/lorentzzi.com\/wp-content\/uploads\/2023\/02\/H-110-and-H-150-heat-sinks-dimensions-600x300.jpg 600w, https:\/\/lorentzzi.com\/wp-content\/uploads\/2023\/02\/H-110-and-H-150-heat-sinks-dimensions-64x32.jpg 64w\" sizes=\"(max-width: 1024px) 100vw, 1024px\" \/><\/p>\n<ul>\n<li style=\"font-weight: 400;\" aria-level=\"1\"><span style=\"font-weight: 400;\">Another important thing is that if you are going to install a three-phase solid-state relay (SSR) on this heat sink, be sure to put a thermal pad or thermal grease between them. This can make the two products more fully in contact and the heat dissipation effect better.<\/span><\/li>\n<\/ul>\n<p><img decoding=\"async\" class=\"aligncenter wp-image-16942 size-full\" src=\"https:\/\/lorentzzi.com\/wp-content\/uploads\/2023\/02\/Solid-state-relay-and-heat-sink-installation-precautions.jpg\" alt=\"Solid-state relay and heat sink installation precautions\" width=\"1024\" height=\"512\" srcset=\"https:\/\/lorentzzi.com\/wp-content\/uploads\/2023\/02\/Solid-state-relay-and-heat-sink-installation-precautions.jpg 1024w, https:\/\/lorentzzi.com\/wp-content\/uploads\/2023\/02\/Solid-state-relay-and-heat-sink-installation-precautions-300x150.jpg 300w, https:\/\/lorentzzi.com\/wp-content\/uploads\/2023\/02\/Solid-state-relay-and-heat-sink-installation-precautions-768x384.jpg 768w, https:\/\/lorentzzi.com\/wp-content\/uploads\/2023\/02\/Solid-state-relay-and-heat-sink-installation-precautions-600x300.jpg 600w, https:\/\/lorentzzi.com\/wp-content\/uploads\/2023\/02\/Solid-state-relay-and-heat-sink-installation-precautions-64x32.jpg 64w\" sizes=\"(max-width: 1024px) 100vw, 1024px\" \/><\/p>\n<ul>\n<li style=\"font-weight: 400;\" aria-level=\"1\"><strong>Are you interested in this 150 mm length three phase SSR heatsink? Fill out the form at the bottom to contact us now!<\/strong><\/li>\n<\/ul>\n<h2><strong>Specifications:<\/strong><\/h2>\n<div class=\"supsystic-table-loader spinner\"style=\"background-color:#000000\"><\/div><div id=\"supsystic-table-61_88211\" class=\"supsystic-tables-wrap \" style=\" width:100%; visibility: hidden; \" data-table-width-fixed=\"100%\" data-table-width-mobile=\"100%\" ><table id=\"supsystic-table-61\" class=\"supsystic-table border lightboxImg cell-border\" data-id=\"61\" data-view-id=\"61_88211\" data-title=\"H-150 heatsink\" data-currency-format=\"$1,000.00\" data-percent-format=\"10.00%\" data-date-format=\"DD.MM.YYYY\" data-time-format=\"HH:mm\" data-features=\"[&quot;after_table_loaded_script&quot;]\" data-search-value=\"\" data-lightbox-img=\"\" data-head-rows-count=\"1\" data-pagination-length=\"50,100,All\" data-auto-index=\"off\" data-searching-settings=\"{&quot;columnSearchPosition&quot;:&quot;bottom&quot;,&quot;minChars&quot;:&quot;0&quot;}\" data-lang=\"default\" data-override=\"{&quot;emptyTable&quot;:&quot;&quot;,&quot;info&quot;:&quot;&quot;,&quot;infoEmpty&quot;:&quot;&quot;,&quot;infoFiltered&quot;:&quot;&quot;,&quot;lengthMenu&quot;:&quot;&quot;,&quot;search&quot;:&quot;&quot;,&quot;zeroRecords&quot;:&quot;&quot;,&quot;exportLabel&quot;:&quot;&quot;,&quot;file&quot;:&quot;default&quot;}\" data-merged=\"[]\" data-responsive-mode=\"0\" data-from-history=\"0\" ><thead><tr><th class=\"\" style=\"width:; padding: 0 !important;\"><\/th><th class=\"\" style=\"width:; padding: 0 !important;\"><\/th><\/tr><\/thead><tbody><tr style=\"height:px\" ><td data-cell-id=\"A1\" data-x=\"0\" data-y=\"1\" data-db-index=\"1\" class=\"htCenter htMiddle bg-c7c7c7\" data-cell-type=\"text\" data-original-value=\"Model\" data-order=\"Model\" style=\"min-width:45.3202%; \" >Model <\/td><td data-cell-id=\"B1\" data-x=\"1\" data-y=\"1\" data-db-index=\"1\" class=\"htCenter htMiddle bg-c7c7c7\" data-cell-type=\"text\" data-original-value=\"H-150\" data-order=\"H-150\" style=\"min-width:54.6798%; \" >H-150 <\/td><\/tr><tr style=\"height:px\" ><td data-cell-id=\"A2\" data-x=\"0\" data-y=\"2\" data-db-index=\"2\" class=\"htCenter htMiddle\" data-cell-type=\"text\" data-original-value=\"Shape\" data-order=\"Shape\" >Shape <\/td><td data-cell-id=\"B2\" data-x=\"1\" data-y=\"2\" data-db-index=\"2\" class=\"htCenter htMiddle\" data-cell-type=\"text\" data-original-value=\"H shape\" data-order=\"H shape\" >H shape <\/td><\/tr><tr style=\"height:px\" ><td data-cell-id=\"A3\" data-x=\"0\" data-y=\"3\" data-db-index=\"3\" class=\"htCenter htMiddle bg-c7c7c7\" data-cell-type=\"text\" data-original-value=\"Cooling fan\" data-order=\"Cooling fan\" >Cooling fan <\/td><td data-cell-id=\"B3\" data-x=\"1\" data-y=\"3\" data-db-index=\"3\" class=\"htCenter htMiddle bg-c7c7c7\" data-cell-type=\"text\" data-original-value=\"Available\" data-order=\"Available\" >Available <\/td><\/tr><tr style=\"height:px\" ><td data-cell-id=\"A4\" data-x=\"0\" data-y=\"4\" data-db-index=\"4\" class=\"htCenter htMiddle\" data-cell-type=\"text\" data-original-value=\"Product dimension\" data-order=\"Product dimension\" >Product dimension <\/td><td data-cell-id=\"B4\" data-x=\"1\" data-y=\"4\" data-db-index=\"4\" class=\"htCenter htMiddle\" data-cell-type=\"text\" data-original-value=\"150*80*80mm\" data-order=\"150*80*80mm\" >150*80*80mm <\/td><\/tr><tr style=\"height:px\" ><td data-cell-id=\"A5\" data-x=\"0\" data-y=\"5\" data-db-index=\"5\" class=\"htCenter htMiddle bg-c7c7c7\" data-cell-type=\"text\" data-original-value=\"Suitable SSR\" data-order=\"Suitable SSR\" >Suitable SSR <\/td><td data-cell-id=\"B5\" data-x=\"1\" data-y=\"5\" data-db-index=\"5\" class=\"htCenter htMiddle bg-c7c7c7\" data-cell-type=\"text\" data-original-value=\"\u226440A three phase SSR\" data-order=\"\u226440A three phase SSR\" >\u226440A three phase SSR <\/td><\/tr><tr style=\"height:px\" ><td data-cell-id=\"A6\" data-x=\"0\" data-y=\"6\" data-db-index=\"6\" class=\"htCenter htMiddle\" data-cell-type=\"text\" data-original-value=\"Colour\" data-order=\"Colour\" >Colour <\/td><td data-cell-id=\"B6\" data-x=\"1\" data-y=\"6\" data-db-index=\"6\" class=\"htCenter htMiddle\" data-cell-type=\"text\" data-original-value=\"Silver or anodize black\" data-order=\"Silver or anodize black\" >Silver or anodize black <\/td><\/tr><tr style=\"height:px\" ><td data-cell-id=\"A7\" data-x=\"0\" data-y=\"7\" data-db-index=\"7\" class=\"htCenter htMiddle bg-c7c7c7\" data-cell-type=\"text\" data-original-value=\"1 cooling fan SSR current\" data-order=\"1 cooling fan SSR current\" >1 cooling fan SSR current <\/td><td data-cell-id=\"B7\" data-x=\"1\" data-y=\"7\" data-db-index=\"7\" class=\"htCenter htMiddle bg-c7c7c7\" data-cell-type=\"text\" data-original-value=\"\u226460A three phase SSR\" data-order=\"\u226460A three phase SSR\" >\u226460A three phase SSR <\/td><\/tr><tr style=\"height:px\" ><td data-cell-id=\"A8\" data-x=\"0\" data-y=\"8\" data-db-index=\"8\" class=\"htCenter htMiddle\" data-cell-type=\"text\" data-original-value=\"2 cooling fan SSR current\" data-order=\"2 cooling fan SSR current\" >2 cooling fan SSR current <\/td><td data-cell-id=\"B8\" data-x=\"1\" data-y=\"8\" data-db-index=\"8\" class=\"htCenter htMiddle\" data-cell-type=\"text\" data-original-value=\"\u2264120A three phase SSR\" data-order=\"\u2264120A three phase SSR\" >\u2264120A three phase SSR <\/td><\/tr><\/tbody><\/table><!-- \/#supsystic-table-61.supsystic-table --><\/div><!-- \/.supsystic-tables-wrap --><!-- Tables Generator by Supsystic --><!-- Version:1.11.0 --><!-- http:\/\/supsystic.com\/ --><a title=\"WordPress Data Table Plugin\" style=\"display:none;\" href=\"https:\/\/supsystic.com\/plugins\/wordpress-data-table-plugin\/?utm_medium=love_link\" target=\"_blank\">WordPress Data Table Plugin<\/a>\n","protected":false},"excerpt":{"rendered":"<ol>\n<li>Dise\u00f1ado para rel\u00e9s trif\u00e1sicos de estado s\u00f3lido de menos de 40 A,<\/li>\n<li>Orificios pretaladrados para el montaje de rel\u00e9s de estado s\u00f3lido y ventiladores de refrigeraci\u00f3n,<\/li>\n<li>Fabricado en aluminio 6061 de alta calidad,<\/li>\n<li>Longitud de 150 mm, personalizable,<\/li>\n<li>Excelente rendimiento de disipaci\u00f3n del calor.<\/li>\n<\/ol>","protected":false},"featured_media":6874,"template":"","meta":{"site-sidebar-layout":"default","site-content-layout":"default","ast-site-content-layout":"default","site-content-style":"default","site-sidebar-style":"default","ast-global-header-display":"","ast-banner-title-visibility":"","ast-main-header-display":"","ast-hfb-above-header-display":"","ast-hfb-below-header-display":"","ast-hfb-mobile-header-display":"","site-post-title":"","ast-breadcrumbs-content":"","ast-featured-img":"","footer-sml-layout":"","ast-disable-related-posts":"","theme-transparent-header-meta":"default","adv-header-id-meta":"","stick-header-meta":"","header-above-stick-meta":"","header-main-stick-meta":"","header-below-stick-meta":"","astra-migrate-meta-layouts":"set","ast-page-background-enabled":"default","ast-page-background-meta":{"desktop":{"background-color":"","background-image":"","background-repeat":"repeat","background-position":"center center","background-size":"auto","background-attachment":"scroll","background-type":"","background-media":"","overlay-type":"","overlay-color":"","overlay-opacity":"","overlay-gradient":""},"tablet":{"background-color":"","background-image":"","background-repeat":"repeat","background-position":"center center","background-size":"auto","background-attachment":"scroll","background-type":"","background-media":"","overlay-type":"","overlay-color":"","overlay-opacity":"","overlay-gradient":""},"mobile":{"background-color":"","background-image":"","background-repeat":"repeat","background-position":"center center","background-size":"auto","background-attachment":"scroll","background-type":"","background-media":"","overlay-type":"","overlay-color":"","overlay-opacity":"","overlay-gradient":""}},"ast-content-background-meta":{"desktop":{"background-color":"var(--ast-global-color-5)","background-image":"","background-repeat":"repeat","background-position":"center center","background-size":"auto","background-attachment":"scroll","background-type":"","background-media":"","overlay-type":"","overlay-color":"","overlay-opacity":"","overlay-gradient":""},"tablet":{"background-color":"var(--ast-global-color-5)","background-image":"","background-repeat":"repeat","background-position":"center center","background-size":"auto","background-attachment":"scroll","background-type":"","background-media":"","overlay-type":"","overlay-color":"","overlay-opacity":"","overlay-gradient":""},"mobile":{"background-color":"var(--ast-global-color-5)","background-image":"","background-repeat":"repeat","background-position":"center center","background-size":"auto","background-attachment":"scroll","background-type":"","background-media":"","overlay-type":"","overlay-color":"","overlay-opacity":"","overlay-gradient":""}}},"product_brand":[],"product_cat":[108,125],"product_tag":[],"class_list":{"0":"post-6878","1":"product","2":"type-product","3":"status-publish","4":"has-post-thumbnail","6":"product_cat-accessories","7":"product_cat-heat-sink","8":"desktop-align-center","9":"tablet-align-left","10":"mobile-align-left","12":"first","13":"instock","14":"shipping-taxable","15":"product-type-simple"},"yoast_head":"<!-- This site is optimized with the Yoast SEO Premium plugin v24.0 (Yoast SEO v27.4) - https:\/\/yoast.com\/product\/yoast-seo-premium-wordpress\/ -->\n<title>H-150 Heat Sink For Three Phase SSR<\/title>\n<meta name=\"description\" content=\"H-150 Heat Sink Product Dimension 80*80*25mm 220VAC Radiator Fan for three phase Solid State Relay SSR DA AA 10A 25A 40A 60A 75A 80A, High Quality.\" \/>\n<meta name=\"robots\" content=\"index, follow, max-snippet:-1, max-image-preview:large, max-video-preview:-1\" \/>\n<link rel=\"canonical\" href=\"https:\/\/lorentzzi.com\/es\/products\/accessories\/heat-sink\/h-150-heat-sink-for-three-phase-ssr\/\" \/>\n<meta property=\"og:locale\" content=\"es_ES\" \/>\n<meta property=\"og:type\" content=\"article\" \/>\n<meta property=\"og:title\" content=\"H-150 Heat Sink For Three Phase SSR\" \/>\n<meta property=\"og:description\" content=\"H-150 Heat Sink Product Dimension 80*80*25mm 220VAC Radiator Fan for three phase Solid State Relay SSR DA AA 10A 25A 40A 60A 75A 80A, High Quality.\" \/>\n<meta property=\"og:url\" content=\"https:\/\/lorentzzi.com\/es\/products\/accessories\/heat-sink\/h-150-heat-sink-for-three-phase-ssr\/\" \/>\n<meta property=\"og:site_name\" content=\"Lorentzzi Industrial Supply-Chinese Manufacturer&amp;Exporter\" \/>\n<meta property=\"article:modified_time\" content=\"2025-05-24T03:41:10+00:00\" \/>\n<meta property=\"og:image\" content=\"https:\/\/lorentzzi.com\/wp-content\/uploads\/2023\/02\/H-150-1.jpg\" \/>\n\t<meta property=\"og:image:width\" content=\"640\" \/>\n\t<meta property=\"og:image:height\" content=\"640\" \/>\n\t<meta property=\"og:image:type\" content=\"image\/jpeg\" \/>\n<meta name=\"twitter:card\" content=\"summary_large_image\" \/>\n<meta name=\"twitter:label1\" content=\"Tiempo de lectura\" \/>\n\t<meta name=\"twitter:data1\" content=\"2 minutos\" \/>\n<script type=\"application\/ld+json\" class=\"yoast-schema-graph\">{\"@context\":\"https:\\\/\\\/schema.org\",\"@graph\":[{\"@type\":\"WebPage\",\"@id\":\"https:\\\/\\\/lorentzzi.com\\\/products\\\/accessories\\\/heat-sink\\\/h-150-heat-sink-for-three-phase-ssr\\\/\",\"url\":\"https:\\\/\\\/lorentzzi.com\\\/products\\\/accessories\\\/heat-sink\\\/h-150-heat-sink-for-three-phase-ssr\\\/\",\"name\":\"H-150 Heat Sink For Three Phase SSR\",\"isPartOf\":{\"@id\":\"https:\\\/\\\/lorentzzi.com\\\/#website\"},\"primaryImageOfPage\":{\"@id\":\"https:\\\/\\\/lorentzzi.com\\\/products\\\/accessories\\\/heat-sink\\\/h-150-heat-sink-for-three-phase-ssr\\\/#primaryimage\"},\"image\":{\"@id\":\"https:\\\/\\\/lorentzzi.com\\\/products\\\/accessories\\\/heat-sink\\\/h-150-heat-sink-for-three-phase-ssr\\\/#primaryimage\"},\"thumbnailUrl\":\"https:\\\/\\\/lorentzzi.com\\\/wp-content\\\/uploads\\\/2023\\\/02\\\/H-150-1.jpg\",\"datePublished\":\"2023-02-04T05:33:24+00:00\",\"dateModified\":\"2025-05-24T03:41:10+00:00\",\"description\":\"H-150 Heat Sink Product Dimension 80*80*25mm 220VAC Radiator Fan for three phase Solid State Relay SSR DA AA 10A 25A 40A 60A 75A 80A, High Quality.\",\"breadcrumb\":{\"@id\":\"https:\\\/\\\/lorentzzi.com\\\/products\\\/accessories\\\/heat-sink\\\/h-150-heat-sink-for-three-phase-ssr\\\/#breadcrumb\"},\"inLanguage\":\"es\",\"potentialAction\":[{\"@type\":\"ReadAction\",\"target\":[\"https:\\\/\\\/lorentzzi.com\\\/products\\\/accessories\\\/heat-sink\\\/h-150-heat-sink-for-three-phase-ssr\\\/\"]}]},{\"@type\":\"ImageObject\",\"inLanguage\":\"es\",\"@id\":\"https:\\\/\\\/lorentzzi.com\\\/products\\\/accessories\\\/heat-sink\\\/h-150-heat-sink-for-three-phase-ssr\\\/#primaryimage\",\"url\":\"https:\\\/\\\/lorentzzi.com\\\/wp-content\\\/uploads\\\/2023\\\/02\\\/H-150-1.jpg\",\"contentUrl\":\"https:\\\/\\\/lorentzzi.com\\\/wp-content\\\/uploads\\\/2023\\\/02\\\/H-150-1.jpg\",\"width\":640,\"height\":640,\"caption\":\"H-150 heat sink for three phase SSR\"},{\"@type\":\"BreadcrumbList\",\"@id\":\"https:\\\/\\\/lorentzzi.com\\\/products\\\/accessories\\\/heat-sink\\\/h-150-heat-sink-for-three-phase-ssr\\\/#breadcrumb\",\"itemListElement\":[{\"@type\":\"ListItem\",\"position\":1,\"name\":\"Home\",\"item\":\"https:\\\/\\\/lorentzzi.com\\\/\"},{\"@type\":\"ListItem\",\"position\":2,\"name\":\"Products\",\"item\":\"https:\\\/\\\/lorentzzi.com\\\/products\\\/\"},{\"@type\":\"ListItem\",\"position\":3,\"name\":\"H-150 Heat Sink For Three Phase SSR\"}]},{\"@type\":\"WebSite\",\"@id\":\"https:\\\/\\\/lorentzzi.com\\\/#website\",\"url\":\"https:\\\/\\\/lorentzzi.com\\\/\",\"name\":\"Lorentzzi Industrial Supply-Chinese Manufacturer&amp;Exporter\",\"description\":\"Lorentzzi supply temperature controller, SSR, proximity sensor, SCR power regulator and timer switch with good quality and affordable prices.\",\"publisher\":{\"@id\":\"https:\\\/\\\/lorentzzi.com\\\/#organization\"},\"potentialAction\":[{\"@type\":\"SearchAction\",\"target\":{\"@type\":\"EntryPoint\",\"urlTemplate\":\"https:\\\/\\\/lorentzzi.com\\\/?s={search_term_string}\"},\"query-input\":{\"@type\":\"PropertyValueSpecification\",\"valueRequired\":true,\"valueName\":\"search_term_string\"}}],\"inLanguage\":\"es\"},{\"@type\":\"Organization\",\"@id\":\"https:\\\/\\\/lorentzzi.com\\\/#organization\",\"name\":\"Lorentzzi Industrial Supply-Chinese Manufacturer&amp;Exporter\",\"url\":\"https:\\\/\\\/lorentzzi.com\\\/\",\"logo\":{\"@type\":\"ImageObject\",\"inLanguage\":\"es\",\"@id\":\"https:\\\/\\\/lorentzzi.com\\\/#\\\/schema\\\/logo\\\/image\\\/\",\"url\":\"https:\\\/\\\/lorentzzi.com\\\/wp-content\\\/uploads\\\/2021\\\/07\\\/Lorenz-Electric-Company-Logo.png\",\"contentUrl\":\"https:\\\/\\\/lorentzzi.com\\\/wp-content\\\/uploads\\\/2021\\\/07\\\/Lorenz-Electric-Company-Logo.png\",\"width\":350,\"height\":100,\"caption\":\"Lorentzzi Industrial Supply-Chinese Manufacturer&amp;Exporter\"},\"image\":{\"@id\":\"https:\\\/\\\/lorentzzi.com\\\/#\\\/schema\\\/logo\\\/image\\\/\"}}]}<\/script>\n<!-- \/ Yoast SEO Premium plugin. -->","yoast_head_json":{"title":"H-150 Disipador de calor para SSR trif\u00e1sico","description":"H-150 Disipador de calor Dimensi\u00f3n del producto 80*80*25mm 220VAC Ventilador del radiador para tres fases Rel\u00e9 de estado s\u00f3lido SSR DA AA 10A 25A 40A 60A 75A 80A, Alta calidad.","robots":{"index":"index","follow":"follow","max-snippet":"max-snippet:-1","max-image-preview":"max-image-preview:large","max-video-preview":"max-video-preview:-1"},"canonical":"https:\/\/lorentzzi.com\/es\/products\/accessories\/heat-sink\/h-150-heat-sink-for-three-phase-ssr\/","og_locale":"es_ES","og_type":"article","og_title":"H-150 Heat Sink For Three Phase SSR","og_description":"H-150 Heat Sink Product Dimension 80*80*25mm 220VAC Radiator Fan for three phase Solid State Relay SSR DA AA 10A 25A 40A 60A 75A 80A, High Quality.","og_url":"https:\/\/lorentzzi.com\/es\/products\/accessories\/heat-sink\/h-150-heat-sink-for-three-phase-ssr\/","og_site_name":"Lorentzzi Industrial Supply-Chinese Manufacturer&amp;Exporter","article_modified_time":"2025-05-24T03:41:10+00:00","og_image":[{"width":640,"height":640,"url":"https:\/\/lorentzzi.com\/wp-content\/uploads\/2023\/02\/H-150-1.jpg","type":"image\/jpeg"}],"twitter_card":"summary_large_image","twitter_misc":{"Tiempo de lectura":"2 minutos"},"schema":{"@context":"https:\/\/schema.org","@graph":[{"@type":"WebPage","@id":"https:\/\/lorentzzi.com\/products\/accessories\/heat-sink\/h-150-heat-sink-for-three-phase-ssr\/","url":"https:\/\/lorentzzi.com\/products\/accessories\/heat-sink\/h-150-heat-sink-for-three-phase-ssr\/","name":"H-150 Disipador de calor para SSR trif\u00e1sico","isPartOf":{"@id":"https:\/\/lorentzzi.com\/#website"},"primaryImageOfPage":{"@id":"https:\/\/lorentzzi.com\/products\/accessories\/heat-sink\/h-150-heat-sink-for-three-phase-ssr\/#primaryimage"},"image":{"@id":"https:\/\/lorentzzi.com\/products\/accessories\/heat-sink\/h-150-heat-sink-for-three-phase-ssr\/#primaryimage"},"thumbnailUrl":"https:\/\/lorentzzi.com\/wp-content\/uploads\/2023\/02\/H-150-1.jpg","datePublished":"2023-02-04T05:33:24+00:00","dateModified":"2025-05-24T03:41:10+00:00","description":"H-150 Disipador de calor Dimensi\u00f3n del producto 80*80*25mm 220VAC Ventilador del radiador para tres fases Rel\u00e9 de estado s\u00f3lido SSR DA AA 10A 25A 40A 60A 75A 80A, Alta calidad.","breadcrumb":{"@id":"https:\/\/lorentzzi.com\/products\/accessories\/heat-sink\/h-150-heat-sink-for-three-phase-ssr\/#breadcrumb"},"inLanguage":"es","potentialAction":[{"@type":"ReadAction","target":["https:\/\/lorentzzi.com\/products\/accessories\/heat-sink\/h-150-heat-sink-for-three-phase-ssr\/"]}]},{"@type":"ImageObject","inLanguage":"es","@id":"https:\/\/lorentzzi.com\/products\/accessories\/heat-sink\/h-150-heat-sink-for-three-phase-ssr\/#primaryimage","url":"https:\/\/lorentzzi.com\/wp-content\/uploads\/2023\/02\/H-150-1.jpg","contentUrl":"https:\/\/lorentzzi.com\/wp-content\/uploads\/2023\/02\/H-150-1.jpg","width":640,"height":640,"caption":"H-150 heat sink for three phase SSR"},{"@type":"BreadcrumbList","@id":"https:\/\/lorentzzi.com\/products\/accessories\/heat-sink\/h-150-heat-sink-for-three-phase-ssr\/#breadcrumb","itemListElement":[{"@type":"ListItem","position":1,"name":"Home","item":"https:\/\/lorentzzi.com\/"},{"@type":"ListItem","position":2,"name":"Products","item":"https:\/\/lorentzzi.com\/products\/"},{"@type":"ListItem","position":3,"name":"H-150 Heat Sink For Three Phase SSR"}]},{"@type":"WebSite","@id":"https:\/\/lorentzzi.com\/#website","url":"https:\/\/lorentzzi.com\/","name":"Lorentzzi Industrial Supply-Fabricante y exportador chino","description":"Lorentzzi suministra controlador de temperatura, SSR, sensor de proximidad, regulador de potencia SCR e interruptor temporizador con buena calidad y precios asequibles.","publisher":{"@id":"https:\/\/lorentzzi.com\/#organization"},"potentialAction":[{"@type":"SearchAction","target":{"@type":"EntryPoint","urlTemplate":"https:\/\/lorentzzi.com\/?s={search_term_string}"},"query-input":{"@type":"PropertyValueSpecification","valueRequired":true,"valueName":"search_term_string"}}],"inLanguage":"es"},{"@type":"Organization","@id":"https:\/\/lorentzzi.com\/#organization","name":"Lorentzzi Industrial Supply-Fabricante y exportador chino","url":"https:\/\/lorentzzi.com\/","logo":{"@type":"ImageObject","inLanguage":"es","@id":"https:\/\/lorentzzi.com\/#\/schema\/logo\/image\/","url":"https:\/\/lorentzzi.com\/wp-content\/uploads\/2021\/07\/Lorenz-Electric-Company-Logo.png","contentUrl":"https:\/\/lorentzzi.com\/wp-content\/uploads\/2021\/07\/Lorenz-Electric-Company-Logo.png","width":350,"height":100,"caption":"Lorentzzi Industrial Supply-Chinese Manufacturer&amp;Exporter"},"image":{"@id":"https:\/\/lorentzzi.com\/#\/schema\/logo\/image\/"}}]}},"_links":{"self":[{"href":"https:\/\/lorentzzi.com\/es\/wp-json\/wp\/v2\/product\/6878","targetHints":{"allow":["GET"]}}],"collection":[{"href":"https:\/\/lorentzzi.com\/es\/wp-json\/wp\/v2\/product"}],"about":[{"href":"https:\/\/lorentzzi.com\/es\/wp-json\/wp\/v2\/types\/product"}],"version-history":[{"count":7,"href":"https:\/\/lorentzzi.com\/es\/wp-json\/wp\/v2\/product\/6878\/revisions"}],"predecessor-version":[{"id":16945,"href":"https:\/\/lorentzzi.com\/es\/wp-json\/wp\/v2\/product\/6878\/revisions\/16945"}],"wp:featuredmedia":[{"embeddable":true,"href":"https:\/\/lorentzzi.com\/es\/wp-json\/wp\/v2\/media\/6874"}],"wp:attachment":[{"href":"https:\/\/lorentzzi.com\/es\/wp-json\/wp\/v2\/media?parent=6878"}],"wp:term":[{"taxonomy":"product_brand","embeddable":true,"href":"https:\/\/lorentzzi.com\/es\/wp-json\/wp\/v2\/product_brand?post=6878"},{"taxonomy":"product_cat","embeddable":true,"href":"https:\/\/lorentzzi.com\/es\/wp-json\/wp\/v2\/product_cat?post=6878"},{"taxonomy":"product_tag","embeddable":true,"href":"https:\/\/lorentzzi.com\/es\/wp-json\/wp\/v2\/product_tag?post=6878"}],"curies":[{"name":"wp","href":"https:\/\/api.w.org\/{rel}","templated":true}]}}