{"id":6805,"date":"2023-01-24T19:15:49","date_gmt":"2023-01-24T11:15:49","guid":{"rendered":"https:\/\/lorentzzi.com\/?post_type=product&#038;p=6805"},"modified":"2025-11-19T19:06:29","modified_gmt":"2025-11-19T11:06:29","slug":"875-5-digits-electromagnetic-pulse-counter","status":"publish","type":"product","link":"https:\/\/lorentzzi.com\/es\/products\/timer-switch-and-counter\/pulse-counter\/875-5-digits-electromagnetic-pulse-counter\/","title":{"rendered":"875 Contador electromagn\u00e9tico de impulsos de 5 d\u00edgitos"},"content":{"rendered":"<h2><b>Introduction:<\/b><\/h2>\n<ul>\n<li style=\"font-weight: 400;\" aria-level=\"1\"><span style=\"font-weight: 400;\"><strong>Lorentzzi\u00ae<\/strong> 875 5-digit electromagnetic pulse counter has a maximum count value of 99999.(want to recording the counting numbers to 10 times than this one? See our <strong>NEW developed <span style=\"color: #ff0000;\"><a style=\"color: #ff0000;\" href=\"https:\/\/lorentzzi.com\/products\/timer-switch-and-counter\/pulse-counter\/12v-24v-counter-electromagnetic-type-6-digits\/\">LMC-06 electromagnetic counter<\/a><\/span><\/strong>).<\/span><\/li>\n<li style=\"font-weight: 400;\" aria-level=\"1\"><span style=\"font-weight: 400;\">Its working voltage can be AC 220 V, AC 110 V,\u00a0 DC 24 V, DC 12 V and so on.<\/span><\/li>\n<li style=\"font-weight: 400;\" aria-level=\"1\"><span style=\"font-weight: 400;\">The working principle of the counter is: when a voltage signal is input, the electromagnet generates attraction, causing the armature to drive the escapement to move, and then drive the counting wheel to rotate, thereby performing decimal counting.<\/span><\/li>\n<li style=\"font-weight: 400;\" aria-level=\"1\"><span style=\"font-weight: 400;\">It has a reset function, that is pressing the front reset button returns all number wheels to zero.<\/span><\/li>\n<li style=\"font-weight: 400;\" aria-level=\"1\"><span style=\"font-weight: 400;\">This 5-digit counter is widely used in the printing and textile industries and so on.<\/span><\/li>\n<\/ul>\n<p><img fetchpriority=\"high\" decoding=\"async\" class=\"aligncenter wp-image-18709 size-full\" src=\"https:\/\/lorentzzi.com\/wp-content\/uploads\/2023\/01\/875-5-digit-Electromagnetic-Counter-Applications.jpg\" alt=\"875 5-digit Electromagnetic Counter Applications\" width=\"1024\" height=\"512\" srcset=\"https:\/\/lorentzzi.com\/wp-content\/uploads\/2023\/01\/875-5-digit-Electromagnetic-Counter-Applications.jpg 1024w, https:\/\/lorentzzi.com\/wp-content\/uploads\/2023\/01\/875-5-digit-Electromagnetic-Counter-Applications-300x150.jpg 300w, https:\/\/lorentzzi.com\/wp-content\/uploads\/2023\/01\/875-5-digit-Electromagnetic-Counter-Applications-768x384.jpg 768w, https:\/\/lorentzzi.com\/wp-content\/uploads\/2023\/01\/875-5-digit-Electromagnetic-Counter-Applications-600x300.jpg 600w, https:\/\/lorentzzi.com\/wp-content\/uploads\/2023\/01\/875-5-digit-Electromagnetic-Counter-Applications-64x32.jpg 64w\" sizes=\"(max-width: 1024px) 100vw, 1024px\" \/><\/p>\n<ul>\n<li style=\"font-weight: 400;\" aria-level=\"1\"><strong>If you would like to know the latest price of our 875 5-digit electromagnetic pulse counter, please fill in the form at the bottom to contact us.<\/strong><\/li>\n<\/ul>\n<h2><strong>Specifications:<\/strong><\/h2>\n<div class=\"supsystic-table-loader spinner\"style=\"background-color:#000000\"><\/div><div id=\"supsystic-table-58_40073\" class=\"supsystic-tables-wrap \" style=\" width:100%; visibility: hidden; \" data-table-width-fixed=\"100%\" data-table-width-mobile=\"100%\" ><table id=\"supsystic-table-58\" class=\"supsystic-table border lightboxImg cell-border\" data-id=\"58\" data-view-id=\"58_40073\" data-title=\"875 counter\" data-currency-format=\"$1,000.00\" data-percent-format=\"10.00%\" data-date-format=\"DD.MM.YYYY\" data-time-format=\"HH:mm\" data-features=\"[&quot;after_table_loaded_script&quot;]\" data-search-value=\"\" data-lightbox-img=\"\" data-head-rows-count=\"1\" data-pagination-length=\"50,100,All\" data-auto-index=\"off\" data-searching-settings=\"{&quot;columnSearchPosition&quot;:&quot;bottom&quot;,&quot;minChars&quot;:&quot;0&quot;}\" data-lang=\"default\" data-override=\"{&quot;emptyTable&quot;:&quot;&quot;,&quot;info&quot;:&quot;&quot;,&quot;infoEmpty&quot;:&quot;&quot;,&quot;infoFiltered&quot;:&quot;&quot;,&quot;lengthMenu&quot;:&quot;&quot;,&quot;search&quot;:&quot;&quot;,&quot;previous&quot;:&quot;&quot;,&quot;next&quot;:&quot;&quot;,&quot;zeroRecords&quot;:&quot;&quot;,&quot;exportLabel&quot;:&quot;&quot;,&quot;file&quot;:&quot;default&quot;}\" data-merged=\"[]\" data-responsive-mode=\"0\" data-from-history=\"0\" ><thead><tr><th class=\"\" style=\"width:; padding: 0 !important;\"><\/th><th class=\"\" style=\"width:; padding: 0 !important;\"><\/th><\/tr><\/thead><tbody><tr style=\"height:24px\" ><td data-cell-id=\"A1\" data-x=\"0\" data-y=\"1\" data-db-index=\"1\" class=\"htCenter htMiddle bg-c7c7c7\" data-cell-type=\"text\" data-original-value=\"Model\" data-order=\"Model\" style=\"min-width:39.8876%; \" >Model <\/td><td data-cell-id=\"B1\" data-x=\"1\" data-y=\"1\" data-db-index=\"1\" class=\"htCenter htMiddle bg-c7c7c7\" data-cell-type=\"text\" data-cell-format-type=\"number\" data-original-value=\"875\" data-order=\"875\" style=\"min-width:60.1124%; \" >875 <\/td><\/tr><tr style=\"height:px\" ><td data-cell-id=\"A2\" data-x=\"0\" data-y=\"2\" data-db-index=\"2\" class=\"htCenter htMiddle\" data-cell-type=\"text\" data-original-value=\"Maximum counting\" data-order=\"Maximum counting\" >Maximum counting <\/td><td data-cell-id=\"B2\" data-x=\"1\" data-y=\"2\" data-db-index=\"2\" class=\"htCenter htMiddle\" data-cell-type=\"text\" data-cell-format-type=\"number\" data-original-value=\"99999\" data-order=\"99999\" >99999 <\/td><\/tr><tr style=\"height:px\" ><td data-cell-id=\"A3\" data-x=\"0\" data-y=\"3\" data-db-index=\"3\" class=\"htCenter htMiddle bg-c7c7c7\" data-cell-type=\"text\" data-original-value=\"Counting pulse voltage\" data-order=\"Counting pulse voltage\" >Counting pulse voltage <\/td><td data-cell-id=\"B3\" data-x=\"1\" data-y=\"3\" data-db-index=\"3\" class=\"htCenter htMiddle bg-c7c7c7\" data-cell-type=\"text\" data-original-value=\"220 VAC, 110 VAC, 12 VDC, 24 VDC, 5 VDC\" data-order=\"220 VAC, 110 VAC, 12 VDC, 24 VDC, 5 VDC\" >220 VAC, 110 VAC, 12 VDC, 24 VDC, 5 VDC <\/td><\/tr><tr style=\"height:px\" ><td data-cell-id=\"A4\" data-x=\"0\" data-y=\"4\" data-db-index=\"4\" class=\"htCenter htMiddle\" data-cell-type=\"text\" data-original-value=\"Counting speed\" data-order=\"Counting speed\" >Counting speed <\/td><td data-cell-id=\"B4\" data-x=\"1\" data-y=\"4\" data-db-index=\"4\" class=\"htCenter htMiddle\" data-cell-type=\"text\" data-original-value=\"AC:\u2264 10 times\/sec; DC: \u2264 20 times\/sec\" data-order=\"AC:\u2264 10 times\/sec; DC: \u2264 20 times\/sec\" >AC:\u2264 10 times\/sec; DC: \u2264 20 times\/sec <\/td><\/tr><tr style=\"height:px\" ><td data-cell-id=\"A5\" data-x=\"0\" data-y=\"5\" data-db-index=\"5\" class=\"htCenter htMiddle bg-c7c7c7\" data-cell-type=\"text\" data-original-value=\"Display window\uff08L*W\uff09\" data-order=\"Display window\uff08L*W\uff09\" >Display window\uff08L*W\uff09 <\/td><td data-cell-id=\"B5\" data-x=\"1\" data-y=\"5\" data-db-index=\"5\" class=\"htCenter htMiddle bg-c7c7c7\" data-cell-type=\"text\" data-original-value=\"41.6*31 mm\" data-order=\"41.6*31 mm\" >41.6*31 mm <\/td><\/tr><tr style=\"height:px\" ><td data-cell-id=\"A6\" data-x=\"0\" data-y=\"6\" data-db-index=\"6\" class=\"htCenter htMiddle\" data-cell-type=\"text\" data-original-value=\"Ambient temperature\" data-order=\"Ambient temperature\" >Ambient temperature <\/td><td data-cell-id=\"B6\" data-x=\"1\" data-y=\"6\" data-db-index=\"6\" class=\"htCenter htMiddle\" data-cell-type=\"text\" data-original-value=\"-10\u2103-50\u2103\" data-order=\"-10\u2103-50\u2103\" >-10\u2103-50\u2103 <\/td><\/tr><tr style=\"height:px\" ><td data-cell-id=\"A7\" data-x=\"0\" data-y=\"7\" data-db-index=\"7\" class=\"htCenter htMiddle bg-c7c7c7\" data-cell-type=\"text\" data-original-value=\"Ambient humidity\" data-order=\"Ambient humidity\" >Ambient humidity <\/td><td data-cell-id=\"B7\" data-x=\"1\" data-y=\"7\" data-db-index=\"7\" class=\"htCenter htMiddle bg-c7c7c7\" data-cell-type=\"text\" data-original-value=\"&lt; 85%\" data-order=\"&lt; 85%\" >< 85% <\/td><\/tr><tr style=\"height:px\" ><td data-cell-id=\"A8\" data-x=\"0\" data-y=\"8\" data-db-index=\"8\" class=\"htCenter htMiddle\" data-cell-type=\"text\" data-original-value=\"Power consumption\" data-order=\"Power consumption\" >Power consumption <\/td><td data-cell-id=\"B8\" data-x=\"1\" data-y=\"8\" data-db-index=\"8\" class=\"htCenter htMiddle\" data-cell-type=\"text\" data-original-value=\"AC 2.5VA; DC 1.5W\" data-order=\"AC 2.5VA; DC 1.5W\" >AC 2.5VA; DC 1.5W <\/td><\/tr><tr style=\"height:px\" ><td data-cell-id=\"A9\" data-x=\"0\" data-y=\"9\" data-db-index=\"9\" class=\"htCenter htMiddle bg-c7c7c7\" data-cell-type=\"text\" data-original-value=\"Weight\" data-order=\"Weight\" >Weight <\/td><td data-cell-id=\"B9\" data-x=\"1\" data-y=\"9\" data-db-index=\"9\" class=\"htCenter htMiddle bg-c7c7c7\" data-cell-type=\"text\" data-original-value=\"80 g\" data-order=\"80 g\" >80 g <\/td><\/tr><\/tbody><\/table><!-- \/#supsystic-table-58.supsystic-table --><\/div><!-- \/.supsystic-tables-wrap --><!-- Tables Generator by Supsystic --><!-- Version:1.11.0 --><!-- http:\/\/supsystic.com\/ --><a title=\"WordPress Data Table Plugin\" style=\"display:none;\" href=\"https:\/\/supsystic.com\/plugins\/wordpress-data-table-plugin\/?utm_medium=love_link\" target=\"_blank\">WordPress Data Table Plugin<\/a>\n","protected":false},"excerpt":{"rendered":"<ol>\n<li>Permite registrar el n\u00famero acumulado de se\u00f1ales de tensi\u00f3n,<\/li>\n<li>Con funci\u00f3n de reinicio,<\/li>\n<li>La tensi\u00f3n de trabajo puede ser de 110 V CA, 220 V CA, 12 V CC o 24 V CC,<\/li>\n<li>Ampliamente utilizado en maquinaria textil, consolas de juegos, etc,,<\/li>\n<li>2 a\u00f1os de garant\u00eda.<\/li>\n<\/ol>","protected":false},"featured_media":6801,"template":"","meta":{"site-sidebar-layout":"default","site-content-layout":"default","ast-site-content-layout":"default","site-content-style":"default","site-sidebar-style":"default","ast-global-header-display":"","ast-banner-title-visibility":"","ast-main-header-display":"","ast-hfb-above-header-display":"","ast-hfb-below-header-display":"","ast-hfb-mobile-header-display":"","site-post-title":"","ast-breadcrumbs-content":"","ast-featured-img":"","footer-sml-layout":"","ast-disable-related-posts":"","theme-transparent-header-meta":"default","adv-header-id-meta":"","stick-header-meta":"","header-above-stick-meta":"","header-main-stick-meta":"","header-below-stick-meta":"","astra-migrate-meta-layouts":"set","ast-page-background-enabled":"default","ast-page-background-meta":{"desktop":{"background-color":"","background-image":"","background-repeat":"repeat","background-position":"center center","background-size":"auto","background-attachment":"scroll","background-type":"","background-media":"","overlay-type":"","overlay-color":"","overlay-opacity":"","overlay-gradient":""},"tablet":{"background-color":"","background-image":"","background-repeat":"repeat","background-position":"center center","background-size":"auto","background-attachment":"scroll","background-type":"","background-media":"","overlay-type":"","overlay-color":"","overlay-opacity":"","overlay-gradient":""},"mobile":{"background-color":"","background-image":"","background-repeat":"repeat","background-position":"center center","background-size":"auto","background-attachment":"scroll","background-type":"","background-media":"","overlay-type":"","overlay-color":"","overlay-opacity":"","overlay-gradient":""}},"ast-content-background-meta":{"desktop":{"background-color":"var(--ast-global-color-5)","background-image":"","background-repeat":"repeat","background-position":"center center","background-size":"auto","background-attachment":"scroll","background-type":"","background-media":"","overlay-type":"","overlay-color":"","overlay-opacity":"","overlay-gradient":""},"tablet":{"background-color":"var(--ast-global-color-5)","background-image":"","background-repeat":"repeat","background-position":"center center","background-size":"auto","background-attachment":"scroll","background-type":"","background-media":"","overlay-type":"","overlay-color":"","overlay-opacity":"","overlay-gradient":""},"mobile":{"background-color":"var(--ast-global-color-5)","background-image":"","background-repeat":"repeat","background-position":"center center","background-size":"auto","background-attachment":"scroll","background-type":"","background-media":"","overlay-type":"","overlay-color":"","overlay-opacity":"","overlay-gradient":""}}},"product_brand":[],"product_cat":[116,106],"product_tag":[],"class_list":{"0":"post-6805","1":"product","2":"type-product","3":"status-publish","4":"has-post-thumbnail","6":"product_cat-pulse-counter","7":"product_cat-timer-switch-and-counter","8":"desktop-align-center","9":"tablet-align-left","10":"mobile-align-left","12":"first","13":"instock","14":"shipping-taxable","15":"product-type-simple"},"yoast_head":"<!-- This site is optimized with the Yoast SEO Premium plugin v24.0 (Yoast SEO v27.4) - https:\/\/yoast.com\/product\/yoast-seo-premium-wordpress\/ -->\n<title>875 5 Digits Electromagnetic Pulse Counter<\/title>\n<meta name=\"description\" content=\"Lorentzzi 875 electromagnetic pulse counter is a Hengstler type 5-digit counter, maximum measurement count: 99999 times, operating voltage can be DC or AC.\" \/>\n<meta name=\"robots\" content=\"index, follow, max-snippet:-1, max-image-preview:large, max-video-preview:-1\" \/>\n<link rel=\"canonical\" href=\"https:\/\/lorentzzi.com\/es\/products\/timer-switch-and-counter\/pulse-counter\/875-5-digits-electromagnetic-pulse-counter\/\" \/>\n<meta property=\"og:locale\" content=\"es_ES\" \/>\n<meta property=\"og:type\" content=\"article\" \/>\n<meta property=\"og:title\" content=\"875 5 Digits Electromagnetic Pulse Counter\" \/>\n<meta property=\"og:description\" content=\"Lorentzzi 875 electromagnetic pulse counter is a Hengstler type 5-digit counter, maximum measurement count: 99999 times, operating voltage can be DC or AC.\" \/>\n<meta property=\"og:url\" content=\"https:\/\/lorentzzi.com\/es\/products\/timer-switch-and-counter\/pulse-counter\/875-5-digits-electromagnetic-pulse-counter\/\" \/>\n<meta property=\"og:site_name\" content=\"Lorentzzi Industrial Supply-Chinese Manufacturer&amp;Exporter\" \/>\n<meta property=\"article:modified_time\" content=\"2025-11-19T11:06:29+00:00\" \/>\n<meta property=\"og:image\" content=\"https:\/\/lorentzzi.com\/wp-content\/uploads\/2023\/01\/875-counter-1.jpg\" \/>\n\t<meta property=\"og:image:width\" content=\"640\" \/>\n\t<meta property=\"og:image:height\" content=\"640\" \/>\n\t<meta property=\"og:image:type\" content=\"image\/jpeg\" \/>\n<meta name=\"twitter:card\" content=\"summary_large_image\" \/>\n<meta name=\"twitter:label1\" content=\"Tiempo de lectura\" \/>\n\t<meta name=\"twitter:data1\" content=\"2 minutos\" \/>\n<script type=\"application\/ld+json\" class=\"yoast-schema-graph\">{\"@context\":\"https:\\\/\\\/schema.org\",\"@graph\":[{\"@type\":\"WebPage\",\"@id\":\"https:\\\/\\\/lorentzzi.com\\\/products\\\/timer-switch-and-counter\\\/pulse-counter\\\/875-5-digits-electromagnetic-pulse-counter\\\/\",\"url\":\"https:\\\/\\\/lorentzzi.com\\\/products\\\/timer-switch-and-counter\\\/pulse-counter\\\/875-5-digits-electromagnetic-pulse-counter\\\/\",\"name\":\"875 5 Digits Electromagnetic Pulse Counter\",\"isPartOf\":{\"@id\":\"https:\\\/\\\/lorentzzi.com\\\/#website\"},\"primaryImageOfPage\":{\"@id\":\"https:\\\/\\\/lorentzzi.com\\\/products\\\/timer-switch-and-counter\\\/pulse-counter\\\/875-5-digits-electromagnetic-pulse-counter\\\/#primaryimage\"},\"image\":{\"@id\":\"https:\\\/\\\/lorentzzi.com\\\/products\\\/timer-switch-and-counter\\\/pulse-counter\\\/875-5-digits-electromagnetic-pulse-counter\\\/#primaryimage\"},\"thumbnailUrl\":\"https:\\\/\\\/lorentzzi.com\\\/wp-content\\\/uploads\\\/2023\\\/01\\\/875-counter-1.jpg\",\"datePublished\":\"2023-01-24T11:15:49+00:00\",\"dateModified\":\"2025-11-19T11:06:29+00:00\",\"description\":\"Lorentzzi 875 electromagnetic pulse counter is a Hengstler type 5-digit counter, maximum measurement count: 99999 times, operating voltage can be DC or AC.\",\"breadcrumb\":{\"@id\":\"https:\\\/\\\/lorentzzi.com\\\/products\\\/timer-switch-and-counter\\\/pulse-counter\\\/875-5-digits-electromagnetic-pulse-counter\\\/#breadcrumb\"},\"inLanguage\":\"es\",\"potentialAction\":[{\"@type\":\"ReadAction\",\"target\":[\"https:\\\/\\\/lorentzzi.com\\\/products\\\/timer-switch-and-counter\\\/pulse-counter\\\/875-5-digits-electromagnetic-pulse-counter\\\/\"]}]},{\"@type\":\"ImageObject\",\"inLanguage\":\"es\",\"@id\":\"https:\\\/\\\/lorentzzi.com\\\/products\\\/timer-switch-and-counter\\\/pulse-counter\\\/875-5-digits-electromagnetic-pulse-counter\\\/#primaryimage\",\"url\":\"https:\\\/\\\/lorentzzi.com\\\/wp-content\\\/uploads\\\/2023\\\/01\\\/875-counter-1.jpg\",\"contentUrl\":\"https:\\\/\\\/lorentzzi.com\\\/wp-content\\\/uploads\\\/2023\\\/01\\\/875-counter-1.jpg\",\"width\":640,\"height\":640,\"caption\":\"875 5 digits electromagnetic pulse counter\"},{\"@type\":\"BreadcrumbList\",\"@id\":\"https:\\\/\\\/lorentzzi.com\\\/products\\\/timer-switch-and-counter\\\/pulse-counter\\\/875-5-digits-electromagnetic-pulse-counter\\\/#breadcrumb\",\"itemListElement\":[{\"@type\":\"ListItem\",\"position\":1,\"name\":\"Home\",\"item\":\"https:\\\/\\\/lorentzzi.com\\\/\"},{\"@type\":\"ListItem\",\"position\":2,\"name\":\"Products\",\"item\":\"https:\\\/\\\/lorentzzi.com\\\/products\\\/\"},{\"@type\":\"ListItem\",\"position\":3,\"name\":\"875 5 Digits Electromagnetic Pulse Counter\"}]},{\"@type\":\"WebSite\",\"@id\":\"https:\\\/\\\/lorentzzi.com\\\/#website\",\"url\":\"https:\\\/\\\/lorentzzi.com\\\/\",\"name\":\"Lorentzzi Industrial Supply-Chinese Manufacturer&amp;Exporter\",\"description\":\"Lorentzzi supply temperature controller, SSR, proximity sensor, SCR power regulator and timer switch with good quality and affordable prices.\",\"publisher\":{\"@id\":\"https:\\\/\\\/lorentzzi.com\\\/#organization\"},\"potentialAction\":[{\"@type\":\"SearchAction\",\"target\":{\"@type\":\"EntryPoint\",\"urlTemplate\":\"https:\\\/\\\/lorentzzi.com\\\/?s={search_term_string}\"},\"query-input\":{\"@type\":\"PropertyValueSpecification\",\"valueRequired\":true,\"valueName\":\"search_term_string\"}}],\"inLanguage\":\"es\"},{\"@type\":\"Organization\",\"@id\":\"https:\\\/\\\/lorentzzi.com\\\/#organization\",\"name\":\"Lorentzzi Industrial Supply-Chinese Manufacturer&amp;Exporter\",\"url\":\"https:\\\/\\\/lorentzzi.com\\\/\",\"logo\":{\"@type\":\"ImageObject\",\"inLanguage\":\"es\",\"@id\":\"https:\\\/\\\/lorentzzi.com\\\/#\\\/schema\\\/logo\\\/image\\\/\",\"url\":\"https:\\\/\\\/lorentzzi.com\\\/wp-content\\\/uploads\\\/2021\\\/07\\\/Lorenz-Electric-Company-Logo.png\",\"contentUrl\":\"https:\\\/\\\/lorentzzi.com\\\/wp-content\\\/uploads\\\/2021\\\/07\\\/Lorenz-Electric-Company-Logo.png\",\"width\":350,\"height\":100,\"caption\":\"Lorentzzi Industrial Supply-Chinese Manufacturer&amp;Exporter\"},\"image\":{\"@id\":\"https:\\\/\\\/lorentzzi.com\\\/#\\\/schema\\\/logo\\\/image\\\/\"}}]}<\/script>\n<!-- \/ Yoast SEO Premium plugin. -->","yoast_head_json":{"title":"875 Contador electromagn\u00e9tico de impulsos de 5 d\u00edgitos","description":"El contador de impulsos electromagn\u00e9ticos Lorentzzi 875 es un contador de 5 d\u00edgitos de tipo Hengstler, recuento m\u00e1ximo de medici\u00f3n: 99999 veces, la tensi\u00f3n de funcionamiento puede ser CC o CA.","robots":{"index":"index","follow":"follow","max-snippet":"max-snippet:-1","max-image-preview":"max-image-preview:large","max-video-preview":"max-video-preview:-1"},"canonical":"https:\/\/lorentzzi.com\/es\/products\/timer-switch-and-counter\/pulse-counter\/875-5-digits-electromagnetic-pulse-counter\/","og_locale":"es_ES","og_type":"article","og_title":"875 5 Digits Electromagnetic Pulse Counter","og_description":"Lorentzzi 875 electromagnetic pulse counter is a Hengstler type 5-digit counter, maximum measurement count: 99999 times, operating voltage can be DC or AC.","og_url":"https:\/\/lorentzzi.com\/es\/products\/timer-switch-and-counter\/pulse-counter\/875-5-digits-electromagnetic-pulse-counter\/","og_site_name":"Lorentzzi Industrial Supply-Chinese Manufacturer&amp;Exporter","article_modified_time":"2025-11-19T11:06:29+00:00","og_image":[{"width":640,"height":640,"url":"https:\/\/lorentzzi.com\/wp-content\/uploads\/2023\/01\/875-counter-1.jpg","type":"image\/jpeg"}],"twitter_card":"summary_large_image","twitter_misc":{"Tiempo de lectura":"2 minutos"},"schema":{"@context":"https:\/\/schema.org","@graph":[{"@type":"WebPage","@id":"https:\/\/lorentzzi.com\/products\/timer-switch-and-counter\/pulse-counter\/875-5-digits-electromagnetic-pulse-counter\/","url":"https:\/\/lorentzzi.com\/products\/timer-switch-and-counter\/pulse-counter\/875-5-digits-electromagnetic-pulse-counter\/","name":"875 Contador electromagn\u00e9tico de impulsos de 5 d\u00edgitos","isPartOf":{"@id":"https:\/\/lorentzzi.com\/#website"},"primaryImageOfPage":{"@id":"https:\/\/lorentzzi.com\/products\/timer-switch-and-counter\/pulse-counter\/875-5-digits-electromagnetic-pulse-counter\/#primaryimage"},"image":{"@id":"https:\/\/lorentzzi.com\/products\/timer-switch-and-counter\/pulse-counter\/875-5-digits-electromagnetic-pulse-counter\/#primaryimage"},"thumbnailUrl":"https:\/\/lorentzzi.com\/wp-content\/uploads\/2023\/01\/875-counter-1.jpg","datePublished":"2023-01-24T11:15:49+00:00","dateModified":"2025-11-19T11:06:29+00:00","description":"El contador de impulsos electromagn\u00e9ticos Lorentzzi 875 es un contador de 5 d\u00edgitos de tipo Hengstler, recuento m\u00e1ximo de medici\u00f3n: 99999 veces, la tensi\u00f3n de funcionamiento puede ser CC o CA.","breadcrumb":{"@id":"https:\/\/lorentzzi.com\/products\/timer-switch-and-counter\/pulse-counter\/875-5-digits-electromagnetic-pulse-counter\/#breadcrumb"},"inLanguage":"es","potentialAction":[{"@type":"ReadAction","target":["https:\/\/lorentzzi.com\/products\/timer-switch-and-counter\/pulse-counter\/875-5-digits-electromagnetic-pulse-counter\/"]}]},{"@type":"ImageObject","inLanguage":"es","@id":"https:\/\/lorentzzi.com\/products\/timer-switch-and-counter\/pulse-counter\/875-5-digits-electromagnetic-pulse-counter\/#primaryimage","url":"https:\/\/lorentzzi.com\/wp-content\/uploads\/2023\/01\/875-counter-1.jpg","contentUrl":"https:\/\/lorentzzi.com\/wp-content\/uploads\/2023\/01\/875-counter-1.jpg","width":640,"height":640,"caption":"875 5 digits electromagnetic pulse counter"},{"@type":"BreadcrumbList","@id":"https:\/\/lorentzzi.com\/products\/timer-switch-and-counter\/pulse-counter\/875-5-digits-electromagnetic-pulse-counter\/#breadcrumb","itemListElement":[{"@type":"ListItem","position":1,"name":"Home","item":"https:\/\/lorentzzi.com\/"},{"@type":"ListItem","position":2,"name":"Products","item":"https:\/\/lorentzzi.com\/products\/"},{"@type":"ListItem","position":3,"name":"875 5 Digits Electromagnetic Pulse Counter"}]},{"@type":"WebSite","@id":"https:\/\/lorentzzi.com\/#website","url":"https:\/\/lorentzzi.com\/","name":"Lorentzzi Industrial Supply-Fabricante y exportador chino","description":"Lorentzzi suministra controlador de temperatura, SSR, sensor de proximidad, regulador de potencia SCR e interruptor temporizador con buena calidad y precios asequibles.","publisher":{"@id":"https:\/\/lorentzzi.com\/#organization"},"potentialAction":[{"@type":"SearchAction","target":{"@type":"EntryPoint","urlTemplate":"https:\/\/lorentzzi.com\/?s={search_term_string}"},"query-input":{"@type":"PropertyValueSpecification","valueRequired":true,"valueName":"search_term_string"}}],"inLanguage":"es"},{"@type":"Organization","@id":"https:\/\/lorentzzi.com\/#organization","name":"Lorentzzi Industrial Supply-Fabricante y exportador chino","url":"https:\/\/lorentzzi.com\/","logo":{"@type":"ImageObject","inLanguage":"es","@id":"https:\/\/lorentzzi.com\/#\/schema\/logo\/image\/","url":"https:\/\/lorentzzi.com\/wp-content\/uploads\/2021\/07\/Lorenz-Electric-Company-Logo.png","contentUrl":"https:\/\/lorentzzi.com\/wp-content\/uploads\/2021\/07\/Lorenz-Electric-Company-Logo.png","width":350,"height":100,"caption":"Lorentzzi Industrial Supply-Chinese Manufacturer&amp;Exporter"},"image":{"@id":"https:\/\/lorentzzi.com\/#\/schema\/logo\/image\/"}}]}},"_links":{"self":[{"href":"https:\/\/lorentzzi.com\/es\/wp-json\/wp\/v2\/product\/6805","targetHints":{"allow":["GET"]}}],"collection":[{"href":"https:\/\/lorentzzi.com\/es\/wp-json\/wp\/v2\/product"}],"about":[{"href":"https:\/\/lorentzzi.com\/es\/wp-json\/wp\/v2\/types\/product"}],"version-history":[{"count":11,"href":"https:\/\/lorentzzi.com\/es\/wp-json\/wp\/v2\/product\/6805\/revisions"}],"predecessor-version":[{"id":18706,"href":"https:\/\/lorentzzi.com\/es\/wp-json\/wp\/v2\/product\/6805\/revisions\/18706"}],"wp:featuredmedia":[{"embeddable":true,"href":"https:\/\/lorentzzi.com\/es\/wp-json\/wp\/v2\/media\/6801"}],"wp:attachment":[{"href":"https:\/\/lorentzzi.com\/es\/wp-json\/wp\/v2\/media?parent=6805"}],"wp:term":[{"taxonomy":"product_brand","embeddable":true,"href":"https:\/\/lorentzzi.com\/es\/wp-json\/wp\/v2\/product_brand?post=6805"},{"taxonomy":"product_cat","embeddable":true,"href":"https:\/\/lorentzzi.com\/es\/wp-json\/wp\/v2\/product_cat?post=6805"},{"taxonomy":"product_tag","embeddable":true,"href":"https:\/\/lorentzzi.com\/es\/wp-json\/wp\/v2\/product_tag?post=6805"}],"curies":[{"name":"wp","href":"https:\/\/api.w.org\/{rel}","templated":true}]}}