{"id":6747,"date":"2023-01-11T19:17:41","date_gmt":"2023-01-11T11:17:41","guid":{"rendered":"https:\/\/lorentzzi.com\/?post_type=product&#038;p=6747"},"modified":"2025-11-23T15:17:09","modified_gmt":"2025-11-23T07:17:09","slug":"4-digit-counter-electromagnetic-type-csk4-nkw","status":"publish","type":"product","link":"https:\/\/lorentzzi.com\/es\/products\/timer-switch-and-counter\/pulse-counter\/4-digit-counter-electromagnetic-type-csk4-nkw\/","title":{"rendered":"Contador de 4 d\u00edgitos, tipo electromagn\u00e9tico, CSK4-NKW"},"content":{"rendered":"<h2><b>Introduction:<\/b><\/h2>\n<ul>\n<li style=\"list-style-type: none;\">\n<ul>\n<li style=\"font-weight: 400;\" aria-level=\"1\"><b>Lorentzzi\u00ae <\/b><span style=\"font-weight: 400;\">CSK4-NKW is an electromagnetic type 4 digit counter with a maximum count of 9999, resulting in a very compact size of only 40*29*70 mm.<\/span><\/li>\n<\/ul>\n<\/li>\n<\/ul>\n<p><img fetchpriority=\"high\" decoding=\"async\" class=\"aligncenter wp-image-19224 size-full\" src=\"https:\/\/lorentzzi.com\/wp-content\/uploads\/2023\/01\/4-digit-counter-electromagnetic-type-CSK4-NKW-product-dimension.jpg\" alt=\"4 digit counter, electromagnetic type, CSK4-NKW product dimension\" width=\"1024\" height=\"512\" srcset=\"https:\/\/lorentzzi.com\/wp-content\/uploads\/2023\/01\/4-digit-counter-electromagnetic-type-CSK4-NKW-product-dimension.jpg 1024w, https:\/\/lorentzzi.com\/wp-content\/uploads\/2023\/01\/4-digit-counter-electromagnetic-type-CSK4-NKW-product-dimension-300x150.jpg 300w, https:\/\/lorentzzi.com\/wp-content\/uploads\/2023\/01\/4-digit-counter-electromagnetic-type-CSK4-NKW-product-dimension-768x384.jpg 768w, https:\/\/lorentzzi.com\/wp-content\/uploads\/2023\/01\/4-digit-counter-electromagnetic-type-CSK4-NKW-product-dimension-18x9.jpg 18w, https:\/\/lorentzzi.com\/wp-content\/uploads\/2023\/01\/4-digit-counter-electromagnetic-type-CSK4-NKW-product-dimension-600x300.jpg 600w, https:\/\/lorentzzi.com\/wp-content\/uploads\/2023\/01\/4-digit-counter-electromagnetic-type-CSK4-NKW-product-dimension-64x32.jpg 64w\" sizes=\"(max-width: 1024px) 100vw, 1024px\" \/><\/p>\n<ul>\n<li style=\"list-style-type: none;\">\n<ul>\n<li style=\"font-weight: 400;\" aria-level=\"1\">Its working principle is easy to understand: it counts once every time it is powered on, so you can use this counter with our <span style=\"color: #ff0000;\"><a style=\"color: #ff0000;\" href=\"https:\/\/lorentzzi.com\/proximity-sensors\/\">proximity sensor<\/a><\/span> to count the number of objects.<\/li>\n<li style=\"font-weight: 400;\" aria-level=\"1\"><span style=\"font-weight: 400;\">Like our <\/span><span style=\"color: #ff0000;\"><a style=\"color: #ff0000;\" href=\"https:\/\/lorentzzi.com\/products\/timer-switch-and-counter\/pulse-counter\/csk4-ykw-4-digits-dc12-24v-electromagnetic-counter\/\"><span style=\"font-weight: 400;\">CSK4-YKW<\/span><\/a><\/span><span style=\"font-weight: 400;\"> electromagnetic counter, this counter uses 4 wheels to indicate the count, but it is installed using a rear clip-on mounting method (the CSK4-NKW is mounted by using two screws to secure it to the front panel).<\/span><\/li>\n<li style=\"font-weight: 400;\" aria-level=\"1\"><span style=\"font-weight: 400;\">Due to its mechanical recording and counting principle, it can still work reliably even if it is not connected to a power source for a long time.<\/span><\/li>\n<li style=\"font-weight: 400;\" aria-level=\"1\"><span style=\"font-weight: 400;\">This CSK4-NKW 4 digit counter features a reset button. Pressing the reset button will clear the recorded counter value to zero. If you do not wish to use the reset function, you can push the reset lock button to the left to lock this function.<\/span><\/li>\n<li style=\"font-weight: 400;\" aria-level=\"1\"><span style=\"font-weight: 400;\">The operating voltage can be selected from DC 12V, DC 24V, AC 110V, AC 220V, AC 36V, etc. If you need other operating voltages, please <\/span><span style=\"color: #ff0000;\"><a style=\"color: #ff0000;\" href=\"https:\/\/lorentzzi.com\/contact-us\/\"><span style=\"font-weight: 400;\">contact us<\/span><\/a><\/span><span style=\"font-weight: 400;\"> for customization.<\/span><\/li>\n<li style=\"font-weight: 400;\" aria-level=\"1\"><span style=\"font-weight: 400;\">This CSK4-NKW electromagnetic 4-digit counter can be used for counting textile and apparel products, counting products on production lines, counting bottles, etc.<\/span><\/li>\n<li style=\"font-weight: 400;\" aria-level=\"1\"><b>Want to get the wholesale price for this four-digit counter? Please fill out the form below to contact us now!<\/b><\/li>\n<\/ul>\n<\/li>\n<\/ul>\n<h2><strong>Specifications<\/strong>:<\/h2>\n<div class=\"supsystic-table-loader spinner\"style=\"background-color:#000000\"><\/div><div id=\"supsystic-table-56_92997\" class=\"supsystic-tables-wrap \" style=\" width:100%; visibility: hidden; \" data-table-width-fixed=\"100%\" data-table-width-mobile=\"100%\" ><table id=\"supsystic-table-56\" class=\"supsystic-table border lightboxImg cell-border\" data-id=\"56\" data-view-id=\"56_92997\" data-title=\"CSK4-NKW\" data-currency-format=\"$1,000.00\" data-percent-format=\"10.00%\" data-date-format=\"DD.MM.YYYY\" data-time-format=\"HH:mm\" data-features=\"[&quot;after_table_loaded_script&quot;]\" data-search-value=\"\" data-lightbox-img=\"\" data-head-rows-count=\"1\" data-pagination-length=\"50,100,All\" data-auto-index=\"off\" data-searching-settings=\"{&quot;columnSearchPosition&quot;:&quot;bottom&quot;,&quot;minChars&quot;:&quot;0&quot;}\" data-lang=\"default\" data-override=\"{&quot;emptyTable&quot;:&quot;&quot;,&quot;info&quot;:&quot;&quot;,&quot;infoEmpty&quot;:&quot;&quot;,&quot;infoFiltered&quot;:&quot;&quot;,&quot;lengthMenu&quot;:&quot;&quot;,&quot;search&quot;:&quot;&quot;,&quot;previous&quot;:&quot;&quot;,&quot;next&quot;:&quot;&quot;,&quot;zeroRecords&quot;:&quot;&quot;,&quot;exportLabel&quot;:&quot;&quot;,&quot;file&quot;:&quot;default&quot;}\" data-merged=\"[]\" data-responsive-mode=\"0\" data-from-history=\"0\" ><thead><tr><th class=\"\" style=\"width:; padding: 0 !important;\"><\/th><th class=\"\" style=\"width:; padding: 0 !important;\"><\/th><\/tr><\/thead><tbody><tr style=\"height:px\" ><td data-cell-id=\"A1\" data-x=\"0\" data-y=\"1\" data-db-index=\"1\" class=\"htMiddle htCenter bg-c7c7c7\" data-cell-type=\"text\" data-original-value=\"Model\" data-order=\"Model\" style=\"min-width:39.3075%; \" >Model <\/td><td data-cell-id=\"B1\" data-x=\"1\" data-y=\"1\" data-db-index=\"1\" class=\"htMiddle htCenter bg-c7c7c7\" data-cell-type=\"text\" data-original-value=\"CSK4-NKW\" data-order=\"CSK4-NKW\" style=\"min-width:60.6925%; \" >CSK4-NKW <\/td><\/tr><tr style=\"height:px\" ><td data-cell-id=\"A2\" data-x=\"0\" data-y=\"2\" data-db-index=\"2\" class=\"htMiddle htCenter\" data-cell-type=\"text\" data-original-value=\"Counting pulse voltage\" data-order=\"Counting pulse voltage\" >Counting pulse voltage <\/td><td data-cell-id=\"B2\" data-x=\"1\" data-y=\"2\" data-db-index=\"2\" class=\"htMiddle htCenter\" data-cell-type=\"text\" data-original-value=\"220 VAC, 110 VAC, 50\/60 Hz, 24 VDC, 12 VDC etc.\" data-order=\"220 VAC, 110 VAC, 50\/60 Hz, 24 VDC, 12 VDC etc.\" >220 VAC, 110 VAC, 50\/60 Hz, 24 VDC, 12 VDC etc. <\/td><\/tr><tr style=\"height:px\" ><td data-cell-id=\"A3\" data-x=\"0\" data-y=\"3\" data-db-index=\"3\" class=\"htMiddle htCenter bg-c7c7c7\" data-cell-type=\"text\" data-original-value=\"Max. measuring times\" data-order=\"Max. measuring times\" >Max. measuring times <\/td><td data-cell-id=\"B3\" data-x=\"1\" data-y=\"3\" data-db-index=\"3\" class=\"htMiddle htCenter bg-c7c7c7\" data-cell-type=\"text\" data-cell-format-type=\"number\" data-original-value=\"9,999\" data-order=\"9,999\" >9,999 <\/td><\/tr><tr style=\"height:px\" ><td data-cell-id=\"A4\" data-x=\"0\" data-y=\"4\" data-db-index=\"4\" class=\"htMiddle htCenter\" data-cell-type=\"text\" data-original-value=\"Voltage fluctuation range\" data-order=\"Voltage fluctuation range\" >Voltage fluctuation range <\/td><td data-cell-id=\"B4\" data-x=\"1\" data-y=\"4\" data-db-index=\"4\" class=\"htMiddle htCenter\" data-cell-type=\"text\" data-original-value=\"\u00b110%\" data-order=\"\u00b110%\" >\u00b110% <\/td><\/tr><tr style=\"height:px\" ><td data-cell-id=\"A5\" data-x=\"0\" data-y=\"5\" data-db-index=\"5\" class=\"htMiddle htCenter bg-c7c7c7\" data-cell-type=\"text\" data-original-value=\"Counting speed\" data-order=\"Counting speed\" >Counting speed <\/td><td data-cell-id=\"B5\" data-x=\"1\" data-y=\"5\" data-db-index=\"5\" class=\"htMiddle htCenter bg-c7c7c7\" data-cell-type=\"text\" data-original-value=\"DC: 20 times\/sec, AC: 10 times\/sec\" data-order=\"DC: 20 times\/sec, AC: 10 times\/sec\" >DC: 20 times\/sec, AC: 10 times\/sec <\/td><\/tr><tr style=\"height:px\" ><td data-cell-id=\"A6\" data-x=\"0\" data-y=\"6\" data-db-index=\"6\" class=\"htMiddle htCenter\" data-cell-type=\"text\" data-original-value=\"Ambient temperature\" data-order=\"Ambient temperature\" >Ambient temperature <\/td><td data-cell-id=\"B6\" data-x=\"1\" data-y=\"6\" data-db-index=\"6\" class=\"htMiddle htCenter\" data-cell-type=\"text\" data-original-value=\"-20\u00b0C~50\u00b0C\" data-order=\"-20\u00b0C~50\u00b0C\" >-20\u00b0C~50\u00b0C <\/td><\/tr><tr style=\"height:px\" ><td data-cell-id=\"A7\" data-x=\"0\" data-y=\"7\" data-db-index=\"7\" class=\"htMiddle htCenter bg-c7c7c7\" data-cell-type=\"text\" data-original-value=\"Power consumption\" data-order=\"Power consumption\" >Power consumption <\/td><td data-cell-id=\"B7\" data-x=\"1\" data-y=\"7\" data-db-index=\"7\" class=\"htMiddle htCenter bg-c7c7c7\" data-cell-type=\"text\" data-original-value=\"DC: 1.5 W, AC: 2.5 W\" data-order=\"DC: 1.5 W, AC: 2.5 W\" >DC: 1.5 W, AC: 2.5 W <\/td><\/tr><tr style=\"height:px\" ><td data-cell-id=\"A8\" data-x=\"0\" data-y=\"8\" data-db-index=\"8\" class=\"htMiddle htCenter\" data-cell-type=\"text\" data-original-value=\"Installation\" data-order=\"Installation\" >Installation <\/td><td data-cell-id=\"B8\" data-x=\"1\" data-y=\"8\" data-db-index=\"8\" class=\"htMiddle htCenter\" data-cell-type=\"text\" data-original-value=\"Clasp mounting\" data-order=\"Clasp mounting\" >Clasp mounting <\/td><\/tr><tr style=\"height:px\" ><td data-cell-id=\"A9\" data-x=\"0\" data-y=\"9\" data-db-index=\"9\" class=\"htMiddle htCenter bg-c7c7c7\" data-cell-type=\"text\" data-original-value=\"Reset\" data-order=\"Reset\" >Reset <\/td><td data-cell-id=\"B9\" data-x=\"1\" data-y=\"9\" data-db-index=\"9\" class=\"htMiddle htCenter bg-c7c7c7\" data-cell-type=\"text\" data-original-value=\"Yes\" data-order=\"Yes\" >Yes <\/td><\/tr><\/tbody><\/table><!-- \/#supsystic-table-56.supsystic-table --><\/div><!-- \/.supsystic-tables-wrap --><!-- Tables Generator by Supsystic --><!-- Version:1.11.0 --><!-- http:\/\/supsystic.com\/ --><a title=\"WordPress Data Table Plugin\" style=\"display:none;\" href=\"https:\/\/supsystic.com\/plugins\/wordpress-data-table-plugin\/?utm_medium=love_link\" target=\"_blank\">WordPress Data Table Plugin<\/a>\n","protected":false},"excerpt":{"rendered":"<ol>\n<li>Recuento m\u00e1ximo: 9999 veces.,<\/li>\n<li>Cuenta con funciones de reinicio y bloqueo de reinicio.,<\/li>\n<li>Opciones de tensi\u00f3n de funcionamiento: 12 V CC, 24 V CC, 110 V CA, 220 V CA.,<\/li>\n<li>Dise\u00f1o de abrazadera trasera f\u00e1cil y est\u00e9ticamente agradable para una instalaci\u00f3n sencilla.,<\/li>\n<li>Fuerte resistencia a las vibraciones.<\/li>\n<\/ol>","protected":false},"featured_media":6728,"template":"","meta":{"site-sidebar-layout":"default","site-content-layout":"default","ast-site-content-layout":"default","site-content-style":"default","site-sidebar-style":"default","ast-global-header-display":"","ast-banner-title-visibility":"","ast-main-header-display":"","ast-hfb-above-header-display":"","ast-hfb-below-header-display":"","ast-hfb-mobile-header-display":"","site-post-title":"","ast-breadcrumbs-content":"","ast-featured-img":"","footer-sml-layout":"","ast-disable-related-posts":"","theme-transparent-header-meta":"default","adv-header-id-meta":"","stick-header-meta":"","header-above-stick-meta":"","header-main-stick-meta":"","header-below-stick-meta":"","astra-migrate-meta-layouts":"set","ast-page-background-enabled":"default","ast-page-background-meta":{"desktop":{"background-color":"","background-image":"","background-repeat":"repeat","background-position":"center center","background-size":"auto","background-attachment":"scroll","background-type":"","background-media":"","overlay-type":"","overlay-color":"","overlay-opacity":"","overlay-gradient":""},"tablet":{"background-color":"","background-image":"","background-repeat":"repeat","background-position":"center center","background-size":"auto","background-attachment":"scroll","background-type":"","background-media":"","overlay-type":"","overlay-color":"","overlay-opacity":"","overlay-gradient":""},"mobile":{"background-color":"","background-image":"","background-repeat":"repeat","background-position":"center center","background-size":"auto","background-attachment":"scroll","background-type":"","background-media":"","overlay-type":"","overlay-color":"","overlay-opacity":"","overlay-gradient":""}},"ast-content-background-meta":{"desktop":{"background-color":"var(--ast-global-color-5)","background-image":"","background-repeat":"repeat","background-position":"center center","background-size":"auto","background-attachment":"scroll","background-type":"","background-media":"","overlay-type":"","overlay-color":"","overlay-opacity":"","overlay-gradient":""},"tablet":{"background-color":"var(--ast-global-color-5)","background-image":"","background-repeat":"repeat","background-position":"center center","background-size":"auto","background-attachment":"scroll","background-type":"","background-media":"","overlay-type":"","overlay-color":"","overlay-opacity":"","overlay-gradient":""},"mobile":{"background-color":"var(--ast-global-color-5)","background-image":"","background-repeat":"repeat","background-position":"center center","background-size":"auto","background-attachment":"scroll","background-type":"","background-media":"","overlay-type":"","overlay-color":"","overlay-opacity":"","overlay-gradient":""}}},"product_brand":[],"product_cat":[116,106],"product_tag":[],"class_list":{"0":"post-6747","1":"product","2":"type-product","3":"status-publish","4":"has-post-thumbnail","6":"product_cat-pulse-counter","7":"product_cat-timer-switch-and-counter","8":"desktop-align-center","9":"tablet-align-left","10":"mobile-align-left","12":"first","13":"instock","14":"shipping-taxable","15":"product-type-simple"},"yoast_head":"<!-- This site is optimized with the Yoast SEO Premium plugin v24.0 (Yoast SEO v27.4) - https:\/\/yoast.com\/product\/yoast-seo-premium-wordpress\/ -->\n<title>4 Digit Counter, Electromagnetic Type, CSK4-NKW<\/title>\n<meta name=\"description\" content=\"Lorentzzi CSK4-NKW is a 4 digit counter for counting voltage pulses. It features a compact size and easy installation, click to get more details now!\" \/>\n<meta name=\"robots\" content=\"index, follow, max-snippet:-1, max-image-preview:large, max-video-preview:-1\" \/>\n<link rel=\"canonical\" href=\"https:\/\/lorentzzi.com\/es\/products\/timer-switch-and-counter\/pulse-counter\/4-digit-counter-electromagnetic-type-csk4-nkw\/\" \/>\n<meta property=\"og:locale\" content=\"es_ES\" \/>\n<meta property=\"og:type\" content=\"article\" \/>\n<meta property=\"og:title\" content=\"4 Digit Counter, Electromagnetic Type, CSK4-NKW\" \/>\n<meta property=\"og:description\" content=\"Lorentzzi CSK4-NKW is a 4 digit counter for counting voltage pulses. It features a compact size and easy installation, click to get more details now!\" \/>\n<meta property=\"og:url\" content=\"https:\/\/lorentzzi.com\/es\/products\/timer-switch-and-counter\/pulse-counter\/4-digit-counter-electromagnetic-type-csk4-nkw\/\" \/>\n<meta property=\"og:site_name\" content=\"Lorentzzi Industrial Supply-Chinese Manufacturer&amp;Exporter\" \/>\n<meta property=\"article:modified_time\" content=\"2025-11-23T07:17:09+00:00\" \/>\n<meta property=\"og:image\" content=\"https:\/\/lorentzzi.com\/wp-content\/uploads\/2023\/01\/CSK4-NKW-1.jpg\" \/>\n\t<meta property=\"og:image:width\" content=\"640\" \/>\n\t<meta property=\"og:image:height\" content=\"640\" \/>\n\t<meta property=\"og:image:type\" content=\"image\/jpeg\" \/>\n<meta name=\"twitter:card\" content=\"summary_large_image\" \/>\n<meta name=\"twitter:label1\" content=\"Tiempo de lectura\" \/>\n\t<meta name=\"twitter:data1\" content=\"2 minutos\" \/>\n<script type=\"application\/ld+json\" class=\"yoast-schema-graph\">{\"@context\":\"https:\\\/\\\/schema.org\",\"@graph\":[{\"@type\":\"WebPage\",\"@id\":\"https:\\\/\\\/lorentzzi.com\\\/products\\\/timer-switch-and-counter\\\/pulse-counter\\\/4-digit-counter-electromagnetic-type-csk4-nkw\\\/\",\"url\":\"https:\\\/\\\/lorentzzi.com\\\/products\\\/timer-switch-and-counter\\\/pulse-counter\\\/4-digit-counter-electromagnetic-type-csk4-nkw\\\/\",\"name\":\"4 Digit Counter, Electromagnetic Type, CSK4-NKW\",\"isPartOf\":{\"@id\":\"https:\\\/\\\/lorentzzi.com\\\/#website\"},\"primaryImageOfPage\":{\"@id\":\"https:\\\/\\\/lorentzzi.com\\\/products\\\/timer-switch-and-counter\\\/pulse-counter\\\/4-digit-counter-electromagnetic-type-csk4-nkw\\\/#primaryimage\"},\"image\":{\"@id\":\"https:\\\/\\\/lorentzzi.com\\\/products\\\/timer-switch-and-counter\\\/pulse-counter\\\/4-digit-counter-electromagnetic-type-csk4-nkw\\\/#primaryimage\"},\"thumbnailUrl\":\"https:\\\/\\\/lorentzzi.com\\\/wp-content\\\/uploads\\\/2023\\\/01\\\/CSK4-NKW-1.jpg\",\"datePublished\":\"2023-01-11T11:17:41+00:00\",\"dateModified\":\"2025-11-23T07:17:09+00:00\",\"description\":\"Lorentzzi CSK4-NKW is a 4 digit counter for counting voltage pulses. It features a compact size and easy installation, click to get more details now!\",\"breadcrumb\":{\"@id\":\"https:\\\/\\\/lorentzzi.com\\\/products\\\/timer-switch-and-counter\\\/pulse-counter\\\/4-digit-counter-electromagnetic-type-csk4-nkw\\\/#breadcrumb\"},\"inLanguage\":\"es\",\"potentialAction\":[{\"@type\":\"ReadAction\",\"target\":[\"https:\\\/\\\/lorentzzi.com\\\/products\\\/timer-switch-and-counter\\\/pulse-counter\\\/4-digit-counter-electromagnetic-type-csk4-nkw\\\/\"]}]},{\"@type\":\"ImageObject\",\"inLanguage\":\"es\",\"@id\":\"https:\\\/\\\/lorentzzi.com\\\/products\\\/timer-switch-and-counter\\\/pulse-counter\\\/4-digit-counter-electromagnetic-type-csk4-nkw\\\/#primaryimage\",\"url\":\"https:\\\/\\\/lorentzzi.com\\\/wp-content\\\/uploads\\\/2023\\\/01\\\/CSK4-NKW-1.jpg\",\"contentUrl\":\"https:\\\/\\\/lorentzzi.com\\\/wp-content\\\/uploads\\\/2023\\\/01\\\/CSK4-NKW-1.jpg\",\"width\":640,\"height\":640,\"caption\":\"4 Digit Counter, Electromagnetic Type, CSK4-NKW\"},{\"@type\":\"BreadcrumbList\",\"@id\":\"https:\\\/\\\/lorentzzi.com\\\/products\\\/timer-switch-and-counter\\\/pulse-counter\\\/4-digit-counter-electromagnetic-type-csk4-nkw\\\/#breadcrumb\",\"itemListElement\":[{\"@type\":\"ListItem\",\"position\":1,\"name\":\"Home\",\"item\":\"https:\\\/\\\/lorentzzi.com\\\/\"},{\"@type\":\"ListItem\",\"position\":2,\"name\":\"Products\",\"item\":\"https:\\\/\\\/lorentzzi.com\\\/products\\\/\"},{\"@type\":\"ListItem\",\"position\":3,\"name\":\"4 Digit Counter, Electromagnetic Type, CSK4-NKW\"}]},{\"@type\":\"WebSite\",\"@id\":\"https:\\\/\\\/lorentzzi.com\\\/#website\",\"url\":\"https:\\\/\\\/lorentzzi.com\\\/\",\"name\":\"Lorentzzi Industrial Supply-Chinese Manufacturer&amp;Exporter\",\"description\":\"Lorentzzi supply temperature controller, SSR, proximity sensor, SCR power regulator and timer switch with good quality and affordable prices.\",\"publisher\":{\"@id\":\"https:\\\/\\\/lorentzzi.com\\\/#organization\"},\"potentialAction\":[{\"@type\":\"SearchAction\",\"target\":{\"@type\":\"EntryPoint\",\"urlTemplate\":\"https:\\\/\\\/lorentzzi.com\\\/?s={search_term_string}\"},\"query-input\":{\"@type\":\"PropertyValueSpecification\",\"valueRequired\":true,\"valueName\":\"search_term_string\"}}],\"inLanguage\":\"es\"},{\"@type\":\"Organization\",\"@id\":\"https:\\\/\\\/lorentzzi.com\\\/#organization\",\"name\":\"Lorentzzi Industrial Supply-Chinese Manufacturer&amp;Exporter\",\"url\":\"https:\\\/\\\/lorentzzi.com\\\/\",\"logo\":{\"@type\":\"ImageObject\",\"inLanguage\":\"es\",\"@id\":\"https:\\\/\\\/lorentzzi.com\\\/#\\\/schema\\\/logo\\\/image\\\/\",\"url\":\"https:\\\/\\\/lorentzzi.com\\\/wp-content\\\/uploads\\\/2021\\\/07\\\/Lorenz-Electric-Company-Logo.png\",\"contentUrl\":\"https:\\\/\\\/lorentzzi.com\\\/wp-content\\\/uploads\\\/2021\\\/07\\\/Lorenz-Electric-Company-Logo.png\",\"width\":350,\"height\":100,\"caption\":\"Lorentzzi Industrial Supply-Chinese Manufacturer&amp;Exporter\"},\"image\":{\"@id\":\"https:\\\/\\\/lorentzzi.com\\\/#\\\/schema\\\/logo\\\/image\\\/\"}}]}<\/script>\n<!-- \/ Yoast SEO Premium plugin. -->","yoast_head_json":{"title":"Contador de 4 d\u00edgitos, tipo electromagn\u00e9tico, CSK4-NKW","description":"Lorentzzi CSK4-NKW es un contador de 4 d\u00edgitos para contar pulsos de tensi\u00f3n. Se caracteriza por su tama\u00f1o compacto y su f\u00e1cil instalaci\u00f3n. \u00a1Haga clic para obtener m\u00e1s detalles ahora mismo!","robots":{"index":"index","follow":"follow","max-snippet":"max-snippet:-1","max-image-preview":"max-image-preview:large","max-video-preview":"max-video-preview:-1"},"canonical":"https:\/\/lorentzzi.com\/es\/products\/timer-switch-and-counter\/pulse-counter\/4-digit-counter-electromagnetic-type-csk4-nkw\/","og_locale":"es_ES","og_type":"article","og_title":"4 Digit Counter, Electromagnetic Type, CSK4-NKW","og_description":"Lorentzzi CSK4-NKW is a 4 digit counter for counting voltage pulses. It features a compact size and easy installation, click to get more details now!","og_url":"https:\/\/lorentzzi.com\/es\/products\/timer-switch-and-counter\/pulse-counter\/4-digit-counter-electromagnetic-type-csk4-nkw\/","og_site_name":"Lorentzzi Industrial Supply-Chinese Manufacturer&amp;Exporter","article_modified_time":"2025-11-23T07:17:09+00:00","og_image":[{"width":640,"height":640,"url":"https:\/\/lorentzzi.com\/wp-content\/uploads\/2023\/01\/CSK4-NKW-1.jpg","type":"image\/jpeg"}],"twitter_card":"summary_large_image","twitter_misc":{"Tiempo de lectura":"2 minutos"},"schema":{"@context":"https:\/\/schema.org","@graph":[{"@type":"WebPage","@id":"https:\/\/lorentzzi.com\/products\/timer-switch-and-counter\/pulse-counter\/4-digit-counter-electromagnetic-type-csk4-nkw\/","url":"https:\/\/lorentzzi.com\/products\/timer-switch-and-counter\/pulse-counter\/4-digit-counter-electromagnetic-type-csk4-nkw\/","name":"Contador de 4 d\u00edgitos, tipo electromagn\u00e9tico, CSK4-NKW","isPartOf":{"@id":"https:\/\/lorentzzi.com\/#website"},"primaryImageOfPage":{"@id":"https:\/\/lorentzzi.com\/products\/timer-switch-and-counter\/pulse-counter\/4-digit-counter-electromagnetic-type-csk4-nkw\/#primaryimage"},"image":{"@id":"https:\/\/lorentzzi.com\/products\/timer-switch-and-counter\/pulse-counter\/4-digit-counter-electromagnetic-type-csk4-nkw\/#primaryimage"},"thumbnailUrl":"https:\/\/lorentzzi.com\/wp-content\/uploads\/2023\/01\/CSK4-NKW-1.jpg","datePublished":"2023-01-11T11:17:41+00:00","dateModified":"2025-11-23T07:17:09+00:00","description":"Lorentzzi CSK4-NKW es un contador de 4 d\u00edgitos para contar pulsos de tensi\u00f3n. Se caracteriza por su tama\u00f1o compacto y su f\u00e1cil instalaci\u00f3n. \u00a1Haga clic para obtener m\u00e1s detalles ahora mismo!","breadcrumb":{"@id":"https:\/\/lorentzzi.com\/products\/timer-switch-and-counter\/pulse-counter\/4-digit-counter-electromagnetic-type-csk4-nkw\/#breadcrumb"},"inLanguage":"es","potentialAction":[{"@type":"ReadAction","target":["https:\/\/lorentzzi.com\/products\/timer-switch-and-counter\/pulse-counter\/4-digit-counter-electromagnetic-type-csk4-nkw\/"]}]},{"@type":"ImageObject","inLanguage":"es","@id":"https:\/\/lorentzzi.com\/products\/timer-switch-and-counter\/pulse-counter\/4-digit-counter-electromagnetic-type-csk4-nkw\/#primaryimage","url":"https:\/\/lorentzzi.com\/wp-content\/uploads\/2023\/01\/CSK4-NKW-1.jpg","contentUrl":"https:\/\/lorentzzi.com\/wp-content\/uploads\/2023\/01\/CSK4-NKW-1.jpg","width":640,"height":640,"caption":"4 Digit Counter, Electromagnetic Type, CSK4-NKW"},{"@type":"BreadcrumbList","@id":"https:\/\/lorentzzi.com\/products\/timer-switch-and-counter\/pulse-counter\/4-digit-counter-electromagnetic-type-csk4-nkw\/#breadcrumb","itemListElement":[{"@type":"ListItem","position":1,"name":"Home","item":"https:\/\/lorentzzi.com\/"},{"@type":"ListItem","position":2,"name":"Products","item":"https:\/\/lorentzzi.com\/products\/"},{"@type":"ListItem","position":3,"name":"4 Digit Counter, Electromagnetic Type, CSK4-NKW"}]},{"@type":"WebSite","@id":"https:\/\/lorentzzi.com\/#website","url":"https:\/\/lorentzzi.com\/","name":"Lorentzzi Industrial Supply-Fabricante y exportador chino","description":"Lorentzzi suministra controlador de temperatura, SSR, sensor de proximidad, regulador de potencia SCR e interruptor temporizador con buena calidad y precios asequibles.","publisher":{"@id":"https:\/\/lorentzzi.com\/#organization"},"potentialAction":[{"@type":"SearchAction","target":{"@type":"EntryPoint","urlTemplate":"https:\/\/lorentzzi.com\/?s={search_term_string}"},"query-input":{"@type":"PropertyValueSpecification","valueRequired":true,"valueName":"search_term_string"}}],"inLanguage":"es"},{"@type":"Organization","@id":"https:\/\/lorentzzi.com\/#organization","name":"Lorentzzi Industrial Supply-Fabricante y exportador chino","url":"https:\/\/lorentzzi.com\/","logo":{"@type":"ImageObject","inLanguage":"es","@id":"https:\/\/lorentzzi.com\/#\/schema\/logo\/image\/","url":"https:\/\/lorentzzi.com\/wp-content\/uploads\/2021\/07\/Lorenz-Electric-Company-Logo.png","contentUrl":"https:\/\/lorentzzi.com\/wp-content\/uploads\/2021\/07\/Lorenz-Electric-Company-Logo.png","width":350,"height":100,"caption":"Lorentzzi Industrial Supply-Chinese Manufacturer&amp;Exporter"},"image":{"@id":"https:\/\/lorentzzi.com\/#\/schema\/logo\/image\/"}}]}},"_links":{"self":[{"href":"https:\/\/lorentzzi.com\/es\/wp-json\/wp\/v2\/product\/6747","targetHints":{"allow":["GET"]}}],"collection":[{"href":"https:\/\/lorentzzi.com\/es\/wp-json\/wp\/v2\/product"}],"about":[{"href":"https:\/\/lorentzzi.com\/es\/wp-json\/wp\/v2\/types\/product"}],"version-history":[{"count":5,"href":"https:\/\/lorentzzi.com\/es\/wp-json\/wp\/v2\/product\/6747\/revisions"}],"predecessor-version":[{"id":19225,"href":"https:\/\/lorentzzi.com\/es\/wp-json\/wp\/v2\/product\/6747\/revisions\/19225"}],"wp:featuredmedia":[{"embeddable":true,"href":"https:\/\/lorentzzi.com\/es\/wp-json\/wp\/v2\/media\/6728"}],"wp:attachment":[{"href":"https:\/\/lorentzzi.com\/es\/wp-json\/wp\/v2\/media?parent=6747"}],"wp:term":[{"taxonomy":"product_brand","embeddable":true,"href":"https:\/\/lorentzzi.com\/es\/wp-json\/wp\/v2\/product_brand?post=6747"},{"taxonomy":"product_cat","embeddable":true,"href":"https:\/\/lorentzzi.com\/es\/wp-json\/wp\/v2\/product_cat?post=6747"},{"taxonomy":"product_tag","embeddable":true,"href":"https:\/\/lorentzzi.com\/es\/wp-json\/wp\/v2\/product_tag?post=6747"}],"curies":[{"name":"wp","href":"https:\/\/api.w.org\/{rel}","templated":true}]}}