{"id":14799,"date":"2024-11-15T20:42:10","date_gmt":"2024-11-15T12:42:10","guid":{"rendered":"https:\/\/lorentzzi.com\/?post_type=product&#038;p=14799"},"modified":"2025-11-12T16:01:15","modified_gmt":"2025-11-12T08:01:15","slug":"hm-1-hour-meter-dc12v-dc24v-square-analog-hour-meter","status":"publish","type":"product","link":"https:\/\/lorentzzi.com\/es\/products\/timer-switch-and-counter\/hour-meter\/hm-1-hour-meter-dc12v-dc24v-square-analog-hour-meter\/","title":{"rendered":"Contador de horas HM-1, contador de horas anal\u00f3gico cuadrado DC12V, DC24V"},"content":{"rendered":"<h2><strong>Introduction:<\/strong><\/h2>\n<ul>\n<li style=\"list-style-type: none;\">\n<ul>\n<li style=\"font-weight: 400;\" aria-level=\"1\"><span style=\"font-weight: 400;\"><strong>Lorentzzi\u00ae<\/strong> HM-1 Hour Meter is an analog mechanical time recording instrument that can be used on a variety of equipment including diesel generators, marine vessels, lawn mowers and more.<\/span><\/li>\n<li style=\"font-weight: 400;\" aria-level=\"1\"><span style=\"font-weight: 400;\">Compared to our <\/span><span style=\"color: #ff0000;\"><a style=\"color: #ff0000;\" href=\"https:\/\/lorentzzi.com\/products\/timer-switch-and-counter\/hour-meter\/digital-hour-meter-220vac-12vdc-24vdc\/\"><span style=\"font-weight: 400;\">digital display HM-1D hour meter<\/span><\/a><\/span><span style=\"font-weight: 400;\">, the mechanical construction of HM-1 means that even if the power is off for a long time, the recorded running time will be maintained without losing data. Want to know more about the difference between mechanical and digital hour meters? Read this article: <\/span><span style=\"color: #ff0000;\"><a style=\"color: #ff0000;\" href=\"https:\/\/lorentzzi.com\/all-you-need-to-know-about-the-hour-meter\/\"><span style=\"font-weight: 400;\">All You Need To Know About The Hour Meter<\/span><\/a><\/span><\/li>\n<li style=\"font-weight: 400;\" aria-level=\"1\"><span style=\"font-weight: 400;\">Additionally, our this hour meter meter features low electrical noise and high reliability, and comes with a 2-year warranty.<\/span><\/li>\n<li style=\"font-weight: 400;\" aria-level=\"1\"><span style=\"font-weight: 400;\">This hour meter housing is available in black and white so it can fit any style of machine.<\/span><\/li>\n<li style=\"font-weight: 400;\" aria-level=\"1\"><span style=\"font-weight: 400;\">By recording the running time of the equipment, we can easily understand the running time of the equipment and perform maintenance regularly.<\/span><\/li>\n<li style=\"font-weight: 400;\" aria-level=\"1\"><span style=\"font-weight: 400;\">The working voltage of our HM-1 hour meter can be 110 VAC, 220 VAC, 12 VDC, 24 VDC, 48 VDC, etc. If you want a customized working voltage, you can <\/span><span style=\"color: #ff0000;\"><a style=\"color: #ff0000;\" href=\"https:\/\/lorentzzi.com\/contact-us\/\"><span style=\"font-weight: 400;\">contact us<\/span><\/a><\/span><span style=\"font-weight: 400;\"> to get support.<\/span><\/li>\n<li style=\"font-weight: 400;\" aria-level=\"1\"><b>Want to buy this Square Shape Mechanical Hour Meter in bulk? Fill out the form at the bottom to get our instant quote.<\/b><\/li>\n<\/ul>\n<\/li>\n<\/ul>\n<h2><strong>HM-1 Hour Meter Dimension:<\/strong><\/h2>\n<p><img fetchpriority=\"high\" decoding=\"async\" class=\"aligncenter wp-image-18782 size-full\" src=\"https:\/\/lorentzzi.com\/wp-content\/uploads\/2024\/11\/Lorentzzi-HM-1-hour-meter-DC12V-DC24V-square-analog-hour-meter-product-dimensions.jpg\" alt=\"Lorentzzi HM-1 hour meter, DC12V, DC24V square analog hour meter product dimensions\" width=\"1024\" height=\"512\" srcset=\"https:\/\/lorentzzi.com\/wp-content\/uploads\/2024\/11\/Lorentzzi-HM-1-hour-meter-DC12V-DC24V-square-analog-hour-meter-product-dimensions.jpg 1024w, https:\/\/lorentzzi.com\/wp-content\/uploads\/2024\/11\/Lorentzzi-HM-1-hour-meter-DC12V-DC24V-square-analog-hour-meter-product-dimensions-300x150.jpg 300w, https:\/\/lorentzzi.com\/wp-content\/uploads\/2024\/11\/Lorentzzi-HM-1-hour-meter-DC12V-DC24V-square-analog-hour-meter-product-dimensions-768x384.jpg 768w, https:\/\/lorentzzi.com\/wp-content\/uploads\/2024\/11\/Lorentzzi-HM-1-hour-meter-DC12V-DC24V-square-analog-hour-meter-product-dimensions-600x300.jpg 600w, https:\/\/lorentzzi.com\/wp-content\/uploads\/2024\/11\/Lorentzzi-HM-1-hour-meter-DC12V-DC24V-square-analog-hour-meter-product-dimensions-64x32.jpg 64w\" sizes=\"(max-width: 1024px) 100vw, 1024px\" \/><\/p>\n<h2><strong>Specifications:<\/strong><\/h2>\n<div class=\"supsystic-table-loader spinner\"style=\"background-color:#000000\"><\/div><div id=\"supsystic-table-167_25671\" class=\"supsystic-tables-wrap \" style=\" width:100%; visibility: hidden; \" data-table-width-fixed=\"100%\" data-table-width-mobile=\"100%\" ><table id=\"supsystic-table-167\" class=\"supsystic-table border lightboxImg cell-border\" data-id=\"167\" data-view-id=\"167_25671\" data-title=\"HM-1 hour meter\" data-currency-format=\"$1,000.00\" data-percent-format=\"10.00%\" data-date-format=\"DD.MM.YYYY\" data-time-format=\"HH:mm\" data-features=\"[&quot;after_table_loaded_script&quot;]\" data-search-value=\"\" data-lightbox-img=\"\" data-head-rows-count=\"1\" data-pagination-length=\"50,100,All\" data-auto-index=\"off\" data-searching-settings=\"{&quot;columnSearchPosition&quot;:&quot;bottom&quot;,&quot;minChars&quot;:&quot;0&quot;}\" data-lang=\"default\" data-override=\"{&quot;emptyTable&quot;:&quot;&quot;,&quot;info&quot;:&quot;&quot;,&quot;infoEmpty&quot;:&quot;&quot;,&quot;infoFiltered&quot;:&quot;&quot;,&quot;lengthMenu&quot;:&quot;&quot;,&quot;search&quot;:&quot;&quot;,&quot;previous&quot;:&quot;&quot;,&quot;next&quot;:&quot;&quot;,&quot;zeroRecords&quot;:&quot;&quot;,&quot;exportLabel&quot;:&quot;&quot;,&quot;file&quot;:&quot;default&quot;}\" data-merged=\"[]\" data-responsive-mode=\"0\" data-from-history=\"0\" ><thead><tr><th class=\"\" style=\"width:; padding: 0 !important;\"><\/th><th class=\"\" style=\"width:; padding: 0 !important;\"><\/th><\/tr><\/thead><tbody><tr style=\"height:px\" ><td data-cell-id=\"A1\" data-x=\"0\" data-y=\"1\" data-db-index=\"1\" class=\"htCenter htMiddle bg-c7c7c7\" data-cell-type=\"text\" data-original-value=\"Model\" data-order=\"Model\" style=\"min-width:42.5%; \" >Model <\/td><td data-cell-id=\"B1\" data-x=\"1\" data-y=\"1\" data-db-index=\"1\" class=\"htCenter htMiddle bg-c7c7c7\" data-cell-type=\"text\" data-original-value=\"HM-1\" data-order=\"HM-1\" style=\"min-width:57.5%; \" >HM-1 <\/td><\/tr><tr style=\"height:px\" ><td data-cell-id=\"A2\" data-x=\"0\" data-y=\"2\" data-db-index=\"2\" class=\"htCenter htMiddle\" data-cell-type=\"text\" data-original-value=\"Working voltage\" data-order=\"Working voltage\" >Working voltage <\/td><td data-cell-id=\"B2\" data-x=\"1\" data-y=\"2\" data-db-index=\"2\" class=\"htCenter htMiddle\" data-cell-type=\"text\" data-original-value=\"24 VAC, 100~120 VAC, 220~240 VAC, 380~440 VAC(50 or 60 Hz), 10~50 VDC\" data-order=\"24 VAC, 100~120 VAC, 220~240 VAC, 380~440 VAC(50 or 60 Hz), 10~50 VDC\" >24 VAC, 100~120 VAC, 220~240 VAC, 380~440 VAC(50 or 60 Hz), 10~50 VDC <\/td><\/tr><tr style=\"height:px\" ><td data-cell-id=\"A3\" data-x=\"0\" data-y=\"3\" data-db-index=\"3\" class=\"htCenter htMiddle bg-c7c7c7\" data-cell-type=\"text\" data-original-value=\"Time range\" data-order=\"Time range\" >Time range <\/td><td data-cell-id=\"B3\" data-x=\"1\" data-y=\"3\" data-db-index=\"3\" class=\"htCenter htMiddle bg-c7c7c7\" data-cell-type=\"text\" data-original-value=\"0~99999.99 hours\" data-order=\"0~99999.99 hours\" >0~99999.99 hours <\/td><\/tr><tr style=\"height:px\" ><td data-cell-id=\"A4\" data-x=\"0\" data-y=\"4\" data-db-index=\"4\" class=\"htCenter htMiddle\" data-cell-type=\"text\" data-original-value=\"Power consumption\" data-order=\"Power consumption\" >Power consumption <\/td><td data-cell-id=\"B4\" data-x=\"1\" data-y=\"4\" data-db-index=\"4\" class=\"htCenter htMiddle\" data-cell-type=\"text\" data-original-value=\"0.3 W\" data-order=\"0.3 W\" >0.3 W <\/td><\/tr><tr style=\"height:px\" ><td data-cell-id=\"A5\" data-x=\"0\" data-y=\"5\" data-db-index=\"5\" class=\"htCenter htMiddle bg-c7c7c7\" data-cell-type=\"text\" data-original-value=\"Reset\" data-order=\"Reset\" >Reset <\/td><td data-cell-id=\"B5\" data-x=\"1\" data-y=\"5\" data-db-index=\"5\" class=\"htCenter htMiddle bg-c7c7c7\" data-cell-type=\"text\" data-original-value=\"No\" data-order=\"No\" >No <\/td><\/tr><tr style=\"height:px\" ><td data-cell-id=\"A6\" data-x=\"0\" data-y=\"6\" data-db-index=\"6\" class=\"htCenter htMiddle\" data-cell-type=\"text\" data-original-value=\"Material\" data-order=\"Material\" >Material <\/td><td data-cell-id=\"B6\" data-x=\"1\" data-y=\"6\" data-db-index=\"6\" class=\"htCenter htMiddle\" data-cell-type=\"text\" data-original-value=\"ABS\" data-order=\"ABS\" >ABS <\/td><\/tr><tr style=\"height:px\" ><td data-cell-id=\"A7\" data-x=\"0\" data-y=\"7\" data-db-index=\"7\" class=\"htCenter htMiddle bg-c7c7c7\" data-cell-type=\"text\" data-original-value=\"Ambient temperature\" data-order=\"Ambient temperature\" >Ambient temperature <\/td><td data-cell-id=\"B7\" data-x=\"1\" data-y=\"7\" data-db-index=\"7\" class=\"htCenter htMiddle bg-c7c7c7\" data-cell-type=\"text\" data-original-value=\"-10~50\u00b0C\" data-order=\"-10~50\u00b0C\" >-10~50\u00b0C <\/td><\/tr><tr style=\"height:px\" ><td data-cell-id=\"A8\" data-x=\"0\" data-y=\"8\" data-db-index=\"8\" class=\"htCenter htMiddle\" data-cell-type=\"text\" data-original-value=\"Product dimension\" data-order=\"Product dimension\" >Product dimension <\/td><td data-cell-id=\"B8\" data-x=\"1\" data-y=\"8\" data-db-index=\"8\" class=\"htCenter htMiddle\" data-cell-type=\"text\" data-original-value=\"48*48 mm(without bezel), 55*55 mm(with bezel), 72*72 mm(with bezel)\" data-order=\"48*48 mm(without bezel), 55*55 mm(with bezel), 72*72 mm(with bezel)\" >48*48 mm(without bezel), 55*55 mm(with bezel), 72*72 mm(with bezel) <\/td><\/tr><\/tbody><\/table><!-- \/#supsystic-table-167.supsystic-table --><\/div><!-- \/.supsystic-tables-wrap --><!-- Tables Generator by Supsystic --><!-- Version:1.11.0 --><!-- http:\/\/supsystic.com\/ --><a title=\"WordPress Data Table Plugin\" style=\"display:none;\" href=\"https:\/\/supsystic.com\/plugins\/wordpress-data-table-plugin\/?utm_medium=love_link\" target=\"_blank\">WordPress Data Table Plugin<\/a>\n","protected":false},"excerpt":{"rendered":"<ol>\n<li style=\"font-weight: 400;\" aria-level=\"1\">Cuentahoras mec\u00e1nico, m\u00e1s fiable de usar,<\/li>\n<li style=\"font-weight: 400;\" aria-level=\"1\">Tensiones de trabajo de CC o CA opcionales,<\/li>\n<li aria-level=\"1\">Tama\u00f1os de panel opcionales: 48*48 mm, 55*55 mm y 72*72 mm,<\/li>\n<li style=\"font-weight: 400;\" aria-level=\"1\">F\u00e1cil montaje en panel con abrazaderas de horquilla,<\/li>\n<li style=\"font-weight: 400;\" aria-level=\"1\">El color del producto puede ser blanco o negro,<\/li>\n<li style=\"font-weight: 400;\" aria-level=\"1\">Dos a\u00f1os de garant\u00eda.<\/li>\n<\/ol>","protected":false},"featured_media":14801,"template":"","meta":{"site-sidebar-layout":"default","site-content-layout":"","ast-site-content-layout":"default","site-content-style":"default","site-sidebar-style":"default","ast-global-header-display":"","ast-banner-title-visibility":"","ast-main-header-display":"","ast-hfb-above-header-display":"","ast-hfb-below-header-display":"","ast-hfb-mobile-header-display":"","site-post-title":"","ast-breadcrumbs-content":"","ast-featured-img":"","footer-sml-layout":"","ast-disable-related-posts":"","theme-transparent-header-meta":"default","adv-header-id-meta":"","stick-header-meta":"","header-above-stick-meta":"","header-main-stick-meta":"","header-below-stick-meta":"","astra-migrate-meta-layouts":"set","ast-page-background-enabled":"default","ast-page-background-meta":{"desktop":{"background-color":"","background-image":"","background-repeat":"repeat","background-position":"center center","background-size":"auto","background-attachment":"scroll","background-type":"","background-media":"","overlay-type":"","overlay-color":"","overlay-opacity":"","overlay-gradient":""},"tablet":{"background-color":"","background-image":"","background-repeat":"repeat","background-position":"center center","background-size":"auto","background-attachment":"scroll","background-type":"","background-media":"","overlay-type":"","overlay-color":"","overlay-opacity":"","overlay-gradient":""},"mobile":{"background-color":"","background-image":"","background-repeat":"repeat","background-position":"center center","background-size":"auto","background-attachment":"scroll","background-type":"","background-media":"","overlay-type":"","overlay-color":"","overlay-opacity":"","overlay-gradient":""}},"ast-content-background-meta":{"desktop":{"background-color":"var(--ast-global-color-5)","background-image":"","background-repeat":"repeat","background-position":"center center","background-size":"auto","background-attachment":"scroll","background-type":"","background-media":"","overlay-type":"","overlay-color":"","overlay-opacity":"","overlay-gradient":""},"tablet":{"background-color":"var(--ast-global-color-5)","background-image":"","background-repeat":"repeat","background-position":"center center","background-size":"auto","background-attachment":"scroll","background-type":"","background-media":"","overlay-type":"","overlay-color":"","overlay-opacity":"","overlay-gradient":""},"mobile":{"background-color":"var(--ast-global-color-5)","background-image":"","background-repeat":"repeat","background-position":"center center","background-size":"auto","background-attachment":"scroll","background-type":"","background-media":"","overlay-type":"","overlay-color":"","overlay-opacity":"","overlay-gradient":""}}},"product_brand":[],"product_cat":[160,106],"product_tag":[],"class_list":{"0":"post-14799","1":"product","2":"type-product","3":"status-publish","4":"has-post-thumbnail","6":"product_cat-hour-meter","7":"product_cat-timer-switch-and-counter","8":"desktop-align-center","9":"tablet-align-left","10":"mobile-align-left","12":"first","13":"instock","14":"shipping-taxable","15":"product-type-simple"},"yoast_head":"<!-- This site is optimized with the Yoast SEO Premium plugin v24.0 (Yoast SEO v27.4) - https:\/\/yoast.com\/product\/yoast-seo-premium-wordpress\/ -->\n<title>HM-1 Hour Meter, DC12V, DC24V Square Analog Hour Meter<\/title>\n<meta name=\"description\" content=\"Are you looking for a direct HM-1 hour meter manufacturer in China? Click to view our most popular hour meters with best quality and most competitive price.\" \/>\n<meta name=\"robots\" content=\"index, follow, max-snippet:-1, max-image-preview:large, max-video-preview:-1\" \/>\n<link rel=\"canonical\" href=\"https:\/\/lorentzzi.com\/es\/products\/timer-switch-and-counter\/hour-meter\/hm-1-hour-meter-dc12v-dc24v-square-analog-hour-meter\/\" \/>\n<meta property=\"og:locale\" content=\"es_ES\" \/>\n<meta property=\"og:type\" content=\"article\" \/>\n<meta property=\"og:title\" content=\"HM-1 Hour Meter, DC12V, DC24V Square Analog Hour Meter\" \/>\n<meta property=\"og:description\" content=\"Are you looking for a direct HM-1 hour meter manufacturer in China? Click to view our most popular hour meters with best quality and most competitive price.\" \/>\n<meta property=\"og:url\" content=\"https:\/\/lorentzzi.com\/es\/products\/timer-switch-and-counter\/hour-meter\/hm-1-hour-meter-dc12v-dc24v-square-analog-hour-meter\/\" \/>\n<meta property=\"og:site_name\" content=\"Lorentzzi Industrial Supply-Chinese Manufacturer&amp;Exporter\" \/>\n<meta property=\"article:modified_time\" content=\"2025-11-12T08:01:15+00:00\" \/>\n<meta property=\"og:image\" content=\"https:\/\/lorentzzi.com\/wp-content\/uploads\/2024\/11\/Black-housing-HM-1-hour-meter.jpg\" \/>\n\t<meta property=\"og:image:width\" content=\"640\" \/>\n\t<meta property=\"og:image:height\" content=\"640\" \/>\n\t<meta property=\"og:image:type\" content=\"image\/jpeg\" \/>\n<meta name=\"twitter:card\" content=\"summary_large_image\" \/>\n<meta name=\"twitter:label1\" content=\"Tiempo de lectura\" \/>\n\t<meta name=\"twitter:data1\" content=\"2 minutos\" \/>\n<script type=\"application\/ld+json\" class=\"yoast-schema-graph\">{\"@context\":\"https:\\\/\\\/schema.org\",\"@graph\":[{\"@type\":\"WebPage\",\"@id\":\"https:\\\/\\\/lorentzzi.com\\\/products\\\/timer-switch-and-counter\\\/hour-meter\\\/hm-1-hour-meter-dc12v-dc24v-square-analog-hour-meter\\\/\",\"url\":\"https:\\\/\\\/lorentzzi.com\\\/products\\\/timer-switch-and-counter\\\/hour-meter\\\/hm-1-hour-meter-dc12v-dc24v-square-analog-hour-meter\\\/\",\"name\":\"HM-1 Hour Meter, DC12V, DC24V Square Analog Hour Meter\",\"isPartOf\":{\"@id\":\"https:\\\/\\\/lorentzzi.com\\\/#website\"},\"primaryImageOfPage\":{\"@id\":\"https:\\\/\\\/lorentzzi.com\\\/products\\\/timer-switch-and-counter\\\/hour-meter\\\/hm-1-hour-meter-dc12v-dc24v-square-analog-hour-meter\\\/#primaryimage\"},\"image\":{\"@id\":\"https:\\\/\\\/lorentzzi.com\\\/products\\\/timer-switch-and-counter\\\/hour-meter\\\/hm-1-hour-meter-dc12v-dc24v-square-analog-hour-meter\\\/#primaryimage\"},\"thumbnailUrl\":\"https:\\\/\\\/lorentzzi.com\\\/wp-content\\\/uploads\\\/2024\\\/11\\\/Black-housing-HM-1-hour-meter.jpg\",\"datePublished\":\"2024-11-15T12:42:10+00:00\",\"dateModified\":\"2025-11-12T08:01:15+00:00\",\"description\":\"Are you looking for a direct HM-1 hour meter manufacturer in China? Click to view our most popular hour meters with best quality and most competitive price.\",\"breadcrumb\":{\"@id\":\"https:\\\/\\\/lorentzzi.com\\\/products\\\/timer-switch-and-counter\\\/hour-meter\\\/hm-1-hour-meter-dc12v-dc24v-square-analog-hour-meter\\\/#breadcrumb\"},\"inLanguage\":\"es\",\"potentialAction\":[{\"@type\":\"ReadAction\",\"target\":[\"https:\\\/\\\/lorentzzi.com\\\/products\\\/timer-switch-and-counter\\\/hour-meter\\\/hm-1-hour-meter-dc12v-dc24v-square-analog-hour-meter\\\/\"]}]},{\"@type\":\"ImageObject\",\"inLanguage\":\"es\",\"@id\":\"https:\\\/\\\/lorentzzi.com\\\/products\\\/timer-switch-and-counter\\\/hour-meter\\\/hm-1-hour-meter-dc12v-dc24v-square-analog-hour-meter\\\/#primaryimage\",\"url\":\"https:\\\/\\\/lorentzzi.com\\\/wp-content\\\/uploads\\\/2024\\\/11\\\/Black-housing-HM-1-hour-meter.jpg\",\"contentUrl\":\"https:\\\/\\\/lorentzzi.com\\\/wp-content\\\/uploads\\\/2024\\\/11\\\/Black-housing-HM-1-hour-meter.jpg\",\"width\":640,\"height\":640,\"caption\":\"Black housing HM-1 hour meter\"},{\"@type\":\"BreadcrumbList\",\"@id\":\"https:\\\/\\\/lorentzzi.com\\\/products\\\/timer-switch-and-counter\\\/hour-meter\\\/hm-1-hour-meter-dc12v-dc24v-square-analog-hour-meter\\\/#breadcrumb\",\"itemListElement\":[{\"@type\":\"ListItem\",\"position\":1,\"name\":\"Home\",\"item\":\"https:\\\/\\\/lorentzzi.com\\\/\"},{\"@type\":\"ListItem\",\"position\":2,\"name\":\"Products\",\"item\":\"https:\\\/\\\/lorentzzi.com\\\/products\\\/\"},{\"@type\":\"ListItem\",\"position\":3,\"name\":\"HM-1 Hour Meter, DC12V, DC24V Square Analog Hour Meter\"}]},{\"@type\":\"WebSite\",\"@id\":\"https:\\\/\\\/lorentzzi.com\\\/#website\",\"url\":\"https:\\\/\\\/lorentzzi.com\\\/\",\"name\":\"Lorentzzi Industrial Supply-Chinese Manufacturer&amp;Exporter\",\"description\":\"Lorentzzi supply temperature controller, SSR, proximity sensor, SCR power regulator and timer switch with good quality and affordable prices.\",\"publisher\":{\"@id\":\"https:\\\/\\\/lorentzzi.com\\\/#organization\"},\"potentialAction\":[{\"@type\":\"SearchAction\",\"target\":{\"@type\":\"EntryPoint\",\"urlTemplate\":\"https:\\\/\\\/lorentzzi.com\\\/?s={search_term_string}\"},\"query-input\":{\"@type\":\"PropertyValueSpecification\",\"valueRequired\":true,\"valueName\":\"search_term_string\"}}],\"inLanguage\":\"es\"},{\"@type\":\"Organization\",\"@id\":\"https:\\\/\\\/lorentzzi.com\\\/#organization\",\"name\":\"Lorentzzi Industrial Supply-Chinese Manufacturer&amp;Exporter\",\"url\":\"https:\\\/\\\/lorentzzi.com\\\/\",\"logo\":{\"@type\":\"ImageObject\",\"inLanguage\":\"es\",\"@id\":\"https:\\\/\\\/lorentzzi.com\\\/#\\\/schema\\\/logo\\\/image\\\/\",\"url\":\"https:\\\/\\\/lorentzzi.com\\\/wp-content\\\/uploads\\\/2021\\\/07\\\/Lorenz-Electric-Company-Logo.png\",\"contentUrl\":\"https:\\\/\\\/lorentzzi.com\\\/wp-content\\\/uploads\\\/2021\\\/07\\\/Lorenz-Electric-Company-Logo.png\",\"width\":350,\"height\":100,\"caption\":\"Lorentzzi Industrial Supply-Chinese Manufacturer&amp;Exporter\"},\"image\":{\"@id\":\"https:\\\/\\\/lorentzzi.com\\\/#\\\/schema\\\/logo\\\/image\\\/\"}}]}<\/script>\n<!-- \/ Yoast SEO Premium plugin. -->","yoast_head_json":{"title":"Contador de horas HM-1, contador de horas anal\u00f3gico cuadrado DC12V, DC24V","description":"\u00bfEst\u00e1 buscando un fabricante directo de contadores de horas HM-1 en China? Haga clic para ver nuestros contadores de horas m\u00e1s populares con la mejor calidad y el precio m\u00e1s competitivo.","robots":{"index":"index","follow":"follow","max-snippet":"max-snippet:-1","max-image-preview":"max-image-preview:large","max-video-preview":"max-video-preview:-1"},"canonical":"https:\/\/lorentzzi.com\/es\/products\/timer-switch-and-counter\/hour-meter\/hm-1-hour-meter-dc12v-dc24v-square-analog-hour-meter\/","og_locale":"es_ES","og_type":"article","og_title":"HM-1 Hour Meter, DC12V, DC24V Square Analog Hour Meter","og_description":"Are you looking for a direct HM-1 hour meter manufacturer in China? Click to view our most popular hour meters with best quality and most competitive price.","og_url":"https:\/\/lorentzzi.com\/es\/products\/timer-switch-and-counter\/hour-meter\/hm-1-hour-meter-dc12v-dc24v-square-analog-hour-meter\/","og_site_name":"Lorentzzi Industrial Supply-Chinese Manufacturer&amp;Exporter","article_modified_time":"2025-11-12T08:01:15+00:00","og_image":[{"width":640,"height":640,"url":"https:\/\/lorentzzi.com\/wp-content\/uploads\/2024\/11\/Black-housing-HM-1-hour-meter.jpg","type":"image\/jpeg"}],"twitter_card":"summary_large_image","twitter_misc":{"Tiempo de lectura":"2 minutos"},"schema":{"@context":"https:\/\/schema.org","@graph":[{"@type":"WebPage","@id":"https:\/\/lorentzzi.com\/products\/timer-switch-and-counter\/hour-meter\/hm-1-hour-meter-dc12v-dc24v-square-analog-hour-meter\/","url":"https:\/\/lorentzzi.com\/products\/timer-switch-and-counter\/hour-meter\/hm-1-hour-meter-dc12v-dc24v-square-analog-hour-meter\/","name":"Contador de horas HM-1, contador de horas anal\u00f3gico cuadrado DC12V, DC24V","isPartOf":{"@id":"https:\/\/lorentzzi.com\/#website"},"primaryImageOfPage":{"@id":"https:\/\/lorentzzi.com\/products\/timer-switch-and-counter\/hour-meter\/hm-1-hour-meter-dc12v-dc24v-square-analog-hour-meter\/#primaryimage"},"image":{"@id":"https:\/\/lorentzzi.com\/products\/timer-switch-and-counter\/hour-meter\/hm-1-hour-meter-dc12v-dc24v-square-analog-hour-meter\/#primaryimage"},"thumbnailUrl":"https:\/\/lorentzzi.com\/wp-content\/uploads\/2024\/11\/Black-housing-HM-1-hour-meter.jpg","datePublished":"2024-11-15T12:42:10+00:00","dateModified":"2025-11-12T08:01:15+00:00","description":"\u00bfEst\u00e1 buscando un fabricante directo de contadores de horas HM-1 en China? Haga clic para ver nuestros contadores de horas m\u00e1s populares con la mejor calidad y el precio m\u00e1s competitivo.","breadcrumb":{"@id":"https:\/\/lorentzzi.com\/products\/timer-switch-and-counter\/hour-meter\/hm-1-hour-meter-dc12v-dc24v-square-analog-hour-meter\/#breadcrumb"},"inLanguage":"es","potentialAction":[{"@type":"ReadAction","target":["https:\/\/lorentzzi.com\/products\/timer-switch-and-counter\/hour-meter\/hm-1-hour-meter-dc12v-dc24v-square-analog-hour-meter\/"]}]},{"@type":"ImageObject","inLanguage":"es","@id":"https:\/\/lorentzzi.com\/products\/timer-switch-and-counter\/hour-meter\/hm-1-hour-meter-dc12v-dc24v-square-analog-hour-meter\/#primaryimage","url":"https:\/\/lorentzzi.com\/wp-content\/uploads\/2024\/11\/Black-housing-HM-1-hour-meter.jpg","contentUrl":"https:\/\/lorentzzi.com\/wp-content\/uploads\/2024\/11\/Black-housing-HM-1-hour-meter.jpg","width":640,"height":640,"caption":"Black housing HM-1 hour meter"},{"@type":"BreadcrumbList","@id":"https:\/\/lorentzzi.com\/products\/timer-switch-and-counter\/hour-meter\/hm-1-hour-meter-dc12v-dc24v-square-analog-hour-meter\/#breadcrumb","itemListElement":[{"@type":"ListItem","position":1,"name":"Home","item":"https:\/\/lorentzzi.com\/"},{"@type":"ListItem","position":2,"name":"Products","item":"https:\/\/lorentzzi.com\/products\/"},{"@type":"ListItem","position":3,"name":"HM-1 Hour Meter, DC12V, DC24V Square Analog Hour Meter"}]},{"@type":"WebSite","@id":"https:\/\/lorentzzi.com\/#website","url":"https:\/\/lorentzzi.com\/","name":"Lorentzzi Industrial Supply-Fabricante y exportador chino","description":"Lorentzzi suministra controlador de temperatura, SSR, sensor de proximidad, regulador de potencia SCR e interruptor temporizador con buena calidad y precios asequibles.","publisher":{"@id":"https:\/\/lorentzzi.com\/#organization"},"potentialAction":[{"@type":"SearchAction","target":{"@type":"EntryPoint","urlTemplate":"https:\/\/lorentzzi.com\/?s={search_term_string}"},"query-input":{"@type":"PropertyValueSpecification","valueRequired":true,"valueName":"search_term_string"}}],"inLanguage":"es"},{"@type":"Organization","@id":"https:\/\/lorentzzi.com\/#organization","name":"Lorentzzi Industrial Supply-Fabricante y exportador chino","url":"https:\/\/lorentzzi.com\/","logo":{"@type":"ImageObject","inLanguage":"es","@id":"https:\/\/lorentzzi.com\/#\/schema\/logo\/image\/","url":"https:\/\/lorentzzi.com\/wp-content\/uploads\/2021\/07\/Lorenz-Electric-Company-Logo.png","contentUrl":"https:\/\/lorentzzi.com\/wp-content\/uploads\/2021\/07\/Lorenz-Electric-Company-Logo.png","width":350,"height":100,"caption":"Lorentzzi Industrial Supply-Chinese Manufacturer&amp;Exporter"},"image":{"@id":"https:\/\/lorentzzi.com\/#\/schema\/logo\/image\/"}}]}},"_links":{"self":[{"href":"https:\/\/lorentzzi.com\/es\/wp-json\/wp\/v2\/product\/14799","targetHints":{"allow":["GET"]}}],"collection":[{"href":"https:\/\/lorentzzi.com\/es\/wp-json\/wp\/v2\/product"}],"about":[{"href":"https:\/\/lorentzzi.com\/es\/wp-json\/wp\/v2\/types\/product"}],"version-history":[{"count":8,"href":"https:\/\/lorentzzi.com\/es\/wp-json\/wp\/v2\/product\/14799\/revisions"}],"predecessor-version":[{"id":19088,"href":"https:\/\/lorentzzi.com\/es\/wp-json\/wp\/v2\/product\/14799\/revisions\/19088"}],"wp:featuredmedia":[{"embeddable":true,"href":"https:\/\/lorentzzi.com\/es\/wp-json\/wp\/v2\/media\/14801"}],"wp:attachment":[{"href":"https:\/\/lorentzzi.com\/es\/wp-json\/wp\/v2\/media?parent=14799"}],"wp:term":[{"taxonomy":"product_brand","embeddable":true,"href":"https:\/\/lorentzzi.com\/es\/wp-json\/wp\/v2\/product_brand?post=14799"},{"taxonomy":"product_cat","embeddable":true,"href":"https:\/\/lorentzzi.com\/es\/wp-json\/wp\/v2\/product_cat?post=14799"},{"taxonomy":"product_tag","embeddable":true,"href":"https:\/\/lorentzzi.com\/es\/wp-json\/wp\/v2\/product_tag?post=14799"}],"curies":[{"name":"wp","href":"https:\/\/api.w.org\/{rel}","templated":true}]}}